{"id":1194,"date":"2013-09-03T12:39:41","date_gmt":"2013-09-03T10:39:41","guid":{"rendered":"http:\/\/impreza.us-themes.net\/pages\/team\/"},"modified":"2026-01-26T16:26:26","modified_gmt":"2026-01-26T15:26:26","slug":"geschichte","status":"publish","type":"page","link":"https:\/\/metacon-next.com\/de\/uber-uns\/geschichte\/","title":{"rendered":"Geschichte"},"content":{"rendered":"<section class=\"l-section wpb_row height_small\"><div class=\"l-section-h i-cf\"><div class=\"g-cols vc_row via_flex valign_top type_default stacking_default\"><div class=\"vc_col-sm-12 wpb_column vc_column_container\"><div class=\"vc_column-inner\"><div class=\"wpb_wrapper\"><div class=\"g-cols wpb_row via_flex valign_top type_default stacking_default\" style=\"--additional-gap:30;\"><div class=\"vc_col-sm-8 wpb_column vc_column_container\"><div class=\"vc_column-inner\"><div class=\"wpb_wrapper\"><div class=\"wpb_text_column\"><div class=\"wpb_wrapper\"><p>Metacon-Next entstand 2021 aus einer Fusion zwischen dem Familienunternehmen Metacon Metaalwarenfabriek aus Gouda und Next Door Systems aus Emmeloord.<br \/>\nLesen Sie unten mehr \u00fcber die Geschichte beider Unternehmen.<\/p>\n<p><strong>Next Door Systems<\/strong><\/p>\n<p>Next Door Systems wurde 2010 gegr\u00fcndet. Seitdem hat sich das Unternehmen zu einem renommierten Anbieter von unter anderem feuerfesten Komplettl\u00f6sungen entwickelt. 2017 bezog es das Geb\u00e4ude am Randweg 19 in Emmeloord und 2020 besch\u00e4ftigte das Unternehmen mehr als 25 Mitarbeiter.<\/p>\n<p><strong>Metacon<\/strong><\/p>\n<p>Metacon wurde 1927 gegr\u00fcndet. Das Unternehmen begann als Blechschmiede, stieg jedoch nach einigen Jahren auf die Herstellung von Fahrr\u00e4dern, Schlitten, Dreir\u00e4dern und Kindersitzen f\u00fcr den privaten Markt um.<br \/>\nIn den 1950er Jahren beschloss Metacon, sich auf das Bauwesen und die Industrie zu konzentrieren.<br \/>\nIm Jahr 1980 wurde Metacon zum Zulieferer von Stahlsonnenschutzvorrichtungen, industriellen Rolll\u00e4den und Konstruktionsarbeiten. In den folgenden Jahren entwickelte sich Metacon zu einem wichtigen Akteur auf dem Markt f\u00fcr die Herstellung von Brandschutzt\u00fcren, einbruchhemmenden Rolll\u00e4den, Sonnenschutzsystemen und Konstruktionsarbeiten.<\/p>\n<p>&nbsp;<\/p>\n<p>Metacon-Next ist mittlerweile ein f\u00fchrender Hersteller und Spezialist f\u00fcr Brand- und Einbruchschutzl\u00f6sungen.<\/p>\n<p>Die Produkte werden von der Forschungs- und Entwicklungsabteilung auf der Grundlage der Marktanforderungen und nat\u00fcrlich gem\u00e4\u00df den neuesten Anforderungen selbst entwickelt. Metacon-Next zeichnet sich durch sein gro\u00dfes Sortiment an zertifizierten Produkten aus und arbeitet motiviert und ehrgeizig an dessen weiterer Erweiterung.<\/p>\n<p>Bis 2026 hat Metacon-Next fast 100 Mitarbeiter und ist in mehr als 70 L\u00e4ndern aktiv.<\/p>\n<p>&nbsp;<\/p>\n<p><strong>1927\u00a0 \u00a0<\/strong>Gr\u00fcndung von Metacon; Hersteller von Dreir\u00e4dern und Kindersitzen<\/p>\n<p><strong>1929<\/strong>\u00a0 \u00a0Offizielle Eintragung in die Handelskammer<\/p>\n<p><strong>1998\u00a0 \u00a0<\/strong>Umzug in die James Wattstraat in Gouda (Industriegebiet Gouwestroom)<\/p>\n<p><strong>2002\u00a0 \u00a0<\/strong>75-j\u00e4hriges Bestehen von Metacon<\/p>\n<p><strong>2003\u00a0 \u00a0<\/strong>Entwicklung und erfolgreiche Erprobung eines Brandschutz Rolltor<\/p>\n<p><strong>2005\u00a0 \u00a0<\/strong>Entwicklung und erfolgreiche Erprobung eines Brandschutz Vorhang<\/p>\n<p><strong>2009\u00a0 \u00a0<\/strong>Erlangung des Zertifikats ISO 9001<\/p>\n<p><strong>2010\u00a0 \u00a0<\/strong>\u00dcbernahme von MIR Europe (Belgien)<\/p>\n<p><strong>2011\u00a0 \u00a0<\/strong>\u00dcbernahme der Produktion von Brandschutz Schiebet\u00fcren Euro-deur aus Nieuwkoop<\/p>\n<p><strong>2011\u00a0 \u00a0<\/strong>Er\u00f6ffnung der Niederlassung Waddinxveen (Maarten Schoutenstraat)<\/p>\n<p><strong>2012<\/strong>\u00a0 \u00a0Erweiterung um ein Geb\u00e4ude in der Edisonstraat in Gouda (Industriegebiet Gouwestroom)<\/p>\n<p><strong>2013\u00a0 \u00a0<\/strong>\u00dcbernahme von Megasec<\/p>\n<p><strong>2013\u00a0 \u00a0<\/strong>Entwicklung und erfolgreiche Erprobung eines Brandschutz Sektionaltor<\/p>\n<p><strong>2014<\/strong>\u00a0 \u00a0Erlangung der Zertifizierung nach ISO 14001<\/p>\n<p><strong>2015\u00a0 \u00a0<\/strong>Erweiterung um ein Geb\u00e4ude in der Marconistraat in Gouda (Industriegebiet Gouwestroom)<\/p>\n<p><strong>2017\u00a0 \u00a0<\/strong>90-j\u00e4hriges Bestehen von Metacon<\/p>\n<p><strong>2018\u00a0 \u00a0<\/strong>Beginn des Neubaus in Moordrecht; &gt; 14.500 m2<\/p>\n<p><strong>2019\u00a0 \u00a0<\/strong>Umzug nach Moordrecht<\/p>\n<p><strong>2020\u00a0 \u00a0<\/strong>Entwicklung von Brandschutzt\u00fcren auf Basis von Verbundpultrusionsprofilen<\/p>\n<p><strong>2021\u00a0 \u00a0<\/strong>Fusion Metacon \u2013 Next Door Systems<\/p>\n<p><strong>2021<\/strong>\u00a0 \u00a0Einf\u00fchrung des MetaConfigurators<\/p>\n<p><strong>2022\u00a0 \u00a0<\/strong>Erweiterung um ein Vertriebsb\u00fcro in Deutschland<\/p>\n<p><strong>2022\u00a0 \u00a0<\/strong>Erweiterung um Vertriebsb\u00fcro in Italien<\/p>\n<p><strong>2022\u00a0 \u00a0<\/strong>Umzug von Megasec von Watergang nach Moordrecht<\/p>\n<p><strong>2023\u00a0 \u00a0<\/strong>Umzug der Produktion von Emmeloord nach Moordrecht<\/p>\n<p><strong>2024\u00a0 \u00a0<\/strong>Teilnahme an der internationalen Messe R+T Stuttgart (&gt; 100 m\u00b2 Stand)<\/p>\n<p><strong>2025\u00a0 \u00a0<\/strong>F\u00fcr Brandschutzt\u00fcren erhaltene EPDs (Umweltproduktdeklarationen)<\/p>\n<\/div><\/div><\/div><\/div><\/div><div class=\"vc_col-sm-4 wpb_column vc_column_container\"><div class=\"vc_column-inner\"><div class=\"wpb_wrapper\"><div class=\"wpb_widgetised_column wpb_content_element\"><div class=\"wpb_wrapper\"><h2 class=\"wpb_heading wpb_widgetised_column_heading\">\u00dcber uns<\/h2><div id=\"nav_menu-2\" class=\"widget widget_nav_menu\"><div class=\"menu-about-us-menu-container\"><ul id=\"menu-about-us-menu\" class=\"menu\"><li id=\"menu-item-24862\" class=\"menu-item menu-item-type-post_type menu-item-object-page menu-item-24862\"><a href=\"https:\/\/metacon-next.com\/de\/uber-uns\/\">\u00dcber uns<\/a><\/li>\n<li id=\"menu-item-24812\" class=\"menu-item menu-item-type-post_type menu-item-object-page menu-item-24812\"><a href=\"https:\/\/metacon-next.com\/de\/uber-uns\/team\/\">Unser Team<\/a><\/li>\n<li id=\"menu-item-24840\" class=\"menu-item menu-item-type-post_type menu-item-object-page menu-item-24840\"><a href=\"https:\/\/metacon-next.com\/de\/uber-uns\/geschichte\/\">Geschichte<\/a><\/li>\n<li id=\"menu-item-25394\" class=\"menu-item menu-item-type-post_type menu-item-object-page menu-item-25394\"><a href=\"https:\/\/metacon-next.com\/de\/uber-uns\/auftrag-und-vision\/\">Mission und Vision<\/a><\/li>\n<li id=\"menu-item-24841\" class=\"menu-item menu-item-type-post_type menu-item-object-page menu-item-24841\"><a href=\"https:\/\/metacon-next.com\/de\/uber-uns\/hergestellt-in-den-niederlanden\/\">Hergestellt in den Niederlanden<\/a><\/li>\n<li id=\"menu-item-24842\" class=\"menu-item menu-item-type-post_type menu-item-object-page menu-item-24842\"><a href=\"https:\/\/metacon-next.com\/de\/uber-uns\/weltweites-handlernetz\/\">Weltweites H\u00e4ndlernetz<\/a><\/li>\n<li id=\"menu-item-25118\" class=\"menu-item menu-item-type-post_type menu-item-object-page menu-item-25118\"><a href=\"https:\/\/metacon-next.com\/de\/uber-uns\/zertifizierung\/\">Zertifizierung<\/a><\/li>\n<\/ul><\/div><\/div><\/div><\/div><div class=\"w-separator size_small\"><\/div><div class=\"w-separator size_small\"><\/div><\/div><\/div><\/div><\/div><\/div><\/div><\/div><\/div><\/div><\/section>\n","protected":false},"excerpt":{"rendered":"Metacon-Next entstand 2021 aus einer Fusion zwischen dem Familienunternehmen Metacon Metaalwarenfabriek aus Gouda und Next Door Systems aus Emmeloord. Lesen Sie unten mehr \u00fcber die Geschichte beider Unternehmen. Next Door Systems Next Door Systems wurde 2010 gegr\u00fcndet. Seitdem hat sich das Unternehmen zu einem renommierten Anbieter von unter anderem feuerfesten Komplettl\u00f6sungen entwickelt. 2017 bezog es...","protected":false},"author":1,"featured_media":0,"parent":23585,"menu_order":0,"comment_status":"closed","ping_status":"closed","template":"","meta":{"footnotes":""},"class_list":["post-1194","page","type-page","status-publish","hentry"],"yoast_head":"<!-- This site is optimized with the Yoast SEO plugin v27.3 - https:\/\/yoast.com\/product\/yoast-seo-wordpress\/ -->\n<title>Unsere Geschichte | Metacon<\/title>\n<meta name=\"description\" content=\"Erfahren Sie mehr \u00fcber die Geschichte von Metacon. Technische Entwicklung, Wachstum und klare Entscheidungen seit Beginn.\" \/>\n<meta name=\"robots\" content=\"index, follow, max-snippet:-1, max-image-preview:large, max-video-preview:-1\" \/>\n<link rel=\"canonical\" href=\"https:\/\/metacon-next.com\/de\/uber-uns\/geschichte\/\" \/>\n<meta property=\"og:locale\" content=\"de_DE\" \/>\n<meta property=\"og:type\" content=\"article\" \/>\n<meta property=\"og:title\" content=\"Unsere Geschichte | Metacon\" \/>\n<meta property=\"og:description\" content=\"Erfahren Sie mehr \u00fcber die Geschichte von Metacon. Technische Entwicklung, Wachstum und klare Entscheidungen seit Beginn.\" \/>\n<meta property=\"og:url\" content=\"https:\/\/metacon-next.com\/de\/uber-uns\/geschichte\/\" \/>\n<meta property=\"og:site_name\" content=\"Metacon-Next\" \/>\n<meta property=\"article:modified_time\" content=\"2026-01-26T15:26:26+00:00\" \/>\n<meta name=\"twitter:card\" content=\"summary_large_image\" \/>\n<meta name=\"twitter:label1\" content=\"Gesch\u00e4tzte Lesezeit\" \/>\n\t<meta name=\"twitter:data1\" content=\"3\u00a0Minuten\" \/>\n<script type=\"application\/ld+json\" class=\"yoast-schema-graph\">{\"@context\":\"https:\\\/\\\/schema.org\",\"@graph\":[{\"@type\":\"WebPage\",\"@id\":\"https:\\\/\\\/metacon-next.com\\\/de\\\/uber-uns\\\/geschichte\\\/\",\"url\":\"https:\\\/\\\/metacon-next.com\\\/de\\\/uber-uns\\\/geschichte\\\/\",\"name\":\"Unsere Geschichte | Metacon\",\"isPartOf\":{\"@id\":\"https:\\\/\\\/metacon-next.com\\\/de\\\/#website\"},\"datePublished\":\"2013-09-03T10:39:41+00:00\",\"dateModified\":\"2026-01-26T15:26:26+00:00\",\"description\":\"Erfahren Sie mehr \u00fcber die Geschichte von Metacon. Technische Entwicklung, Wachstum und klare Entscheidungen seit Beginn.\",\"breadcrumb\":{\"@id\":\"https:\\\/\\\/metacon-next.com\\\/de\\\/uber-uns\\\/geschichte\\\/#breadcrumb\"},\"inLanguage\":\"de\",\"potentialAction\":[{\"@type\":\"ReadAction\",\"target\":[\"https:\\\/\\\/metacon-next.com\\\/de\\\/uber-uns\\\/geschichte\\\/\"]}]},{\"@type\":\"BreadcrumbList\",\"@id\":\"https:\\\/\\\/metacon-next.com\\\/de\\\/uber-uns\\\/geschichte\\\/#breadcrumb\",\"itemListElement\":[{\"@type\":\"ListItem\",\"position\":1,\"name\":\"Startseite\",\"item\":\"https:\\\/\\\/metacon-next.com\\\/de\\\/\"},{\"@type\":\"ListItem\",\"position\":2,\"name\":\"\u00dcber uns\",\"item\":\"https:\\\/\\\/metacon-next.com\\\/de\\\/uber-uns\\\/\"},{\"@type\":\"ListItem\",\"position\":3,\"name\":\"Geschichte\"}]},{\"@type\":\"WebSite\",\"@id\":\"https:\\\/\\\/metacon-next.com\\\/de\\\/#website\",\"url\":\"https:\\\/\\\/metacon-next.com\\\/de\\\/\",\"name\":\"Metacon-Next\",\"description\":\"\",\"publisher\":{\"@id\":\"https:\\\/\\\/metacon-next.com\\\/de\\\/#organization\"},\"potentialAction\":[{\"@type\":\"SearchAction\",\"target\":{\"@type\":\"EntryPoint\",\"urlTemplate\":\"https:\\\/\\\/metacon-next.com\\\/de\\\/?s={search_term_string}\"},\"query-input\":{\"@type\":\"PropertyValueSpecification\",\"valueRequired\":true,\"valueName\":\"search_term_string\"}}],\"inLanguage\":\"de\"},{\"@type\":\"Organization\",\"@id\":\"https:\\\/\\\/metacon-next.com\\\/de\\\/#organization\",\"name\":\"Metacon-Next\",\"url\":\"https:\\\/\\\/metacon-next.com\\\/de\\\/\",\"logo\":{\"@type\":\"ImageObject\",\"inLanguage\":\"de\",\"@id\":\"https:\\\/\\\/metacon-next.com\\\/de\\\/#\\\/schema\\\/logo\\\/image\\\/\",\"url\":\"https:\\\/\\\/metacon-next.com\\\/de\\\/wp-content\\\/uploads\\\/sites\\\/4\\\/2021\\\/01\\\/metacon_next_logo.png\",\"contentUrl\":\"https:\\\/\\\/metacon-next.com\\\/de\\\/wp-content\\\/uploads\\\/sites\\\/4\\\/2021\\\/01\\\/metacon_next_logo.png\",\"width\":1111,\"height\":300,\"caption\":\"Metacon-Next\"},\"image\":{\"@id\":\"https:\\\/\\\/metacon-next.com\\\/de\\\/#\\\/schema\\\/logo\\\/image\\\/\"}}]}<\/script>\n<!-- \/ Yoast SEO plugin. -->","yoast_head_json":{"title":"Unsere Geschichte | Metacon","description":"Erfahren Sie mehr \u00fcber die Geschichte von Metacon. Technische Entwicklung, Wachstum und klare Entscheidungen seit Beginn.","robots":{"index":"index","follow":"follow","max-snippet":"max-snippet:-1","max-image-preview":"max-image-preview:large","max-video-preview":"max-video-preview:-1"},"canonical":"https:\/\/metacon-next.com\/de\/uber-uns\/geschichte\/","og_locale":"de_DE","og_type":"article","og_title":"Unsere Geschichte | Metacon","og_description":"Erfahren Sie mehr \u00fcber die Geschichte von Metacon. Technische Entwicklung, Wachstum und klare Entscheidungen seit Beginn.","og_url":"https:\/\/metacon-next.com\/de\/uber-uns\/geschichte\/","og_site_name":"Metacon-Next","article_modified_time":"2026-01-26T15:26:26+00:00","twitter_card":"summary_large_image","twitter_misc":{"Gesch\u00e4tzte Lesezeit":"3\u00a0Minuten"},"schema":{"@context":"https:\/\/schema.org","@graph":[{"@type":"WebPage","@id":"https:\/\/metacon-next.com\/de\/uber-uns\/geschichte\/","url":"https:\/\/metacon-next.com\/de\/uber-uns\/geschichte\/","name":"Unsere Geschichte | Metacon","isPartOf":{"@id":"https:\/\/metacon-next.com\/de\/#website"},"datePublished":"2013-09-03T10:39:41+00:00","dateModified":"2026-01-26T15:26:26+00:00","description":"Erfahren Sie mehr \u00fcber die Geschichte von Metacon. Technische Entwicklung, Wachstum und klare Entscheidungen seit Beginn.","breadcrumb":{"@id":"https:\/\/metacon-next.com\/de\/uber-uns\/geschichte\/#breadcrumb"},"inLanguage":"de","potentialAction":[{"@type":"ReadAction","target":["https:\/\/metacon-next.com\/de\/uber-uns\/geschichte\/"]}]},{"@type":"BreadcrumbList","@id":"https:\/\/metacon-next.com\/de\/uber-uns\/geschichte\/#breadcrumb","itemListElement":[{"@type":"ListItem","position":1,"name":"Startseite","item":"https:\/\/metacon-next.com\/de\/"},{"@type":"ListItem","position":2,"name":"\u00dcber uns","item":"https:\/\/metacon-next.com\/de\/uber-uns\/"},{"@type":"ListItem","position":3,"name":"Geschichte"}]},{"@type":"WebSite","@id":"https:\/\/metacon-next.com\/de\/#website","url":"https:\/\/metacon-next.com\/de\/","name":"Metacon-Next","description":"","publisher":{"@id":"https:\/\/metacon-next.com\/de\/#organization"},"potentialAction":[{"@type":"SearchAction","target":{"@type":"EntryPoint","urlTemplate":"https:\/\/metacon-next.com\/de\/?s={search_term_string}"},"query-input":{"@type":"PropertyValueSpecification","valueRequired":true,"valueName":"search_term_string"}}],"inLanguage":"de"},{"@type":"Organization","@id":"https:\/\/metacon-next.com\/de\/#organization","name":"Metacon-Next","url":"https:\/\/metacon-next.com\/de\/","logo":{"@type":"ImageObject","inLanguage":"de","@id":"https:\/\/metacon-next.com\/de\/#\/schema\/logo\/image\/","url":"https:\/\/metacon-next.com\/de\/wp-content\/uploads\/sites\/4\/2021\/01\/metacon_next_logo.png","contentUrl":"https:\/\/metacon-next.com\/de\/wp-content\/uploads\/sites\/4\/2021\/01\/metacon_next_logo.png","width":1111,"height":300,"caption":"Metacon-Next"},"image":{"@id":"https:\/\/metacon-next.com\/de\/#\/schema\/logo\/image\/"}}]}},"_links":{"self":[{"href":"https:\/\/metacon-next.com\/de\/wp-json\/wp\/v2\/pages\/1194","targetHints":{"allow":["GET"]}}],"collection":[{"href":"https:\/\/metacon-next.com\/de\/wp-json\/wp\/v2\/pages"}],"about":[{"href":"https:\/\/metacon-next.com\/de\/wp-json\/wp\/v2\/types\/page"}],"author":[{"embeddable":true,"href":"https:\/\/metacon-next.com\/de\/wp-json\/wp\/v2\/users\/1"}],"replies":[{"embeddable":true,"href":"https:\/\/metacon-next.com\/de\/wp-json\/wp\/v2\/comments?post=1194"}],"version-history":[{"count":9,"href":"https:\/\/metacon-next.com\/de\/wp-json\/wp\/v2\/pages\/1194\/revisions"}],"predecessor-version":[{"id":26077,"href":"https:\/\/metacon-next.com\/de\/wp-json\/wp\/v2\/pages\/1194\/revisions\/26077"}],"up":[{"embeddable":true,"href":"https:\/\/metacon-next.com\/de\/wp-json\/wp\/v2\/pages\/23585"}],"wp:attachment":[{"href":"https:\/\/metacon-next.com\/de\/wp-json\/wp\/v2\/media?parent=1194"}],"curies":[{"name":"wp","href":"https:\/\/api.w.org\/{rel}","templated":true}]}}