{"id":23585,"date":"2019-11-04T08:39:12","date_gmt":"2019-11-04T07:39:12","guid":{"rendered":"https:\/\/metacon-next.com\/?page_id=23585"},"modified":"2026-01-26T16:25:27","modified_gmt":"2026-01-26T15:25:27","slug":"uber-uns","status":"publish","type":"page","link":"https:\/\/metacon-next.com\/de\/uber-uns\/","title":{"rendered":"\u00dcber uns"},"content":{"rendered":"<section class=\"l-section wpb_row height_small\"><div class=\"l-section-h i-cf\"><div class=\"g-cols vc_row via_flex valign_top type_default stacking_default\"><div class=\"vc_col-sm-12 wpb_column vc_column_container\"><div class=\"vc_column-inner\"><div class=\"wpb_wrapper\"><div class=\"g-cols wpb_row via_flex valign_top type_default stacking_default\" style=\"--additional-gap:30;\"><div class=\"vc_col-sm-8 wpb_column vc_column_container\"><div class=\"vc_column-inner\"><div class=\"wpb_wrapper\"><div class=\"wpb_text_column\"><div class=\"wpb_wrapper\"><p><strong>Metacon-Next ist Ihr f\u00fchrender Hersteller und Lieferant von Feuerschutz-Sektionaltore und einbruchhemmenden Rolll\u00e4den<\/strong><br \/>\nEin umfangreiches weltweites Netzwerk unabh\u00e4ngiger H\u00e4ndler liefert und installiert unsere Qualit\u00e4tsprodukte. Das Unternehmen ist aus der Fusion von Metacon Metalware Factory und Next Door Systems hervorgegangen. Aufgeteilt auf zwei Produktionsstandorte in Moordrecht und Emmeloord, werden die T\u00fcren nach Ma\u00df gefertigt und an H\u00e4ndler geliefert. Die T\u00fcren werden von unserer Forschungs- und Entwicklungsabteilung auf der Grundlage der W\u00fcnsche des Marktes und nat\u00fcrlich in \u00dcbereinstimmung mit den neuesten Anforderungen entwickelt. Wir zeichnen uns durch unser gro\u00dfes, zertifiziertes Produktsortiment aus und arbeiten mit Motivation und Ehrgeiz an der weiteren Expansion. Unsere Aufgabe ist es, die Sicherheit von Geb\u00e4uden und ihren Nutzern zu gew\u00e4hrleisten. Dies erreichen wir, indem wir qualitativ hochwertige und einfach zu installierende Produkte zu marktgerechten Preisen anbieten. Eine pers\u00f6nliche und gute Beratung im Bereich der Anwendung und der Ausf\u00fchrung ist ebenfalls erforderlich. Das zeichnet uns aus und versetzt uns und Sie als H\u00e4ndler in die Lage, f\u00fcr jedes Problem eine passende L\u00f6sung anzubieten.<\/p>\n<p><strong>Metacon-Next entscheidet sich f\u00fcr eine gr\u00fcne, soziale Verantwortung der Unternehmen<\/strong><br \/>\nDazu tr\u00e4gt nicht nur die Wahl von \u00d6kostrom bei, sondern auch die mehr als 2.000<br \/>\nSonnenkollektoren auf unserem Dach. Dadurch k\u00f6nnen wir die CO2-Emissionen auf ein<br \/>\nMinimum reduzieren. Mit unserer Produktlinie von Toren aus feuerfestem Verbundmaterial<br \/>\nwenden wir das Cradle-to-Cradle-Prinzip an. Auf diese Weise leisten wir einen Beitrag<br \/>\nzur sozialen Verantwortung der Unternehmen, was sich in der erfolgreichen j\u00e4hrlichen<br \/>\nRezertifizierung unserer Zertifikate ISO 9001 und ISO 14001 widerspiegelt.<\/p>\n<p><strong>Qualit\u00e4tsstandard<\/strong><br \/>\nAlle unsere Produkte werden nach den neuesten Vorschriften der Europ\u00e4ischen Union gepr\u00fcft, klassifiziert und gekennzeichnet.<\/p>\n<\/div><\/div><div class=\"w-separator size_small\"><\/div><div class=\"w-image align_none meta_simple\"><a ref=\"magnificPopup\" href=\"https:\/\/metacon-next.com\/de\/wp-content\/uploads\/sites\/4\/2021\/04\/productielocatie-metacon-next-moordrecht.jpg\" aria-label=\"Link\" class=\"w-image-h\"><img decoding=\"async\" width=\"1024\" height=\"522\" src=\"https:\/\/metacon-next.com\/de\/wp-content\/uploads\/sites\/4\/2021\/04\/productielocatie-metacon-next-moordrecht-1024x522.jpg\" class=\"attachment-large size-large\" alt=\"\" loading=\"lazy\" srcset=\"https:\/\/metacon-next.com\/de\/wp-content\/uploads\/sites\/4\/2021\/04\/productielocatie-metacon-next-moordrecht-1024x522.jpg 1024w, https:\/\/metacon-next.com\/de\/wp-content\/uploads\/sites\/4\/2021\/04\/productielocatie-metacon-next-moordrecht-600x306.jpg 600w, https:\/\/metacon-next.com\/de\/wp-content\/uploads\/sites\/4\/2021\/04\/productielocatie-metacon-next-moordrecht.jpg 1451w\" sizes=\"auto, (max-width: 1024px) 100vw, 1024px\" \/><\/a><div class=\"w-image-meta\"><\/div><\/div><\/div><\/div><\/div><div class=\"vc_col-sm-4 wpb_column vc_column_container\"><div class=\"vc_column-inner\"><div class=\"wpb_wrapper\"><div class=\"wpb_widgetised_column wpb_content_element\"><div class=\"wpb_wrapper\"><h2 class=\"wpb_heading wpb_widgetised_column_heading\">\u00dcber uns<\/h2><div id=\"nav_menu-2\" class=\"widget widget_nav_menu\"><div class=\"menu-about-us-menu-container\"><ul id=\"menu-about-us-menu\" class=\"menu\"><li id=\"menu-item-24862\" class=\"menu-item menu-item-type-post_type menu-item-object-page menu-item-24862\"><a href=\"https:\/\/metacon-next.com\/de\/uber-uns\/\">\u00dcber uns<\/a><\/li>\n<li id=\"menu-item-24812\" class=\"menu-item menu-item-type-post_type menu-item-object-page menu-item-24812\"><a href=\"https:\/\/metacon-next.com\/de\/uber-uns\/team\/\">Unser Team<\/a><\/li>\n<li id=\"menu-item-24840\" class=\"menu-item menu-item-type-post_type menu-item-object-page menu-item-24840\"><a href=\"https:\/\/metacon-next.com\/de\/uber-uns\/geschichte\/\">Geschichte<\/a><\/li>\n<li id=\"menu-item-25394\" class=\"menu-item menu-item-type-post_type menu-item-object-page menu-item-25394\"><a href=\"https:\/\/metacon-next.com\/de\/uber-uns\/auftrag-und-vision\/\">Mission und Vision<\/a><\/li>\n<li id=\"menu-item-24841\" class=\"menu-item menu-item-type-post_type menu-item-object-page menu-item-24841\"><a href=\"https:\/\/metacon-next.com\/de\/uber-uns\/hergestellt-in-den-niederlanden\/\">Hergestellt in den Niederlanden<\/a><\/li>\n<li id=\"menu-item-24842\" class=\"menu-item menu-item-type-post_type menu-item-object-page menu-item-24842\"><a href=\"https:\/\/metacon-next.com\/de\/uber-uns\/weltweites-handlernetz\/\">Weltweites H\u00e4ndlernetz<\/a><\/li>\n<li id=\"menu-item-25118\" class=\"menu-item menu-item-type-post_type menu-item-object-page menu-item-25118\"><a href=\"https:\/\/metacon-next.com\/de\/uber-uns\/zertifizierung\/\">Zertifizierung<\/a><\/li>\n<\/ul><\/div><\/div><\/div><\/div><div class=\"w-separator size_small\"><\/div><div class=\"w-separator size_small\"><\/div><\/div><\/div><\/div><\/div><\/div><\/div><\/div><\/div><\/div><\/section>\n","protected":false},"excerpt":{"rendered":"Metacon-Next ist Ihr f\u00fchrender Hersteller und Lieferant von Feuerschutz-Sektionaltore und einbruchhemmenden Rolll\u00e4den Ein umfangreiches weltweites Netzwerk unabh\u00e4ngiger H\u00e4ndler liefert und installiert unsere Qualit\u00e4tsprodukte. Das Unternehmen ist aus der Fusion von Metacon Metalware Factory und Next Door Systems hervorgegangen. Aufgeteilt auf zwei Produktionsstandorte in Moordrecht und Emmeloord, werden die T\u00fcren nach Ma\u00df gefertigt und an H\u00e4ndler...","protected":false},"author":1,"featured_media":0,"parent":0,"menu_order":0,"comment_status":"closed","ping_status":"closed","template":"","meta":{"footnotes":""},"class_list":["post-23585","page","type-page","status-publish","hentry"],"yoast_head":"<!-- This site is optimized with the Yoast SEO plugin v27.4 - https:\/\/yoast.com\/product\/yoast-seo-wordpress\/ -->\n<title>\u00dcber uns - Metacon-Next<\/title>\n<meta name=\"description\" content=\"Erfahren Sie mehr \u00fcber Metacon. Wir entwickeln technische L\u00f6sungen mit Fokus auf Qualit\u00e4t, Innovation und Zuverl\u00e4ssigkeit.\" \/>\n<meta name=\"robots\" content=\"index, follow, max-snippet:-1, max-image-preview:large, max-video-preview:-1\" \/>\n<link rel=\"canonical\" href=\"https:\/\/metacon-next.com\/de\/uber-uns\/\" \/>\n<meta property=\"og:locale\" content=\"de_DE\" \/>\n<meta property=\"og:type\" content=\"article\" \/>\n<meta property=\"og:title\" content=\"\u00dcber uns - Metacon-Next\" \/>\n<meta property=\"og:description\" content=\"Erfahren Sie mehr \u00fcber Metacon. Wir entwickeln technische L\u00f6sungen mit Fokus auf Qualit\u00e4t, Innovation und Zuverl\u00e4ssigkeit.\" \/>\n<meta property=\"og:url\" content=\"https:\/\/metacon-next.com\/de\/uber-uns\/\" \/>\n<meta property=\"og:site_name\" content=\"Metacon-Next\" \/>\n<meta property=\"article:modified_time\" content=\"2026-01-26T15:25:27+00:00\" \/>\n<meta name=\"twitter:card\" content=\"summary_large_image\" \/>\n<meta name=\"twitter:label1\" content=\"Gesch\u00e4tzte Lesezeit\" \/>\n\t<meta name=\"twitter:data1\" content=\"2\u00a0Minuten\" \/>\n<script type=\"application\/ld+json\" class=\"yoast-schema-graph\">{\"@context\":\"https:\\\/\\\/schema.org\",\"@graph\":[{\"@type\":\"WebPage\",\"@id\":\"https:\\\/\\\/metacon-next.com\\\/de\\\/uber-uns\\\/\",\"url\":\"https:\\\/\\\/metacon-next.com\\\/de\\\/uber-uns\\\/\",\"name\":\"\u00dcber uns - Metacon-Next\",\"isPartOf\":{\"@id\":\"https:\\\/\\\/metacon-next.com\\\/de\\\/#website\"},\"datePublished\":\"2019-11-04T07:39:12+00:00\",\"dateModified\":\"2026-01-26T15:25:27+00:00\",\"description\":\"Erfahren Sie mehr \u00fcber Metacon. Wir entwickeln technische L\u00f6sungen mit Fokus auf Qualit\u00e4t, Innovation und Zuverl\u00e4ssigkeit.\",\"breadcrumb\":{\"@id\":\"https:\\\/\\\/metacon-next.com\\\/de\\\/uber-uns\\\/#breadcrumb\"},\"inLanguage\":\"de\",\"potentialAction\":[{\"@type\":\"ReadAction\",\"target\":[\"https:\\\/\\\/metacon-next.com\\\/de\\\/uber-uns\\\/\"]}]},{\"@type\":\"BreadcrumbList\",\"@id\":\"https:\\\/\\\/metacon-next.com\\\/de\\\/uber-uns\\\/#breadcrumb\",\"itemListElement\":[{\"@type\":\"ListItem\",\"position\":1,\"name\":\"Startseite\",\"item\":\"https:\\\/\\\/metacon-next.com\\\/de\\\/\"},{\"@type\":\"ListItem\",\"position\":2,\"name\":\"\u00dcber uns\"}]},{\"@type\":\"WebSite\",\"@id\":\"https:\\\/\\\/metacon-next.com\\\/de\\\/#website\",\"url\":\"https:\\\/\\\/metacon-next.com\\\/de\\\/\",\"name\":\"Metacon-Next\",\"description\":\"\",\"publisher\":{\"@id\":\"https:\\\/\\\/metacon-next.com\\\/de\\\/#organization\"},\"potentialAction\":[{\"@type\":\"SearchAction\",\"target\":{\"@type\":\"EntryPoint\",\"urlTemplate\":\"https:\\\/\\\/metacon-next.com\\\/de\\\/?s={search_term_string}\"},\"query-input\":{\"@type\":\"PropertyValueSpecification\",\"valueRequired\":true,\"valueName\":\"search_term_string\"}}],\"inLanguage\":\"de\"},{\"@type\":\"Organization\",\"@id\":\"https:\\\/\\\/metacon-next.com\\\/de\\\/#organization\",\"name\":\"Metacon-Next\",\"url\":\"https:\\\/\\\/metacon-next.com\\\/de\\\/\",\"logo\":{\"@type\":\"ImageObject\",\"inLanguage\":\"de\",\"@id\":\"https:\\\/\\\/metacon-next.com\\\/de\\\/#\\\/schema\\\/logo\\\/image\\\/\",\"url\":\"https:\\\/\\\/metacon-next.com\\\/de\\\/wp-content\\\/uploads\\\/sites\\\/4\\\/2021\\\/01\\\/metacon_next_logo.png\",\"contentUrl\":\"https:\\\/\\\/metacon-next.com\\\/de\\\/wp-content\\\/uploads\\\/sites\\\/4\\\/2021\\\/01\\\/metacon_next_logo.png\",\"width\":1111,\"height\":300,\"caption\":\"Metacon-Next\"},\"image\":{\"@id\":\"https:\\\/\\\/metacon-next.com\\\/de\\\/#\\\/schema\\\/logo\\\/image\\\/\"}}]}<\/script>\n<!-- \/ Yoast SEO plugin. -->","yoast_head_json":{"title":"\u00dcber uns - Metacon-Next","description":"Erfahren Sie mehr \u00fcber Metacon. Wir entwickeln technische L\u00f6sungen mit Fokus auf Qualit\u00e4t, Innovation und Zuverl\u00e4ssigkeit.","robots":{"index":"index","follow":"follow","max-snippet":"max-snippet:-1","max-image-preview":"max-image-preview:large","max-video-preview":"max-video-preview:-1"},"canonical":"https:\/\/metacon-next.com\/de\/uber-uns\/","og_locale":"de_DE","og_type":"article","og_title":"\u00dcber uns - Metacon-Next","og_description":"Erfahren Sie mehr \u00fcber Metacon. Wir entwickeln technische L\u00f6sungen mit Fokus auf Qualit\u00e4t, Innovation und Zuverl\u00e4ssigkeit.","og_url":"https:\/\/metacon-next.com\/de\/uber-uns\/","og_site_name":"Metacon-Next","article_modified_time":"2026-01-26T15:25:27+00:00","twitter_card":"summary_large_image","twitter_misc":{"Gesch\u00e4tzte Lesezeit":"2\u00a0Minuten"},"schema":{"@context":"https:\/\/schema.org","@graph":[{"@type":"WebPage","@id":"https:\/\/metacon-next.com\/de\/uber-uns\/","url":"https:\/\/metacon-next.com\/de\/uber-uns\/","name":"\u00dcber uns - Metacon-Next","isPartOf":{"@id":"https:\/\/metacon-next.com\/de\/#website"},"datePublished":"2019-11-04T07:39:12+00:00","dateModified":"2026-01-26T15:25:27+00:00","description":"Erfahren Sie mehr \u00fcber Metacon. Wir entwickeln technische L\u00f6sungen mit Fokus auf Qualit\u00e4t, Innovation und Zuverl\u00e4ssigkeit.","breadcrumb":{"@id":"https:\/\/metacon-next.com\/de\/uber-uns\/#breadcrumb"},"inLanguage":"de","potentialAction":[{"@type":"ReadAction","target":["https:\/\/metacon-next.com\/de\/uber-uns\/"]}]},{"@type":"BreadcrumbList","@id":"https:\/\/metacon-next.com\/de\/uber-uns\/#breadcrumb","itemListElement":[{"@type":"ListItem","position":1,"name":"Startseite","item":"https:\/\/metacon-next.com\/de\/"},{"@type":"ListItem","position":2,"name":"\u00dcber uns"}]},{"@type":"WebSite","@id":"https:\/\/metacon-next.com\/de\/#website","url":"https:\/\/metacon-next.com\/de\/","name":"Metacon-Next","description":"","publisher":{"@id":"https:\/\/metacon-next.com\/de\/#organization"},"potentialAction":[{"@type":"SearchAction","target":{"@type":"EntryPoint","urlTemplate":"https:\/\/metacon-next.com\/de\/?s={search_term_string}"},"query-input":{"@type":"PropertyValueSpecification","valueRequired":true,"valueName":"search_term_string"}}],"inLanguage":"de"},{"@type":"Organization","@id":"https:\/\/metacon-next.com\/de\/#organization","name":"Metacon-Next","url":"https:\/\/metacon-next.com\/de\/","logo":{"@type":"ImageObject","inLanguage":"de","@id":"https:\/\/metacon-next.com\/de\/#\/schema\/logo\/image\/","url":"https:\/\/metacon-next.com\/de\/wp-content\/uploads\/sites\/4\/2021\/01\/metacon_next_logo.png","contentUrl":"https:\/\/metacon-next.com\/de\/wp-content\/uploads\/sites\/4\/2021\/01\/metacon_next_logo.png","width":1111,"height":300,"caption":"Metacon-Next"},"image":{"@id":"https:\/\/metacon-next.com\/de\/#\/schema\/logo\/image\/"}}]}},"_links":{"self":[{"href":"https:\/\/metacon-next.com\/de\/wp-json\/wp\/v2\/pages\/23585","targetHints":{"allow":["GET"]}}],"collection":[{"href":"https:\/\/metacon-next.com\/de\/wp-json\/wp\/v2\/pages"}],"about":[{"href":"https:\/\/metacon-next.com\/de\/wp-json\/wp\/v2\/types\/page"}],"author":[{"embeddable":true,"href":"https:\/\/metacon-next.com\/de\/wp-json\/wp\/v2\/users\/1"}],"replies":[{"embeddable":true,"href":"https:\/\/metacon-next.com\/de\/wp-json\/wp\/v2\/comments?post=23585"}],"version-history":[{"count":13,"href":"https:\/\/metacon-next.com\/de\/wp-json\/wp\/v2\/pages\/23585\/revisions"}],"predecessor-version":[{"id":26072,"href":"https:\/\/metacon-next.com\/de\/wp-json\/wp\/v2\/pages\/23585\/revisions\/26072"}],"wp:attachment":[{"href":"https:\/\/metacon-next.com\/de\/wp-json\/wp\/v2\/media?parent=23585"}],"curies":[{"name":"wp","href":"https:\/\/api.w.org\/{rel}","templated":true}]}}