{"id":23593,"date":"2019-11-04T08:44:17","date_gmt":"2019-11-04T07:44:17","guid":{"rendered":"https:\/\/metacon-next.com\/?page_id=23593"},"modified":"2026-01-27T15:45:38","modified_gmt":"2026-01-27T14:45:38","slug":"kontakt","status":"publish","type":"page","link":"https:\/\/metacon-next.com\/de\/kontakt\/","title":{"rendered":"Kontakt"},"content":{"rendered":"<section class=\"l-section wpb_row height_small\"><div class=\"l-section-h i-cf\"><div class=\"g-cols vc_row via_flex valign_top type_default stacking_default\"><div class=\"vc_col-sm-12 wpb_column vc_column_container\"><div class=\"vc_column-inner\"><div class=\"wpb_wrapper\"><div class=\"g-cols wpb_row via_flex valign_top type_default stacking_default\" style=\"--additional-gap:30;\"><div class=\"vc_col-sm-8 wpb_column vc_column_container\"><div class=\"vc_column-inner\"><div class=\"wpb_wrapper\"><div class=\"wpb_text_column\"><div class=\"wpb_wrapper\"><p><strong>Bitte f\u00fcllen Sie das folgende Formular aus, um uns zu kontaktieren.<\/strong><\/p>\n<\/div><\/div><div class=\"w-separator size_small\"><\/div>\n<div class=\"wpcf7 no-js\" id=\"wpcf7-f24943-o1\" lang=\"en-US\" dir=\"ltr\" data-wpcf7-id=\"24943\">\n<div class=\"screen-reader-response\"><p role=\"status\" aria-live=\"polite\" aria-atomic=\"true\"><\/p> <ul><\/ul><\/div>\n<form action=\"\/de\/wp-json\/wp\/v2\/pages\/23593#wpcf7-f24943-o1\" method=\"post\" class=\"wpcf7-form init\" aria-label=\"Contact form\" novalidate=\"novalidate\" data-status=\"init\">\n<fieldset class=\"hidden-fields-container\"><input type=\"hidden\" name=\"_wpcf7\" value=\"24943\" \/><input type=\"hidden\" name=\"_wpcf7_version\" value=\"6.1.5\" \/><input type=\"hidden\" name=\"_wpcf7_locale\" value=\"en_US\" \/><input type=\"hidden\" name=\"_wpcf7_unit_tag\" value=\"wpcf7-f24943-o1\" \/><input type=\"hidden\" name=\"_wpcf7_container_post\" value=\"0\" \/><input type=\"hidden\" name=\"_wpcf7_posted_data_hash\" value=\"\" \/><input type=\"hidden\" name=\"_wpcf7_recaptcha_response\" value=\"\" \/>\n<\/fieldset>\n<p><label>Name *<br \/>\n<span class=\"wpcf7-form-control-wrap\" data-name=\"your-name\"><input size=\"40\" maxlength=\"400\" class=\"wpcf7-form-control wpcf7-text wpcf7-validates-as-required\" aria-required=\"true\" aria-invalid=\"false\" placeholder=\"Name\" value=\"\" type=\"text\" name=\"your-name\" \/><\/span> <\/label>\n<\/p>\n<p><label>E-Mail-Addresse *<br \/>\n<span class=\"wpcf7-form-control-wrap\" data-name=\"your-email\"><input size=\"40\" maxlength=\"400\" class=\"wpcf7-form-control wpcf7-email wpcf7-validates-as-required wpcf7-text wpcf7-validates-as-email\" aria-required=\"true\" aria-invalid=\"false\" placeholder=\"E-Mail-Addresse\" value=\"\" type=\"email\" name=\"your-email\" \/><\/span> <\/label>\n<\/p>\n<p><label>Betreff<br \/>\n<span class=\"wpcf7-form-control-wrap\" data-name=\"your-subject\"><input size=\"40\" maxlength=\"400\" class=\"wpcf7-form-control wpcf7-text\" aria-invalid=\"false\" placeholder=\"Betreff\" value=\"\" type=\"text\" name=\"your-subject\" \/><\/span> <\/label>\n<\/p>\n<p><label>Nachricht<br \/>\n<span class=\"wpcf7-form-control-wrap\" data-name=\"your-message\"><textarea cols=\"40\" rows=\"10\" maxlength=\"2000\" class=\"wpcf7-form-control wpcf7-textarea\" aria-invalid=\"false\" placeholder=\"Nachricht\" name=\"your-message\"><\/textarea><\/span> <\/label>\n<\/p>\n<p><input class=\"wpcf7-form-control wpcf7-submit has-spinner\" type=\"submit\" value=\"Senden\" \/>\n<\/p><div class=\"wpcf7-response-output\" aria-hidden=\"true\"><\/div>\n<\/form>\n<\/div>\n<\/div><\/div><\/div><div class=\"vc_col-sm-4 wpb_column vc_column_container\"><div class=\"vc_column-inner\"><div class=\"wpb_wrapper\"><div class=\"wpb_widgetised_column wpb_content_element\"><div class=\"wpb_wrapper\"><div id=\"text-3\" class=\"widget widget_text\"><h3 class=\"widgettitle\">Kontaktinformation<\/h3>\t\t\t<div class=\"textwidget\"><p><strong>Metacon-Next GmbH Deutschland<\/strong><\/p>\n<p>Herr J\u00f6rg Martin<br \/>\n<a href=\"tel:+491739058908\" target=\"_blank\" rel=\"noopener\">+49 173 905 89 08<\/a><br \/>\n<a href=\"mailto:j.martin@metacon-next.eu\" target=\"_blank\" rel=\"noopener\">j.martin@metacon-next.eu<\/a><\/p>\n<p>&#8212;&#8212;&#8212;&#8212;&#8212;&#8212;&#8212;&#8212;&#8212;&#8212;&#8212;&#8212;&#8212;&#8212;&#8212;&#8212;<\/p>\n<p><strong>Metacon-Next B.V.<\/strong><br \/>\nZuidbaan 450<br \/>\n2841 MD Moordrecht<br \/>\nDie Niederlande<\/p>\n<p>Handelskammer-Nr.: 24333607<br \/>\nMwSt.-Nr.: NL810639762B01<\/p>\n<p><strong>Verkaufsabteilung<\/strong><br \/>\n<a href=\"tel:+31182231516\" target=\"_blank\" rel=\"noopener\">+31 (0) 182 &#8211; 23 15 16<\/a><br \/>\n<a href=\"mailto:sales@metacon-next.com\" target=\"_blank\" rel=\"noopener\">sales@metacon-next.com<\/a><\/p>\n<p><strong>Serviceabteilung<\/strong><br \/>\n<a href=\"tel:+31182231525\" target=\"_blank\" rel=\"noopener\">+31 (0) 182 &#8211; 23 15 25<\/a><br \/>\n<a href=\"mailto:service@metacon-next.com\" target=\"_blank\" rel=\"noopener\">service@metacon-next.com<\/a><\/p>\n<p><strong>Logistikabteilung<\/strong><br \/>\n<a href=\"tel:+31182231555\" target=\"_blank\" rel=\"noopener\">+31 (0) 182 &#8211; 23 15 55<\/a><br \/>\n<a href=\"mailto:logistics@metacon-next.com\" target=\"_blank\" rel=\"noopener\">logistics@metacon-next.com<\/a><\/p>\n<p><strong>Einkaufsabteilung<\/strong><br \/>\n<a href=\"tel:+31182231535\" target=\"_blank\" rel=\"noopener\">+31 (0) 182 &#8211; 23 15 35<\/a><br \/>\n<a href=\"mailto:inkoop@metacon-next.com\" target=\"_blank\" rel=\"noopener\">inkoop@metacon-next.com<\/a><\/p>\n<p><strong>Verwaltungsabteilung<\/strong><br \/>\n<a href=\"tel:+31182231545\" target=\"_blank\" rel=\"noopener\">+31 (0) 182 &#8211; 23 15 45<\/a><br \/>\n<a href=\"mailto:facturation@metacon-next.com\" target=\"_blank\" rel=\"noopener\">facturation@metacon-next.com<\/a><\/p>\n<\/div>\n\t\t<\/div><div id=\"nav_menu-5\" class=\"widget widget_nav_menu\"><div class=\"menu-footer-menu-container\"><ul id=\"menu-footer-menu\" class=\"menu\"><li id=\"menu-item-24804\" class=\"menu-item menu-item-type-custom menu-item-object-custom menu-item-24804\"><a href=\"https:\/\/metacon-next.com\/de\/download\/#geschaftsbedingungen\">Gesch\u00e4ftsbedingungen<\/a><\/li>\n<\/ul><\/div><\/div><\/div><\/div><\/div><\/div><\/div><\/div><\/div><\/div><\/div><\/div><\/div><\/section><section class=\"l-section wpb_row height_small\"><div class=\"l-section-h i-cf\"><div class=\"g-cols vc_row via_flex valign_top type_default stacking_default\"><div class=\"vc_col-sm-12 wpb_column vc_column_container\"><div class=\"vc_column-inner\"><div class=\"wpb_wrapper\"><\/div><\/div><\/div><\/div><\/div><\/section>\n","protected":false},"excerpt":{"rendered":"Bitte f\u00fcllen Sie das folgende Formular aus, um uns zu kontaktieren. Name * E-Mail-Addresse * Betreff Nachricht Kontaktinformation Metacon-Next GmbH Deutschland Herr J\u00f6rg Martin +49 173 905 89 08 j.martin@metacon-next.eu &#8212;&#8212;&#8212;&#8212;&#8212;&#8212;&#8212;&#8212;&#8212;&#8212;&#8212;&#8212;&#8212;&#8212;&#8212;&#8212; Metacon-Next B.V. Zuidbaan 450 2841 MD Moordrecht Die Niederlande Handelskammer-Nr.: 24333607 MwSt.-Nr.: NL810639762B01 Verkaufsabteilung +31 (0) 182 &#8211; 23 15 16 sales@metacon-next.com Serviceabteilung +31...","protected":false},"author":1,"featured_media":0,"parent":0,"menu_order":0,"comment_status":"closed","ping_status":"closed","template":"","meta":{"footnotes":""},"class_list":["post-23593","page","type-page","status-publish","hentry"],"yoast_head":"<!-- This site is optimized with the Yoast SEO plugin v27.4 - https:\/\/yoast.com\/product\/yoast-seo-wordpress\/ -->\n<title>Kontakt - Metacon-Next<\/title>\n<meta name=\"description\" content=\"Kontaktieren Sie Metacon f\u00fcr Beratung, Anfragen oder Angebote. Wir helfen Ihnen schnell weiter mit passenden L\u00f6sungen f\u00fcr Ihr Projekt.\" \/>\n<meta name=\"robots\" content=\"index, follow, max-snippet:-1, max-image-preview:large, max-video-preview:-1\" \/>\n<link rel=\"canonical\" href=\"https:\/\/metacon-next.com\/de\/kontakt\/\" \/>\n<meta property=\"og:locale\" content=\"de_DE\" \/>\n<meta property=\"og:type\" content=\"article\" \/>\n<meta property=\"og:title\" content=\"Kontakt - Metacon-Next\" \/>\n<meta property=\"og:description\" content=\"Kontaktieren Sie Metacon f\u00fcr Beratung, Anfragen oder Angebote. Wir helfen Ihnen schnell weiter mit passenden L\u00f6sungen f\u00fcr Ihr Projekt.\" \/>\n<meta property=\"og:url\" content=\"https:\/\/metacon-next.com\/de\/kontakt\/\" \/>\n<meta property=\"og:site_name\" content=\"Metacon-Next\" \/>\n<meta property=\"article:modified_time\" content=\"2026-01-27T14:45:38+00:00\" \/>\n<meta name=\"twitter:card\" content=\"summary_large_image\" \/>\n<meta name=\"twitter:label1\" content=\"Gesch\u00e4tzte Lesezeit\" \/>\n\t<meta name=\"twitter:data1\" content=\"1\u00a0Minute\" \/>\n<script type=\"application\/ld+json\" class=\"yoast-schema-graph\">{\"@context\":\"https:\\\/\\\/schema.org\",\"@graph\":[{\"@type\":\"WebPage\",\"@id\":\"https:\\\/\\\/metacon-next.com\\\/de\\\/kontakt\\\/\",\"url\":\"https:\\\/\\\/metacon-next.com\\\/de\\\/kontakt\\\/\",\"name\":\"Kontakt - Metacon-Next\",\"isPartOf\":{\"@id\":\"https:\\\/\\\/metacon-next.com\\\/de\\\/#website\"},\"datePublished\":\"2019-11-04T07:44:17+00:00\",\"dateModified\":\"2026-01-27T14:45:38+00:00\",\"description\":\"Kontaktieren Sie Metacon f\u00fcr Beratung, Anfragen oder Angebote. Wir helfen Ihnen schnell weiter mit passenden L\u00f6sungen f\u00fcr Ihr Projekt.\",\"breadcrumb\":{\"@id\":\"https:\\\/\\\/metacon-next.com\\\/de\\\/kontakt\\\/#breadcrumb\"},\"inLanguage\":\"de\",\"potentialAction\":[{\"@type\":\"ReadAction\",\"target\":[\"https:\\\/\\\/metacon-next.com\\\/de\\\/kontakt\\\/\"]}]},{\"@type\":\"BreadcrumbList\",\"@id\":\"https:\\\/\\\/metacon-next.com\\\/de\\\/kontakt\\\/#breadcrumb\",\"itemListElement\":[{\"@type\":\"ListItem\",\"position\":1,\"name\":\"Startseite\",\"item\":\"https:\\\/\\\/metacon-next.com\\\/de\\\/\"},{\"@type\":\"ListItem\",\"position\":2,\"name\":\"Kontakt\"}]},{\"@type\":\"WebSite\",\"@id\":\"https:\\\/\\\/metacon-next.com\\\/de\\\/#website\",\"url\":\"https:\\\/\\\/metacon-next.com\\\/de\\\/\",\"name\":\"Metacon-Next\",\"description\":\"\",\"publisher\":{\"@id\":\"https:\\\/\\\/metacon-next.com\\\/de\\\/#organization\"},\"potentialAction\":[{\"@type\":\"SearchAction\",\"target\":{\"@type\":\"EntryPoint\",\"urlTemplate\":\"https:\\\/\\\/metacon-next.com\\\/de\\\/?s={search_term_string}\"},\"query-input\":{\"@type\":\"PropertyValueSpecification\",\"valueRequired\":true,\"valueName\":\"search_term_string\"}}],\"inLanguage\":\"de\"},{\"@type\":\"Organization\",\"@id\":\"https:\\\/\\\/metacon-next.com\\\/de\\\/#organization\",\"name\":\"Metacon-Next\",\"url\":\"https:\\\/\\\/metacon-next.com\\\/de\\\/\",\"logo\":{\"@type\":\"ImageObject\",\"inLanguage\":\"de\",\"@id\":\"https:\\\/\\\/metacon-next.com\\\/de\\\/#\\\/schema\\\/logo\\\/image\\\/\",\"url\":\"https:\\\/\\\/metacon-next.com\\\/de\\\/wp-content\\\/uploads\\\/sites\\\/4\\\/2021\\\/01\\\/metacon_next_logo.png\",\"contentUrl\":\"https:\\\/\\\/metacon-next.com\\\/de\\\/wp-content\\\/uploads\\\/sites\\\/4\\\/2021\\\/01\\\/metacon_next_logo.png\",\"width\":1111,\"height\":300,\"caption\":\"Metacon-Next\"},\"image\":{\"@id\":\"https:\\\/\\\/metacon-next.com\\\/de\\\/#\\\/schema\\\/logo\\\/image\\\/\"}}]}<\/script>\n<!-- \/ Yoast SEO plugin. -->","yoast_head_json":{"title":"Kontakt - Metacon-Next","description":"Kontaktieren Sie Metacon f\u00fcr Beratung, Anfragen oder Angebote. Wir helfen Ihnen schnell weiter mit passenden L\u00f6sungen f\u00fcr Ihr Projekt.","robots":{"index":"index","follow":"follow","max-snippet":"max-snippet:-1","max-image-preview":"max-image-preview:large","max-video-preview":"max-video-preview:-1"},"canonical":"https:\/\/metacon-next.com\/de\/kontakt\/","og_locale":"de_DE","og_type":"article","og_title":"Kontakt - Metacon-Next","og_description":"Kontaktieren Sie Metacon f\u00fcr Beratung, Anfragen oder Angebote. Wir helfen Ihnen schnell weiter mit passenden L\u00f6sungen f\u00fcr Ihr Projekt.","og_url":"https:\/\/metacon-next.com\/de\/kontakt\/","og_site_name":"Metacon-Next","article_modified_time":"2026-01-27T14:45:38+00:00","twitter_card":"summary_large_image","twitter_misc":{"Gesch\u00e4tzte Lesezeit":"1\u00a0Minute"},"schema":{"@context":"https:\/\/schema.org","@graph":[{"@type":"WebPage","@id":"https:\/\/metacon-next.com\/de\/kontakt\/","url":"https:\/\/metacon-next.com\/de\/kontakt\/","name":"Kontakt - Metacon-Next","isPartOf":{"@id":"https:\/\/metacon-next.com\/de\/#website"},"datePublished":"2019-11-04T07:44:17+00:00","dateModified":"2026-01-27T14:45:38+00:00","description":"Kontaktieren Sie Metacon f\u00fcr Beratung, Anfragen oder Angebote. Wir helfen Ihnen schnell weiter mit passenden L\u00f6sungen f\u00fcr Ihr Projekt.","breadcrumb":{"@id":"https:\/\/metacon-next.com\/de\/kontakt\/#breadcrumb"},"inLanguage":"de","potentialAction":[{"@type":"ReadAction","target":["https:\/\/metacon-next.com\/de\/kontakt\/"]}]},{"@type":"BreadcrumbList","@id":"https:\/\/metacon-next.com\/de\/kontakt\/#breadcrumb","itemListElement":[{"@type":"ListItem","position":1,"name":"Startseite","item":"https:\/\/metacon-next.com\/de\/"},{"@type":"ListItem","position":2,"name":"Kontakt"}]},{"@type":"WebSite","@id":"https:\/\/metacon-next.com\/de\/#website","url":"https:\/\/metacon-next.com\/de\/","name":"Metacon-Next","description":"","publisher":{"@id":"https:\/\/metacon-next.com\/de\/#organization"},"potentialAction":[{"@type":"SearchAction","target":{"@type":"EntryPoint","urlTemplate":"https:\/\/metacon-next.com\/de\/?s={search_term_string}"},"query-input":{"@type":"PropertyValueSpecification","valueRequired":true,"valueName":"search_term_string"}}],"inLanguage":"de"},{"@type":"Organization","@id":"https:\/\/metacon-next.com\/de\/#organization","name":"Metacon-Next","url":"https:\/\/metacon-next.com\/de\/","logo":{"@type":"ImageObject","inLanguage":"de","@id":"https:\/\/metacon-next.com\/de\/#\/schema\/logo\/image\/","url":"https:\/\/metacon-next.com\/de\/wp-content\/uploads\/sites\/4\/2021\/01\/metacon_next_logo.png","contentUrl":"https:\/\/metacon-next.com\/de\/wp-content\/uploads\/sites\/4\/2021\/01\/metacon_next_logo.png","width":1111,"height":300,"caption":"Metacon-Next"},"image":{"@id":"https:\/\/metacon-next.com\/de\/#\/schema\/logo\/image\/"}}]}},"_links":{"self":[{"href":"https:\/\/metacon-next.com\/de\/wp-json\/wp\/v2\/pages\/23593","targetHints":{"allow":["GET"]}}],"collection":[{"href":"https:\/\/metacon-next.com\/de\/wp-json\/wp\/v2\/pages"}],"about":[{"href":"https:\/\/metacon-next.com\/de\/wp-json\/wp\/v2\/types\/page"}],"author":[{"embeddable":true,"href":"https:\/\/metacon-next.com\/de\/wp-json\/wp\/v2\/users\/1"}],"replies":[{"embeddable":true,"href":"https:\/\/metacon-next.com\/de\/wp-json\/wp\/v2\/comments?post=23593"}],"version-history":[{"count":4,"href":"https:\/\/metacon-next.com\/de\/wp-json\/wp\/v2\/pages\/23593\/revisions"}],"predecessor-version":[{"id":24944,"href":"https:\/\/metacon-next.com\/de\/wp-json\/wp\/v2\/pages\/23593\/revisions\/24944"}],"wp:attachment":[{"href":"https:\/\/metacon-next.com\/de\/wp-json\/wp\/v2\/media?parent=23593"}],"curies":[{"name":"wp","href":"https:\/\/api.w.org\/{rel}","templated":true}]}}