{"id":23743,"date":"2019-11-05T09:19:27","date_gmt":"2019-11-05T08:19:27","guid":{"rendered":"https:\/\/metacon-next.com\/?page_id=23743"},"modified":"2025-12-17T14:06:07","modified_gmt":"2025-12-17T13:06:07","slug":"feuerschutz-sektionaltore","status":"publish","type":"page","link":"https:\/\/metacon-next.com\/de\/produkte\/feuerschutz-sektionaltore\/","title":{"rendered":"Feuerschutz Sektionaltore"},"content":{"rendered":"<section class=\"l-section wpb_row height_small\"><div class=\"l-section-h i-cf\"><div class=\"g-cols vc_row via_flex valign_top type_default stacking_default\"><div class=\"vc_col-sm-12 wpb_column vc_column_container\"><div class=\"vc_column-inner\"><div class=\"wpb_wrapper\"><div class=\"g-cols wpb_row via_flex valign_top type_default stacking_default\" style=\"--additional-gap:30;\"><div class=\"vc_col-sm-8 wpb_column vc_column_container\"><div class=\"vc_column-inner\"><div class=\"wpb_wrapper\"><div class=\"wpb_text_column\"><div class=\"wpb_wrapper\"><h2>OHD-C EI(1) 60 \/ EI(2) 90 \/ EW 90<\/h2>\n<p><strong>Zertifizierung<\/strong><\/p>\n<ul>\n<li>Gepr\u00fcft nach EN 1634-1 (Feuer; EI<sub>1<\/sub>60, EI<sub>2<\/sub>90, EW 90) und EN 1634-3 (Rauch; Sa4)<\/li>\n<li>Klassifiziert nach EN 13501-2 und EN 13501-1<\/li>\n<li>Validierter Zyklustest nach C3 (&gt; 50.000 Zyklen)<\/li>\n<li>CE-Kennzeichnung gem\u00e4\u00df EN 13241 und EN 16034 (N\u00b0 1812-CPR-1787)<\/li>\n<\/ul>\n<p><strong>Anwendung<\/strong><\/p>\n<ul>\n<li>Geeignet f\u00fcr Innen\/Innen und Innen\/Au\u00dfen Situationen<\/li>\n<li>Geeignet f\u00fcr h\u00e4ufigen Gebrauch<\/li>\n<li>Zul\u00e4ssige Montagefl\u00e4chen sind: Porenbeton, Kalksandstein, Beton, Mauerwerk, feuerfeste Stahlkonstruktion<\/li>\n<\/ul>\n<p><strong>Standard<\/strong><\/p>\n<ul>\n<li>Schwerkraftgesicherter Kettenradantrieb 400 V (GFA)<\/li>\n<li>Schaltkasten mit integrierter Notstrombatterie (FirePro V4 DiBt; Allgemeine bauaufsichtliche Zullasung &#8211; Z-6.510-2642, Allgemeine Bauartgenehmigung &#8211; Z-6.500-2643)<\/li>\n<li>Externe Fangvorrichtung<\/li>\n<li>Optische\/akustische Signalisierung<\/li>\n<li>Schienensystem f\u00fcr Einbauh\u00f6hen zwischen 1.000 mm und 1.500 mm<\/li>\n<li>T\u00fcrblatt aus feuerfesten Verbundplatten, Dicke 42 mm, mit einer gemischten wei\u00dfen Struktur<\/li>\n<\/ul>\n<p><strong>Optionen<\/strong><\/p>\n<ul>\n<li>Einsatz im Innen- und Au\u00dfenbereich bis zur Windklasse 5 (&gt; 1.000 Pa)<\/li>\n<li>Einbruchhemmende Ausf\u00fchrung (au\u00dfen =&gt; innen) nach RC2 oder RC3<\/li>\n<li>Schalld\u00e4mmwert 30 dB oder 32 dB<\/li>\n<li>Niedriges Schienensystem f\u00fcr Einbauh\u00f6he ab 400 mm<\/li>\n<li>Hochlift oder vertikales Schienensystem f\u00fcr Einbauh\u00f6hen ab 1.500 mm<\/li>\n<li>Paneele in RAL-Farbe nach Wahl, basierend auf Nasslackierung oder Wickelfolie<\/li>\n<li>Automatisch betrieben, mit Lichtschranken<\/li>\n<li>Rauchmelder f\u00fcr ein autarkes System<\/li>\n<li>Verschiedene Bedienelemente<\/li>\n<\/ul>\n<table cellspacing=\"0\" cellpadding=\"0\">\n<thead>\n<tr>\n<th>Klassifizierung<\/th>\n<th>Feuerbest\u00e4ndigkeit<\/th>\n<th>max. \u00d6ffnungsbreite<\/th>\n<th>max. \u00d6ffnungsh\u00f6he<\/th>\n<th>max. \u00d6ffnung<\/th>\n<\/tr>\n<\/thead>\n<tbody>\n<tr>\n<td>EI (1)<\/td>\n<td>60 Minuten<\/td>\n<td>4.600 mm<\/td>\n<td>4.731 mm<\/td>\n<td>21,76 m\u00b2<\/td>\n<\/tr>\n<tr>\n<td>EI (2)<\/td>\n<td>90 Minuten<\/td>\n<td>4.600\u00a0mm<\/td>\n<td>4.731 mm<\/td>\n<td>21,76 m\u00b2<\/td>\n<\/tr>\n<tr>\n<td>EW<\/td>\n<td>90 Minuten<\/td>\n<td>4.600\u00a0mm<\/td>\n<td>4.731 mm<\/td>\n<td>21,76 m\u00b2<\/td>\n<\/tr>\n<\/tbody>\n<\/table>\n<p><em>Aufgrund der st\u00e4ndigen Produktentwicklung bitten wir Sie, die aktuellen Ma\u00dfe bei uns zu erfragen. Gr\u00f6\u00dfere Abmessungen auf Anfrage.<\/em><\/p>\n<\/div><\/div><div class=\"w-separator size_small\"><\/div><div class=\"w-btn-wrapper align_none\"><a class=\"w-btn us-btn-style_1 icon_atleft\" title=\"Request quote\" href=\"https:\/\/metacon-next.com\/de\/angebot-anfordern\/\"><i class=\"fas fa-chevron-right\"><\/i><span class=\"w-btn-label\">Angebot anfordern<\/span><\/a><\/div><div class=\"w-separator size_small\"><\/div><div class=\"wpb_text_column\"><div class=\"wpb_wrapper\"><h4>Downloads<\/h4>\n<\/div><\/div><div class=\"w-separator size_small\"><\/div><section class=\"l-section wpb_row height_small\"><div class=\"l-section-h i-cf\"><div class=\"g-cols vc_row via_flex valign_top type_default stacking_default\"><div class=\"vc_col-sm-12 wpb_column vc_column_container\"><div class=\"vc_column-inner\"><div class=\"wpb_wrapper\"><div class=\"wpb_text_column\"><div class=\"wpb_wrapper\"><p><strong>Zertifizierungen<\/strong><\/p>\n<ul>\n<li><a href=\"https:\/\/metacon-next.com\/de\/wp-content\/uploads\/sites\/4\/2024\/11\/CE-Zertifikat-Metacon-Next-OHD-C-EI1-60-EI2-90-EW-90-1812-CPR-1787.pdf\" target=\"_blank\" rel=\"noopener\">CE-Zertifikat Metacon-Next OHD-C EI(1) 60 &#8211; EI(2) 90 &#8211; EW 90 (1812-CPR-1787)<\/a><\/li>\n<\/ul>\n<p><strong>Bedienungsanleitungen<\/strong><\/p>\n<ul>\n<li><a href=\"https:\/\/metacon-next.com\/de\/wp-content\/uploads\/sites\/4\/2024\/11\/Benutzerhandbuch-Metacon-Next-OHD-C-EI1-60-EI2-90-EW-90.pdf\" target=\"_blank\" rel=\"noopener\">Benutzerhandbuch Metacon-Next OHD-C EI(1) 60 &#8211; EI(2) 90 &#8211; EW 90<\/a><\/li>\n<li><a href=\"https:\/\/metacon-next.com\/de\/wp-content\/uploads\/sites\/4\/2025\/06\/Anleitung-FS-Control-400V-DE.pdf\" target=\"_blank\" rel=\"noopener\">Anleitung FS Control 400V<\/a><\/li>\n<li><a href=\"https:\/\/metacon-next.com\/de\/wp-content\/uploads\/sites\/4\/2025\/06\/Quick-Start-FS-Control-400V-DE.pdf\" target=\"_blank\" rel=\"noopener\">Quick Start FS Control 400V<\/a><\/li>\n<li><a href=\"https:\/\/metacon-next.com\/wp-content\/uploads\/2025\/10\/Quick-Start-UPS-FS-Control-400V.pdf\" target=\"_blank\" rel=\"noopener\">Quick Start UPS FS Control 400V<\/a><\/li>\n<li><a href=\"https:\/\/metacon-next.com\/de\/wp-content\/uploads\/sites\/4\/2025\/04\/User-manual-control-box-FireRoll-V1-230V.pdf\">User manual control box FireRoll V1 (230V)<\/a><\/li>\n<\/ul>\n<\/div><\/div><\/div><\/div><\/div><\/div><\/div><\/section>\n<\/div><\/div><\/div><div class=\"vc_col-sm-4 wpb_column vc_column_container\"><div class=\"vc_column-inner\"><div class=\"wpb_wrapper\"><div class=\"w-slider style_none fit_contain nav_dots count_14\"><div class=\"w-slider-h\" aria-hidden=\"true\"><div class=\"royalSlider\"><div class=\"rsContent\"><a class=\"rsImg\" data-rsw=\"600\" data-rsh=\"600\" data-rsBigImg=\"https:\/\/metacon-next.com\/de\/wp-content\/uploads\/sites\/4\/2022\/04\/11.-Photo-OHD-C-EI1-60-EI2-90-EW-90.jpg\" href=\"https:\/\/metacon-next.com\/de\/wp-content\/uploads\/sites\/4\/2022\/04\/11.-Photo-OHD-C-EI1-60-EI2-90-EW-90-600x600.jpg\"><span data-alt=\"\"><\/span><\/a><\/div><div class=\"rsContent\"><a class=\"rsImg\" data-rsw=\"600\" data-rsh=\"600\" data-rsBigImg=\"https:\/\/metacon-next.com\/de\/wp-content\/uploads\/sites\/4\/2022\/04\/12.-Photo-OHD-C-EI1-60-EI2-90-EW-90.jpg\" href=\"https:\/\/metacon-next.com\/de\/wp-content\/uploads\/sites\/4\/2022\/04\/12.-Photo-OHD-C-EI1-60-EI2-90-EW-90-600x600.jpg\"><span data-alt=\"\"><\/span><\/a><\/div><div class=\"rsContent\"><a class=\"rsImg\" data-rsw=\"600\" data-rsh=\"600\" data-rsBigImg=\"https:\/\/metacon-next.com\/de\/wp-content\/uploads\/sites\/4\/2022\/04\/13.-Photo-OHD-C-EI1-60-EI2-90-EW-90-rotated.jpg\" href=\"https:\/\/metacon-next.com\/de\/wp-content\/uploads\/sites\/4\/2022\/04\/13.-Photo-OHD-C-EI1-60-EI2-90-EW-90-600x600.jpg\"><span data-alt=\"\"><\/span><\/a><\/div><div class=\"rsContent\"><a class=\"rsImg\" data-rsw=\"600\" data-rsh=\"600\" data-rsBigImg=\"https:\/\/metacon-next.com\/de\/wp-content\/uploads\/sites\/4\/2022\/04\/14.-Photo-OHD-C-EI1-60-EI2-90-EW-90.jpg\" href=\"https:\/\/metacon-next.com\/de\/wp-content\/uploads\/sites\/4\/2022\/04\/14.-Photo-OHD-C-EI1-60-EI2-90-EW-90-600x600.jpg\"><span data-alt=\"\"><\/span><\/a><\/div><div class=\"rsContent\"><a class=\"rsImg\" data-rsw=\"600\" data-rsh=\"600\" data-rsBigImg=\"https:\/\/metacon-next.com\/de\/wp-content\/uploads\/sites\/4\/2022\/04\/15.-Photo-OHD-C-EI1-60-EI2-90-EW-90-rotated.jpg\" href=\"https:\/\/metacon-next.com\/de\/wp-content\/uploads\/sites\/4\/2022\/04\/15.-Photo-OHD-C-EI1-60-EI2-90-EW-90-600x600.jpg\"><span data-alt=\"\"><\/span><\/a><\/div><div class=\"rsContent\"><a class=\"rsImg\" data-rsw=\"600\" data-rsh=\"600\" data-rsBigImg=\"https:\/\/metacon-next.com\/de\/wp-content\/uploads\/sites\/4\/2022\/04\/16.-Photo-OHD-C-EI1-60-EI2-90-EW-90-rotated.jpg\" href=\"https:\/\/metacon-next.com\/de\/wp-content\/uploads\/sites\/4\/2022\/04\/16.-Photo-OHD-C-EI1-60-EI2-90-EW-90-600x600.jpg\"><span data-alt=\"\"><\/span><\/a><\/div><div class=\"rsContent\"><a class=\"rsImg\" data-rsw=\"600\" data-rsh=\"600\" data-rsBigImg=\"https:\/\/metacon-next.com\/de\/wp-content\/uploads\/sites\/4\/2022\/04\/17.-Photo-OHD-C-EI1-60-EI2-90-EW-90.jpg\" href=\"https:\/\/metacon-next.com\/de\/wp-content\/uploads\/sites\/4\/2022\/04\/17.-Photo-OHD-C-EI1-60-EI2-90-EW-90-600x600.jpg\"><span data-alt=\"\"><\/span><\/a><\/div><div class=\"rsContent\"><a class=\"rsImg\" data-rsw=\"600\" data-rsh=\"600\" data-rsBigImg=\"https:\/\/metacon-next.com\/de\/wp-content\/uploads\/sites\/4\/2022\/04\/18.-Photo-OHD-C-EI1-60-EI2-90-EW-90.jpg\" href=\"https:\/\/metacon-next.com\/de\/wp-content\/uploads\/sites\/4\/2022\/04\/18.-Photo-OHD-C-EI1-60-EI2-90-EW-90-600x600.jpg\"><span data-alt=\"\"><\/span><\/a><\/div><div class=\"rsContent\"><a class=\"rsImg\" data-rsw=\"600\" data-rsh=\"600\" data-rsBigImg=\"https:\/\/metacon-next.com\/de\/wp-content\/uploads\/sites\/4\/2022\/04\/19.-Photo-OHD-C-EI1-60-EI2-90-EW-90.jpg\" href=\"https:\/\/metacon-next.com\/de\/wp-content\/uploads\/sites\/4\/2022\/04\/19.-Photo-OHD-C-EI1-60-EI2-90-EW-90-600x600.jpg\"><span data-alt=\"\"><\/span><\/a><\/div><div class=\"rsContent\"><a class=\"rsImg\" data-rsw=\"600\" data-rsh=\"600\" data-rsBigImg=\"https:\/\/metacon-next.com\/de\/wp-content\/uploads\/sites\/4\/2022\/04\/20.-Photo-OHD-C-EI1-60-EI2-90-EW-90.jpg\" href=\"https:\/\/metacon-next.com\/de\/wp-content\/uploads\/sites\/4\/2022\/04\/20.-Photo-OHD-C-EI1-60-EI2-90-EW-90-600x600.jpg\"><span data-alt=\"\"><\/span><\/a><\/div><div class=\"rsContent\"><a class=\"rsImg\" data-rsw=\"600\" data-rsh=\"600\" data-rsBigImg=\"https:\/\/metacon-next.com\/de\/wp-content\/uploads\/sites\/4\/2022\/04\/21.-Photo-OHD-C-EI1-60-EI2-90-EW-90.jpg\" href=\"https:\/\/metacon-next.com\/de\/wp-content\/uploads\/sites\/4\/2022\/04\/21.-Photo-OHD-C-EI1-60-EI2-90-EW-90-600x600.jpg\"><span data-alt=\"\"><\/span><\/a><\/div><div class=\"rsContent\"><a class=\"rsImg\" data-rsw=\"562\" data-rsh=\"600\" data-rsBigImg=\"https:\/\/metacon-next.com\/de\/wp-content\/uploads\/sites\/4\/2022\/04\/22.-Photo-OHD-C-EI1-60-EI2-90-EW-90.jpg\" href=\"https:\/\/metacon-next.com\/de\/wp-content\/uploads\/sites\/4\/2022\/04\/22.-Photo-OHD-C-EI1-60-EI2-90-EW-90-562x600.jpg\"><span data-alt=\"\"><\/span><\/a><\/div><div class=\"rsContent\"><a class=\"rsImg\" data-rsw=\"600\" data-rsh=\"600\" data-rsBigImg=\"https:\/\/metacon-next.com\/de\/wp-content\/uploads\/sites\/4\/2022\/04\/23.-Photo-OHD-C-EI1-60-EI2-90-EW-90.jpg\" href=\"https:\/\/metacon-next.com\/de\/wp-content\/uploads\/sites\/4\/2022\/04\/23.-Photo-OHD-C-EI1-60-EI2-90-EW-90-600x600.jpg\"><span data-alt=\"\"><\/span><\/a><\/div><div class=\"rsContent\"><a class=\"rsImg\" data-rsw=\"600\" data-rsh=\"560\" data-rsBigImg=\"https:\/\/metacon-next.com\/de\/wp-content\/uploads\/sites\/4\/2022\/04\/24.-Photo-OHD-C-EI1-60-EI2-90-EW-90.jpg\" href=\"https:\/\/metacon-next.com\/de\/wp-content\/uploads\/sites\/4\/2022\/04\/24.-Photo-OHD-C-EI1-60-EI2-90-EW-90-600x560.jpg\"><span data-alt=\"\"><\/span><\/a><\/div><\/div><img decoding=\"async\" src=\"https:\/\/metacon-next.com\/de\/wp-content\/uploads\/sites\/4\/2022\/04\/11.-Photo-OHD-C-EI1-60-EI2-90-EW-90-600x600.jpg\" width=\"600\" height=\"600\" alt loading=\"lazy\"><\/div><div class=\"w-slider-json\" onclick='return {&quot;autoScaleSlider&quot;:true,&quot;addActiveClass&quot;:true,&quot;loop&quot;:true,&quot;fadeInLoadedSlide&quot;:false,&quot;slidesSpacing&quot;:0,&quot;imageScalePadding&quot;:0,&quot;numImagesToPreload&quot;:2,&quot;arrowsNav&quot;:true,&quot;arrowsNavAutoHide&quot;:true,&quot;transitionType&quot;:&quot;move&quot;,&quot;transitionSpeed&quot;:250,&quot;block&quot;:{&quot;moveEffect&quot;:&quot;none&quot;,&quot;speed&quot;:300},&quot;thumbs&quot;:{&quot;fitInViewport&quot;:false,&quot;firstMargin&quot;:false,&quot;spacing&quot;:4},&quot;controlNavigation&quot;:&quot;bullets&quot;,&quot;autoplay&quot;:{&quot;enabled&quot;:true,&quot;pauseOnHover&quot;:true,&quot;delay&quot;:3000},&quot;fullscreen&quot;:{&quot;enabled&quot;:true},&quot;autoScaleSliderWidth&quot;:600,&quot;autoScaleSliderHeight&quot;:600}'><\/div><\/div><div class=\"w-separator size_small\"><\/div><div class=\"wpb_widgetised_column wpb_content_element\"><div class=\"wpb_wrapper\"><div id=\"nav_menu-4\" class=\"widget widget_nav_menu\"><h3 class=\"widgettitle\">Produkte<\/h3><div class=\"menu-producten-container\"><ul id=\"menu-producten\" class=\"menu\"><li id=\"menu-item-24830\" class=\"menu-item menu-item-type-post_type menu-item-object-page menu-item-24830\"><a href=\"https:\/\/metacon-next.com\/de\/produkte\/feuerschutz-sektionaltore\/\">Feuerschutz Sektionaltore<\/a><\/li>\n<li id=\"menu-item-24836\" class=\"menu-item menu-item-type-post_type menu-item-object-page menu-item-24836\"><a href=\"https:\/\/metacon-next.com\/de\/produkte\/stahldichte-rolllaeden\/\">Stahldichte Rolll\u00e4den<\/a><\/li>\n<li id=\"menu-item-25077\" class=\"menu-item menu-item-type-post_type menu-item-object-page menu-item-25077\"><a href=\"https:\/\/metacon-next.com\/de\/produkte\/transparente-rolllaeden\/\">Transparente Rolll\u00e4den<\/a><\/li>\n<li id=\"menu-item-24835\" class=\"menu-item menu-item-type-post_type menu-item-object-page menu-item-24835\"><a href=\"https:\/\/metacon-next.com\/de\/produkte\/rollgitter\/\">Rollgitter<\/a><\/li>\n<li id=\"menu-item-25075\" class=\"menu-item menu-item-type-post_type menu-item-object-page menu-item-25075\"><a href=\"https:\/\/metacon-next.com\/de\/produkte\/fensterrollgitter\/\">Fensterrollgitter<\/a><\/li>\n<li id=\"menu-item-25078\" class=\"menu-item menu-item-type-post_type menu-item-object-page menu-item-25078\"><a href=\"https:\/\/metacon-next.com\/de\/produkte\/isolierte-rolllaeden\/\">Isolierte Rolll\u00e4den<\/a><\/li>\n<\/ul><\/div><\/div><\/div><\/div><\/div><\/div><\/div><\/div><\/div><\/div><\/div><\/div><\/div><\/section>\n","protected":false},"excerpt":{"rendered":"OHD-C EI(1) 60 \/ EI(2) 90 \/ EW 90 Zertifizierung Gepr\u00fcft nach EN 1634-1 (Feuer; EI160, EI290, EW 90) und EN 1634-3 (Rauch; Sa4) Klassifiziert nach EN 13501-2 und EN 13501-1 Validierter Zyklustest nach C3 (&gt; 50.000 Zyklen) CE-Kennzeichnung gem\u00e4\u00df EN 13241 und EN 16034 (N\u00b0 1812-CPR-1787) Anwendung Geeignet f\u00fcr Innen\/Innen und Innen\/Au\u00dfen Situationen Geeignet...","protected":false},"author":1,"featured_media":25128,"parent":23580,"menu_order":200,"comment_status":"closed","ping_status":"closed","template":"","meta":{"footnotes":""},"class_list":["post-23743","page","type-page","status-publish","has-post-thumbnail","hentry"],"yoast_head":"<!-- This site is optimized with the Yoast SEO plugin v27.4 - https:\/\/yoast.com\/product\/yoast-seo-wordpress\/ -->\n<title>Feuerschutz Sektionaltore | Metacon Next<\/title>\n<meta name=\"description\" content=\"Entdecken Sie Feuerschutz Sektionaltore von Metacon Next f\u00fcr industrielle und kritische Anwendungen mit Fokus auf Sicherheit.\" \/>\n<meta name=\"robots\" content=\"index, follow, max-snippet:-1, max-image-preview:large, max-video-preview:-1\" \/>\n<link rel=\"canonical\" href=\"https:\/\/metacon-next.com\/de\/produkte\/feuerschutz-sektionaltore\/\" \/>\n<meta property=\"og:locale\" content=\"de_DE\" \/>\n<meta property=\"og:type\" content=\"article\" \/>\n<meta property=\"og:title\" content=\"Feuerschutz Sektionaltore | Metacon Next\" \/>\n<meta property=\"og:description\" content=\"Entdecken Sie Feuerschutz Sektionaltore von Metacon Next f\u00fcr industrielle und kritische Anwendungen mit Fokus auf Sicherheit.\" \/>\n<meta property=\"og:url\" content=\"https:\/\/metacon-next.com\/de\/produkte\/feuerschutz-sektionaltore\/\" \/>\n<meta property=\"og:site_name\" content=\"Metacon-Next\" \/>\n<meta property=\"article:modified_time\" content=\"2025-12-17T13:06:07+00:00\" \/>\n<meta property=\"og:image\" content=\"https:\/\/metacon-next.com\/de\/wp-content\/uploads\/sites\/4\/2021\/11\/brandwerende-overheaddeuren-metacon-next.jpeg\" \/>\n\t<meta property=\"og:image:width\" content=\"875\" \/>\n\t<meta property=\"og:image:height\" content=\"875\" \/>\n\t<meta property=\"og:image:type\" content=\"image\/jpeg\" \/>\n<meta name=\"twitter:card\" content=\"summary_large_image\" \/>\n<meta name=\"twitter:label1\" content=\"Gesch\u00e4tzte Lesezeit\" \/>\n\t<meta name=\"twitter:data1\" content=\"2\u00a0Minuten\" \/>\n<script type=\"application\/ld+json\" class=\"yoast-schema-graph\">{\"@context\":\"https:\\\/\\\/schema.org\",\"@graph\":[{\"@type\":\"WebPage\",\"@id\":\"https:\\\/\\\/metacon-next.com\\\/de\\\/produkte\\\/feuerschutz-sektionaltore\\\/\",\"url\":\"https:\\\/\\\/metacon-next.com\\\/de\\\/produkte\\\/feuerschutz-sektionaltore\\\/\",\"name\":\"Feuerschutz Sektionaltore | Metacon Next\",\"isPartOf\":{\"@id\":\"https:\\\/\\\/metacon-next.com\\\/de\\\/#website\"},\"primaryImageOfPage\":{\"@id\":\"https:\\\/\\\/metacon-next.com\\\/de\\\/produkte\\\/feuerschutz-sektionaltore\\\/#primaryimage\"},\"image\":{\"@id\":\"https:\\\/\\\/metacon-next.com\\\/de\\\/produkte\\\/feuerschutz-sektionaltore\\\/#primaryimage\"},\"thumbnailUrl\":\"https:\\\/\\\/metacon-next.com\\\/de\\\/wp-content\\\/uploads\\\/sites\\\/4\\\/2021\\\/11\\\/brandwerende-overheaddeuren-metacon-next.jpeg\",\"datePublished\":\"2019-11-05T08:19:27+00:00\",\"dateModified\":\"2025-12-17T13:06:07+00:00\",\"description\":\"Entdecken Sie Feuerschutz Sektionaltore von Metacon Next f\u00fcr industrielle und kritische Anwendungen mit Fokus auf Sicherheit.\",\"breadcrumb\":{\"@id\":\"https:\\\/\\\/metacon-next.com\\\/de\\\/produkte\\\/feuerschutz-sektionaltore\\\/#breadcrumb\"},\"inLanguage\":\"de\",\"potentialAction\":[{\"@type\":\"ReadAction\",\"target\":[\"https:\\\/\\\/metacon-next.com\\\/de\\\/produkte\\\/feuerschutz-sektionaltore\\\/\"]}]},{\"@type\":\"ImageObject\",\"inLanguage\":\"de\",\"@id\":\"https:\\\/\\\/metacon-next.com\\\/de\\\/produkte\\\/feuerschutz-sektionaltore\\\/#primaryimage\",\"url\":\"https:\\\/\\\/metacon-next.com\\\/de\\\/wp-content\\\/uploads\\\/sites\\\/4\\\/2021\\\/11\\\/brandwerende-overheaddeuren-metacon-next.jpeg\",\"contentUrl\":\"https:\\\/\\\/metacon-next.com\\\/de\\\/wp-content\\\/uploads\\\/sites\\\/4\\\/2021\\\/11\\\/brandwerende-overheaddeuren-metacon-next.jpeg\",\"width\":875,\"height\":875},{\"@type\":\"BreadcrumbList\",\"@id\":\"https:\\\/\\\/metacon-next.com\\\/de\\\/produkte\\\/feuerschutz-sektionaltore\\\/#breadcrumb\",\"itemListElement\":[{\"@type\":\"ListItem\",\"position\":1,\"name\":\"Startseite\",\"item\":\"https:\\\/\\\/metacon-next.com\\\/de\\\/\"},{\"@type\":\"ListItem\",\"position\":2,\"name\":\"Produkte\",\"item\":\"https:\\\/\\\/metacon-next.com\\\/de\\\/produkte\\\/\"},{\"@type\":\"ListItem\",\"position\":3,\"name\":\"Feuerschutz Sektionaltore\"}]},{\"@type\":\"WebSite\",\"@id\":\"https:\\\/\\\/metacon-next.com\\\/de\\\/#website\",\"url\":\"https:\\\/\\\/metacon-next.com\\\/de\\\/\",\"name\":\"Metacon-Next\",\"description\":\"\",\"publisher\":{\"@id\":\"https:\\\/\\\/metacon-next.com\\\/de\\\/#organization\"},\"potentialAction\":[{\"@type\":\"SearchAction\",\"target\":{\"@type\":\"EntryPoint\",\"urlTemplate\":\"https:\\\/\\\/metacon-next.com\\\/de\\\/?s={search_term_string}\"},\"query-input\":{\"@type\":\"PropertyValueSpecification\",\"valueRequired\":true,\"valueName\":\"search_term_string\"}}],\"inLanguage\":\"de\"},{\"@type\":\"Organization\",\"@id\":\"https:\\\/\\\/metacon-next.com\\\/de\\\/#organization\",\"name\":\"Metacon-Next\",\"url\":\"https:\\\/\\\/metacon-next.com\\\/de\\\/\",\"logo\":{\"@type\":\"ImageObject\",\"inLanguage\":\"de\",\"@id\":\"https:\\\/\\\/metacon-next.com\\\/de\\\/#\\\/schema\\\/logo\\\/image\\\/\",\"url\":\"https:\\\/\\\/metacon-next.com\\\/de\\\/wp-content\\\/uploads\\\/sites\\\/4\\\/2021\\\/01\\\/metacon_next_logo.png\",\"contentUrl\":\"https:\\\/\\\/metacon-next.com\\\/de\\\/wp-content\\\/uploads\\\/sites\\\/4\\\/2021\\\/01\\\/metacon_next_logo.png\",\"width\":1111,\"height\":300,\"caption\":\"Metacon-Next\"},\"image\":{\"@id\":\"https:\\\/\\\/metacon-next.com\\\/de\\\/#\\\/schema\\\/logo\\\/image\\\/\"}}]}<\/script>\n<!-- \/ Yoast SEO plugin. -->","yoast_head_json":{"title":"Feuerschutz Sektionaltore | Metacon Next","description":"Entdecken Sie Feuerschutz Sektionaltore von Metacon Next f\u00fcr industrielle und kritische Anwendungen mit Fokus auf Sicherheit.","robots":{"index":"index","follow":"follow","max-snippet":"max-snippet:-1","max-image-preview":"max-image-preview:large","max-video-preview":"max-video-preview:-1"},"canonical":"https:\/\/metacon-next.com\/de\/produkte\/feuerschutz-sektionaltore\/","og_locale":"de_DE","og_type":"article","og_title":"Feuerschutz Sektionaltore | Metacon Next","og_description":"Entdecken Sie Feuerschutz Sektionaltore von Metacon Next f\u00fcr industrielle und kritische Anwendungen mit Fokus auf Sicherheit.","og_url":"https:\/\/metacon-next.com\/de\/produkte\/feuerschutz-sektionaltore\/","og_site_name":"Metacon-Next","article_modified_time":"2025-12-17T13:06:07+00:00","og_image":[{"width":875,"height":875,"url":"https:\/\/metacon-next.com\/de\/wp-content\/uploads\/sites\/4\/2021\/11\/brandwerende-overheaddeuren-metacon-next.jpeg","type":"image\/jpeg"}],"twitter_card":"summary_large_image","twitter_misc":{"Gesch\u00e4tzte Lesezeit":"2\u00a0Minuten"},"schema":{"@context":"https:\/\/schema.org","@graph":[{"@type":"WebPage","@id":"https:\/\/metacon-next.com\/de\/produkte\/feuerschutz-sektionaltore\/","url":"https:\/\/metacon-next.com\/de\/produkte\/feuerschutz-sektionaltore\/","name":"Feuerschutz Sektionaltore | Metacon Next","isPartOf":{"@id":"https:\/\/metacon-next.com\/de\/#website"},"primaryImageOfPage":{"@id":"https:\/\/metacon-next.com\/de\/produkte\/feuerschutz-sektionaltore\/#primaryimage"},"image":{"@id":"https:\/\/metacon-next.com\/de\/produkte\/feuerschutz-sektionaltore\/#primaryimage"},"thumbnailUrl":"https:\/\/metacon-next.com\/de\/wp-content\/uploads\/sites\/4\/2021\/11\/brandwerende-overheaddeuren-metacon-next.jpeg","datePublished":"2019-11-05T08:19:27+00:00","dateModified":"2025-12-17T13:06:07+00:00","description":"Entdecken Sie Feuerschutz Sektionaltore von Metacon Next f\u00fcr industrielle und kritische Anwendungen mit Fokus auf Sicherheit.","breadcrumb":{"@id":"https:\/\/metacon-next.com\/de\/produkte\/feuerschutz-sektionaltore\/#breadcrumb"},"inLanguage":"de","potentialAction":[{"@type":"ReadAction","target":["https:\/\/metacon-next.com\/de\/produkte\/feuerschutz-sektionaltore\/"]}]},{"@type":"ImageObject","inLanguage":"de","@id":"https:\/\/metacon-next.com\/de\/produkte\/feuerschutz-sektionaltore\/#primaryimage","url":"https:\/\/metacon-next.com\/de\/wp-content\/uploads\/sites\/4\/2021\/11\/brandwerende-overheaddeuren-metacon-next.jpeg","contentUrl":"https:\/\/metacon-next.com\/de\/wp-content\/uploads\/sites\/4\/2021\/11\/brandwerende-overheaddeuren-metacon-next.jpeg","width":875,"height":875},{"@type":"BreadcrumbList","@id":"https:\/\/metacon-next.com\/de\/produkte\/feuerschutz-sektionaltore\/#breadcrumb","itemListElement":[{"@type":"ListItem","position":1,"name":"Startseite","item":"https:\/\/metacon-next.com\/de\/"},{"@type":"ListItem","position":2,"name":"Produkte","item":"https:\/\/metacon-next.com\/de\/produkte\/"},{"@type":"ListItem","position":3,"name":"Feuerschutz Sektionaltore"}]},{"@type":"WebSite","@id":"https:\/\/metacon-next.com\/de\/#website","url":"https:\/\/metacon-next.com\/de\/","name":"Metacon-Next","description":"","publisher":{"@id":"https:\/\/metacon-next.com\/de\/#organization"},"potentialAction":[{"@type":"SearchAction","target":{"@type":"EntryPoint","urlTemplate":"https:\/\/metacon-next.com\/de\/?s={search_term_string}"},"query-input":{"@type":"PropertyValueSpecification","valueRequired":true,"valueName":"search_term_string"}}],"inLanguage":"de"},{"@type":"Organization","@id":"https:\/\/metacon-next.com\/de\/#organization","name":"Metacon-Next","url":"https:\/\/metacon-next.com\/de\/","logo":{"@type":"ImageObject","inLanguage":"de","@id":"https:\/\/metacon-next.com\/de\/#\/schema\/logo\/image\/","url":"https:\/\/metacon-next.com\/de\/wp-content\/uploads\/sites\/4\/2021\/01\/metacon_next_logo.png","contentUrl":"https:\/\/metacon-next.com\/de\/wp-content\/uploads\/sites\/4\/2021\/01\/metacon_next_logo.png","width":1111,"height":300,"caption":"Metacon-Next"},"image":{"@id":"https:\/\/metacon-next.com\/de\/#\/schema\/logo\/image\/"}}]}},"_links":{"self":[{"href":"https:\/\/metacon-next.com\/de\/wp-json\/wp\/v2\/pages\/23743","targetHints":{"allow":["GET"]}}],"collection":[{"href":"https:\/\/metacon-next.com\/de\/wp-json\/wp\/v2\/pages"}],"about":[{"href":"https:\/\/metacon-next.com\/de\/wp-json\/wp\/v2\/types\/page"}],"author":[{"embeddable":true,"href":"https:\/\/metacon-next.com\/de\/wp-json\/wp\/v2\/users\/1"}],"replies":[{"embeddable":true,"href":"https:\/\/metacon-next.com\/de\/wp-json\/wp\/v2\/comments?post=23743"}],"version-history":[{"count":27,"href":"https:\/\/metacon-next.com\/de\/wp-json\/wp\/v2\/pages\/23743\/revisions"}],"predecessor-version":[{"id":25522,"href":"https:\/\/metacon-next.com\/de\/wp-json\/wp\/v2\/pages\/23743\/revisions\/25522"}],"up":[{"embeddable":true,"href":"https:\/\/metacon-next.com\/de\/wp-json\/wp\/v2\/pages\/23580"}],"wp:featuredmedia":[{"embeddable":true,"href":"https:\/\/metacon-next.com\/de\/wp-json\/wp\/v2\/media\/25128"}],"wp:attachment":[{"href":"https:\/\/metacon-next.com\/de\/wp-json\/wp\/v2\/media?parent=23743"}],"curies":[{"name":"wp","href":"https:\/\/api.w.org\/{rel}","templated":true}]}}