{"id":24490,"date":"2020-05-01T16:16:57","date_gmt":"2020-05-01T14:16:57","guid":{"rendered":"https:\/\/metacon-next.com\/?page_id=24490"},"modified":"2025-12-17T14:04:32","modified_gmt":"2025-12-17T13:04:32","slug":"feuer-bestandig","status":"publish","type":"page","link":"https:\/\/metacon-next.com\/de\/feuer-bestandig\/","title":{"rendered":"Feuer best\u00e4ndig"},"content":{"rendered":"<section class=\"l-section wpb_row height_small\"><div class=\"l-section-h i-cf\"><div class=\"g-cols vc_row via_flex valign_top type_default stacking_default\"><div class=\"vc_col-sm-12 wpb_column vc_column_container\"><div class=\"vc_column-inner\"><div class=\"wpb_wrapper\"><div class=\"wpb_text_column\"><div class=\"wpb_wrapper\"><\/div><\/div><div class=\"w-separator size_medium\"><\/div><div class=\"w-grid us_grid type_masonry layout_blog_1 cols_3 preload_style_spinner with_isotope ratio_1x1\" id=\"us_grid_1\" style=\"--columns:3;--gap:1.5rem;--item-ratio:1;\"><style>@media (max-width:1024px){#us_grid_1{--columns:2!important}}@media (max-width:600px){#us_grid_1{--columns:1!important}}.layout_blog_1 .w-grid-item-h{}.layout_blog_1 .usg_post_image_1{margin-bottom:0.5rem!important}.layout_blog_1 .usg_post_title_1{font-size:1rem!important}<\/style><div class=\"w-grid-list\">\t<article class=\"w-grid-item size_1x1 post-23743 page type-page status-publish has-post-thumbnail hentry\" data-id=\"23743\">\r\n\t\t<div class=\"w-grid-item-h\">\r\n\t\t\t\t\t\t<div class=\"w-post-elm post_image usg_post_image_1 stretched\"><a href=\"https:\/\/metacon-next.com\/de\/produkte\/feuerschutz-sektionaltore\/\" aria-label=\"Feuerschutz Sektionaltore\"><img loading=\"lazy\" decoding=\"async\" width=\"600\" height=\"600\" src=\"https:\/\/metacon-next.com\/de\/wp-content\/uploads\/sites\/4\/2021\/11\/brandwerende-overheaddeuren-metacon-next-600x600.jpeg\" class=\"attachment-us_600_600_crop size-us_600_600_crop wp-post-image\" alt=\"\" srcset=\"https:\/\/metacon-next.com\/de\/wp-content\/uploads\/sites\/4\/2021\/11\/brandwerende-overheaddeuren-metacon-next-600x600.jpeg 600w, https:\/\/metacon-next.com\/de\/wp-content\/uploads\/sites\/4\/2021\/11\/brandwerende-overheaddeuren-metacon-next-150x150.jpeg 150w, https:\/\/metacon-next.com\/de\/wp-content\/uploads\/sites\/4\/2021\/11\/brandwerende-overheaddeuren-metacon-next.jpeg 875w\" sizes=\"auto, (max-width: 600px) 100vw, 600px\" \/><\/a><\/div><h2 class=\"w-post-elm post_title usg_post_title_1 entry-title color_link_inherit\"><a href=\"https:\/\/metacon-next.com\/de\/produkte\/feuerschutz-sektionaltore\/\">Feuerschutz Sektionaltore<\/a><\/h2>\t\t<\/div>\r\n\t\t\t<\/article>\r\n<\/div>\t<div class=\"w-grid-preloader\">\r\n\t\t<div class=\"g-preloader type_1\">\r\n\t\t\t<div><\/div>\r\n\t\t<\/div>\r\n\t<\/div>\r\n\t\t<div class=\"w-grid-json hidden\" onclick='return {&quot;action&quot;:&quot;us_ajax_grid&quot;,&quot;infinite_scroll&quot;:0,&quot;max_num_pages&quot;:1,&quot;pagination&quot;:&quot;none&quot;,&quot;template_vars&quot;:{&quot;columns&quot;:&quot;3&quot;,&quot;exclude_items&quot;:&quot;none&quot;,&quot;img_size&quot;:&quot;us_600_600_crop&quot;,&quot;ignore_items_size&quot;:0,&quot;items_layout&quot;:&quot;blog_1&quot;,&quot;items_offset&quot;:&quot;1&quot;,&quot;load_animation&quot;:&quot;none&quot;,&quot;overriding_link&quot;:&quot;{\\&quot;url\\&quot;:\\&quot;\\&quot;}&quot;,&quot;post_id&quot;:0,&quot;query_args&quot;:{&quot;ignore_sticky_posts&quot;:1,&quot;post_type&quot;:&quot;any&quot;,&quot;post__in&quot;:[&quot;23674&quot;,&quot;23743&quot;,&quot;23741&quot;,&quot;23746&quot;,&quot;23750&quot;,&quot;25325&quot;],&quot;posts_per_page&quot;:&quot;100&quot;},&quot;orderby_query_args&quot;:{&quot;orderby&quot;:{&quot;menu_order&quot;:&quot;ASC&quot;},&quot;order&quot;:&quot;ASC&quot;},&quot;type&quot;:&quot;masonry&quot;,&quot;us_grid_post_type&quot;:&quot;ids&quot;,&quot;us_grid_ajax_index&quot;:1,&quot;us_grid_filter_query_string&quot;:null,&quot;us_grid_index&quot;:1,&quot;page_args&quot;:[]}}'><\/div>\r\n\t<\/div><\/div><\/div><\/div><\/div><\/div><\/section>\n","protected":false},"excerpt":{"rendered":"OHD-C EI(1) 60 \/ EI(2) 90 \/ EW 90 Zertifizierung Gepr\u00fcft nach EN 1634-1 (Feuer; EI160, EI290, EW 90) und EN 1634-3 (Rauch; Sa4) Klassifiziert nach EN 13501-2 und EN 13501-1 Validierter Zyklustest nach C3 (&gt; 50.000 Zyklen) CE-Kennzeichnung gem\u00e4\u00df EN 13241 und EN 16034 (N\u00b0 1812-CPR-1787) Anwendung Geeignet f\u00fcr Innen\/Innen und Innen\/Au\u00dfen Situationen Geeignet...","protected":false},"author":1,"featured_media":0,"parent":0,"menu_order":0,"comment_status":"closed","ping_status":"closed","template":"","meta":{"footnotes":""},"class_list":["post-24490","page","type-page","status-publish","hentry"],"yoast_head":"<!-- This site is optimized with the Yoast SEO plugin v27.3 - https:\/\/yoast.com\/product\/yoast-seo-wordpress\/ -->\n<title>Feuerbest\u00e4ndige T\u00fcren und L\u00f6sungen | Metacon Next<\/title>\n<meta name=\"description\" content=\"Entdecken Sie feuerbest\u00e4ndige T\u00fcren und L\u00f6sungen von Metacon Next f\u00fcr industrielle und kritische Anwendungen.\" \/>\n<meta name=\"robots\" content=\"index, follow, max-snippet:-1, max-image-preview:large, max-video-preview:-1\" \/>\n<link rel=\"canonical\" href=\"https:\/\/metacon-next.com\/de\/feuer-bestandig\/\" \/>\n<meta property=\"og:locale\" content=\"de_DE\" \/>\n<meta property=\"og:type\" content=\"article\" \/>\n<meta property=\"og:title\" content=\"Feuerbest\u00e4ndige T\u00fcren und L\u00f6sungen | Metacon Next\" \/>\n<meta property=\"og:description\" content=\"Entdecken Sie feuerbest\u00e4ndige T\u00fcren und L\u00f6sungen von Metacon Next f\u00fcr industrielle und kritische Anwendungen.\" \/>\n<meta property=\"og:url\" content=\"https:\/\/metacon-next.com\/de\/feuer-bestandig\/\" \/>\n<meta property=\"og:site_name\" content=\"Metacon-Next\" \/>\n<meta property=\"article:modified_time\" content=\"2025-12-17T13:04:32+00:00\" \/>\n<meta name=\"twitter:card\" content=\"summary_large_image\" \/>\n<meta name=\"twitter:label1\" content=\"Gesch\u00e4tzte Lesezeit\" \/>\n\t<meta name=\"twitter:data1\" content=\"1\u00a0Minute\" \/>\n<script type=\"application\/ld+json\" class=\"yoast-schema-graph\">{\"@context\":\"https:\\\/\\\/schema.org\",\"@graph\":[{\"@type\":\"WebPage\",\"@id\":\"https:\\\/\\\/metacon-next.com\\\/de\\\/feuer-bestandig\\\/\",\"url\":\"https:\\\/\\\/metacon-next.com\\\/de\\\/feuer-bestandig\\\/\",\"name\":\"Feuerbest\u00e4ndige T\u00fcren und L\u00f6sungen | Metacon Next\",\"isPartOf\":{\"@id\":\"https:\\\/\\\/metacon-next.com\\\/de\\\/#website\"},\"datePublished\":\"2020-05-01T14:16:57+00:00\",\"dateModified\":\"2025-12-17T13:04:32+00:00\",\"description\":\"Entdecken Sie feuerbest\u00e4ndige T\u00fcren und L\u00f6sungen von Metacon Next f\u00fcr industrielle und kritische Anwendungen.\",\"breadcrumb\":{\"@id\":\"https:\\\/\\\/metacon-next.com\\\/de\\\/feuer-bestandig\\\/#breadcrumb\"},\"inLanguage\":\"de\",\"potentialAction\":[{\"@type\":\"ReadAction\",\"target\":[\"https:\\\/\\\/metacon-next.com\\\/de\\\/feuer-bestandig\\\/\"]}]},{\"@type\":\"BreadcrumbList\",\"@id\":\"https:\\\/\\\/metacon-next.com\\\/de\\\/feuer-bestandig\\\/#breadcrumb\",\"itemListElement\":[{\"@type\":\"ListItem\",\"position\":1,\"name\":\"Startseite\",\"item\":\"https:\\\/\\\/metacon-next.com\\\/de\\\/\"},{\"@type\":\"ListItem\",\"position\":2,\"name\":\"Feuer best\u00e4ndig\"}]},{\"@type\":\"WebSite\",\"@id\":\"https:\\\/\\\/metacon-next.com\\\/de\\\/#website\",\"url\":\"https:\\\/\\\/metacon-next.com\\\/de\\\/\",\"name\":\"Metacon-Next\",\"description\":\"\",\"publisher\":{\"@id\":\"https:\\\/\\\/metacon-next.com\\\/de\\\/#organization\"},\"potentialAction\":[{\"@type\":\"SearchAction\",\"target\":{\"@type\":\"EntryPoint\",\"urlTemplate\":\"https:\\\/\\\/metacon-next.com\\\/de\\\/?s={search_term_string}\"},\"query-input\":{\"@type\":\"PropertyValueSpecification\",\"valueRequired\":true,\"valueName\":\"search_term_string\"}}],\"inLanguage\":\"de\"},{\"@type\":\"Organization\",\"@id\":\"https:\\\/\\\/metacon-next.com\\\/de\\\/#organization\",\"name\":\"Metacon-Next\",\"url\":\"https:\\\/\\\/metacon-next.com\\\/de\\\/\",\"logo\":{\"@type\":\"ImageObject\",\"inLanguage\":\"de\",\"@id\":\"https:\\\/\\\/metacon-next.com\\\/de\\\/#\\\/schema\\\/logo\\\/image\\\/\",\"url\":\"https:\\\/\\\/metacon-next.com\\\/de\\\/wp-content\\\/uploads\\\/sites\\\/4\\\/2021\\\/01\\\/metacon_next_logo.png\",\"contentUrl\":\"https:\\\/\\\/metacon-next.com\\\/de\\\/wp-content\\\/uploads\\\/sites\\\/4\\\/2021\\\/01\\\/metacon_next_logo.png\",\"width\":1111,\"height\":300,\"caption\":\"Metacon-Next\"},\"image\":{\"@id\":\"https:\\\/\\\/metacon-next.com\\\/de\\\/#\\\/schema\\\/logo\\\/image\\\/\"}}]}<\/script>\n<!-- \/ Yoast SEO plugin. -->","yoast_head_json":{"title":"Feuerbest\u00e4ndige T\u00fcren und L\u00f6sungen | Metacon Next","description":"Entdecken Sie feuerbest\u00e4ndige T\u00fcren und L\u00f6sungen von Metacon Next f\u00fcr industrielle und kritische Anwendungen.","robots":{"index":"index","follow":"follow","max-snippet":"max-snippet:-1","max-image-preview":"max-image-preview:large","max-video-preview":"max-video-preview:-1"},"canonical":"https:\/\/metacon-next.com\/de\/feuer-bestandig\/","og_locale":"de_DE","og_type":"article","og_title":"Feuerbest\u00e4ndige T\u00fcren und L\u00f6sungen | Metacon Next","og_description":"Entdecken Sie feuerbest\u00e4ndige T\u00fcren und L\u00f6sungen von Metacon Next f\u00fcr industrielle und kritische Anwendungen.","og_url":"https:\/\/metacon-next.com\/de\/feuer-bestandig\/","og_site_name":"Metacon-Next","article_modified_time":"2025-12-17T13:04:32+00:00","twitter_card":"summary_large_image","twitter_misc":{"Gesch\u00e4tzte Lesezeit":"1\u00a0Minute"},"schema":{"@context":"https:\/\/schema.org","@graph":[{"@type":"WebPage","@id":"https:\/\/metacon-next.com\/de\/feuer-bestandig\/","url":"https:\/\/metacon-next.com\/de\/feuer-bestandig\/","name":"Feuerbest\u00e4ndige T\u00fcren und L\u00f6sungen | Metacon Next","isPartOf":{"@id":"https:\/\/metacon-next.com\/de\/#website"},"datePublished":"2020-05-01T14:16:57+00:00","dateModified":"2025-12-17T13:04:32+00:00","description":"Entdecken Sie feuerbest\u00e4ndige T\u00fcren und L\u00f6sungen von Metacon Next f\u00fcr industrielle und kritische Anwendungen.","breadcrumb":{"@id":"https:\/\/metacon-next.com\/de\/feuer-bestandig\/#breadcrumb"},"inLanguage":"de","potentialAction":[{"@type":"ReadAction","target":["https:\/\/metacon-next.com\/de\/feuer-bestandig\/"]}]},{"@type":"BreadcrumbList","@id":"https:\/\/metacon-next.com\/de\/feuer-bestandig\/#breadcrumb","itemListElement":[{"@type":"ListItem","position":1,"name":"Startseite","item":"https:\/\/metacon-next.com\/de\/"},{"@type":"ListItem","position":2,"name":"Feuer best\u00e4ndig"}]},{"@type":"WebSite","@id":"https:\/\/metacon-next.com\/de\/#website","url":"https:\/\/metacon-next.com\/de\/","name":"Metacon-Next","description":"","publisher":{"@id":"https:\/\/metacon-next.com\/de\/#organization"},"potentialAction":[{"@type":"SearchAction","target":{"@type":"EntryPoint","urlTemplate":"https:\/\/metacon-next.com\/de\/?s={search_term_string}"},"query-input":{"@type":"PropertyValueSpecification","valueRequired":true,"valueName":"search_term_string"}}],"inLanguage":"de"},{"@type":"Organization","@id":"https:\/\/metacon-next.com\/de\/#organization","name":"Metacon-Next","url":"https:\/\/metacon-next.com\/de\/","logo":{"@type":"ImageObject","inLanguage":"de","@id":"https:\/\/metacon-next.com\/de\/#\/schema\/logo\/image\/","url":"https:\/\/metacon-next.com\/de\/wp-content\/uploads\/sites\/4\/2021\/01\/metacon_next_logo.png","contentUrl":"https:\/\/metacon-next.com\/de\/wp-content\/uploads\/sites\/4\/2021\/01\/metacon_next_logo.png","width":1111,"height":300,"caption":"Metacon-Next"},"image":{"@id":"https:\/\/metacon-next.com\/de\/#\/schema\/logo\/image\/"}}]}},"_links":{"self":[{"href":"https:\/\/metacon-next.com\/de\/wp-json\/wp\/v2\/pages\/24490","targetHints":{"allow":["GET"]}}],"collection":[{"href":"https:\/\/metacon-next.com\/de\/wp-json\/wp\/v2\/pages"}],"about":[{"href":"https:\/\/metacon-next.com\/de\/wp-json\/wp\/v2\/types\/page"}],"author":[{"embeddable":true,"href":"https:\/\/metacon-next.com\/de\/wp-json\/wp\/v2\/users\/1"}],"replies":[{"embeddable":true,"href":"https:\/\/metacon-next.com\/de\/wp-json\/wp\/v2\/comments?post=24490"}],"version-history":[{"count":6,"href":"https:\/\/metacon-next.com\/de\/wp-json\/wp\/v2\/pages\/24490\/revisions"}],"predecessor-version":[{"id":25514,"href":"https:\/\/metacon-next.com\/de\/wp-json\/wp\/v2\/pages\/24490\/revisions\/25514"}],"wp:attachment":[{"href":"https:\/\/metacon-next.com\/de\/wp-json\/wp\/v2\/media?parent=24490"}],"curies":[{"name":"wp","href":"https:\/\/api.w.org\/{rel}","templated":true}]}}