{"id":24594,"date":"2020-05-15T15:32:56","date_gmt":"2020-05-15T13:32:56","guid":{"rendered":"https:\/\/metacon-next.com\/?page_id=24594"},"modified":"2026-01-26T16:27:47","modified_gmt":"2026-01-26T15:27:47","slug":"hergestellt-in-den-niederlanden","status":"publish","type":"page","link":"https:\/\/metacon-next.com\/de\/uber-uns\/hergestellt-in-den-niederlanden\/","title":{"rendered":"Hergestellt in den Niederlanden"},"content":{"rendered":"<section class=\"l-section wpb_row height_small\"><div class=\"l-section-h i-cf\"><div class=\"g-cols vc_row via_flex valign_top type_default stacking_default\"><div class=\"vc_col-sm-12 wpb_column vc_column_container\"><div class=\"vc_column-inner\"><div class=\"wpb_wrapper\"><div class=\"g-cols wpb_row via_flex valign_top type_default stacking_default\" style=\"--additional-gap:30;\"><div class=\"vc_col-sm-8 wpb_column vc_column_container\"><div class=\"vc_column-inner\"><div class=\"wpb_wrapper\"><div class=\"wpb_text_column\"><div class=\"wpb_wrapper\"><p>Innovation und Forschung und Entwicklung sind wichtige S\u00e4ulen innerhalb von Metacon-Next.<\/p>\n<p>Wir verfolgen die Marktentwicklungen aufmerksam, h\u00f6ren unseren Kunden genau zu und setzen ihre W\u00fcnsche in neue Produkte und ma\u00dfgeschneiderte L\u00f6sungen um. Basierend auf dieser Philosophie produzieren wir verschiedene feuerhemmende Rollvorh\u00e4nge, Rolll\u00e4den, Sektionaltore, Schiebet\u00fcren und einbruchhemmende Rolll\u00e4den.<\/p>\n<p>Dar\u00fcber hinaus befindet sich Metacon-Next in voller Entwicklung. Wir entwickeln t\u00e4glich aktiv neue Produkte und arbeiten an weiteren Optionen und Erweiterungen f\u00fcr unsere bestehenden Produkte. Metacon-Next hat L\u00f6sungen f\u00fcr die unterschiedlichsten Situationen entwickelt und weiterentwickelt. Damit steht Metacon-Next an der Spitze der Entwicklung und ist ein zuverl\u00e4ssiger Partner f\u00fcr Ihre Gesch\u00e4fte. Inspiriert von den Anforderungen des Marktes wollen wir unser Produktangebot noch weiter ausbauen, um unseren H\u00e4ndlern Komplettl\u00f6sungen anbieten zu k\u00f6nnen.<\/p>\n<\/div><\/div><\/div><\/div><\/div><div class=\"vc_col-sm-4 wpb_column vc_column_container\"><div class=\"vc_column-inner\"><div class=\"wpb_wrapper\"><div class=\"wpb_widgetised_column wpb_content_element\"><div class=\"wpb_wrapper\"><h2 class=\"wpb_heading wpb_widgetised_column_heading\">\u00dcber uns<\/h2><div id=\"nav_menu-2\" class=\"widget widget_nav_menu\"><div class=\"menu-about-us-menu-container\"><ul id=\"menu-about-us-menu\" class=\"menu\"><li id=\"menu-item-24862\" class=\"menu-item menu-item-type-post_type menu-item-object-page menu-item-24862\"><a href=\"https:\/\/metacon-next.com\/de\/uber-uns\/\">\u00dcber uns<\/a><\/li>\n<li id=\"menu-item-24812\" class=\"menu-item menu-item-type-post_type menu-item-object-page menu-item-24812\"><a href=\"https:\/\/metacon-next.com\/de\/uber-uns\/team\/\">Unser Team<\/a><\/li>\n<li id=\"menu-item-24840\" class=\"menu-item menu-item-type-post_type menu-item-object-page menu-item-24840\"><a href=\"https:\/\/metacon-next.com\/de\/uber-uns\/geschichte\/\">Geschichte<\/a><\/li>\n<li id=\"menu-item-25394\" class=\"menu-item menu-item-type-post_type menu-item-object-page menu-item-25394\"><a href=\"https:\/\/metacon-next.com\/de\/uber-uns\/auftrag-und-vision\/\">Mission und Vision<\/a><\/li>\n<li id=\"menu-item-24841\" class=\"menu-item menu-item-type-post_type menu-item-object-page menu-item-24841\"><a href=\"https:\/\/metacon-next.com\/de\/uber-uns\/hergestellt-in-den-niederlanden\/\">Hergestellt in den Niederlanden<\/a><\/li>\n<li id=\"menu-item-24842\" class=\"menu-item menu-item-type-post_type menu-item-object-page menu-item-24842\"><a href=\"https:\/\/metacon-next.com\/de\/uber-uns\/weltweites-handlernetz\/\">Weltweites H\u00e4ndlernetz<\/a><\/li>\n<li id=\"menu-item-25118\" class=\"menu-item menu-item-type-post_type menu-item-object-page menu-item-25118\"><a href=\"https:\/\/metacon-next.com\/de\/uber-uns\/zertifizierung\/\">Zertifizierung<\/a><\/li>\n<\/ul><\/div><\/div><\/div><\/div><div class=\"w-separator size_small\"><\/div><div class=\"w-separator size_small\"><\/div><\/div><\/div><\/div><\/div><\/div><\/div><\/div><\/div><\/div><\/section>\n","protected":false},"excerpt":{"rendered":"Innovation und Forschung und Entwicklung sind wichtige S\u00e4ulen innerhalb von Metacon-Next. Wir verfolgen die Marktentwicklungen aufmerksam, h\u00f6ren unseren Kunden genau zu und setzen ihre W\u00fcnsche in neue Produkte und ma\u00dfgeschneiderte L\u00f6sungen um. Basierend auf dieser Philosophie produzieren wir verschiedene feuerhemmende Rollvorh\u00e4nge, Rolll\u00e4den, Sektionaltore, Schiebet\u00fcren und einbruchhemmende Rolll\u00e4den. Dar\u00fcber hinaus befindet sich Metacon-Next in voller Entwicklung....","protected":false},"author":1,"featured_media":0,"parent":23585,"menu_order":0,"comment_status":"closed","ping_status":"closed","template":"","meta":{"footnotes":""},"class_list":["post-24594","page","type-page","status-publish","hentry"],"yoast_head":"<!-- This site is optimized with the Yoast SEO plugin v27.3 - https:\/\/yoast.com\/product\/yoast-seo-wordpress\/ -->\n<title>Hergestellt in den Niederlanden - Metacon-Next<\/title>\n<meta name=\"description\" content=\"Metacon entwickelt und produziert in den Niederlanden. Kurze Wege, hohe Qualit\u00e4t und volle Kontrolle \u00fcber den Prozess.\" \/>\n<meta name=\"robots\" content=\"index, follow, max-snippet:-1, max-image-preview:large, max-video-preview:-1\" \/>\n<link rel=\"canonical\" href=\"https:\/\/metacon-next.com\/de\/uber-uns\/hergestellt-in-den-niederlanden\/\" \/>\n<meta property=\"og:locale\" content=\"de_DE\" \/>\n<meta property=\"og:type\" content=\"article\" \/>\n<meta property=\"og:title\" content=\"Hergestellt in den Niederlanden - Metacon-Next\" \/>\n<meta property=\"og:description\" content=\"Metacon entwickelt und produziert in den Niederlanden. Kurze Wege, hohe Qualit\u00e4t und volle Kontrolle \u00fcber den Prozess.\" \/>\n<meta property=\"og:url\" content=\"https:\/\/metacon-next.com\/de\/uber-uns\/hergestellt-in-den-niederlanden\/\" \/>\n<meta property=\"og:site_name\" content=\"Metacon-Next\" \/>\n<meta property=\"article:modified_time\" content=\"2026-01-26T15:27:47+00:00\" \/>\n<meta name=\"twitter:card\" content=\"summary_large_image\" \/>\n<meta name=\"twitter:label1\" content=\"Gesch\u00e4tzte Lesezeit\" \/>\n\t<meta name=\"twitter:data1\" content=\"1\u00a0Minute\" \/>\n<script type=\"application\/ld+json\" class=\"yoast-schema-graph\">{\"@context\":\"https:\\\/\\\/schema.org\",\"@graph\":[{\"@type\":\"WebPage\",\"@id\":\"https:\\\/\\\/metacon-next.com\\\/de\\\/uber-uns\\\/hergestellt-in-den-niederlanden\\\/\",\"url\":\"https:\\\/\\\/metacon-next.com\\\/de\\\/uber-uns\\\/hergestellt-in-den-niederlanden\\\/\",\"name\":\"Hergestellt in den Niederlanden - Metacon-Next\",\"isPartOf\":{\"@id\":\"https:\\\/\\\/metacon-next.com\\\/de\\\/#website\"},\"datePublished\":\"2020-05-15T13:32:56+00:00\",\"dateModified\":\"2026-01-26T15:27:47+00:00\",\"description\":\"Metacon entwickelt und produziert in den Niederlanden. Kurze Wege, hohe Qualit\u00e4t und volle Kontrolle \u00fcber den Prozess.\",\"breadcrumb\":{\"@id\":\"https:\\\/\\\/metacon-next.com\\\/de\\\/uber-uns\\\/hergestellt-in-den-niederlanden\\\/#breadcrumb\"},\"inLanguage\":\"de\",\"potentialAction\":[{\"@type\":\"ReadAction\",\"target\":[\"https:\\\/\\\/metacon-next.com\\\/de\\\/uber-uns\\\/hergestellt-in-den-niederlanden\\\/\"]}]},{\"@type\":\"BreadcrumbList\",\"@id\":\"https:\\\/\\\/metacon-next.com\\\/de\\\/uber-uns\\\/hergestellt-in-den-niederlanden\\\/#breadcrumb\",\"itemListElement\":[{\"@type\":\"ListItem\",\"position\":1,\"name\":\"Startseite\",\"item\":\"https:\\\/\\\/metacon-next.com\\\/de\\\/\"},{\"@type\":\"ListItem\",\"position\":2,\"name\":\"\u00dcber uns\",\"item\":\"https:\\\/\\\/metacon-next.com\\\/de\\\/uber-uns\\\/\"},{\"@type\":\"ListItem\",\"position\":3,\"name\":\"Hergestellt in den Niederlanden\"}]},{\"@type\":\"WebSite\",\"@id\":\"https:\\\/\\\/metacon-next.com\\\/de\\\/#website\",\"url\":\"https:\\\/\\\/metacon-next.com\\\/de\\\/\",\"name\":\"Metacon-Next\",\"description\":\"\",\"publisher\":{\"@id\":\"https:\\\/\\\/metacon-next.com\\\/de\\\/#organization\"},\"potentialAction\":[{\"@type\":\"SearchAction\",\"target\":{\"@type\":\"EntryPoint\",\"urlTemplate\":\"https:\\\/\\\/metacon-next.com\\\/de\\\/?s={search_term_string}\"},\"query-input\":{\"@type\":\"PropertyValueSpecification\",\"valueRequired\":true,\"valueName\":\"search_term_string\"}}],\"inLanguage\":\"de\"},{\"@type\":\"Organization\",\"@id\":\"https:\\\/\\\/metacon-next.com\\\/de\\\/#organization\",\"name\":\"Metacon-Next\",\"url\":\"https:\\\/\\\/metacon-next.com\\\/de\\\/\",\"logo\":{\"@type\":\"ImageObject\",\"inLanguage\":\"de\",\"@id\":\"https:\\\/\\\/metacon-next.com\\\/de\\\/#\\\/schema\\\/logo\\\/image\\\/\",\"url\":\"https:\\\/\\\/metacon-next.com\\\/de\\\/wp-content\\\/uploads\\\/sites\\\/4\\\/2021\\\/01\\\/metacon_next_logo.png\",\"contentUrl\":\"https:\\\/\\\/metacon-next.com\\\/de\\\/wp-content\\\/uploads\\\/sites\\\/4\\\/2021\\\/01\\\/metacon_next_logo.png\",\"width\":1111,\"height\":300,\"caption\":\"Metacon-Next\"},\"image\":{\"@id\":\"https:\\\/\\\/metacon-next.com\\\/de\\\/#\\\/schema\\\/logo\\\/image\\\/\"}}]}<\/script>\n<!-- \/ Yoast SEO plugin. -->","yoast_head_json":{"title":"Hergestellt in den Niederlanden - Metacon-Next","description":"Metacon entwickelt und produziert in den Niederlanden. Kurze Wege, hohe Qualit\u00e4t und volle Kontrolle \u00fcber den Prozess.","robots":{"index":"index","follow":"follow","max-snippet":"max-snippet:-1","max-image-preview":"max-image-preview:large","max-video-preview":"max-video-preview:-1"},"canonical":"https:\/\/metacon-next.com\/de\/uber-uns\/hergestellt-in-den-niederlanden\/","og_locale":"de_DE","og_type":"article","og_title":"Hergestellt in den Niederlanden - Metacon-Next","og_description":"Metacon entwickelt und produziert in den Niederlanden. Kurze Wege, hohe Qualit\u00e4t und volle Kontrolle \u00fcber den Prozess.","og_url":"https:\/\/metacon-next.com\/de\/uber-uns\/hergestellt-in-den-niederlanden\/","og_site_name":"Metacon-Next","article_modified_time":"2026-01-26T15:27:47+00:00","twitter_card":"summary_large_image","twitter_misc":{"Gesch\u00e4tzte Lesezeit":"1\u00a0Minute"},"schema":{"@context":"https:\/\/schema.org","@graph":[{"@type":"WebPage","@id":"https:\/\/metacon-next.com\/de\/uber-uns\/hergestellt-in-den-niederlanden\/","url":"https:\/\/metacon-next.com\/de\/uber-uns\/hergestellt-in-den-niederlanden\/","name":"Hergestellt in den Niederlanden - Metacon-Next","isPartOf":{"@id":"https:\/\/metacon-next.com\/de\/#website"},"datePublished":"2020-05-15T13:32:56+00:00","dateModified":"2026-01-26T15:27:47+00:00","description":"Metacon entwickelt und produziert in den Niederlanden. Kurze Wege, hohe Qualit\u00e4t und volle Kontrolle \u00fcber den Prozess.","breadcrumb":{"@id":"https:\/\/metacon-next.com\/de\/uber-uns\/hergestellt-in-den-niederlanden\/#breadcrumb"},"inLanguage":"de","potentialAction":[{"@type":"ReadAction","target":["https:\/\/metacon-next.com\/de\/uber-uns\/hergestellt-in-den-niederlanden\/"]}]},{"@type":"BreadcrumbList","@id":"https:\/\/metacon-next.com\/de\/uber-uns\/hergestellt-in-den-niederlanden\/#breadcrumb","itemListElement":[{"@type":"ListItem","position":1,"name":"Startseite","item":"https:\/\/metacon-next.com\/de\/"},{"@type":"ListItem","position":2,"name":"\u00dcber uns","item":"https:\/\/metacon-next.com\/de\/uber-uns\/"},{"@type":"ListItem","position":3,"name":"Hergestellt in den Niederlanden"}]},{"@type":"WebSite","@id":"https:\/\/metacon-next.com\/de\/#website","url":"https:\/\/metacon-next.com\/de\/","name":"Metacon-Next","description":"","publisher":{"@id":"https:\/\/metacon-next.com\/de\/#organization"},"potentialAction":[{"@type":"SearchAction","target":{"@type":"EntryPoint","urlTemplate":"https:\/\/metacon-next.com\/de\/?s={search_term_string}"},"query-input":{"@type":"PropertyValueSpecification","valueRequired":true,"valueName":"search_term_string"}}],"inLanguage":"de"},{"@type":"Organization","@id":"https:\/\/metacon-next.com\/de\/#organization","name":"Metacon-Next","url":"https:\/\/metacon-next.com\/de\/","logo":{"@type":"ImageObject","inLanguage":"de","@id":"https:\/\/metacon-next.com\/de\/#\/schema\/logo\/image\/","url":"https:\/\/metacon-next.com\/de\/wp-content\/uploads\/sites\/4\/2021\/01\/metacon_next_logo.png","contentUrl":"https:\/\/metacon-next.com\/de\/wp-content\/uploads\/sites\/4\/2021\/01\/metacon_next_logo.png","width":1111,"height":300,"caption":"Metacon-Next"},"image":{"@id":"https:\/\/metacon-next.com\/de\/#\/schema\/logo\/image\/"}}]}},"_links":{"self":[{"href":"https:\/\/metacon-next.com\/de\/wp-json\/wp\/v2\/pages\/24594","targetHints":{"allow":["GET"]}}],"collection":[{"href":"https:\/\/metacon-next.com\/de\/wp-json\/wp\/v2\/pages"}],"about":[{"href":"https:\/\/metacon-next.com\/de\/wp-json\/wp\/v2\/types\/page"}],"author":[{"embeddable":true,"href":"https:\/\/metacon-next.com\/de\/wp-json\/wp\/v2\/users\/1"}],"replies":[{"embeddable":true,"href":"https:\/\/metacon-next.com\/de\/wp-json\/wp\/v2\/comments?post=24594"}],"version-history":[{"count":5,"href":"https:\/\/metacon-next.com\/de\/wp-json\/wp\/v2\/pages\/24594\/revisions"}],"predecessor-version":[{"id":26114,"href":"https:\/\/metacon-next.com\/de\/wp-json\/wp\/v2\/pages\/24594\/revisions\/26114"}],"up":[{"embeddable":true,"href":"https:\/\/metacon-next.com\/de\/wp-json\/wp\/v2\/pages\/23585"}],"wp:attachment":[{"href":"https:\/\/metacon-next.com\/de\/wp-json\/wp\/v2\/media?parent=24594"}],"curies":[{"name":"wp","href":"https:\/\/api.w.org\/{rel}","templated":true}]}}