{"id":24598,"date":"2020-05-15T15:36:32","date_gmt":"2020-05-15T13:36:32","guid":{"rendered":"https:\/\/metacon-next.com\/?page_id=24598"},"modified":"2026-01-26T16:28:16","modified_gmt":"2026-01-26T15:28:16","slug":"weltweites-handlernetz","status":"publish","type":"page","link":"https:\/\/metacon-next.com\/de\/uber-uns\/weltweites-handlernetz\/","title":{"rendered":"Weltweites H\u00e4ndlernetz"},"content":{"rendered":"<section class=\"l-section wpb_row height_small\"><div class=\"l-section-h i-cf\"><div class=\"g-cols vc_row via_flex valign_top type_default stacking_default\"><div class=\"vc_col-sm-12 wpb_column vc_column_container\"><div class=\"vc_column-inner\"><div class=\"wpb_wrapper\"><div class=\"g-cols wpb_row via_flex valign_top type_default stacking_default\" style=\"--additional-gap:30;\"><div class=\"vc_col-sm-8 wpb_column vc_column_container\"><div class=\"vc_column-inner\"><div class=\"wpb_wrapper\"><div class=\"wpb_text_column\"><div class=\"wpb_wrapper\"><p>Die Ambitionen von Metacon-Next sind hoch.<\/p>\n<p>Aufgrund unseres Erfolgs auf dem niederl\u00e4ndischen Markt bauen wir unser H\u00e4ndlernetz au\u00dferhalb der Niederlande stetig aus. Wir konzentrieren uns zunehmend auf den Export unserer Produkte, die internationalen Anforderungen und Qualit\u00e4tsstandards entsprechen.<\/p>\n<p>Dar\u00fcber hinaus m\u00f6chten wir unserem bestehenden H\u00e4ndlernetz den bestm\u00f6glichen Service bieten, indem wir kontinuierlich neue Produktinnovationen bereitstellen und unsere bestehenden Produkte weiter verbessern.<\/p>\n<\/div><\/div><\/div><\/div><\/div><div class=\"vc_col-sm-4 wpb_column vc_column_container\"><div class=\"vc_column-inner\"><div class=\"wpb_wrapper\"><div class=\"wpb_widgetised_column wpb_content_element\"><div class=\"wpb_wrapper\"><h2 class=\"wpb_heading wpb_widgetised_column_heading\">\u00dcber uns<\/h2><div id=\"nav_menu-2\" class=\"widget widget_nav_menu\"><div class=\"menu-about-us-menu-container\"><ul id=\"menu-about-us-menu\" class=\"menu\"><li id=\"menu-item-24862\" class=\"menu-item menu-item-type-post_type menu-item-object-page menu-item-24862\"><a href=\"https:\/\/metacon-next.com\/de\/uber-uns\/\">\u00dcber uns<\/a><\/li>\n<li id=\"menu-item-24812\" class=\"menu-item menu-item-type-post_type menu-item-object-page menu-item-24812\"><a href=\"https:\/\/metacon-next.com\/de\/uber-uns\/team\/\">Unser Team<\/a><\/li>\n<li id=\"menu-item-24840\" class=\"menu-item menu-item-type-post_type menu-item-object-page menu-item-24840\"><a href=\"https:\/\/metacon-next.com\/de\/uber-uns\/geschichte\/\">Geschichte<\/a><\/li>\n<li id=\"menu-item-25394\" class=\"menu-item menu-item-type-post_type menu-item-object-page menu-item-25394\"><a href=\"https:\/\/metacon-next.com\/de\/uber-uns\/auftrag-und-vision\/\">Mission und Vision<\/a><\/li>\n<li id=\"menu-item-24841\" class=\"menu-item menu-item-type-post_type menu-item-object-page menu-item-24841\"><a href=\"https:\/\/metacon-next.com\/de\/uber-uns\/hergestellt-in-den-niederlanden\/\">Hergestellt in den Niederlanden<\/a><\/li>\n<li id=\"menu-item-24842\" class=\"menu-item menu-item-type-post_type menu-item-object-page menu-item-24842\"><a href=\"https:\/\/metacon-next.com\/de\/uber-uns\/weltweites-handlernetz\/\">Weltweites H\u00e4ndlernetz<\/a><\/li>\n<li id=\"menu-item-25118\" class=\"menu-item menu-item-type-post_type menu-item-object-page menu-item-25118\"><a href=\"https:\/\/metacon-next.com\/de\/uber-uns\/zertifizierung\/\">Zertifizierung<\/a><\/li>\n<\/ul><\/div><\/div><\/div><\/div><div class=\"w-separator size_small\"><\/div><div class=\"w-separator size_small\"><\/div><\/div><\/div><\/div><\/div><\/div><\/div><\/div><\/div><\/div><\/section>\n","protected":false},"excerpt":{"rendered":"Die Ambitionen von Metacon-Next sind hoch. Aufgrund unseres Erfolgs auf dem niederl\u00e4ndischen Markt bauen wir unser H\u00e4ndlernetz au\u00dferhalb der Niederlande stetig aus. Wir konzentrieren uns zunehmend auf den Export unserer Produkte, die internationalen Anforderungen und Qualit\u00e4tsstandards entsprechen. Dar\u00fcber hinaus m\u00f6chten wir unserem bestehenden H\u00e4ndlernetz den bestm\u00f6glichen Service bieten, indem wir kontinuierlich neue Produktinnovationen bereitstellen und...","protected":false},"author":1,"featured_media":0,"parent":23585,"menu_order":0,"comment_status":"closed","ping_status":"closed","template":"","meta":{"footnotes":""},"class_list":["post-24598","page","type-page","status-publish","hentry"],"yoast_head":"<!-- This site is optimized with the Yoast SEO plugin v27.4 - https:\/\/yoast.com\/product\/yoast-seo-wordpress\/ -->\n<title>Weltweites H\u00e4ndlernetz - Metacon-Next<\/title>\n<meta name=\"description\" content=\"Metacon verf\u00fcgt \u00fcber ein weltweites H\u00e4ndlernetz. Lokale Partner bieten Service, Support und schnelle Lieferung.\" \/>\n<meta name=\"robots\" content=\"index, follow, max-snippet:-1, max-image-preview:large, max-video-preview:-1\" \/>\n<link rel=\"canonical\" href=\"https:\/\/metacon-next.com\/de\/uber-uns\/weltweites-handlernetz\/\" \/>\n<meta property=\"og:locale\" content=\"de_DE\" \/>\n<meta property=\"og:type\" content=\"article\" \/>\n<meta property=\"og:title\" content=\"Weltweites H\u00e4ndlernetz - Metacon-Next\" \/>\n<meta property=\"og:description\" content=\"Metacon verf\u00fcgt \u00fcber ein weltweites H\u00e4ndlernetz. Lokale Partner bieten Service, Support und schnelle Lieferung.\" \/>\n<meta property=\"og:url\" content=\"https:\/\/metacon-next.com\/de\/uber-uns\/weltweites-handlernetz\/\" \/>\n<meta property=\"og:site_name\" content=\"Metacon-Next\" \/>\n<meta property=\"article:modified_time\" content=\"2026-01-26T15:28:16+00:00\" \/>\n<meta name=\"twitter:card\" content=\"summary_large_image\" \/>\n<meta name=\"twitter:label1\" content=\"Gesch\u00e4tzte Lesezeit\" \/>\n\t<meta name=\"twitter:data1\" content=\"1\u00a0Minute\" \/>\n<script type=\"application\/ld+json\" class=\"yoast-schema-graph\">{\"@context\":\"https:\\\/\\\/schema.org\",\"@graph\":[{\"@type\":\"WebPage\",\"@id\":\"https:\\\/\\\/metacon-next.com\\\/de\\\/uber-uns\\\/weltweites-handlernetz\\\/\",\"url\":\"https:\\\/\\\/metacon-next.com\\\/de\\\/uber-uns\\\/weltweites-handlernetz\\\/\",\"name\":\"Weltweites H\u00e4ndlernetz - Metacon-Next\",\"isPartOf\":{\"@id\":\"https:\\\/\\\/metacon-next.com\\\/de\\\/#website\"},\"datePublished\":\"2020-05-15T13:36:32+00:00\",\"dateModified\":\"2026-01-26T15:28:16+00:00\",\"description\":\"Metacon verf\u00fcgt \u00fcber ein weltweites H\u00e4ndlernetz. Lokale Partner bieten Service, Support und schnelle Lieferung.\",\"breadcrumb\":{\"@id\":\"https:\\\/\\\/metacon-next.com\\\/de\\\/uber-uns\\\/weltweites-handlernetz\\\/#breadcrumb\"},\"inLanguage\":\"de\",\"potentialAction\":[{\"@type\":\"ReadAction\",\"target\":[\"https:\\\/\\\/metacon-next.com\\\/de\\\/uber-uns\\\/weltweites-handlernetz\\\/\"]}]},{\"@type\":\"BreadcrumbList\",\"@id\":\"https:\\\/\\\/metacon-next.com\\\/de\\\/uber-uns\\\/weltweites-handlernetz\\\/#breadcrumb\",\"itemListElement\":[{\"@type\":\"ListItem\",\"position\":1,\"name\":\"Startseite\",\"item\":\"https:\\\/\\\/metacon-next.com\\\/de\\\/\"},{\"@type\":\"ListItem\",\"position\":2,\"name\":\"\u00dcber uns\",\"item\":\"https:\\\/\\\/metacon-next.com\\\/de\\\/uber-uns\\\/\"},{\"@type\":\"ListItem\",\"position\":3,\"name\":\"Weltweites H\u00e4ndlernetz\"}]},{\"@type\":\"WebSite\",\"@id\":\"https:\\\/\\\/metacon-next.com\\\/de\\\/#website\",\"url\":\"https:\\\/\\\/metacon-next.com\\\/de\\\/\",\"name\":\"Metacon-Next\",\"description\":\"\",\"publisher\":{\"@id\":\"https:\\\/\\\/metacon-next.com\\\/de\\\/#organization\"},\"potentialAction\":[{\"@type\":\"SearchAction\",\"target\":{\"@type\":\"EntryPoint\",\"urlTemplate\":\"https:\\\/\\\/metacon-next.com\\\/de\\\/?s={search_term_string}\"},\"query-input\":{\"@type\":\"PropertyValueSpecification\",\"valueRequired\":true,\"valueName\":\"search_term_string\"}}],\"inLanguage\":\"de\"},{\"@type\":\"Organization\",\"@id\":\"https:\\\/\\\/metacon-next.com\\\/de\\\/#organization\",\"name\":\"Metacon-Next\",\"url\":\"https:\\\/\\\/metacon-next.com\\\/de\\\/\",\"logo\":{\"@type\":\"ImageObject\",\"inLanguage\":\"de\",\"@id\":\"https:\\\/\\\/metacon-next.com\\\/de\\\/#\\\/schema\\\/logo\\\/image\\\/\",\"url\":\"https:\\\/\\\/metacon-next.com\\\/de\\\/wp-content\\\/uploads\\\/sites\\\/4\\\/2021\\\/01\\\/metacon_next_logo.png\",\"contentUrl\":\"https:\\\/\\\/metacon-next.com\\\/de\\\/wp-content\\\/uploads\\\/sites\\\/4\\\/2021\\\/01\\\/metacon_next_logo.png\",\"width\":1111,\"height\":300,\"caption\":\"Metacon-Next\"},\"image\":{\"@id\":\"https:\\\/\\\/metacon-next.com\\\/de\\\/#\\\/schema\\\/logo\\\/image\\\/\"}}]}<\/script>\n<!-- \/ Yoast SEO plugin. -->","yoast_head_json":{"title":"Weltweites H\u00e4ndlernetz - Metacon-Next","description":"Metacon verf\u00fcgt \u00fcber ein weltweites H\u00e4ndlernetz. Lokale Partner bieten Service, Support und schnelle Lieferung.","robots":{"index":"index","follow":"follow","max-snippet":"max-snippet:-1","max-image-preview":"max-image-preview:large","max-video-preview":"max-video-preview:-1"},"canonical":"https:\/\/metacon-next.com\/de\/uber-uns\/weltweites-handlernetz\/","og_locale":"de_DE","og_type":"article","og_title":"Weltweites H\u00e4ndlernetz - Metacon-Next","og_description":"Metacon verf\u00fcgt \u00fcber ein weltweites H\u00e4ndlernetz. Lokale Partner bieten Service, Support und schnelle Lieferung.","og_url":"https:\/\/metacon-next.com\/de\/uber-uns\/weltweites-handlernetz\/","og_site_name":"Metacon-Next","article_modified_time":"2026-01-26T15:28:16+00:00","twitter_card":"summary_large_image","twitter_misc":{"Gesch\u00e4tzte Lesezeit":"1\u00a0Minute"},"schema":{"@context":"https:\/\/schema.org","@graph":[{"@type":"WebPage","@id":"https:\/\/metacon-next.com\/de\/uber-uns\/weltweites-handlernetz\/","url":"https:\/\/metacon-next.com\/de\/uber-uns\/weltweites-handlernetz\/","name":"Weltweites H\u00e4ndlernetz - Metacon-Next","isPartOf":{"@id":"https:\/\/metacon-next.com\/de\/#website"},"datePublished":"2020-05-15T13:36:32+00:00","dateModified":"2026-01-26T15:28:16+00:00","description":"Metacon verf\u00fcgt \u00fcber ein weltweites H\u00e4ndlernetz. Lokale Partner bieten Service, Support und schnelle Lieferung.","breadcrumb":{"@id":"https:\/\/metacon-next.com\/de\/uber-uns\/weltweites-handlernetz\/#breadcrumb"},"inLanguage":"de","potentialAction":[{"@type":"ReadAction","target":["https:\/\/metacon-next.com\/de\/uber-uns\/weltweites-handlernetz\/"]}]},{"@type":"BreadcrumbList","@id":"https:\/\/metacon-next.com\/de\/uber-uns\/weltweites-handlernetz\/#breadcrumb","itemListElement":[{"@type":"ListItem","position":1,"name":"Startseite","item":"https:\/\/metacon-next.com\/de\/"},{"@type":"ListItem","position":2,"name":"\u00dcber uns","item":"https:\/\/metacon-next.com\/de\/uber-uns\/"},{"@type":"ListItem","position":3,"name":"Weltweites H\u00e4ndlernetz"}]},{"@type":"WebSite","@id":"https:\/\/metacon-next.com\/de\/#website","url":"https:\/\/metacon-next.com\/de\/","name":"Metacon-Next","description":"","publisher":{"@id":"https:\/\/metacon-next.com\/de\/#organization"},"potentialAction":[{"@type":"SearchAction","target":{"@type":"EntryPoint","urlTemplate":"https:\/\/metacon-next.com\/de\/?s={search_term_string}"},"query-input":{"@type":"PropertyValueSpecification","valueRequired":true,"valueName":"search_term_string"}}],"inLanguage":"de"},{"@type":"Organization","@id":"https:\/\/metacon-next.com\/de\/#organization","name":"Metacon-Next","url":"https:\/\/metacon-next.com\/de\/","logo":{"@type":"ImageObject","inLanguage":"de","@id":"https:\/\/metacon-next.com\/de\/#\/schema\/logo\/image\/","url":"https:\/\/metacon-next.com\/de\/wp-content\/uploads\/sites\/4\/2021\/01\/metacon_next_logo.png","contentUrl":"https:\/\/metacon-next.com\/de\/wp-content\/uploads\/sites\/4\/2021\/01\/metacon_next_logo.png","width":1111,"height":300,"caption":"Metacon-Next"},"image":{"@id":"https:\/\/metacon-next.com\/de\/#\/schema\/logo\/image\/"}}]}},"_links":{"self":[{"href":"https:\/\/metacon-next.com\/de\/wp-json\/wp\/v2\/pages\/24598","targetHints":{"allow":["GET"]}}],"collection":[{"href":"https:\/\/metacon-next.com\/de\/wp-json\/wp\/v2\/pages"}],"about":[{"href":"https:\/\/metacon-next.com\/de\/wp-json\/wp\/v2\/types\/page"}],"author":[{"embeddable":true,"href":"https:\/\/metacon-next.com\/de\/wp-json\/wp\/v2\/users\/1"}],"replies":[{"embeddable":true,"href":"https:\/\/metacon-next.com\/de\/wp-json\/wp\/v2\/comments?post=24598"}],"version-history":[{"count":5,"href":"https:\/\/metacon-next.com\/de\/wp-json\/wp\/v2\/pages\/24598\/revisions"}],"predecessor-version":[{"id":26081,"href":"https:\/\/metacon-next.com\/de\/wp-json\/wp\/v2\/pages\/24598\/revisions\/26081"}],"up":[{"embeddable":true,"href":"https:\/\/metacon-next.com\/de\/wp-json\/wp\/v2\/pages\/23585"}],"wp:attachment":[{"href":"https:\/\/metacon-next.com\/de\/wp-json\/wp\/v2\/media?parent=24598"}],"curies":[{"name":"wp","href":"https:\/\/api.w.org\/{rel}","templated":true}]}}