{"id":25045,"date":"2021-04-07T16:24:29","date_gmt":"2021-04-07T14:24:29","guid":{"rendered":"https:\/\/metacon-next.com\/de\/?page_id=25045"},"modified":"2025-12-17T14:09:44","modified_gmt":"2025-12-17T13:09:44","slug":"isolierte-rolllaeden","status":"publish","type":"page","link":"https:\/\/metacon-next.com\/de\/produkte\/isolierte-rolllaeden\/","title":{"rendered":"Isolierte Rolll\u00e4den"},"content":{"rendered":"<section class=\"l-section wpb_row height_small\"><div class=\"l-section-h i-cf\"><div class=\"g-cols vc_row via_flex valign_top type_default stacking_default\"><div class=\"vc_col-sm-12 wpb_column vc_column_container\"><div class=\"vc_column-inner\"><div class=\"wpb_wrapper\"><div class=\"g-cols wpb_row via_flex valign_top type_default stacking_default\" style=\"--additional-gap:30;\"><div class=\"vc_col-sm-8 wpb_column vc_column_container\"><div class=\"vc_column-inner\"><div class=\"wpb_wrapper\"><div class=\"wpb_text_column\"><div class=\"wpb_wrapper\"><h2>ISO Light<\/h2>\n<p><strong>Zertifizierung<\/strong><\/p>\n<ul>\n<li>CE-Kennzeichnung gem\u00e4\u00df EN 13241<\/li>\n<\/ul>\n<p><strong>Anmeldung<\/strong><\/p>\n<ul>\n<li>geeignet f\u00fcr Innen-\/Au\u00dfen (bis Windklasse 3)<\/li>\n<li>Installation am und im Tag\/bei der Er\u00f6ffnung m\u00f6glich<\/li>\n<\/ul>\n<p><strong>Standard<\/strong><\/p>\n<ul>\n<li>Rohrmotor 230 V, geeignet f\u00fcr max. 8 Bewegungen pro Tag.<\/li>\n<li>Aufsteckmotor 400 V inkl. Schaltkasten, f\u00fcr h\u00e4ufigeren Einsatz .<\/li>\n<li>doppelwandige, isolierte Stahlpanzerung, kugelf\u00f6rmige Lamellen, Dicke 23 mm, H\u00f6he 100 mm<\/li>\n<\/ul>\n<p><strong>Optionen<\/strong><\/p>\n<ul>\n<li>Verzinkter Stahl Frontbeh\u00e4lter, Deckel, R\u00fcckwand<\/li>\n<li>Verzinkte Stahlteile pulverbeschichtet in einer RAL-Farbe nach Wahl<\/li>\n<li>L\u00fcftungsgitter oder Fenster 150x55mm in Lamelle<\/li>\n<li>Schl\u00fcsselschalter<\/li>\n<\/ul>\n<table cellspacing=\"0\" cellpadding=\"0\">\n<tbody>\n<tr>\n<td valign=\"top\">\n<p align=\"center\"><strong>Typ<\/strong><\/p>\n<\/td>\n<td valign=\"top\">\n<p align=\"center\"><strong>motor<\/strong><\/p>\n<\/td>\n<td valign=\"top\">\n<p align=\"center\"><strong>max. Breite<\/strong><\/p>\n<\/td>\n<td valign=\"top\">\n<p align=\"center\"><strong>max. H\u00f6he<\/strong><\/p>\n<\/td>\n<td valign=\"top\">\n<p align=\"center\"><strong>max. \u00d6ffnung<\/strong><\/p>\n<\/td>\n<\/tr>\n<tr>\n<td valign=\"top\">\n<p align=\"center\">ISO Light<\/p>\n<\/td>\n<td valign=\"top\">\n<p align=\"center\">Rohrmotor<\/p>\n<\/td>\n<td valign=\"top\">\n<p align=\"center\">8.000 mm<\/p>\n<\/td>\n<td valign=\"top\">\n<p align=\"center\">6.500 mm<\/p>\n<\/td>\n<td valign=\"top\">\n<p align=\"center\">\u00b1 25 m2<\/p>\n<\/td>\n<\/tr>\n<tr>\n<td valign=\"top\">\n<p align=\"center\">ISO Light<\/p>\n<\/td>\n<td valign=\"top\">\n<p align=\"center\">Aufsteckmotor<\/p>\n<\/td>\n<td valign=\"top\">\n<p align=\"center\">8.000 mm<\/p>\n<\/td>\n<td valign=\"top\">\n<p align=\"center\">6.500 mm<\/p>\n<\/td>\n<td valign=\"top\">\n<p align=\"center\">52 m2<\/p>\n<\/td>\n<\/tr>\n<\/tbody>\n<\/table>\n<p><em>Aufgrund der kontinuierlichen Produktentwicklung bitten wir Sie, die aktuellen Abmessungen bei uns zu erfragen. Gr\u00f6\u00dfere Abmessungen auf Anfrage.<\/em><\/p>\n<p>Fragen Sie nach den M\u00f6glichkeiten oder fordern Sie gleich ein Angebot an.<\/p>\n<\/div><\/div><div class=\"w-separator size_small\"><\/div><div class=\"w-btn-wrapper align_none\"><a class=\"w-btn us-btn-style_1 icon_atleft\" title=\"Angebot anfordern\" href=\"https:\/\/metacon-next.com\/de\/angebot-anfordern\/\"><i class=\"fas fa-chevron-right\"><\/i><span class=\"w-btn-label\">Angebot anfordern<\/span><\/a><\/div><\/div><\/div><\/div><div class=\"vc_col-sm-4 wpb_column vc_column_container\"><div class=\"vc_column-inner\"><div class=\"wpb_wrapper\"><div class=\"w-slider style_none fit_contain nav_dots count_4\"><div class=\"w-slider-h\" aria-hidden=\"true\"><div class=\"royalSlider\"><div class=\"rsContent\"><a class=\"rsImg\" data-rsw=\"600\" data-rsh=\"600\" data-rsBigImg=\"https:\/\/metacon-next.com\/de\/wp-content\/uploads\/sites\/4\/2022\/04\/iso-light-rotated.jpg\" href=\"https:\/\/metacon-next.com\/de\/wp-content\/uploads\/sites\/4\/2022\/04\/iso-light-600x600.jpg\"><span data-alt=\"\"><\/span><\/a><\/div><div class=\"rsContent\"><a class=\"rsImg\" data-rsw=\"600\" data-rsh=\"600\" data-rsBigImg=\"https:\/\/metacon-next.com\/de\/wp-content\/uploads\/sites\/4\/2021\/04\/Metacon-iso-light_03.jpg\" href=\"https:\/\/metacon-next.com\/de\/wp-content\/uploads\/sites\/4\/2021\/04\/Metacon-iso-light_03-600x600.jpg\"><span data-alt=\"\"><\/span><\/a><\/div><div class=\"rsContent\"><a class=\"rsImg\" data-rsw=\"600\" data-rsh=\"600\" data-rsBigImg=\"https:\/\/metacon-next.com\/de\/wp-content\/uploads\/sites\/4\/2021\/04\/Metacon-iso-light_01.jpg\" href=\"https:\/\/metacon-next.com\/de\/wp-content\/uploads\/sites\/4\/2021\/04\/Metacon-iso-light_01-600x600.jpg\"><span data-alt=\"\"><\/span><\/a><\/div><div class=\"rsContent\"><a class=\"rsImg\" data-rsw=\"600\" data-rsh=\"600\" data-rsBigImg=\"https:\/\/metacon-next.com\/de\/wp-content\/uploads\/sites\/4\/2021\/04\/Metacon-iso-light_02.jpg\" href=\"https:\/\/metacon-next.com\/de\/wp-content\/uploads\/sites\/4\/2021\/04\/Metacon-iso-light_02-600x600.jpg\"><span data-alt=\"\"><\/span><\/a><\/div><\/div><img decoding=\"async\" src=\"https:\/\/metacon-next.com\/de\/wp-content\/uploads\/sites\/4\/2022\/04\/iso-light-600x600.jpg\" width=\"600\" height=\"600\" alt loading=\"lazy\"><\/div><div class=\"w-slider-json\" onclick='return {&quot;autoScaleSlider&quot;:true,&quot;addActiveClass&quot;:true,&quot;loop&quot;:true,&quot;fadeInLoadedSlide&quot;:false,&quot;slidesSpacing&quot;:0,&quot;imageScalePadding&quot;:0,&quot;numImagesToPreload&quot;:2,&quot;arrowsNav&quot;:true,&quot;arrowsNavAutoHide&quot;:true,&quot;transitionType&quot;:&quot;move&quot;,&quot;transitionSpeed&quot;:250,&quot;block&quot;:{&quot;moveEffect&quot;:&quot;none&quot;,&quot;speed&quot;:300},&quot;thumbs&quot;:{&quot;fitInViewport&quot;:false,&quot;firstMargin&quot;:false,&quot;spacing&quot;:4},&quot;controlNavigation&quot;:&quot;bullets&quot;,&quot;autoplay&quot;:{&quot;enabled&quot;:true,&quot;pauseOnHover&quot;:true,&quot;delay&quot;:3000},&quot;fullscreen&quot;:{&quot;enabled&quot;:true},&quot;autoScaleSliderWidth&quot;:600,&quot;autoScaleSliderHeight&quot;:600}'><\/div><\/div><div class=\"w-separator size_small\"><\/div><div class=\"wpb_widgetised_column wpb_content_element\"><div class=\"wpb_wrapper\"><div id=\"nav_menu-4\" class=\"widget widget_nav_menu\"><h3 class=\"widgettitle\">Produkte<\/h3><div class=\"menu-producten-container\"><ul id=\"menu-producten\" class=\"menu\"><li id=\"menu-item-24830\" class=\"menu-item menu-item-type-post_type menu-item-object-page menu-item-24830\"><a href=\"https:\/\/metacon-next.com\/de\/produkte\/feuerschutz-sektionaltore\/\">Feuerschutz Sektionaltore<\/a><\/li>\n<li id=\"menu-item-24836\" class=\"menu-item menu-item-type-post_type menu-item-object-page menu-item-24836\"><a href=\"https:\/\/metacon-next.com\/de\/produkte\/stahldichte-rolllaeden\/\">Stahldichte Rolll\u00e4den<\/a><\/li>\n<li id=\"menu-item-25077\" class=\"menu-item menu-item-type-post_type menu-item-object-page menu-item-25077\"><a href=\"https:\/\/metacon-next.com\/de\/produkte\/transparente-rolllaeden\/\">Transparente Rolll\u00e4den<\/a><\/li>\n<li id=\"menu-item-24835\" class=\"menu-item menu-item-type-post_type menu-item-object-page menu-item-24835\"><a href=\"https:\/\/metacon-next.com\/de\/produkte\/rollgitter\/\">Rollgitter<\/a><\/li>\n<li id=\"menu-item-25075\" class=\"menu-item menu-item-type-post_type menu-item-object-page menu-item-25075\"><a href=\"https:\/\/metacon-next.com\/de\/produkte\/fensterrollgitter\/\">Fensterrollgitter<\/a><\/li>\n<li id=\"menu-item-25078\" class=\"menu-item menu-item-type-post_type menu-item-object-page menu-item-25078\"><a href=\"https:\/\/metacon-next.com\/de\/produkte\/isolierte-rolllaeden\/\">Isolierte Rolll\u00e4den<\/a><\/li>\n<\/ul><\/div><\/div><\/div><\/div><\/div><\/div><\/div><\/div><\/div><\/div><\/div><\/div><\/div><\/section>\n","protected":false},"excerpt":{"rendered":"ISO Light Zertifizierung CE-Kennzeichnung gem\u00e4\u00df EN 13241 Anmeldung geeignet f\u00fcr Innen-\/Au\u00dfen (bis Windklasse 3) Installation am und im Tag\/bei der Er\u00f6ffnung m\u00f6glich Standard Rohrmotor 230 V, geeignet f\u00fcr max. 8 Bewegungen pro Tag. Aufsteckmotor 400 V inkl. Schaltkasten, f\u00fcr h\u00e4ufigeren Einsatz . doppelwandige, isolierte Stahlpanzerung, kugelf\u00f6rmige Lamellen, Dicke 23 mm, H\u00f6he 100 mm Optionen Verzinkter...","protected":false},"author":1,"featured_media":25351,"parent":23580,"menu_order":0,"comment_status":"closed","ping_status":"closed","template":"","meta":{"footnotes":""},"class_list":["post-25045","page","type-page","status-publish","has-post-thumbnail","hentry"],"yoast_head":"<!-- This site is optimized with the Yoast SEO plugin v27.3 - https:\/\/yoast.com\/product\/yoast-seo-wordpress\/ -->\n<title>Isolierte Rolll\u00e4den | Metacon Next<\/title>\n<meta name=\"description\" content=\"Entdecken Sie isolierte Rolll\u00e4den von Metacon Next f\u00fcr industrielle und kritische Anwendungen mit Fokus auf Sicherheit und D\u00e4mmung.\" \/>\n<meta name=\"robots\" content=\"index, follow, max-snippet:-1, max-image-preview:large, max-video-preview:-1\" \/>\n<link rel=\"canonical\" href=\"https:\/\/metacon-next.com\/de\/produkte\/isolierte-rolllaeden\/\" \/>\n<meta property=\"og:locale\" content=\"de_DE\" \/>\n<meta property=\"og:type\" content=\"article\" \/>\n<meta property=\"og:title\" content=\"Isolierte Rolll\u00e4den | Metacon Next\" \/>\n<meta property=\"og:description\" content=\"Entdecken Sie isolierte Rolll\u00e4den von Metacon Next f\u00fcr industrielle und kritische Anwendungen mit Fokus auf Sicherheit und D\u00e4mmung.\" \/>\n<meta property=\"og:url\" content=\"https:\/\/metacon-next.com\/de\/produkte\/isolierte-rolllaeden\/\" \/>\n<meta property=\"og:site_name\" content=\"Metacon-Next\" \/>\n<meta property=\"article:modified_time\" content=\"2025-12-17T13:09:44+00:00\" \/>\n<meta property=\"og:image\" content=\"https:\/\/metacon-next.com\/de\/wp-content\/uploads\/sites\/4\/2022\/04\/iso-light-rotated.jpg\" \/>\n\t<meta property=\"og:image:width\" content=\"670\" \/>\n\t<meta property=\"og:image:height\" content=\"848\" \/>\n\t<meta property=\"og:image:type\" content=\"image\/jpeg\" \/>\n<meta name=\"twitter:card\" content=\"summary_large_image\" \/>\n<meta name=\"twitter:label1\" content=\"Gesch\u00e4tzte Lesezeit\" \/>\n\t<meta name=\"twitter:data1\" content=\"2\u00a0Minuten\" \/>\n<script type=\"application\/ld+json\" class=\"yoast-schema-graph\">{\"@context\":\"https:\\\/\\\/schema.org\",\"@graph\":[{\"@type\":\"WebPage\",\"@id\":\"https:\\\/\\\/metacon-next.com\\\/de\\\/produkte\\\/isolierte-rolllaeden\\\/\",\"url\":\"https:\\\/\\\/metacon-next.com\\\/de\\\/produkte\\\/isolierte-rolllaeden\\\/\",\"name\":\"Isolierte Rolll\u00e4den | Metacon Next\",\"isPartOf\":{\"@id\":\"https:\\\/\\\/metacon-next.com\\\/de\\\/#website\"},\"primaryImageOfPage\":{\"@id\":\"https:\\\/\\\/metacon-next.com\\\/de\\\/produkte\\\/isolierte-rolllaeden\\\/#primaryimage\"},\"image\":{\"@id\":\"https:\\\/\\\/metacon-next.com\\\/de\\\/produkte\\\/isolierte-rolllaeden\\\/#primaryimage\"},\"thumbnailUrl\":\"https:\\\/\\\/metacon-next.com\\\/de\\\/wp-content\\\/uploads\\\/sites\\\/4\\\/2022\\\/04\\\/iso-light-rotated.jpg\",\"datePublished\":\"2021-04-07T14:24:29+00:00\",\"dateModified\":\"2025-12-17T13:09:44+00:00\",\"description\":\"Entdecken Sie isolierte Rolll\u00e4den von Metacon Next f\u00fcr industrielle und kritische Anwendungen mit Fokus auf Sicherheit und D\u00e4mmung.\",\"breadcrumb\":{\"@id\":\"https:\\\/\\\/metacon-next.com\\\/de\\\/produkte\\\/isolierte-rolllaeden\\\/#breadcrumb\"},\"inLanguage\":\"de\",\"potentialAction\":[{\"@type\":\"ReadAction\",\"target\":[\"https:\\\/\\\/metacon-next.com\\\/de\\\/produkte\\\/isolierte-rolllaeden\\\/\"]}]},{\"@type\":\"ImageObject\",\"inLanguage\":\"de\",\"@id\":\"https:\\\/\\\/metacon-next.com\\\/de\\\/produkte\\\/isolierte-rolllaeden\\\/#primaryimage\",\"url\":\"https:\\\/\\\/metacon-next.com\\\/de\\\/wp-content\\\/uploads\\\/sites\\\/4\\\/2022\\\/04\\\/iso-light-rotated.jpg\",\"contentUrl\":\"https:\\\/\\\/metacon-next.com\\\/de\\\/wp-content\\\/uploads\\\/sites\\\/4\\\/2022\\\/04\\\/iso-light-rotated.jpg\",\"width\":670,\"height\":848},{\"@type\":\"BreadcrumbList\",\"@id\":\"https:\\\/\\\/metacon-next.com\\\/de\\\/produkte\\\/isolierte-rolllaeden\\\/#breadcrumb\",\"itemListElement\":[{\"@type\":\"ListItem\",\"position\":1,\"name\":\"Startseite\",\"item\":\"https:\\\/\\\/metacon-next.com\\\/de\\\/\"},{\"@type\":\"ListItem\",\"position\":2,\"name\":\"Produkte\",\"item\":\"https:\\\/\\\/metacon-next.com\\\/de\\\/produkte\\\/\"},{\"@type\":\"ListItem\",\"position\":3,\"name\":\"Isolierte Rolll\u00e4den\"}]},{\"@type\":\"WebSite\",\"@id\":\"https:\\\/\\\/metacon-next.com\\\/de\\\/#website\",\"url\":\"https:\\\/\\\/metacon-next.com\\\/de\\\/\",\"name\":\"Metacon-Next\",\"description\":\"\",\"publisher\":{\"@id\":\"https:\\\/\\\/metacon-next.com\\\/de\\\/#organization\"},\"potentialAction\":[{\"@type\":\"SearchAction\",\"target\":{\"@type\":\"EntryPoint\",\"urlTemplate\":\"https:\\\/\\\/metacon-next.com\\\/de\\\/?s={search_term_string}\"},\"query-input\":{\"@type\":\"PropertyValueSpecification\",\"valueRequired\":true,\"valueName\":\"search_term_string\"}}],\"inLanguage\":\"de\"},{\"@type\":\"Organization\",\"@id\":\"https:\\\/\\\/metacon-next.com\\\/de\\\/#organization\",\"name\":\"Metacon-Next\",\"url\":\"https:\\\/\\\/metacon-next.com\\\/de\\\/\",\"logo\":{\"@type\":\"ImageObject\",\"inLanguage\":\"de\",\"@id\":\"https:\\\/\\\/metacon-next.com\\\/de\\\/#\\\/schema\\\/logo\\\/image\\\/\",\"url\":\"https:\\\/\\\/metacon-next.com\\\/de\\\/wp-content\\\/uploads\\\/sites\\\/4\\\/2021\\\/01\\\/metacon_next_logo.png\",\"contentUrl\":\"https:\\\/\\\/metacon-next.com\\\/de\\\/wp-content\\\/uploads\\\/sites\\\/4\\\/2021\\\/01\\\/metacon_next_logo.png\",\"width\":1111,\"height\":300,\"caption\":\"Metacon-Next\"},\"image\":{\"@id\":\"https:\\\/\\\/metacon-next.com\\\/de\\\/#\\\/schema\\\/logo\\\/image\\\/\"}}]}<\/script>\n<!-- \/ Yoast SEO plugin. -->","yoast_head_json":{"title":"Isolierte Rolll\u00e4den | Metacon Next","description":"Entdecken Sie isolierte Rolll\u00e4den von Metacon Next f\u00fcr industrielle und kritische Anwendungen mit Fokus auf Sicherheit und D\u00e4mmung.","robots":{"index":"index","follow":"follow","max-snippet":"max-snippet:-1","max-image-preview":"max-image-preview:large","max-video-preview":"max-video-preview:-1"},"canonical":"https:\/\/metacon-next.com\/de\/produkte\/isolierte-rolllaeden\/","og_locale":"de_DE","og_type":"article","og_title":"Isolierte Rolll\u00e4den | Metacon Next","og_description":"Entdecken Sie isolierte Rolll\u00e4den von Metacon Next f\u00fcr industrielle und kritische Anwendungen mit Fokus auf Sicherheit und D\u00e4mmung.","og_url":"https:\/\/metacon-next.com\/de\/produkte\/isolierte-rolllaeden\/","og_site_name":"Metacon-Next","article_modified_time":"2025-12-17T13:09:44+00:00","og_image":[{"width":670,"height":848,"url":"https:\/\/metacon-next.com\/de\/wp-content\/uploads\/sites\/4\/2022\/04\/iso-light-rotated.jpg","type":"image\/jpeg"}],"twitter_card":"summary_large_image","twitter_misc":{"Gesch\u00e4tzte Lesezeit":"2\u00a0Minuten"},"schema":{"@context":"https:\/\/schema.org","@graph":[{"@type":"WebPage","@id":"https:\/\/metacon-next.com\/de\/produkte\/isolierte-rolllaeden\/","url":"https:\/\/metacon-next.com\/de\/produkte\/isolierte-rolllaeden\/","name":"Isolierte Rolll\u00e4den | Metacon Next","isPartOf":{"@id":"https:\/\/metacon-next.com\/de\/#website"},"primaryImageOfPage":{"@id":"https:\/\/metacon-next.com\/de\/produkte\/isolierte-rolllaeden\/#primaryimage"},"image":{"@id":"https:\/\/metacon-next.com\/de\/produkte\/isolierte-rolllaeden\/#primaryimage"},"thumbnailUrl":"https:\/\/metacon-next.com\/de\/wp-content\/uploads\/sites\/4\/2022\/04\/iso-light-rotated.jpg","datePublished":"2021-04-07T14:24:29+00:00","dateModified":"2025-12-17T13:09:44+00:00","description":"Entdecken Sie isolierte Rolll\u00e4den von Metacon Next f\u00fcr industrielle und kritische Anwendungen mit Fokus auf Sicherheit und D\u00e4mmung.","breadcrumb":{"@id":"https:\/\/metacon-next.com\/de\/produkte\/isolierte-rolllaeden\/#breadcrumb"},"inLanguage":"de","potentialAction":[{"@type":"ReadAction","target":["https:\/\/metacon-next.com\/de\/produkte\/isolierte-rolllaeden\/"]}]},{"@type":"ImageObject","inLanguage":"de","@id":"https:\/\/metacon-next.com\/de\/produkte\/isolierte-rolllaeden\/#primaryimage","url":"https:\/\/metacon-next.com\/de\/wp-content\/uploads\/sites\/4\/2022\/04\/iso-light-rotated.jpg","contentUrl":"https:\/\/metacon-next.com\/de\/wp-content\/uploads\/sites\/4\/2022\/04\/iso-light-rotated.jpg","width":670,"height":848},{"@type":"BreadcrumbList","@id":"https:\/\/metacon-next.com\/de\/produkte\/isolierte-rolllaeden\/#breadcrumb","itemListElement":[{"@type":"ListItem","position":1,"name":"Startseite","item":"https:\/\/metacon-next.com\/de\/"},{"@type":"ListItem","position":2,"name":"Produkte","item":"https:\/\/metacon-next.com\/de\/produkte\/"},{"@type":"ListItem","position":3,"name":"Isolierte Rolll\u00e4den"}]},{"@type":"WebSite","@id":"https:\/\/metacon-next.com\/de\/#website","url":"https:\/\/metacon-next.com\/de\/","name":"Metacon-Next","description":"","publisher":{"@id":"https:\/\/metacon-next.com\/de\/#organization"},"potentialAction":[{"@type":"SearchAction","target":{"@type":"EntryPoint","urlTemplate":"https:\/\/metacon-next.com\/de\/?s={search_term_string}"},"query-input":{"@type":"PropertyValueSpecification","valueRequired":true,"valueName":"search_term_string"}}],"inLanguage":"de"},{"@type":"Organization","@id":"https:\/\/metacon-next.com\/de\/#organization","name":"Metacon-Next","url":"https:\/\/metacon-next.com\/de\/","logo":{"@type":"ImageObject","inLanguage":"de","@id":"https:\/\/metacon-next.com\/de\/#\/schema\/logo\/image\/","url":"https:\/\/metacon-next.com\/de\/wp-content\/uploads\/sites\/4\/2021\/01\/metacon_next_logo.png","contentUrl":"https:\/\/metacon-next.com\/de\/wp-content\/uploads\/sites\/4\/2021\/01\/metacon_next_logo.png","width":1111,"height":300,"caption":"Metacon-Next"},"image":{"@id":"https:\/\/metacon-next.com\/de\/#\/schema\/logo\/image\/"}}]}},"_links":{"self":[{"href":"https:\/\/metacon-next.com\/de\/wp-json\/wp\/v2\/pages\/25045","targetHints":{"allow":["GET"]}}],"collection":[{"href":"https:\/\/metacon-next.com\/de\/wp-json\/wp\/v2\/pages"}],"about":[{"href":"https:\/\/metacon-next.com\/de\/wp-json\/wp\/v2\/types\/page"}],"author":[{"embeddable":true,"href":"https:\/\/metacon-next.com\/de\/wp-json\/wp\/v2\/users\/1"}],"replies":[{"embeddable":true,"href":"https:\/\/metacon-next.com\/de\/wp-json\/wp\/v2\/comments?post=25045"}],"version-history":[{"count":4,"href":"https:\/\/metacon-next.com\/de\/wp-json\/wp\/v2\/pages\/25045\/revisions"}],"predecessor-version":[{"id":25352,"href":"https:\/\/metacon-next.com\/de\/wp-json\/wp\/v2\/pages\/25045\/revisions\/25352"}],"up":[{"embeddable":true,"href":"https:\/\/metacon-next.com\/de\/wp-json\/wp\/v2\/pages\/23580"}],"wp:featuredmedia":[{"embeddable":true,"href":"https:\/\/metacon-next.com\/de\/wp-json\/wp\/v2\/media\/25351"}],"wp:attachment":[{"href":"https:\/\/metacon-next.com\/de\/wp-json\/wp\/v2\/media?parent=25045"}],"curies":[{"name":"wp","href":"https:\/\/api.w.org\/{rel}","templated":true}]}}