{"id":25053,"date":"2021-04-07T16:27:02","date_gmt":"2021-04-07T14:27:02","guid":{"rendered":"https:\/\/metacon-next.com\/de\/?page_id=25053"},"modified":"2025-12-17T14:08:57","modified_gmt":"2025-12-17T13:08:57","slug":"transparente-rolllaeden","status":"publish","type":"page","link":"https:\/\/metacon-next.com\/de\/produkte\/transparente-rolllaeden\/","title":{"rendered":"Transparente Rolll\u00e4den"},"content":{"rendered":"<section class=\"l-section wpb_row height_small\"><div class=\"l-section-h i-cf\"><div class=\"g-cols vc_row via_flex valign_top type_default stacking_default\"><div class=\"vc_col-sm-12 wpb_column vc_column_container\"><div class=\"vc_column-inner\"><div class=\"wpb_wrapper\"><div class=\"g-cols wpb_row via_flex valign_top type_default stacking_default\" style=\"--additional-gap:30;\"><div class=\"vc_col-sm-8 wpb_column vc_column_container\"><div class=\"vc_column-inner\"><div class=\"wpb_wrapper\"><div class=\"wpb_text_column\"><div class=\"wpb_wrapper\"><h2>TRANS-S &amp; TRANS-Q<\/h2>\n<p><strong>Zertifizierung<\/strong><\/p>\n<ul>\n<li>CE-Kennzeichnung gem\u00e4\u00df EN 13241<\/li>\n<\/ul>\n<p><strong>Anmeldung<\/strong><\/p>\n<ul>\n<li>geeignet f\u00fcr den Innen- und Au\u00dfenbereich (bis Windklasse 5)<\/li>\n<\/ul>\n<p><strong>Standard<\/strong><\/p>\n<ul>\n<li>Rohrmotor 230 V inkl. Schaltkasten, geeignet f\u00fcr max. 8 Bewegungen pro Tag<\/li>\n<li>Abdeckung aus transparenten Polycarbonatplatten mit einer Dicke von 5 mm (Typ TRANS-S) oder 6 mm (Typ TRANS-Q)<\/li>\n<li>Visuelle \u00dcbertragung 85%<\/li>\n<li>Paneell\u00e4nge max. 3.000mm, verbunden durch Aluminium-Zwischenprofile<\/li>\n<li>Paneelh\u00f6he variiert je nach Rollladen-Abmessungen<\/li>\n<\/ul>\n<p><strong>Optionen<\/strong><\/p>\n<ul>\n<li>Einbruchsicherheitsklasse WK 3 gem\u00e4\u00df NEN 5096<\/li>\n<li>Einbruchhemmung Klasse RC 3 nach EN 1627 (Typ TRANS-Q)<\/li>\n<li>Frontbeh\u00e4lter, Deckel und R\u00fcckwand aus verzinktem Stahl<\/li>\n<li>Verzinkte Stahlteile pulverbeschichtet in einer RAL-Farbe nach Wahl<\/li>\n<li>R\u00fcstung in kratzfester Qualit\u00e4t<\/li>\n<li>Paneele in wei\u00dfer, opaler oder rauchfarbener Ausf\u00fchrung<\/li>\n<li>Schl\u00fcsselschalter<\/li>\n<\/ul>\n<table cellspacing=\"0\" cellpadding=\"0\">\n<tbody>\n<tr>\n<td valign=\"top\">\n<p align=\"center\"><strong>Typ<\/strong><\/p>\n<\/td>\n<td valign=\"top\">\n<p align=\"center\"><strong>Antriebsart<\/strong><\/p>\n<\/td>\n<td valign=\"top\">\n<p align=\"center\"><strong>max. Breite<\/strong><\/p>\n<\/td>\n<td valign=\"top\">\n<p align=\"center\"><strong>max. H\u00f6he<\/strong><\/p>\n<\/td>\n<td valign=\"top\">\n<p align=\"center\"><strong>max. \u00d6ffnung<\/strong><\/p>\n<\/td>\n<\/tr>\n<tr>\n<td valign=\"top\">\n<p align=\"center\">TRANS-S<\/p>\n<\/td>\n<td valign=\"top\">\n<p align=\"center\">Rohrmotor<\/p>\n<\/td>\n<td valign=\"top\">\n<p align=\"center\">6.750 mm<\/p>\n<\/td>\n<td valign=\"top\">\n<p align=\"center\">6.500 mm<\/p>\n<\/td>\n<td valign=\"top\">\n<p align=\"center\">43,875 m2<\/p>\n<\/td>\n<\/tr>\n<tr>\n<td valign=\"top\">\n<p align=\"center\">TRANS-Q<\/p>\n<\/td>\n<td valign=\"top\">\n<p align=\"center\">Rohrmotor<\/p>\n<\/td>\n<td valign=\"top\">\n<p align=\"center\">8.000 mm<\/p>\n<\/td>\n<td valign=\"top\">\n<p align=\"center\">6.500 mm<\/p>\n<\/td>\n<td valign=\"top\">\n<p align=\"center\">\u00b1 30 m2<\/p>\n<\/td>\n<\/tr>\n<\/tbody>\n<\/table>\n<p><em>Aufgrund der kontinuierlichen Produktentwicklung bitten wir Sie, die tats\u00e4chlichen Abmessungen bei uns zu erfragen. Gr\u00f6\u00dfere Abmessungen auf Anfrage.<\/em><\/p>\n<p>Fragen Sie nach den M\u00f6glichkeiten oder fordern Sie gleich ein Angebot an.<\/p>\n<\/div><\/div><div class=\"w-separator size_small\"><\/div><div class=\"w-btn-wrapper align_none\"><a class=\"w-btn us-btn-style_1 icon_atleft\" title=\"Angebot anfordern\" href=\"https:\/\/metacon-next.com\/de\/angebot-anfordern\/\"><i class=\"fas fa-chevron-right\"><\/i><span class=\"w-btn-label\">Angebot anfordern<\/span><\/a><\/div><\/div><\/div><\/div><div class=\"vc_col-sm-4 wpb_column vc_column_container\"><div class=\"vc_column-inner\"><div class=\"wpb_wrapper\"><div class=\"w-slider style_none fit_contain nav_dots count_2\"><div class=\"w-slider-h\" aria-hidden=\"true\"><div class=\"royalSlider\"><div class=\"rsContent\"><a class=\"rsImg\" data-rsw=\"600\" data-rsh=\"417\" data-rsBigImg=\"https:\/\/metacon-next.com\/de\/wp-content\/uploads\/sites\/4\/2022\/04\/transq.jpg\" href=\"https:\/\/metacon-next.com\/de\/wp-content\/uploads\/sites\/4\/2022\/04\/transq-600x417.jpg\"><span data-alt=\"\"><\/span><\/a><\/div><div class=\"rsContent\"><a class=\"rsImg\" data-rsw=\"500\" data-rsh=\"500\" data-rsBigImg=\"https:\/\/metacon-next.com\/de\/wp-content\/uploads\/sites\/4\/2021\/04\/Metacon-trans-type-q_01-hoofdfoto.jpg\" href=\"https:\/\/metacon-next.com\/de\/wp-content\/uploads\/sites\/4\/2021\/04\/Metacon-trans-type-q_01-hoofdfoto.jpg\"><span data-alt=\"\"><\/span><\/a><\/div><\/div><img decoding=\"async\" src=\"https:\/\/metacon-next.com\/de\/wp-content\/uploads\/sites\/4\/2022\/04\/transq-600x417.jpg\" width=\"600\" height=\"417\" alt loading=\"lazy\"><\/div><div class=\"w-slider-json\" onclick='return {&quot;autoScaleSlider&quot;:true,&quot;addActiveClass&quot;:true,&quot;loop&quot;:true,&quot;fadeInLoadedSlide&quot;:false,&quot;slidesSpacing&quot;:0,&quot;imageScalePadding&quot;:0,&quot;numImagesToPreload&quot;:2,&quot;arrowsNav&quot;:true,&quot;arrowsNavAutoHide&quot;:true,&quot;transitionType&quot;:&quot;move&quot;,&quot;transitionSpeed&quot;:250,&quot;block&quot;:{&quot;moveEffect&quot;:&quot;none&quot;,&quot;speed&quot;:300},&quot;thumbs&quot;:{&quot;fitInViewport&quot;:false,&quot;firstMargin&quot;:false,&quot;spacing&quot;:4},&quot;controlNavigation&quot;:&quot;bullets&quot;,&quot;autoplay&quot;:{&quot;enabled&quot;:true,&quot;pauseOnHover&quot;:true,&quot;delay&quot;:3000},&quot;fullscreen&quot;:{&quot;enabled&quot;:true},&quot;autoScaleSliderWidth&quot;:600,&quot;autoScaleSliderHeight&quot;:417}'><\/div><\/div><div class=\"w-separator size_small\"><\/div><div class=\"wpb_widgetised_column wpb_content_element\"><div class=\"wpb_wrapper\"><div id=\"nav_menu-4\" class=\"widget widget_nav_menu\"><h3 class=\"widgettitle\">Produkte<\/h3><div class=\"menu-producten-container\"><ul id=\"menu-producten\" class=\"menu\"><li id=\"menu-item-24830\" class=\"menu-item menu-item-type-post_type menu-item-object-page menu-item-24830\"><a href=\"https:\/\/metacon-next.com\/de\/produkte\/feuerschutz-sektionaltore\/\">Feuerschutz Sektionaltore<\/a><\/li>\n<li id=\"menu-item-24836\" class=\"menu-item menu-item-type-post_type menu-item-object-page menu-item-24836\"><a href=\"https:\/\/metacon-next.com\/de\/produkte\/stahldichte-rolllaeden\/\">Stahldichte Rolll\u00e4den<\/a><\/li>\n<li id=\"menu-item-25077\" class=\"menu-item menu-item-type-post_type menu-item-object-page menu-item-25077\"><a href=\"https:\/\/metacon-next.com\/de\/produkte\/transparente-rolllaeden\/\">Transparente Rolll\u00e4den<\/a><\/li>\n<li id=\"menu-item-24835\" class=\"menu-item menu-item-type-post_type menu-item-object-page menu-item-24835\"><a href=\"https:\/\/metacon-next.com\/de\/produkte\/rollgitter\/\">Rollgitter<\/a><\/li>\n<li id=\"menu-item-25075\" class=\"menu-item menu-item-type-post_type menu-item-object-page menu-item-25075\"><a href=\"https:\/\/metacon-next.com\/de\/produkte\/fensterrollgitter\/\">Fensterrollgitter<\/a><\/li>\n<li id=\"menu-item-25078\" class=\"menu-item menu-item-type-post_type menu-item-object-page menu-item-25078\"><a href=\"https:\/\/metacon-next.com\/de\/produkte\/isolierte-rolllaeden\/\">Isolierte Rolll\u00e4den<\/a><\/li>\n<\/ul><\/div><\/div><\/div><\/div><\/div><\/div><\/div><\/div><\/div><\/div><\/div><\/div><\/div><\/section>\n","protected":false},"excerpt":{"rendered":"TRANS-S &amp; TRANS-Q Zertifizierung CE-Kennzeichnung gem\u00e4\u00df EN 13241 Anmeldung geeignet f\u00fcr den Innen- und Au\u00dfenbereich (bis Windklasse 5) Standard Rohrmotor 230 V inkl. Schaltkasten, geeignet f\u00fcr max. 8 Bewegungen pro Tag Abdeckung aus transparenten Polycarbonatplatten mit einer Dicke von 5 mm (Typ TRANS-S) oder 6 mm (Typ TRANS-Q) Visuelle \u00dcbertragung 85% Paneell\u00e4nge max. 3.000mm, verbunden...","protected":false},"author":1,"featured_media":25343,"parent":23580,"menu_order":0,"comment_status":"closed","ping_status":"closed","template":"","meta":{"footnotes":""},"class_list":["post-25053","page","type-page","status-publish","has-post-thumbnail","hentry"],"yoast_head":"<!-- This site is optimized with the Yoast SEO plugin v27.4 - https:\/\/yoast.com\/product\/yoast-seo-wordpress\/ -->\n<title>Transparente Rolll\u00e4den | Metacon Next<\/title>\n<meta name=\"description\" content=\"Entdecken Sie transparente Rolll\u00e4den von Metacon Next f\u00fcr industrielle und kritische Anwendungen mit Fokus auf Sicherheit und Sichtbarkeit.\" \/>\n<meta name=\"robots\" content=\"index, follow, max-snippet:-1, max-image-preview:large, max-video-preview:-1\" \/>\n<link rel=\"canonical\" href=\"https:\/\/metacon-next.com\/de\/produkte\/transparente-rolllaeden\/\" \/>\n<meta property=\"og:locale\" content=\"de_DE\" \/>\n<meta property=\"og:type\" content=\"article\" \/>\n<meta property=\"og:title\" content=\"Transparente Rolll\u00e4den | Metacon Next\" \/>\n<meta property=\"og:description\" content=\"Entdecken Sie transparente Rolll\u00e4den von Metacon Next f\u00fcr industrielle und kritische Anwendungen mit Fokus auf Sicherheit und Sichtbarkeit.\" \/>\n<meta property=\"og:url\" content=\"https:\/\/metacon-next.com\/de\/produkte\/transparente-rolllaeden\/\" \/>\n<meta property=\"og:site_name\" content=\"Metacon-Next\" \/>\n<meta property=\"article:modified_time\" content=\"2025-12-17T13:08:57+00:00\" \/>\n<meta property=\"og:image\" content=\"https:\/\/metacon-next.com\/de\/wp-content\/uploads\/sites\/4\/2022\/04\/transq.jpg\" \/>\n\t<meta property=\"og:image:width\" content=\"674\" \/>\n\t<meta property=\"og:image:height\" content=\"417\" \/>\n\t<meta property=\"og:image:type\" content=\"image\/jpeg\" \/>\n<meta name=\"twitter:card\" content=\"summary_large_image\" \/>\n<meta name=\"twitter:label1\" content=\"Gesch\u00e4tzte Lesezeit\" \/>\n\t<meta name=\"twitter:data1\" content=\"2\u00a0Minuten\" \/>\n<script type=\"application\/ld+json\" class=\"yoast-schema-graph\">{\"@context\":\"https:\\\/\\\/schema.org\",\"@graph\":[{\"@type\":\"WebPage\",\"@id\":\"https:\\\/\\\/metacon-next.com\\\/de\\\/produkte\\\/transparente-rolllaeden\\\/\",\"url\":\"https:\\\/\\\/metacon-next.com\\\/de\\\/produkte\\\/transparente-rolllaeden\\\/\",\"name\":\"Transparente Rolll\u00e4den | Metacon Next\",\"isPartOf\":{\"@id\":\"https:\\\/\\\/metacon-next.com\\\/de\\\/#website\"},\"primaryImageOfPage\":{\"@id\":\"https:\\\/\\\/metacon-next.com\\\/de\\\/produkte\\\/transparente-rolllaeden\\\/#primaryimage\"},\"image\":{\"@id\":\"https:\\\/\\\/metacon-next.com\\\/de\\\/produkte\\\/transparente-rolllaeden\\\/#primaryimage\"},\"thumbnailUrl\":\"https:\\\/\\\/metacon-next.com\\\/de\\\/wp-content\\\/uploads\\\/sites\\\/4\\\/2022\\\/04\\\/transq.jpg\",\"datePublished\":\"2021-04-07T14:27:02+00:00\",\"dateModified\":\"2025-12-17T13:08:57+00:00\",\"description\":\"Entdecken Sie transparente Rolll\u00e4den von Metacon Next f\u00fcr industrielle und kritische Anwendungen mit Fokus auf Sicherheit und Sichtbarkeit.\",\"breadcrumb\":{\"@id\":\"https:\\\/\\\/metacon-next.com\\\/de\\\/produkte\\\/transparente-rolllaeden\\\/#breadcrumb\"},\"inLanguage\":\"de\",\"potentialAction\":[{\"@type\":\"ReadAction\",\"target\":[\"https:\\\/\\\/metacon-next.com\\\/de\\\/produkte\\\/transparente-rolllaeden\\\/\"]}]},{\"@type\":\"ImageObject\",\"inLanguage\":\"de\",\"@id\":\"https:\\\/\\\/metacon-next.com\\\/de\\\/produkte\\\/transparente-rolllaeden\\\/#primaryimage\",\"url\":\"https:\\\/\\\/metacon-next.com\\\/de\\\/wp-content\\\/uploads\\\/sites\\\/4\\\/2022\\\/04\\\/transq.jpg\",\"contentUrl\":\"https:\\\/\\\/metacon-next.com\\\/de\\\/wp-content\\\/uploads\\\/sites\\\/4\\\/2022\\\/04\\\/transq.jpg\",\"width\":674,\"height\":417},{\"@type\":\"BreadcrumbList\",\"@id\":\"https:\\\/\\\/metacon-next.com\\\/de\\\/produkte\\\/transparente-rolllaeden\\\/#breadcrumb\",\"itemListElement\":[{\"@type\":\"ListItem\",\"position\":1,\"name\":\"Startseite\",\"item\":\"https:\\\/\\\/metacon-next.com\\\/de\\\/\"},{\"@type\":\"ListItem\",\"position\":2,\"name\":\"Produkte\",\"item\":\"https:\\\/\\\/metacon-next.com\\\/de\\\/produkte\\\/\"},{\"@type\":\"ListItem\",\"position\":3,\"name\":\"Transparente Rolll\u00e4den\"}]},{\"@type\":\"WebSite\",\"@id\":\"https:\\\/\\\/metacon-next.com\\\/de\\\/#website\",\"url\":\"https:\\\/\\\/metacon-next.com\\\/de\\\/\",\"name\":\"Metacon-Next\",\"description\":\"\",\"publisher\":{\"@id\":\"https:\\\/\\\/metacon-next.com\\\/de\\\/#organization\"},\"potentialAction\":[{\"@type\":\"SearchAction\",\"target\":{\"@type\":\"EntryPoint\",\"urlTemplate\":\"https:\\\/\\\/metacon-next.com\\\/de\\\/?s={search_term_string}\"},\"query-input\":{\"@type\":\"PropertyValueSpecification\",\"valueRequired\":true,\"valueName\":\"search_term_string\"}}],\"inLanguage\":\"de\"},{\"@type\":\"Organization\",\"@id\":\"https:\\\/\\\/metacon-next.com\\\/de\\\/#organization\",\"name\":\"Metacon-Next\",\"url\":\"https:\\\/\\\/metacon-next.com\\\/de\\\/\",\"logo\":{\"@type\":\"ImageObject\",\"inLanguage\":\"de\",\"@id\":\"https:\\\/\\\/metacon-next.com\\\/de\\\/#\\\/schema\\\/logo\\\/image\\\/\",\"url\":\"https:\\\/\\\/metacon-next.com\\\/de\\\/wp-content\\\/uploads\\\/sites\\\/4\\\/2021\\\/01\\\/metacon_next_logo.png\",\"contentUrl\":\"https:\\\/\\\/metacon-next.com\\\/de\\\/wp-content\\\/uploads\\\/sites\\\/4\\\/2021\\\/01\\\/metacon_next_logo.png\",\"width\":1111,\"height\":300,\"caption\":\"Metacon-Next\"},\"image\":{\"@id\":\"https:\\\/\\\/metacon-next.com\\\/de\\\/#\\\/schema\\\/logo\\\/image\\\/\"}}]}<\/script>\n<!-- \/ Yoast SEO plugin. -->","yoast_head_json":{"title":"Transparente Rolll\u00e4den | Metacon Next","description":"Entdecken Sie transparente Rolll\u00e4den von Metacon Next f\u00fcr industrielle und kritische Anwendungen mit Fokus auf Sicherheit und Sichtbarkeit.","robots":{"index":"index","follow":"follow","max-snippet":"max-snippet:-1","max-image-preview":"max-image-preview:large","max-video-preview":"max-video-preview:-1"},"canonical":"https:\/\/metacon-next.com\/de\/produkte\/transparente-rolllaeden\/","og_locale":"de_DE","og_type":"article","og_title":"Transparente Rolll\u00e4den | Metacon Next","og_description":"Entdecken Sie transparente Rolll\u00e4den von Metacon Next f\u00fcr industrielle und kritische Anwendungen mit Fokus auf Sicherheit und Sichtbarkeit.","og_url":"https:\/\/metacon-next.com\/de\/produkte\/transparente-rolllaeden\/","og_site_name":"Metacon-Next","article_modified_time":"2025-12-17T13:08:57+00:00","og_image":[{"width":674,"height":417,"url":"https:\/\/metacon-next.com\/de\/wp-content\/uploads\/sites\/4\/2022\/04\/transq.jpg","type":"image\/jpeg"}],"twitter_card":"summary_large_image","twitter_misc":{"Gesch\u00e4tzte Lesezeit":"2\u00a0Minuten"},"schema":{"@context":"https:\/\/schema.org","@graph":[{"@type":"WebPage","@id":"https:\/\/metacon-next.com\/de\/produkte\/transparente-rolllaeden\/","url":"https:\/\/metacon-next.com\/de\/produkte\/transparente-rolllaeden\/","name":"Transparente Rolll\u00e4den | Metacon Next","isPartOf":{"@id":"https:\/\/metacon-next.com\/de\/#website"},"primaryImageOfPage":{"@id":"https:\/\/metacon-next.com\/de\/produkte\/transparente-rolllaeden\/#primaryimage"},"image":{"@id":"https:\/\/metacon-next.com\/de\/produkte\/transparente-rolllaeden\/#primaryimage"},"thumbnailUrl":"https:\/\/metacon-next.com\/de\/wp-content\/uploads\/sites\/4\/2022\/04\/transq.jpg","datePublished":"2021-04-07T14:27:02+00:00","dateModified":"2025-12-17T13:08:57+00:00","description":"Entdecken Sie transparente Rolll\u00e4den von Metacon Next f\u00fcr industrielle und kritische Anwendungen mit Fokus auf Sicherheit und Sichtbarkeit.","breadcrumb":{"@id":"https:\/\/metacon-next.com\/de\/produkte\/transparente-rolllaeden\/#breadcrumb"},"inLanguage":"de","potentialAction":[{"@type":"ReadAction","target":["https:\/\/metacon-next.com\/de\/produkte\/transparente-rolllaeden\/"]}]},{"@type":"ImageObject","inLanguage":"de","@id":"https:\/\/metacon-next.com\/de\/produkte\/transparente-rolllaeden\/#primaryimage","url":"https:\/\/metacon-next.com\/de\/wp-content\/uploads\/sites\/4\/2022\/04\/transq.jpg","contentUrl":"https:\/\/metacon-next.com\/de\/wp-content\/uploads\/sites\/4\/2022\/04\/transq.jpg","width":674,"height":417},{"@type":"BreadcrumbList","@id":"https:\/\/metacon-next.com\/de\/produkte\/transparente-rolllaeden\/#breadcrumb","itemListElement":[{"@type":"ListItem","position":1,"name":"Startseite","item":"https:\/\/metacon-next.com\/de\/"},{"@type":"ListItem","position":2,"name":"Produkte","item":"https:\/\/metacon-next.com\/de\/produkte\/"},{"@type":"ListItem","position":3,"name":"Transparente Rolll\u00e4den"}]},{"@type":"WebSite","@id":"https:\/\/metacon-next.com\/de\/#website","url":"https:\/\/metacon-next.com\/de\/","name":"Metacon-Next","description":"","publisher":{"@id":"https:\/\/metacon-next.com\/de\/#organization"},"potentialAction":[{"@type":"SearchAction","target":{"@type":"EntryPoint","urlTemplate":"https:\/\/metacon-next.com\/de\/?s={search_term_string}"},"query-input":{"@type":"PropertyValueSpecification","valueRequired":true,"valueName":"search_term_string"}}],"inLanguage":"de"},{"@type":"Organization","@id":"https:\/\/metacon-next.com\/de\/#organization","name":"Metacon-Next","url":"https:\/\/metacon-next.com\/de\/","logo":{"@type":"ImageObject","inLanguage":"de","@id":"https:\/\/metacon-next.com\/de\/#\/schema\/logo\/image\/","url":"https:\/\/metacon-next.com\/de\/wp-content\/uploads\/sites\/4\/2021\/01\/metacon_next_logo.png","contentUrl":"https:\/\/metacon-next.com\/de\/wp-content\/uploads\/sites\/4\/2021\/01\/metacon_next_logo.png","width":1111,"height":300,"caption":"Metacon-Next"},"image":{"@id":"https:\/\/metacon-next.com\/de\/#\/schema\/logo\/image\/"}}]}},"_links":{"self":[{"href":"https:\/\/metacon-next.com\/de\/wp-json\/wp\/v2\/pages\/25053","targetHints":{"allow":["GET"]}}],"collection":[{"href":"https:\/\/metacon-next.com\/de\/wp-json\/wp\/v2\/pages"}],"about":[{"href":"https:\/\/metacon-next.com\/de\/wp-json\/wp\/v2\/types\/page"}],"author":[{"embeddable":true,"href":"https:\/\/metacon-next.com\/de\/wp-json\/wp\/v2\/users\/1"}],"replies":[{"embeddable":true,"href":"https:\/\/metacon-next.com\/de\/wp-json\/wp\/v2\/comments?post=25053"}],"version-history":[{"count":7,"href":"https:\/\/metacon-next.com\/de\/wp-json\/wp\/v2\/pages\/25053\/revisions"}],"predecessor-version":[{"id":26037,"href":"https:\/\/metacon-next.com\/de\/wp-json\/wp\/v2\/pages\/25053\/revisions\/26037"}],"up":[{"embeddable":true,"href":"https:\/\/metacon-next.com\/de\/wp-json\/wp\/v2\/pages\/23580"}],"wp:featuredmedia":[{"embeddable":true,"href":"https:\/\/metacon-next.com\/de\/wp-json\/wp\/v2\/media\/25343"}],"wp:attachment":[{"href":"https:\/\/metacon-next.com\/de\/wp-json\/wp\/v2\/media?parent=25053"}],"curies":[{"name":"wp","href":"https:\/\/api.w.org\/{rel}","templated":true}]}}