{"id":25392,"date":"2023-11-27T10:18:09","date_gmt":"2023-11-27T09:18:09","guid":{"rendered":"https:\/\/metacon-next.com\/de\/?page_id=25392"},"modified":"2026-01-26T16:27:05","modified_gmt":"2026-01-26T15:27:05","slug":"auftrag-und-vision","status":"publish","type":"page","link":"https:\/\/metacon-next.com\/de\/uber-uns\/auftrag-und-vision\/","title":{"rendered":"Mission und Vision"},"content":{"rendered":"<section class=\"l-section wpb_row height_small\"><div class=\"l-section-h i-cf\"><div class=\"g-cols vc_row via_flex valign_top type_default stacking_default\"><div class=\"vc_col-sm-8 wpb_column vc_column_container\"><div class=\"vc_column-inner\"><div class=\"wpb_wrapper\"><div class=\"wpb_text_column\"><div class=\"wpb_wrapper\"><h2>Mission<\/h2>\n<p>Metacon-Next m\u00f6chte es Menschen m\u00f6glich machen unter sicheren Arbeitsbedingungen zu arbeiten und zu verbleiben. Wir bieten Ruhe und Sicherheit weil wir die Risiken von Feuer und Brand minimieren. Das tun wir indem wir innovative und qualitativ hochwertige L\u00f6sungen anbieten mittels feuerresistente und einbruchhemmende T\u00fcren. Nachhaltigkeit von unseren Produkten steht damit zentral. Selbstverst\u00e4ndlich entsprechen unsere Produkte den Internationalen Gesetzen und Richtlinien. Wir sind ein zuverl\u00e4ssiger Partner, ein Deal ist ein Deal, mit Bezug auf Lieferzeiten, Qualit\u00e4t und Preis.<\/p>\n<h2>Vision<\/h2>\n<p>Sicherheit und Schutz sind Grundbed\u00fcrfnisse, die in einer Welt die immer weniger Sicherheit bietet, immer wichtiger werden. Wir sehen dass die Erwartungen und Anforderungen st\u00e4ndig steigen mit Bezug auf die Sicherheit. Wir sind davon \u00fcberzeugt dass eine kontinuierliche Innovation von Produkten und Prozessen notwendig ist, um die st\u00e4ndig steigenden Anforderungen zu erf\u00fcllen. Das ist auch der Grund warum wir der f\u00fchrende Anbieter sind von T\u00fcrl\u00f6sungen und unseren Beitrag liefern an eine sicheren Zukunft.<\/p>\n<\/div><\/div><div class=\"vc_col-sm-4 wpb_column vc_column_container\"><div class=\"vc_column-inner\"><div class=\"wpb_wrapper\"><\/div><\/div><\/div><\/div><\/div><\/div><div class=\"vc_col-sm-4 wpb_column vc_column_container\"><div class=\"vc_column-inner\"><div class=\"wpb_wrapper\"><div class=\"wpb_widgetised_column wpb_content_element\"><div class=\"wpb_wrapper\"><h2 class=\"wpb_heading wpb_widgetised_column_heading\">\u00dcber uns<\/h2><div id=\"nav_menu-2\" class=\"widget widget_nav_menu\"><div class=\"menu-about-us-menu-container\"><ul id=\"menu-about-us-menu\" class=\"menu\"><li id=\"menu-item-24862\" class=\"menu-item menu-item-type-post_type menu-item-object-page menu-item-24862\"><a href=\"https:\/\/metacon-next.com\/de\/uber-uns\/\">\u00dcber uns<\/a><\/li>\n<li id=\"menu-item-24812\" class=\"menu-item menu-item-type-post_type menu-item-object-page menu-item-24812\"><a href=\"https:\/\/metacon-next.com\/de\/uber-uns\/team\/\">Unser Team<\/a><\/li>\n<li id=\"menu-item-24840\" class=\"menu-item menu-item-type-post_type menu-item-object-page menu-item-24840\"><a href=\"https:\/\/metacon-next.com\/de\/uber-uns\/geschichte\/\">Geschichte<\/a><\/li>\n<li id=\"menu-item-25394\" class=\"menu-item menu-item-type-post_type menu-item-object-page menu-item-25394\"><a href=\"https:\/\/metacon-next.com\/de\/uber-uns\/auftrag-und-vision\/\">Mission und Vision<\/a><\/li>\n<li id=\"menu-item-24841\" class=\"menu-item menu-item-type-post_type menu-item-object-page menu-item-24841\"><a href=\"https:\/\/metacon-next.com\/de\/uber-uns\/hergestellt-in-den-niederlanden\/\">Hergestellt in den Niederlanden<\/a><\/li>\n<li id=\"menu-item-24842\" class=\"menu-item menu-item-type-post_type menu-item-object-page menu-item-24842\"><a href=\"https:\/\/metacon-next.com\/de\/uber-uns\/weltweites-handlernetz\/\">Weltweites H\u00e4ndlernetz<\/a><\/li>\n<li id=\"menu-item-25118\" class=\"menu-item menu-item-type-post_type menu-item-object-page menu-item-25118\"><a href=\"https:\/\/metacon-next.com\/de\/uber-uns\/zertifizierung\/\">Zertifizierung<\/a><\/li>\n<\/ul><\/div><\/div><\/div><\/div><div class=\"w-separator size_small\"><\/div><div class=\"w-separator size_small\"><\/div><\/div><\/div><\/div><\/div><\/div><\/section>\n","protected":false},"excerpt":{"rendered":"Mission Metacon-Next m\u00f6chte es Menschen m\u00f6glich machen unter sicheren Arbeitsbedingungen zu arbeiten und zu verbleiben. Wir bieten Ruhe und Sicherheit weil wir die Risiken von Feuer und Brand minimieren. Das tun wir indem wir innovative und qualitativ hochwertige L\u00f6sungen anbieten mittels feuerresistente und einbruchhemmende T\u00fcren. Nachhaltigkeit von unseren Produkten steht damit zentral. Selbstverst\u00e4ndlich entsprechen unsere...","protected":false},"author":1,"featured_media":0,"parent":23585,"menu_order":0,"comment_status":"closed","ping_status":"closed","template":"","meta":{"footnotes":""},"class_list":["post-25392","page","type-page","status-publish","hentry"],"yoast_head":"<!-- This site is optimized with the Yoast SEO plugin v27.4 - https:\/\/yoast.com\/product\/yoast-seo-wordpress\/ -->\n<title>Auftrag und Vision | Metacon<\/title>\n<meta name=\"description\" content=\"Unser Auftrag und unsere Vision bei Metacon. Klare Ziele, technische Innovation und Fokus auf langfristige Zusammenarbeit.\" \/>\n<meta name=\"robots\" content=\"index, follow, max-snippet:-1, max-image-preview:large, max-video-preview:-1\" \/>\n<link rel=\"canonical\" href=\"https:\/\/metacon-next.com\/de\/uber-uns\/auftrag-und-vision\/\" \/>\n<meta property=\"og:locale\" content=\"de_DE\" \/>\n<meta property=\"og:type\" content=\"article\" \/>\n<meta property=\"og:title\" content=\"Auftrag und Vision | Metacon\" \/>\n<meta property=\"og:description\" content=\"Unser Auftrag und unsere Vision bei Metacon. Klare Ziele, technische Innovation und Fokus auf langfristige Zusammenarbeit.\" \/>\n<meta property=\"og:url\" content=\"https:\/\/metacon-next.com\/de\/uber-uns\/auftrag-und-vision\/\" \/>\n<meta property=\"og:site_name\" content=\"Metacon-Next\" \/>\n<meta property=\"article:modified_time\" content=\"2026-01-26T15:27:05+00:00\" \/>\n<meta name=\"twitter:card\" content=\"summary_large_image\" \/>\n<meta name=\"twitter:label1\" content=\"Gesch\u00e4tzte Lesezeit\" \/>\n\t<meta name=\"twitter:data1\" content=\"1\u00a0Minute\" \/>\n<script type=\"application\/ld+json\" class=\"yoast-schema-graph\">{\"@context\":\"https:\\\/\\\/schema.org\",\"@graph\":[{\"@type\":\"WebPage\",\"@id\":\"https:\\\/\\\/metacon-next.com\\\/de\\\/uber-uns\\\/auftrag-und-vision\\\/\",\"url\":\"https:\\\/\\\/metacon-next.com\\\/de\\\/uber-uns\\\/auftrag-und-vision\\\/\",\"name\":\"Auftrag und Vision | Metacon\",\"isPartOf\":{\"@id\":\"https:\\\/\\\/metacon-next.com\\\/de\\\/#website\"},\"datePublished\":\"2023-11-27T09:18:09+00:00\",\"dateModified\":\"2026-01-26T15:27:05+00:00\",\"description\":\"Unser Auftrag und unsere Vision bei Metacon. Klare Ziele, technische Innovation und Fokus auf langfristige Zusammenarbeit.\",\"breadcrumb\":{\"@id\":\"https:\\\/\\\/metacon-next.com\\\/de\\\/uber-uns\\\/auftrag-und-vision\\\/#breadcrumb\"},\"inLanguage\":\"de\",\"potentialAction\":[{\"@type\":\"ReadAction\",\"target\":[\"https:\\\/\\\/metacon-next.com\\\/de\\\/uber-uns\\\/auftrag-und-vision\\\/\"]}]},{\"@type\":\"BreadcrumbList\",\"@id\":\"https:\\\/\\\/metacon-next.com\\\/de\\\/uber-uns\\\/auftrag-und-vision\\\/#breadcrumb\",\"itemListElement\":[{\"@type\":\"ListItem\",\"position\":1,\"name\":\"Startseite\",\"item\":\"https:\\\/\\\/metacon-next.com\\\/de\\\/\"},{\"@type\":\"ListItem\",\"position\":2,\"name\":\"\u00dcber uns\",\"item\":\"https:\\\/\\\/metacon-next.com\\\/de\\\/uber-uns\\\/\"},{\"@type\":\"ListItem\",\"position\":3,\"name\":\"Mission und Vision\"}]},{\"@type\":\"WebSite\",\"@id\":\"https:\\\/\\\/metacon-next.com\\\/de\\\/#website\",\"url\":\"https:\\\/\\\/metacon-next.com\\\/de\\\/\",\"name\":\"Metacon-Next\",\"description\":\"\",\"publisher\":{\"@id\":\"https:\\\/\\\/metacon-next.com\\\/de\\\/#organization\"},\"potentialAction\":[{\"@type\":\"SearchAction\",\"target\":{\"@type\":\"EntryPoint\",\"urlTemplate\":\"https:\\\/\\\/metacon-next.com\\\/de\\\/?s={search_term_string}\"},\"query-input\":{\"@type\":\"PropertyValueSpecification\",\"valueRequired\":true,\"valueName\":\"search_term_string\"}}],\"inLanguage\":\"de\"},{\"@type\":\"Organization\",\"@id\":\"https:\\\/\\\/metacon-next.com\\\/de\\\/#organization\",\"name\":\"Metacon-Next\",\"url\":\"https:\\\/\\\/metacon-next.com\\\/de\\\/\",\"logo\":{\"@type\":\"ImageObject\",\"inLanguage\":\"de\",\"@id\":\"https:\\\/\\\/metacon-next.com\\\/de\\\/#\\\/schema\\\/logo\\\/image\\\/\",\"url\":\"https:\\\/\\\/metacon-next.com\\\/de\\\/wp-content\\\/uploads\\\/sites\\\/4\\\/2021\\\/01\\\/metacon_next_logo.png\",\"contentUrl\":\"https:\\\/\\\/metacon-next.com\\\/de\\\/wp-content\\\/uploads\\\/sites\\\/4\\\/2021\\\/01\\\/metacon_next_logo.png\",\"width\":1111,\"height\":300,\"caption\":\"Metacon-Next\"},\"image\":{\"@id\":\"https:\\\/\\\/metacon-next.com\\\/de\\\/#\\\/schema\\\/logo\\\/image\\\/\"}}]}<\/script>\n<!-- \/ Yoast SEO plugin. -->","yoast_head_json":{"title":"Auftrag und Vision | Metacon","description":"Unser Auftrag und unsere Vision bei Metacon. Klare Ziele, technische Innovation und Fokus auf langfristige Zusammenarbeit.","robots":{"index":"index","follow":"follow","max-snippet":"max-snippet:-1","max-image-preview":"max-image-preview:large","max-video-preview":"max-video-preview:-1"},"canonical":"https:\/\/metacon-next.com\/de\/uber-uns\/auftrag-und-vision\/","og_locale":"de_DE","og_type":"article","og_title":"Auftrag und Vision | Metacon","og_description":"Unser Auftrag und unsere Vision bei Metacon. Klare Ziele, technische Innovation und Fokus auf langfristige Zusammenarbeit.","og_url":"https:\/\/metacon-next.com\/de\/uber-uns\/auftrag-und-vision\/","og_site_name":"Metacon-Next","article_modified_time":"2026-01-26T15:27:05+00:00","twitter_card":"summary_large_image","twitter_misc":{"Gesch\u00e4tzte Lesezeit":"1\u00a0Minute"},"schema":{"@context":"https:\/\/schema.org","@graph":[{"@type":"WebPage","@id":"https:\/\/metacon-next.com\/de\/uber-uns\/auftrag-und-vision\/","url":"https:\/\/metacon-next.com\/de\/uber-uns\/auftrag-und-vision\/","name":"Auftrag und Vision | Metacon","isPartOf":{"@id":"https:\/\/metacon-next.com\/de\/#website"},"datePublished":"2023-11-27T09:18:09+00:00","dateModified":"2026-01-26T15:27:05+00:00","description":"Unser Auftrag und unsere Vision bei Metacon. Klare Ziele, technische Innovation und Fokus auf langfristige Zusammenarbeit.","breadcrumb":{"@id":"https:\/\/metacon-next.com\/de\/uber-uns\/auftrag-und-vision\/#breadcrumb"},"inLanguage":"de","potentialAction":[{"@type":"ReadAction","target":["https:\/\/metacon-next.com\/de\/uber-uns\/auftrag-und-vision\/"]}]},{"@type":"BreadcrumbList","@id":"https:\/\/metacon-next.com\/de\/uber-uns\/auftrag-und-vision\/#breadcrumb","itemListElement":[{"@type":"ListItem","position":1,"name":"Startseite","item":"https:\/\/metacon-next.com\/de\/"},{"@type":"ListItem","position":2,"name":"\u00dcber uns","item":"https:\/\/metacon-next.com\/de\/uber-uns\/"},{"@type":"ListItem","position":3,"name":"Mission und Vision"}]},{"@type":"WebSite","@id":"https:\/\/metacon-next.com\/de\/#website","url":"https:\/\/metacon-next.com\/de\/","name":"Metacon-Next","description":"","publisher":{"@id":"https:\/\/metacon-next.com\/de\/#organization"},"potentialAction":[{"@type":"SearchAction","target":{"@type":"EntryPoint","urlTemplate":"https:\/\/metacon-next.com\/de\/?s={search_term_string}"},"query-input":{"@type":"PropertyValueSpecification","valueRequired":true,"valueName":"search_term_string"}}],"inLanguage":"de"},{"@type":"Organization","@id":"https:\/\/metacon-next.com\/de\/#organization","name":"Metacon-Next","url":"https:\/\/metacon-next.com\/de\/","logo":{"@type":"ImageObject","inLanguage":"de","@id":"https:\/\/metacon-next.com\/de\/#\/schema\/logo\/image\/","url":"https:\/\/metacon-next.com\/de\/wp-content\/uploads\/sites\/4\/2021\/01\/metacon_next_logo.png","contentUrl":"https:\/\/metacon-next.com\/de\/wp-content\/uploads\/sites\/4\/2021\/01\/metacon_next_logo.png","width":1111,"height":300,"caption":"Metacon-Next"},"image":{"@id":"https:\/\/metacon-next.com\/de\/#\/schema\/logo\/image\/"}}]}},"_links":{"self":[{"href":"https:\/\/metacon-next.com\/de\/wp-json\/wp\/v2\/pages\/25392","targetHints":{"allow":["GET"]}}],"collection":[{"href":"https:\/\/metacon-next.com\/de\/wp-json\/wp\/v2\/pages"}],"about":[{"href":"https:\/\/metacon-next.com\/de\/wp-json\/wp\/v2\/types\/page"}],"author":[{"embeddable":true,"href":"https:\/\/metacon-next.com\/de\/wp-json\/wp\/v2\/users\/1"}],"replies":[{"embeddable":true,"href":"https:\/\/metacon-next.com\/de\/wp-json\/wp\/v2\/comments?post=25392"}],"version-history":[{"count":3,"href":"https:\/\/metacon-next.com\/de\/wp-json\/wp\/v2\/pages\/25392\/revisions"}],"predecessor-version":[{"id":26079,"href":"https:\/\/metacon-next.com\/de\/wp-json\/wp\/v2\/pages\/25392\/revisions\/26079"}],"up":[{"embeddable":true,"href":"https:\/\/metacon-next.com\/de\/wp-json\/wp\/v2\/pages\/23585"}],"wp:attachment":[{"href":"https:\/\/metacon-next.com\/de\/wp-json\/wp\/v2\/media?parent=25392"}],"curies":[{"name":"wp","href":"https:\/\/api.w.org\/{rel}","templated":true}]}}