{"id":25506,"date":"2023-09-07T11:55:19","date_gmt":"2023-09-07T11:55:19","guid":{"rendered":"https:\/\/metacon-next.com\/en\/?page_id=25506"},"modified":"2023-09-08T08:06:48","modified_gmt":"2023-09-08T08:06:48","slug":"rgc-ei","status":"publish","type":"page","link":"https:\/\/metacon-next.com\/en\/user-manuals\/rgc-ei\/","title":{"rendered":"RGC EI(1) 60 \/ EW 60"},"content":{"rendered":"<section class=\"l-section wpb_row height_small\"><div class=\"l-section-h i-cf\"><div class=\"g-cols vc_row via_flex valign_top type_default stacking_default\"><div class=\"vc_col-sm-12 wpb_column vc_column_container\"><div class=\"vc_column-inner\"><div class=\"wpb_wrapper\"><div class=\"w-actionbox color_light controls_right\"><div class=\"w-actionbox-text\"><h2 class=\"w-actionbox-title\">English: User Manual<\/h2><div class=\"w-actionbox-description\"><h5>User Manual (English language)<\/h5>\n<\/div><\/div><div class=\"w-actionbox-controls\"><a class=\"w-btn us-btn-style_1 icon_atleft\" target=\"_blank\" href=\"https:\/\/metacon-next.com\/en\/wp-content\/uploads\/sites\/2\/2021\/07\/01.-User-manual-RGC-EI1-60-EW-60.pdf\"><i class=\"fas fa-tools\"><\/i><span class=\"w-btn-label\">Download User Manual<\/span><\/a><\/div><\/div><div class=\"w-separator size_medium\"><\/div><div class=\"w-actionbox color_light controls_right\"><div class=\"w-actionbox-text\"><h2 class=\"w-actionbox-title\">Nederlands: Gebruikershandleiding<\/h2><div class=\"w-actionbox-description\"><h5>Gebruikershandleiding (Nederlandstalig)<\/h5>\n<\/div><\/div><div class=\"w-actionbox-controls\"><a class=\"w-btn us-btn-style_1 icon_atleft\" target=\"_blank\" href=\"https:\/\/metacon-next.com\/wp-content\/uploads\/2021\/07\/01.-Handleiding-RGC-EI1-60-EW-60.pdf\"><i class=\"fas fa-tools\"><\/i><span class=\"w-btn-label\">Download gebruikershandleiding<\/span><\/a><\/div><\/div><div class=\"w-separator size_medium\"><\/div><div class=\"w-actionbox color_light controls_right\"><div class=\"w-actionbox-text\"><h2 class=\"w-actionbox-title\">Fran\u00e7ais: Manuel de l&#8217;Utilisateur<\/h2><div class=\"w-actionbox-description\"><h5>Manuel de l&#8217;Utilisateur (Fran\u00e7ais)<\/h5>\n<\/div><\/div><div class=\"w-actionbox-controls\"><a class=\"w-btn us-btn-style_1 icon_atleft\" target=\"_blank\" href=\"https:\/\/metacon-next.com\/fr\/wp-content\/uploads\/sites\/3\/2022\/04\/05.-User-manual-RGC-EI1-60-EW-60.pdf\"><i class=\"fas fa-tools\"><\/i><span class=\"w-btn-label\">T\u00e9l\u00e9charger le manuel d&#8217;utilisation<\/span><\/a><\/div><\/div><div class=\"w-separator size_medium\"><\/div><div class=\"w-actionbox color_light controls_right\"><div class=\"w-actionbox-text\"><h2 class=\"w-actionbox-title\">Italiano: Manuale utente<\/h2><div class=\"w-actionbox-description\"><h5>Manuale utente (lingua italiana)<\/h5>\n<\/div><\/div><div class=\"w-actionbox-controls\"><a class=\"w-btn us-btn-style_1 icon_atleft\" target=\"_blank\" href=\"https:\/\/metacon-next.com\/it\/wp-content\/uploads\/sites\/6\/2022\/04\/05.-User-manual-RGC-EI1-60-EW-60.pdf\"><i class=\"fas fa-tools\"><\/i><span class=\"w-btn-label\">Scarica il manuale utente<\/span><\/a><\/div><\/div><div class=\"w-separator size_medium\"><\/div><div class=\"w-actionbox color_light controls_right\"><div class=\"w-actionbox-text\"><h2 class=\"w-actionbox-title\">Deutsch: Benutzerhandbuch<\/h2><div class=\"w-actionbox-description\"><h5>Benutzerhandbuch (Deutsch)<\/h5>\n<\/div><\/div><div class=\"w-actionbox-controls\"><a class=\"w-btn us-btn-style_1 icon_atleft\" target=\"_blank\" href=\"https:\/\/metacon-next.com\/de\/wp-content\/uploads\/sites\/4\/2022\/04\/05.-User-manual-RGC-EI1-60-EW-60.pdf\"><i class=\"fas fa-tools\"><\/i><span class=\"w-btn-label\">Benutzerhandbuch herunterladen<\/span><\/a><\/div><\/div><\/div><\/div><\/div><\/div><\/div><\/section><section class=\"l-section wpb_row height_small\"><div class=\"l-section-h i-cf\"><div class=\"g-cols vc_row via_flex valign_top type_default stacking_default\"><div class=\"vc_col-sm-12 wpb_column vc_column_container\"><div class=\"vc_column-inner\"><div class=\"wpb_wrapper\"><div class=\"wpb_text_column\"><div class=\"wpb_wrapper\"><p>Overige talen:<\/p>\n<p>Deens: <a href=\"https:\/\/metacon-next.com\/en\/wp-content\/uploads\/sites\/2\/2023\/09\/Manuel-RGC-EI1-60-EW-60-DA.pdf\" target=\"_blank\" rel=\"noopener\">Manuel RGC EI(1) 60 &#8211; EW 60 (DA)<\/a><\/p>\n<p>Fins: <a href=\"https:\/\/metacon-next.com\/en\/wp-content\/uploads\/sites\/2\/2023\/09\/Manuaalinen-RGC-EI1-60-EW-60-FI.pdf\" target=\"_blank\" rel=\"noopener\">Manuaalinen RGC EI(1) 60 &#8211; EW 60 (FI)<\/a><\/p>\n<p>Hongaars: <a href=\"https:\/\/metacon-next.com\/en\/wp-content\/uploads\/sites\/2\/2023\/09\/Kezi-RGC-EI1-60-EW-60-HU.pdf\" target=\"_blank\" rel=\"noopener\">Ke\u0301zi RGC EI(1) 60 &#8211; EW 60 (HU)<\/a><\/p>\n<p>Noors: <a href=\"https:\/\/metacon-next.com\/en\/wp-content\/uploads\/sites\/2\/2023\/09\/Handleiding-RGC-EI1-60-EW-60-NB-rev-4.pdf\" target=\"_blank\" rel=\"noopener\">Handleiding RGC EI(1) 60 &#8211; EW 60 (NB) rev 4<\/a><\/p>\n<p>Portugees: <a href=\"https:\/\/metacon-next.com\/en\/wp-content\/uploads\/sites\/2\/2023\/09\/Handleiding-RGC-EI1-60-EW-60-PT-rev-4.pdf\" target=\"_blank\" rel=\"noopener\">Handleiding RGC EI(1) 60 &#8211; EW 60 (PT) rev 4<\/a><\/p>\n<p>Spaans: <a href=\"https:\/\/metacon-next.com\/en\/wp-content\/uploads\/sites\/2\/2023\/09\/Manual-RGC-EI1-60-EW-60-ES.pdf\" target=\"_blank\" rel=\"noopener\">Manual RGC EI(1) 60 &#8211; EW 60 (ES)<\/a><\/p>\n<p>Zweeds: <a href=\"https:\/\/metacon-next.com\/en\/wp-content\/uploads\/sites\/2\/2023\/09\/Manuell-RGC-EI1-60-EW-60-SV.pdf\" target=\"_blank\" rel=\"noopener\">Manuell RGC EI(1) 60 &#8211; EW 60 (SV)<\/a><\/p>\n<\/div><\/div><\/div><\/div><\/div><\/div><\/div><\/section>\n","protected":false},"excerpt":{"rendered":"English: User ManualUser Manual (English language) Download User ManualNederlands: GebruikershandleidingGebruikershandleiding (Nederlandstalig) Download gebruikershandleidingFran\u00e7ais: Manuel de l&#8217;UtilisateurManuel de l'Utilisateur (Fran\u00e7ais) T\u00e9l\u00e9charger le manuel d&#8217;utilisationItaliano: Manuale utenteManuale utente (lingua italiana) Scarica il manuale utenteDeutsch: BenutzerhandbuchBenutzerhandbuch (Deutsch) Benutzerhandbuch herunterladenOverige talen: Deens: Manuel RGC EI(1) 60 &#8211; EW 60 (DA) Fins: Manuaalinen RGC EI(1) 60 &#8211; EW 60 (FI)...","protected":false},"author":11,"featured_media":25632,"parent":25434,"menu_order":0,"comment_status":"closed","ping_status":"closed","template":"","meta":{"footnotes":""},"class_list":["post-25506","page","type-page","status-publish","has-post-thumbnail","hentry"],"yoast_head":"<!-- This site is optimized with the Yoast SEO plugin v27.4 - https:\/\/yoast.com\/product\/yoast-seo-wordpress\/ -->\n<title>RGC EI(1) 60 \/ EW 60 - Metacon-Next<\/title>\n<meta name=\"robots\" content=\"index, follow, max-snippet:-1, max-image-preview:large, max-video-preview:-1\" \/>\n<link rel=\"canonical\" href=\"https:\/\/metacon-next.com\/en\/user-manuals\/rgc-ei\/\" \/>\n<meta property=\"og:locale\" content=\"en_GB\" \/>\n<meta property=\"og:type\" content=\"article\" \/>\n<meta property=\"og:title\" content=\"RGC EI(1) 60 \/ EW 60 - Metacon-Next\" \/>\n<meta property=\"og:url\" content=\"https:\/\/metacon-next.com\/en\/user-manuals\/rgc-ei\/\" \/>\n<meta property=\"og:site_name\" content=\"Metacon-Next\" \/>\n<meta property=\"article:modified_time\" content=\"2023-09-08T08:06:48+00:00\" \/>\n<meta property=\"og:image\" content=\"https:\/\/metacon-next.com\/en\/wp-content\/uploads\/sites\/2\/2023\/09\/rgc.jpg\" \/>\n\t<meta property=\"og:image:width\" content=\"310\" \/>\n\t<meta property=\"og:image:height\" content=\"310\" \/>\n\t<meta property=\"og:image:type\" content=\"image\/jpeg\" \/>\n<meta name=\"twitter:card\" content=\"summary_large_image\" \/>\n<meta name=\"twitter:label1\" content=\"Estimated reading time\" \/>\n\t<meta name=\"twitter:data1\" content=\"1 minute\" \/>\n<script type=\"application\/ld+json\" class=\"yoast-schema-graph\">{\"@context\":\"https:\\\/\\\/schema.org\",\"@graph\":[{\"@type\":\"WebPage\",\"@id\":\"https:\\\/\\\/metacon-next.com\\\/en\\\/user-manuals\\\/rgc-ei\\\/\",\"url\":\"https:\\\/\\\/metacon-next.com\\\/en\\\/user-manuals\\\/rgc-ei\\\/\",\"name\":\"RGC EI(1) 60 \\\/ EW 60 - Metacon-Next\",\"isPartOf\":{\"@id\":\"https:\\\/\\\/metacon-next.com\\\/en\\\/#website\"},\"primaryImageOfPage\":{\"@id\":\"https:\\\/\\\/metacon-next.com\\\/en\\\/user-manuals\\\/rgc-ei\\\/#primaryimage\"},\"image\":{\"@id\":\"https:\\\/\\\/metacon-next.com\\\/en\\\/user-manuals\\\/rgc-ei\\\/#primaryimage\"},\"thumbnailUrl\":\"https:\\\/\\\/metacon-next.com\\\/en\\\/wp-content\\\/uploads\\\/sites\\\/2\\\/2023\\\/09\\\/rgc.jpg\",\"datePublished\":\"2023-09-07T11:55:19+00:00\",\"dateModified\":\"2023-09-08T08:06:48+00:00\",\"breadcrumb\":{\"@id\":\"https:\\\/\\\/metacon-next.com\\\/en\\\/user-manuals\\\/rgc-ei\\\/#breadcrumb\"},\"inLanguage\":\"en-GB\",\"potentialAction\":[{\"@type\":\"ReadAction\",\"target\":[\"https:\\\/\\\/metacon-next.com\\\/en\\\/user-manuals\\\/rgc-ei\\\/\"]}]},{\"@type\":\"ImageObject\",\"inLanguage\":\"en-GB\",\"@id\":\"https:\\\/\\\/metacon-next.com\\\/en\\\/user-manuals\\\/rgc-ei\\\/#primaryimage\",\"url\":\"https:\\\/\\\/metacon-next.com\\\/en\\\/wp-content\\\/uploads\\\/sites\\\/2\\\/2023\\\/09\\\/rgc.jpg\",\"contentUrl\":\"https:\\\/\\\/metacon-next.com\\\/en\\\/wp-content\\\/uploads\\\/sites\\\/2\\\/2023\\\/09\\\/rgc.jpg\",\"width\":310,\"height\":310},{\"@type\":\"BreadcrumbList\",\"@id\":\"https:\\\/\\\/metacon-next.com\\\/en\\\/user-manuals\\\/rgc-ei\\\/#breadcrumb\",\"itemListElement\":[{\"@type\":\"ListItem\",\"position\":1,\"name\":\"Home\",\"item\":\"https:\\\/\\\/metacon-next.com\\\/en\\\/\"},{\"@type\":\"ListItem\",\"position\":2,\"name\":\"User manuals\",\"item\":\"https:\\\/\\\/metacon-next.com\\\/en\\\/user-manuals\\\/\"},{\"@type\":\"ListItem\",\"position\":3,\"name\":\"RGC EI(1) 60 \\\/ EW 60\"}]},{\"@type\":\"WebSite\",\"@id\":\"https:\\\/\\\/metacon-next.com\\\/en\\\/#website\",\"url\":\"https:\\\/\\\/metacon-next.com\\\/en\\\/\",\"name\":\"Metacon-Next\",\"description\":\"\",\"publisher\":{\"@id\":\"https:\\\/\\\/metacon-next.com\\\/en\\\/#organization\"},\"potentialAction\":[{\"@type\":\"SearchAction\",\"target\":{\"@type\":\"EntryPoint\",\"urlTemplate\":\"https:\\\/\\\/metacon-next.com\\\/en\\\/?s={search_term_string}\"},\"query-input\":{\"@type\":\"PropertyValueSpecification\",\"valueRequired\":true,\"valueName\":\"search_term_string\"}}],\"inLanguage\":\"en-GB\"},{\"@type\":\"Organization\",\"@id\":\"https:\\\/\\\/metacon-next.com\\\/en\\\/#organization\",\"name\":\"Next Door Systems B.V.\",\"url\":\"https:\\\/\\\/metacon-next.com\\\/en\\\/\",\"logo\":{\"@type\":\"ImageObject\",\"inLanguage\":\"en-GB\",\"@id\":\"https:\\\/\\\/metacon-next.com\\\/en\\\/#\\\/schema\\\/logo\\\/image\\\/\",\"url\":\"\",\"contentUrl\":\"\",\"caption\":\"Next Door Systems B.V.\"},\"image\":{\"@id\":\"https:\\\/\\\/metacon-next.com\\\/en\\\/#\\\/schema\\\/logo\\\/image\\\/\"}}]}<\/script>\n<!-- \/ Yoast SEO plugin. -->","yoast_head_json":{"title":"RGC EI(1) 60 \/ EW 60 - Metacon-Next","robots":{"index":"index","follow":"follow","max-snippet":"max-snippet:-1","max-image-preview":"max-image-preview:large","max-video-preview":"max-video-preview:-1"},"canonical":"https:\/\/metacon-next.com\/en\/user-manuals\/rgc-ei\/","og_locale":"en_GB","og_type":"article","og_title":"RGC EI(1) 60 \/ EW 60 - Metacon-Next","og_url":"https:\/\/metacon-next.com\/en\/user-manuals\/rgc-ei\/","og_site_name":"Metacon-Next","article_modified_time":"2023-09-08T08:06:48+00:00","og_image":[{"width":310,"height":310,"url":"https:\/\/metacon-next.com\/en\/wp-content\/uploads\/sites\/2\/2023\/09\/rgc.jpg","type":"image\/jpeg"}],"twitter_card":"summary_large_image","twitter_misc":{"Estimated reading time":"1 minute"},"schema":{"@context":"https:\/\/schema.org","@graph":[{"@type":"WebPage","@id":"https:\/\/metacon-next.com\/en\/user-manuals\/rgc-ei\/","url":"https:\/\/metacon-next.com\/en\/user-manuals\/rgc-ei\/","name":"RGC EI(1) 60 \/ EW 60 - Metacon-Next","isPartOf":{"@id":"https:\/\/metacon-next.com\/en\/#website"},"primaryImageOfPage":{"@id":"https:\/\/metacon-next.com\/en\/user-manuals\/rgc-ei\/#primaryimage"},"image":{"@id":"https:\/\/metacon-next.com\/en\/user-manuals\/rgc-ei\/#primaryimage"},"thumbnailUrl":"https:\/\/metacon-next.com\/en\/wp-content\/uploads\/sites\/2\/2023\/09\/rgc.jpg","datePublished":"2023-09-07T11:55:19+00:00","dateModified":"2023-09-08T08:06:48+00:00","breadcrumb":{"@id":"https:\/\/metacon-next.com\/en\/user-manuals\/rgc-ei\/#breadcrumb"},"inLanguage":"en-GB","potentialAction":[{"@type":"ReadAction","target":["https:\/\/metacon-next.com\/en\/user-manuals\/rgc-ei\/"]}]},{"@type":"ImageObject","inLanguage":"en-GB","@id":"https:\/\/metacon-next.com\/en\/user-manuals\/rgc-ei\/#primaryimage","url":"https:\/\/metacon-next.com\/en\/wp-content\/uploads\/sites\/2\/2023\/09\/rgc.jpg","contentUrl":"https:\/\/metacon-next.com\/en\/wp-content\/uploads\/sites\/2\/2023\/09\/rgc.jpg","width":310,"height":310},{"@type":"BreadcrumbList","@id":"https:\/\/metacon-next.com\/en\/user-manuals\/rgc-ei\/#breadcrumb","itemListElement":[{"@type":"ListItem","position":1,"name":"Home","item":"https:\/\/metacon-next.com\/en\/"},{"@type":"ListItem","position":2,"name":"User manuals","item":"https:\/\/metacon-next.com\/en\/user-manuals\/"},{"@type":"ListItem","position":3,"name":"RGC EI(1) 60 \/ EW 60"}]},{"@type":"WebSite","@id":"https:\/\/metacon-next.com\/en\/#website","url":"https:\/\/metacon-next.com\/en\/","name":"Metacon-Next","description":"","publisher":{"@id":"https:\/\/metacon-next.com\/en\/#organization"},"potentialAction":[{"@type":"SearchAction","target":{"@type":"EntryPoint","urlTemplate":"https:\/\/metacon-next.com\/en\/?s={search_term_string}"},"query-input":{"@type":"PropertyValueSpecification","valueRequired":true,"valueName":"search_term_string"}}],"inLanguage":"en-GB"},{"@type":"Organization","@id":"https:\/\/metacon-next.com\/en\/#organization","name":"Next Door Systems B.V.","url":"https:\/\/metacon-next.com\/en\/","logo":{"@type":"ImageObject","inLanguage":"en-GB","@id":"https:\/\/metacon-next.com\/en\/#\/schema\/logo\/image\/","url":"","contentUrl":"","caption":"Next Door Systems B.V."},"image":{"@id":"https:\/\/metacon-next.com\/en\/#\/schema\/logo\/image\/"}}]}},"_links":{"self":[{"href":"https:\/\/metacon-next.com\/en\/wp-json\/wp\/v2\/pages\/25506","targetHints":{"allow":["GET"]}}],"collection":[{"href":"https:\/\/metacon-next.com\/en\/wp-json\/wp\/v2\/pages"}],"about":[{"href":"https:\/\/metacon-next.com\/en\/wp-json\/wp\/v2\/types\/page"}],"author":[{"embeddable":true,"href":"https:\/\/metacon-next.com\/en\/wp-json\/wp\/v2\/users\/11"}],"replies":[{"embeddable":true,"href":"https:\/\/metacon-next.com\/en\/wp-json\/wp\/v2\/comments?post=25506"}],"version-history":[{"count":9,"href":"https:\/\/metacon-next.com\/en\/wp-json\/wp\/v2\/pages\/25506\/revisions"}],"predecessor-version":[{"id":25631,"href":"https:\/\/metacon-next.com\/en\/wp-json\/wp\/v2\/pages\/25506\/revisions\/25631"}],"up":[{"embeddable":true,"href":"https:\/\/metacon-next.com\/en\/wp-json\/wp\/v2\/pages\/25434"}],"wp:featuredmedia":[{"embeddable":true,"href":"https:\/\/metacon-next.com\/en\/wp-json\/wp\/v2\/media\/25632"}],"wp:attachment":[{"href":"https:\/\/metacon-next.com\/en\/wp-json\/wp\/v2\/media?parent=25506"}],"curies":[{"name":"wp","href":"https:\/\/api.w.org\/{rel}","templated":true}]}}