{"id":25608,"date":"2023-09-07T14:11:47","date_gmt":"2023-09-07T14:11:47","guid":{"rendered":"https:\/\/metacon-next.com\/en\/?page_id=25608"},"modified":"2023-09-08T08:59:23","modified_gmt":"2023-09-08T08:59:23","slug":"rgt-ew-2","status":"publish","type":"page","link":"https:\/\/metacon-next.com\/en\/user-manuals\/rgt-ew-2\/","title":{"rendered":"RGT EW 90"},"content":{"rendered":"<section class=\"l-section wpb_row height_small\"><div class=\"l-section-h i-cf\"><div class=\"g-cols vc_row via_flex valign_top type_default stacking_default\"><div class=\"vc_col-sm-12 wpb_column vc_column_container\"><div class=\"vc_column-inner\"><div class=\"wpb_wrapper\"><div class=\"w-actionbox color_light controls_right\"><div class=\"w-actionbox-text\"><h2 class=\"w-actionbox-title\">English: User Manual<\/h2><div class=\"w-actionbox-description\"><h5>User Manual (English language)<\/h5>\n<\/div><\/div><div class=\"w-actionbox-controls\"><a class=\"w-btn us-btn-style_1 icon_atleft\" target=\"_blank\" href=\"https:\/\/metacon-next.com\/en\/wp-content\/uploads\/sites\/2\/2021\/07\/01.-User-manual-RGT-EW-60-RGT-EW-90.pdf\"><i class=\"fas fa-tools\"><\/i><span class=\"w-btn-label\">Download User Manual<\/span><\/a><\/div><\/div><div class=\"w-separator size_medium\"><\/div><div class=\"w-actionbox color_light controls_right\"><div class=\"w-actionbox-text\"><h2 class=\"w-actionbox-title\">Nederlands: Gebruikershandleiding<\/h2><div class=\"w-actionbox-description\"><h5>Gebruikershandleiding (Nederlandstalig)<\/h5>\n<\/div><\/div><div class=\"w-actionbox-controls\"><a class=\"w-btn us-btn-style_1 icon_atleft\" target=\"_blank\" href=\"https:\/\/metacon-next.com\/wp-content\/uploads\/2021\/07\/01.-Handleiding-RGT-EW-60-RGT-EW-90.pdf\"><i class=\"fas fa-tools\"><\/i><span class=\"w-btn-label\">Download gebruikershandleiding<\/span><\/a><\/div><\/div><div class=\"w-separator size_medium\"><\/div><div class=\"w-actionbox color_light controls_right\"><div class=\"w-actionbox-text\"><h2 class=\"w-actionbox-title\">Fran\u00e7ais: Manuel de l&#8217;Utilisateur<\/h2><div class=\"w-actionbox-description\"><h5>Manuel de l&#8217;Utilisateur (Fran\u00e7ais)<\/h5>\n<\/div><\/div><div class=\"w-actionbox-controls\"><a class=\"w-btn us-btn-style_1 icon_atleft\" target=\"_blank\" href=\"https:\/\/metacon-next.com\/fr\/wp-content\/uploads\/sites\/3\/2022\/04\/04.-User-manual-RGT-EW-60-RGT-EW-90.pdf\"><i class=\"fas fa-tools\"><\/i><span class=\"w-btn-label\">T\u00e9l\u00e9charger le manuel d&#8217;utilisation<\/span><\/a><\/div><\/div><div class=\"w-separator size_medium\"><\/div><div class=\"w-actionbox color_light controls_right\"><div class=\"w-actionbox-text\"><h2 class=\"w-actionbox-title\">Italiano: Manuale utente<\/h2><div class=\"w-actionbox-description\"><h5>Manuale utente (lingua italiana)<\/h5>\n<\/div><\/div><div class=\"w-actionbox-controls\"><a class=\"w-btn us-btn-style_1 icon_atleft\" target=\"_blank\" href=\"https:\/\/metacon-next.com\/it\/wp-content\/uploads\/sites\/6\/2022\/04\/04.-User-manual-RGT-EW-60-RGT-EW-90.pdf\"><i class=\"fas fa-tools\"><\/i><span class=\"w-btn-label\">Scarica il manuale utente<\/span><\/a><\/div><\/div><div class=\"w-separator size_medium\"><\/div><div class=\"w-actionbox color_light controls_right\"><div class=\"w-actionbox-text\"><h2 class=\"w-actionbox-title\">Deutsch: Benutzerhandbuch<\/h2><div class=\"w-actionbox-description\"><h5>Benutzerhandbuch (Deutsch)<\/h5>\n<\/div><\/div><div class=\"w-actionbox-controls\"><a class=\"w-btn us-btn-style_1 icon_atleft\" target=\"_blank\" href=\"https:\/\/metacon-next.com\/de\/wp-content\/uploads\/sites\/4\/2022\/04\/04.-User-manual-RGT-EW-60-RGT-EW-90.pdf\"><i class=\"fas fa-tools\"><\/i><span class=\"w-btn-label\">Benutzerhandbuch herunterladen<\/span><\/a><\/div><\/div><\/div><\/div><\/div><\/div><\/div><\/section><section class=\"l-section wpb_row height_small\"><div class=\"l-section-h i-cf\"><div class=\"g-cols vc_row via_flex valign_top type_default stacking_default\"><div class=\"vc_col-sm-12 wpb_column vc_column_container\"><div class=\"vc_column-inner\"><div class=\"wpb_wrapper\"><div class=\"wpb_text_column\"><div class=\"wpb_wrapper\"><p>Overige talen:<\/p>\n<p>Fins: <a href=\"https:\/\/metacon-next.com\/en\/wp-content\/uploads\/sites\/2\/2023\/09\/Manuaalinen-RGT-EW-60-rev3-FI-1.pdf\" target=\"_blank\" rel=\"noopener\">Manuaalinen RGT EW 60-rev3 (FI)<\/a><\/p>\n<p>Noors: <a href=\"https:\/\/metacon-next.com\/en\/wp-content\/uploads\/sites\/2\/2023\/09\/Handleiding-RGT-EW-60-NB-rev-3-1.pdf\" target=\"_blank\" rel=\"noopener\">Handleiding RGT EW 60 (NB) rev 3<\/a><\/p>\n<p>Portugees: <a href=\"https:\/\/metacon-next.com\/en\/wp-content\/uploads\/sites\/2\/2023\/09\/Handleiding-RGT-EW-60-PT-rev-3-1.pdf\" target=\"_blank\" rel=\"noopener\">Handleiding RGT EW 60 (PT) rev 3<\/a><\/p>\n<p>Zweeds: <a href=\"https:\/\/metacon-next.com\/en\/wp-content\/uploads\/sites\/2\/2023\/09\/Manuell-RGT-EW-60-rev3-SV-2.pdf\" target=\"_blank\" rel=\"noopener\">Manuell RGT EW 60-rev3 (SV)<\/a><\/p>\n<\/div><\/div><\/div><\/div><\/div><\/div><\/div><\/section>\n","protected":false},"excerpt":{"rendered":"English: User ManualUser Manual (English language) Download User ManualNederlands: GebruikershandleidingGebruikershandleiding (Nederlandstalig) Download gebruikershandleidingFran\u00e7ais: Manuel de l&#8217;UtilisateurManuel de l'Utilisateur (Fran\u00e7ais) T\u00e9l\u00e9charger le manuel d&#8217;utilisationItaliano: Manuale utenteManuale utente (lingua italiana) Scarica il manuale utenteDeutsch: BenutzerhandbuchBenutzerhandbuch (Deutsch) Benutzerhandbuch herunterladenOverige talen: Fins: Manuaalinen RGT EW 60-rev3 (FI) Noors: Handleiding RGT EW 60 (NB) rev 3 Portugees: Handleiding RGT EW...","protected":false},"author":11,"featured_media":24993,"parent":25434,"menu_order":0,"comment_status":"closed","ping_status":"closed","template":"","meta":{"footnotes":""},"class_list":["post-25608","page","type-page","status-publish","has-post-thumbnail","hentry"],"yoast_head":"<!-- This site is optimized with the Yoast SEO plugin v27.4 - https:\/\/yoast.com\/product\/yoast-seo-wordpress\/ -->\n<title>RGT EW 90 - Metacon-Next<\/title>\n<meta name=\"robots\" content=\"index, follow, max-snippet:-1, max-image-preview:large, max-video-preview:-1\" \/>\n<link rel=\"canonical\" href=\"https:\/\/metacon-next.com\/en\/user-manuals\/rgt-ew-2\/\" \/>\n<meta property=\"og:locale\" content=\"en_GB\" \/>\n<meta property=\"og:type\" content=\"article\" \/>\n<meta property=\"og:title\" content=\"RGT EW 90 - Metacon-Next\" \/>\n<meta property=\"og:url\" content=\"https:\/\/metacon-next.com\/en\/user-manuals\/rgt-ew-2\/\" \/>\n<meta property=\"og:site_name\" content=\"Metacon-Next\" \/>\n<meta property=\"article:modified_time\" content=\"2023-09-08T08:59:23+00:00\" \/>\n<meta property=\"og:image\" content=\"https:\/\/metacon-next.com\/en\/wp-content\/uploads\/sites\/2\/2021\/03\/brandwerende-rolschermen-metacon-next.jpg\" \/>\n\t<meta property=\"og:image:width\" content=\"830\" \/>\n\t<meta property=\"og:image:height\" content=\"585\" \/>\n\t<meta property=\"og:image:type\" content=\"image\/jpeg\" \/>\n<meta name=\"twitter:card\" content=\"summary_large_image\" \/>\n<meta name=\"twitter:label1\" content=\"Estimated reading time\" \/>\n\t<meta name=\"twitter:data1\" content=\"1 minute\" \/>\n<script type=\"application\/ld+json\" class=\"yoast-schema-graph\">{\"@context\":\"https:\\\/\\\/schema.org\",\"@graph\":[{\"@type\":\"WebPage\",\"@id\":\"https:\\\/\\\/metacon-next.com\\\/en\\\/user-manuals\\\/rgt-ew-2\\\/\",\"url\":\"https:\\\/\\\/metacon-next.com\\\/en\\\/user-manuals\\\/rgt-ew-2\\\/\",\"name\":\"RGT EW 90 - Metacon-Next\",\"isPartOf\":{\"@id\":\"https:\\\/\\\/metacon-next.com\\\/en\\\/#website\"},\"primaryImageOfPage\":{\"@id\":\"https:\\\/\\\/metacon-next.com\\\/en\\\/user-manuals\\\/rgt-ew-2\\\/#primaryimage\"},\"image\":{\"@id\":\"https:\\\/\\\/metacon-next.com\\\/en\\\/user-manuals\\\/rgt-ew-2\\\/#primaryimage\"},\"thumbnailUrl\":\"https:\\\/\\\/metacon-next.com\\\/en\\\/wp-content\\\/uploads\\\/sites\\\/2\\\/2021\\\/03\\\/brandwerende-rolschermen-metacon-next.jpg\",\"datePublished\":\"2023-09-07T14:11:47+00:00\",\"dateModified\":\"2023-09-08T08:59:23+00:00\",\"breadcrumb\":{\"@id\":\"https:\\\/\\\/metacon-next.com\\\/en\\\/user-manuals\\\/rgt-ew-2\\\/#breadcrumb\"},\"inLanguage\":\"en-GB\",\"potentialAction\":[{\"@type\":\"ReadAction\",\"target\":[\"https:\\\/\\\/metacon-next.com\\\/en\\\/user-manuals\\\/rgt-ew-2\\\/\"]}]},{\"@type\":\"ImageObject\",\"inLanguage\":\"en-GB\",\"@id\":\"https:\\\/\\\/metacon-next.com\\\/en\\\/user-manuals\\\/rgt-ew-2\\\/#primaryimage\",\"url\":\"https:\\\/\\\/metacon-next.com\\\/en\\\/wp-content\\\/uploads\\\/sites\\\/2\\\/2021\\\/03\\\/brandwerende-rolschermen-metacon-next.jpg\",\"contentUrl\":\"https:\\\/\\\/metacon-next.com\\\/en\\\/wp-content\\\/uploads\\\/sites\\\/2\\\/2021\\\/03\\\/brandwerende-rolschermen-metacon-next.jpg\",\"width\":830,\"height\":585},{\"@type\":\"BreadcrumbList\",\"@id\":\"https:\\\/\\\/metacon-next.com\\\/en\\\/user-manuals\\\/rgt-ew-2\\\/#breadcrumb\",\"itemListElement\":[{\"@type\":\"ListItem\",\"position\":1,\"name\":\"Home\",\"item\":\"https:\\\/\\\/metacon-next.com\\\/en\\\/\"},{\"@type\":\"ListItem\",\"position\":2,\"name\":\"User manuals\",\"item\":\"https:\\\/\\\/metacon-next.com\\\/en\\\/user-manuals\\\/\"},{\"@type\":\"ListItem\",\"position\":3,\"name\":\"RGT EW 90\"}]},{\"@type\":\"WebSite\",\"@id\":\"https:\\\/\\\/metacon-next.com\\\/en\\\/#website\",\"url\":\"https:\\\/\\\/metacon-next.com\\\/en\\\/\",\"name\":\"Metacon-Next\",\"description\":\"\",\"publisher\":{\"@id\":\"https:\\\/\\\/metacon-next.com\\\/en\\\/#organization\"},\"potentialAction\":[{\"@type\":\"SearchAction\",\"target\":{\"@type\":\"EntryPoint\",\"urlTemplate\":\"https:\\\/\\\/metacon-next.com\\\/en\\\/?s={search_term_string}\"},\"query-input\":{\"@type\":\"PropertyValueSpecification\",\"valueRequired\":true,\"valueName\":\"search_term_string\"}}],\"inLanguage\":\"en-GB\"},{\"@type\":\"Organization\",\"@id\":\"https:\\\/\\\/metacon-next.com\\\/en\\\/#organization\",\"name\":\"Next Door Systems B.V.\",\"url\":\"https:\\\/\\\/metacon-next.com\\\/en\\\/\",\"logo\":{\"@type\":\"ImageObject\",\"inLanguage\":\"en-GB\",\"@id\":\"https:\\\/\\\/metacon-next.com\\\/en\\\/#\\\/schema\\\/logo\\\/image\\\/\",\"url\":\"\",\"contentUrl\":\"\",\"caption\":\"Next Door Systems B.V.\"},\"image\":{\"@id\":\"https:\\\/\\\/metacon-next.com\\\/en\\\/#\\\/schema\\\/logo\\\/image\\\/\"}}]}<\/script>\n<!-- \/ Yoast SEO plugin. -->","yoast_head_json":{"title":"RGT EW 90 - Metacon-Next","robots":{"index":"index","follow":"follow","max-snippet":"max-snippet:-1","max-image-preview":"max-image-preview:large","max-video-preview":"max-video-preview:-1"},"canonical":"https:\/\/metacon-next.com\/en\/user-manuals\/rgt-ew-2\/","og_locale":"en_GB","og_type":"article","og_title":"RGT EW 90 - Metacon-Next","og_url":"https:\/\/metacon-next.com\/en\/user-manuals\/rgt-ew-2\/","og_site_name":"Metacon-Next","article_modified_time":"2023-09-08T08:59:23+00:00","og_image":[{"width":830,"height":585,"url":"https:\/\/metacon-next.com\/en\/wp-content\/uploads\/sites\/2\/2021\/03\/brandwerende-rolschermen-metacon-next.jpg","type":"image\/jpeg"}],"twitter_card":"summary_large_image","twitter_misc":{"Estimated reading time":"1 minute"},"schema":{"@context":"https:\/\/schema.org","@graph":[{"@type":"WebPage","@id":"https:\/\/metacon-next.com\/en\/user-manuals\/rgt-ew-2\/","url":"https:\/\/metacon-next.com\/en\/user-manuals\/rgt-ew-2\/","name":"RGT EW 90 - Metacon-Next","isPartOf":{"@id":"https:\/\/metacon-next.com\/en\/#website"},"primaryImageOfPage":{"@id":"https:\/\/metacon-next.com\/en\/user-manuals\/rgt-ew-2\/#primaryimage"},"image":{"@id":"https:\/\/metacon-next.com\/en\/user-manuals\/rgt-ew-2\/#primaryimage"},"thumbnailUrl":"https:\/\/metacon-next.com\/en\/wp-content\/uploads\/sites\/2\/2021\/03\/brandwerende-rolschermen-metacon-next.jpg","datePublished":"2023-09-07T14:11:47+00:00","dateModified":"2023-09-08T08:59:23+00:00","breadcrumb":{"@id":"https:\/\/metacon-next.com\/en\/user-manuals\/rgt-ew-2\/#breadcrumb"},"inLanguage":"en-GB","potentialAction":[{"@type":"ReadAction","target":["https:\/\/metacon-next.com\/en\/user-manuals\/rgt-ew-2\/"]}]},{"@type":"ImageObject","inLanguage":"en-GB","@id":"https:\/\/metacon-next.com\/en\/user-manuals\/rgt-ew-2\/#primaryimage","url":"https:\/\/metacon-next.com\/en\/wp-content\/uploads\/sites\/2\/2021\/03\/brandwerende-rolschermen-metacon-next.jpg","contentUrl":"https:\/\/metacon-next.com\/en\/wp-content\/uploads\/sites\/2\/2021\/03\/brandwerende-rolschermen-metacon-next.jpg","width":830,"height":585},{"@type":"BreadcrumbList","@id":"https:\/\/metacon-next.com\/en\/user-manuals\/rgt-ew-2\/#breadcrumb","itemListElement":[{"@type":"ListItem","position":1,"name":"Home","item":"https:\/\/metacon-next.com\/en\/"},{"@type":"ListItem","position":2,"name":"User manuals","item":"https:\/\/metacon-next.com\/en\/user-manuals\/"},{"@type":"ListItem","position":3,"name":"RGT EW 90"}]},{"@type":"WebSite","@id":"https:\/\/metacon-next.com\/en\/#website","url":"https:\/\/metacon-next.com\/en\/","name":"Metacon-Next","description":"","publisher":{"@id":"https:\/\/metacon-next.com\/en\/#organization"},"potentialAction":[{"@type":"SearchAction","target":{"@type":"EntryPoint","urlTemplate":"https:\/\/metacon-next.com\/en\/?s={search_term_string}"},"query-input":{"@type":"PropertyValueSpecification","valueRequired":true,"valueName":"search_term_string"}}],"inLanguage":"en-GB"},{"@type":"Organization","@id":"https:\/\/metacon-next.com\/en\/#organization","name":"Next Door Systems B.V.","url":"https:\/\/metacon-next.com\/en\/","logo":{"@type":"ImageObject","inLanguage":"en-GB","@id":"https:\/\/metacon-next.com\/en\/#\/schema\/logo\/image\/","url":"","contentUrl":"","caption":"Next Door Systems B.V."},"image":{"@id":"https:\/\/metacon-next.com\/en\/#\/schema\/logo\/image\/"}}]}},"_links":{"self":[{"href":"https:\/\/metacon-next.com\/en\/wp-json\/wp\/v2\/pages\/25608","targetHints":{"allow":["GET"]}}],"collection":[{"href":"https:\/\/metacon-next.com\/en\/wp-json\/wp\/v2\/pages"}],"about":[{"href":"https:\/\/metacon-next.com\/en\/wp-json\/wp\/v2\/types\/page"}],"author":[{"embeddable":true,"href":"https:\/\/metacon-next.com\/en\/wp-json\/wp\/v2\/users\/11"}],"replies":[{"embeddable":true,"href":"https:\/\/metacon-next.com\/en\/wp-json\/wp\/v2\/comments?post=25608"}],"version-history":[{"count":8,"href":"https:\/\/metacon-next.com\/en\/wp-json\/wp\/v2\/pages\/25608\/revisions"}],"predecessor-version":[{"id":25636,"href":"https:\/\/metacon-next.com\/en\/wp-json\/wp\/v2\/pages\/25608\/revisions\/25636"}],"up":[{"embeddable":true,"href":"https:\/\/metacon-next.com\/en\/wp-json\/wp\/v2\/pages\/25434"}],"wp:featuredmedia":[{"embeddable":true,"href":"https:\/\/metacon-next.com\/en\/wp-json\/wp\/v2\/media\/24993"}],"wp:attachment":[{"href":"https:\/\/metacon-next.com\/en\/wp-json\/wp\/v2\/media?parent=25608"}],"curies":[{"name":"wp","href":"https:\/\/api.w.org\/{rel}","templated":true}]}}