{"id":25617,"date":"2023-09-07T14:19:11","date_gmt":"2023-09-07T14:19:11","guid":{"rendered":"https:\/\/metacon-next.com\/en\/?page_id=25617"},"modified":"2023-09-07T14:25:15","modified_gmt":"2023-09-07T14:25:15","slug":"sgc-ei","status":"publish","type":"page","link":"https:\/\/metacon-next.com\/en\/user-manuals\/sgc-ei\/","title":{"rendered":"SGC Ei(1) 60"},"content":{"rendered":"<section class=\"l-section wpb_row height_small\"><div class=\"l-section-h i-cf\"><div class=\"g-cols vc_row via_flex valign_top type_default stacking_default\"><div class=\"vc_col-sm-12 wpb_column vc_column_container\"><div class=\"vc_column-inner\"><div class=\"wpb_wrapper\"><div class=\"w-actionbox color_light controls_right\"><div class=\"w-actionbox-text\"><h2 class=\"w-actionbox-title\">English: User Manual<\/h2><div class=\"w-actionbox-description\"><h5>User Manual (English language)<\/h5>\n<\/div><\/div><div class=\"w-actionbox-controls\"><a class=\"w-btn us-btn-style_1 icon_atleft\" target=\"_blank\" href=\"https:\/\/metacon-next.com\/en\/wp-content\/uploads\/sites\/2\/2021\/07\/01.-User-manual-SGC-EI1-60-EW-120.pdf\"><i class=\"fas fa-tools\"><\/i><span class=\"w-btn-label\">Download User Manual<\/span><\/a><\/div><\/div><div class=\"w-separator size_medium\"><\/div><div class=\"w-actionbox color_light controls_right\"><div class=\"w-actionbox-text\"><h2 class=\"w-actionbox-title\">Nederlands: Gebruikershandleiding<\/h2><div class=\"w-actionbox-description\"><h5>Gebruikershandleiding (Nederlandstalig)<\/h5>\n<\/div><\/div><div class=\"w-actionbox-controls\"><a class=\"w-btn us-btn-style_1 icon_atleft\" target=\"_blank\" href=\"https:\/\/metacon-next.com\/wp-content\/uploads\/2021\/07\/01.-Handleiding-SGC-EI1-60-EW-120.pdf\"><i class=\"fas fa-tools\"><\/i><span class=\"w-btn-label\">Download gebruikershandleiding<\/span><\/a><\/div><\/div><div class=\"w-separator size_medium\"><\/div><div class=\"w-actionbox color_light controls_right\"><div class=\"w-actionbox-text\"><h2 class=\"w-actionbox-title\">Fran\u00e7ais: Manuel de l&#8217;Utilisateur<\/h2><div class=\"w-actionbox-description\"><h5>Manuel de l&#8217;Utilisateur (Fran\u00e7ais)<\/h5>\n<\/div><\/div><div class=\"w-actionbox-controls\"><a class=\"w-btn us-btn-style_1 icon_atleft\" target=\"_blank\" href=\"https:\/\/metacon-next.com\/fr\/wp-content\/uploads\/sites\/3\/2022\/04\/04.-User-manual-SGC-EI1-60-EW-120.pdf\"><i class=\"fas fa-tools\"><\/i><span class=\"w-btn-label\">T\u00e9l\u00e9charger le manuel d&#8217;utilisation<\/span><\/a><\/div><\/div><div class=\"w-separator size_medium\"><\/div><div class=\"w-actionbox color_light controls_right\"><div class=\"w-actionbox-text\"><h2 class=\"w-actionbox-title\">Italiano: Manuale utente<\/h2><div class=\"w-actionbox-description\"><h5>Manuale utente (lingua italiana)<\/h5>\n<\/div><\/div><div class=\"w-actionbox-controls\"><a class=\"w-btn us-btn-style_1 icon_atleft\" target=\"_blank\" href=\"https:\/\/metacon-next.com\/it\/wp-content\/uploads\/sites\/6\/2021\/07\/01.-User-manual-SGC-EI1-60-EW-120.pdf\"><i class=\"fas fa-tools\"><\/i><span class=\"w-btn-label\">Scarica il manuale utente<\/span><\/a><\/div><\/div><div class=\"w-separator size_medium\"><\/div><div class=\"w-actionbox color_light controls_right\"><div class=\"w-actionbox-text\"><h2 class=\"w-actionbox-title\">Deutsch: Benutzerhandbuch<\/h2><div class=\"w-actionbox-description\"><h5>Benutzerhandbuch (Deutsch)<\/h5>\n<\/div><\/div><div class=\"w-actionbox-controls\"><a class=\"w-btn us-btn-style_1 icon_atleft\" target=\"_blank\" href=\"https:\/\/metacon-next.com\/de\/wp-content\/uploads\/sites\/4\/2022\/04\/04.-User-manual-SGC-EI1-60-EW-120.pdf\"><i class=\"fas fa-tools\"><\/i><span class=\"w-btn-label\">Benutzerhandbuch herunterladen<\/span><\/a><\/div><\/div><\/div><\/div><\/div><\/div><\/div><\/section><section class=\"l-section wpb_row height_small\"><div class=\"l-section-h i-cf\"><div class=\"g-cols vc_row via_flex valign_top type_default stacking_default\"><div class=\"vc_col-sm-12 wpb_column vc_column_container\"><div class=\"vc_column-inner\"><div class=\"wpb_wrapper\"><\/div><\/div><\/div><\/div><\/div><\/section>\n","protected":false},"excerpt":{"rendered":"English: User ManualUser Manual (English language) Download User ManualNederlands: GebruikershandleidingGebruikershandleiding (Nederlandstalig) Download gebruikershandleidingFran\u00e7ais: Manuel de l&#8217;UtilisateurManuel de l'Utilisateur (Fran\u00e7ais) T\u00e9l\u00e9charger le manuel d&#8217;utilisationItaliano: Manuale utenteManuale utente (lingua italiana) Scarica il manuale utenteDeutsch: BenutzerhandbuchBenutzerhandbuch (Deutsch) Benutzerhandbuch herunterladen","protected":false},"author":11,"featured_media":25341,"parent":25434,"menu_order":0,"comment_status":"closed","ping_status":"closed","template":"","meta":{"footnotes":""},"class_list":["post-25617","page","type-page","status-publish","has-post-thumbnail","hentry"],"yoast_head":"<!-- This site is optimized with the Yoast SEO plugin v27.3 - https:\/\/yoast.com\/product\/yoast-seo-wordpress\/ -->\n<title>SGC Ei(1) 60 - Metacon-Next<\/title>\n<meta name=\"robots\" content=\"index, follow, max-snippet:-1, max-image-preview:large, max-video-preview:-1\" \/>\n<link rel=\"canonical\" href=\"https:\/\/metacon-next.com\/en\/user-manuals\/sgc-ei\/\" \/>\n<meta property=\"og:locale\" content=\"en_GB\" \/>\n<meta property=\"og:type\" content=\"article\" \/>\n<meta property=\"og:title\" content=\"SGC Ei(1) 60 - Metacon-Next\" \/>\n<meta property=\"og:url\" content=\"https:\/\/metacon-next.com\/en\/user-manuals\/sgc-ei\/\" \/>\n<meta property=\"og:site_name\" content=\"Metacon-Next\" \/>\n<meta property=\"article:modified_time\" content=\"2023-09-07T14:25:15+00:00\" \/>\n<meta property=\"og:image\" content=\"https:\/\/metacon-next.com\/en\/wp-content\/uploads\/sites\/2\/2022\/04\/06.-Photo-SGC.jpg\" \/>\n\t<meta property=\"og:image:width\" content=\"1000\" \/>\n\t<meta property=\"og:image:height\" content=\"750\" \/>\n\t<meta property=\"og:image:type\" content=\"image\/jpeg\" \/>\n<meta name=\"twitter:card\" content=\"summary_large_image\" \/>\n<meta name=\"twitter:label1\" content=\"Estimated reading time\" \/>\n\t<meta name=\"twitter:data1\" content=\"1 minute\" \/>\n<script type=\"application\/ld+json\" class=\"yoast-schema-graph\">{\"@context\":\"https:\\\/\\\/schema.org\",\"@graph\":[{\"@type\":\"WebPage\",\"@id\":\"https:\\\/\\\/metacon-next.com\\\/en\\\/user-manuals\\\/sgc-ei\\\/\",\"url\":\"https:\\\/\\\/metacon-next.com\\\/en\\\/user-manuals\\\/sgc-ei\\\/\",\"name\":\"SGC Ei(1) 60 - Metacon-Next\",\"isPartOf\":{\"@id\":\"https:\\\/\\\/metacon-next.com\\\/en\\\/#website\"},\"primaryImageOfPage\":{\"@id\":\"https:\\\/\\\/metacon-next.com\\\/en\\\/user-manuals\\\/sgc-ei\\\/#primaryimage\"},\"image\":{\"@id\":\"https:\\\/\\\/metacon-next.com\\\/en\\\/user-manuals\\\/sgc-ei\\\/#primaryimage\"},\"thumbnailUrl\":\"https:\\\/\\\/metacon-next.com\\\/en\\\/wp-content\\\/uploads\\\/sites\\\/2\\\/2022\\\/04\\\/06.-Photo-SGC.jpg\",\"datePublished\":\"2023-09-07T14:19:11+00:00\",\"dateModified\":\"2023-09-07T14:25:15+00:00\",\"breadcrumb\":{\"@id\":\"https:\\\/\\\/metacon-next.com\\\/en\\\/user-manuals\\\/sgc-ei\\\/#breadcrumb\"},\"inLanguage\":\"en-GB\",\"potentialAction\":[{\"@type\":\"ReadAction\",\"target\":[\"https:\\\/\\\/metacon-next.com\\\/en\\\/user-manuals\\\/sgc-ei\\\/\"]}]},{\"@type\":\"ImageObject\",\"inLanguage\":\"en-GB\",\"@id\":\"https:\\\/\\\/metacon-next.com\\\/en\\\/user-manuals\\\/sgc-ei\\\/#primaryimage\",\"url\":\"https:\\\/\\\/metacon-next.com\\\/en\\\/wp-content\\\/uploads\\\/sites\\\/2\\\/2022\\\/04\\\/06.-Photo-SGC.jpg\",\"contentUrl\":\"https:\\\/\\\/metacon-next.com\\\/en\\\/wp-content\\\/uploads\\\/sites\\\/2\\\/2022\\\/04\\\/06.-Photo-SGC.jpg\",\"width\":1000,\"height\":750},{\"@type\":\"BreadcrumbList\",\"@id\":\"https:\\\/\\\/metacon-next.com\\\/en\\\/user-manuals\\\/sgc-ei\\\/#breadcrumb\",\"itemListElement\":[{\"@type\":\"ListItem\",\"position\":1,\"name\":\"Home\",\"item\":\"https:\\\/\\\/metacon-next.com\\\/en\\\/\"},{\"@type\":\"ListItem\",\"position\":2,\"name\":\"User manuals\",\"item\":\"https:\\\/\\\/metacon-next.com\\\/en\\\/user-manuals\\\/\"},{\"@type\":\"ListItem\",\"position\":3,\"name\":\"SGC Ei(1) 60\"}]},{\"@type\":\"WebSite\",\"@id\":\"https:\\\/\\\/metacon-next.com\\\/en\\\/#website\",\"url\":\"https:\\\/\\\/metacon-next.com\\\/en\\\/\",\"name\":\"Metacon-Next\",\"description\":\"\",\"publisher\":{\"@id\":\"https:\\\/\\\/metacon-next.com\\\/en\\\/#organization\"},\"potentialAction\":[{\"@type\":\"SearchAction\",\"target\":{\"@type\":\"EntryPoint\",\"urlTemplate\":\"https:\\\/\\\/metacon-next.com\\\/en\\\/?s={search_term_string}\"},\"query-input\":{\"@type\":\"PropertyValueSpecification\",\"valueRequired\":true,\"valueName\":\"search_term_string\"}}],\"inLanguage\":\"en-GB\"},{\"@type\":\"Organization\",\"@id\":\"https:\\\/\\\/metacon-next.com\\\/en\\\/#organization\",\"name\":\"Next Door Systems B.V.\",\"url\":\"https:\\\/\\\/metacon-next.com\\\/en\\\/\",\"logo\":{\"@type\":\"ImageObject\",\"inLanguage\":\"en-GB\",\"@id\":\"https:\\\/\\\/metacon-next.com\\\/en\\\/#\\\/schema\\\/logo\\\/image\\\/\",\"url\":\"\",\"contentUrl\":\"\",\"caption\":\"Next Door Systems B.V.\"},\"image\":{\"@id\":\"https:\\\/\\\/metacon-next.com\\\/en\\\/#\\\/schema\\\/logo\\\/image\\\/\"}}]}<\/script>\n<!-- \/ Yoast SEO plugin. -->","yoast_head_json":{"title":"SGC Ei(1) 60 - Metacon-Next","robots":{"index":"index","follow":"follow","max-snippet":"max-snippet:-1","max-image-preview":"max-image-preview:large","max-video-preview":"max-video-preview:-1"},"canonical":"https:\/\/metacon-next.com\/en\/user-manuals\/sgc-ei\/","og_locale":"en_GB","og_type":"article","og_title":"SGC Ei(1) 60 - Metacon-Next","og_url":"https:\/\/metacon-next.com\/en\/user-manuals\/sgc-ei\/","og_site_name":"Metacon-Next","article_modified_time":"2023-09-07T14:25:15+00:00","og_image":[{"width":1000,"height":750,"url":"https:\/\/metacon-next.com\/en\/wp-content\/uploads\/sites\/2\/2022\/04\/06.-Photo-SGC.jpg","type":"image\/jpeg"}],"twitter_card":"summary_large_image","twitter_misc":{"Estimated reading time":"1 minute"},"schema":{"@context":"https:\/\/schema.org","@graph":[{"@type":"WebPage","@id":"https:\/\/metacon-next.com\/en\/user-manuals\/sgc-ei\/","url":"https:\/\/metacon-next.com\/en\/user-manuals\/sgc-ei\/","name":"SGC Ei(1) 60 - Metacon-Next","isPartOf":{"@id":"https:\/\/metacon-next.com\/en\/#website"},"primaryImageOfPage":{"@id":"https:\/\/metacon-next.com\/en\/user-manuals\/sgc-ei\/#primaryimage"},"image":{"@id":"https:\/\/metacon-next.com\/en\/user-manuals\/sgc-ei\/#primaryimage"},"thumbnailUrl":"https:\/\/metacon-next.com\/en\/wp-content\/uploads\/sites\/2\/2022\/04\/06.-Photo-SGC.jpg","datePublished":"2023-09-07T14:19:11+00:00","dateModified":"2023-09-07T14:25:15+00:00","breadcrumb":{"@id":"https:\/\/metacon-next.com\/en\/user-manuals\/sgc-ei\/#breadcrumb"},"inLanguage":"en-GB","potentialAction":[{"@type":"ReadAction","target":["https:\/\/metacon-next.com\/en\/user-manuals\/sgc-ei\/"]}]},{"@type":"ImageObject","inLanguage":"en-GB","@id":"https:\/\/metacon-next.com\/en\/user-manuals\/sgc-ei\/#primaryimage","url":"https:\/\/metacon-next.com\/en\/wp-content\/uploads\/sites\/2\/2022\/04\/06.-Photo-SGC.jpg","contentUrl":"https:\/\/metacon-next.com\/en\/wp-content\/uploads\/sites\/2\/2022\/04\/06.-Photo-SGC.jpg","width":1000,"height":750},{"@type":"BreadcrumbList","@id":"https:\/\/metacon-next.com\/en\/user-manuals\/sgc-ei\/#breadcrumb","itemListElement":[{"@type":"ListItem","position":1,"name":"Home","item":"https:\/\/metacon-next.com\/en\/"},{"@type":"ListItem","position":2,"name":"User manuals","item":"https:\/\/metacon-next.com\/en\/user-manuals\/"},{"@type":"ListItem","position":3,"name":"SGC Ei(1) 60"}]},{"@type":"WebSite","@id":"https:\/\/metacon-next.com\/en\/#website","url":"https:\/\/metacon-next.com\/en\/","name":"Metacon-Next","description":"","publisher":{"@id":"https:\/\/metacon-next.com\/en\/#organization"},"potentialAction":[{"@type":"SearchAction","target":{"@type":"EntryPoint","urlTemplate":"https:\/\/metacon-next.com\/en\/?s={search_term_string}"},"query-input":{"@type":"PropertyValueSpecification","valueRequired":true,"valueName":"search_term_string"}}],"inLanguage":"en-GB"},{"@type":"Organization","@id":"https:\/\/metacon-next.com\/en\/#organization","name":"Next Door Systems B.V.","url":"https:\/\/metacon-next.com\/en\/","logo":{"@type":"ImageObject","inLanguage":"en-GB","@id":"https:\/\/metacon-next.com\/en\/#\/schema\/logo\/image\/","url":"","contentUrl":"","caption":"Next Door Systems B.V."},"image":{"@id":"https:\/\/metacon-next.com\/en\/#\/schema\/logo\/image\/"}}]}},"_links":{"self":[{"href":"https:\/\/metacon-next.com\/en\/wp-json\/wp\/v2\/pages\/25617","targetHints":{"allow":["GET"]}}],"collection":[{"href":"https:\/\/metacon-next.com\/en\/wp-json\/wp\/v2\/pages"}],"about":[{"href":"https:\/\/metacon-next.com\/en\/wp-json\/wp\/v2\/types\/page"}],"author":[{"embeddable":true,"href":"https:\/\/metacon-next.com\/en\/wp-json\/wp\/v2\/users\/11"}],"replies":[{"embeddable":true,"href":"https:\/\/metacon-next.com\/en\/wp-json\/wp\/v2\/comments?post=25617"}],"version-history":[{"count":4,"href":"https:\/\/metacon-next.com\/en\/wp-json\/wp\/v2\/pages\/25617\/revisions"}],"predecessor-version":[{"id":25621,"href":"https:\/\/metacon-next.com\/en\/wp-json\/wp\/v2\/pages\/25617\/revisions\/25621"}],"up":[{"embeddable":true,"href":"https:\/\/metacon-next.com\/en\/wp-json\/wp\/v2\/pages\/25434"}],"wp:featuredmedia":[{"embeddable":true,"href":"https:\/\/metacon-next.com\/en\/wp-json\/wp\/v2\/media\/25341"}],"wp:attachment":[{"href":"https:\/\/metacon-next.com\/en\/wp-json\/wp\/v2\/media?parent=25617"}],"curies":[{"name":"wp","href":"https:\/\/api.w.org\/{rel}","templated":true}]}}