{"id":25672,"date":"2023-11-23T12:57:06","date_gmt":"2023-11-23T12:57:06","guid":{"rendered":"https:\/\/metacon-next.com\/en\/?page_id=25672"},"modified":"2023-11-23T14:08:57","modified_gmt":"2023-11-23T14:08:57","slug":"coordonnees","status":"publish","type":"page","link":"https:\/\/metacon-next.com\/en\/coordonnees\/","title":{"rendered":"Laissez vos coordonn\u00e9es"},"content":{"rendered":"<section class=\"l-section wpb_row height_small\"><div class=\"l-section-h i-cf\"><div class=\"g-cols vc_row via_flex valign_middle type_default stacking_default\"><div class=\"vc_col-sm-6 wpb_column vc_column_container\"><div class=\"vc_column-inner\"><div class=\"wpb_wrapper\"><div class=\"w-image align_none\"><div class=\"w-image-h\"><img decoding=\"async\" width=\"300\" height=\"81\" src=\"https:\/\/metacon-next.com\/en\/wp-content\/uploads\/sites\/2\/2021\/01\/metacon_next_logo-300x81.png\" class=\"attachment-medium size-medium\" alt=\"\" loading=\"lazy\" srcset=\"https:\/\/metacon-next.com\/en\/wp-content\/uploads\/sites\/2\/2021\/01\/metacon_next_logo-300x81.png 300w, https:\/\/metacon-next.com\/en\/wp-content\/uploads\/sites\/2\/2021\/01\/metacon_next_logo-1024x277.png 1024w, https:\/\/metacon-next.com\/en\/wp-content\/uploads\/sites\/2\/2021\/01\/metacon_next_logo.png 1111w\" sizes=\"auto, (max-width: 300px) 100vw, 300px\" \/><\/div><\/div><\/div><\/div><\/div><div class=\"vc_col-sm-6 wpb_column vc_column_container\"><div class=\"vc_column-inner\"><div class=\"wpb_wrapper\"><div class=\"wpb_text_column\"><div class=\"wpb_wrapper\"><h1>R+T 2024<\/h1>\n<\/div><\/div><\/div><\/div><\/div><\/div><\/div><\/section><section class=\"l-section wpb_row height_small\"><div class=\"l-section-h i-cf\"><div class=\"g-cols vc_row via_flex valign_top type_default stacking_default\"><div class=\"vc_col-sm-12 wpb_column vc_column_container\"><div class=\"vc_column-inner\"><div class=\"wpb_wrapper\"><div class=\"w-btn-wrapper align_none\"><a class=\"w-btn us-btn-style_7\" href=\"https:\/\/metacon-next.com\/en\/contact-details\/\"><span class=\"w-btn-label\">Click here for English<\/span><\/a><\/div><div class=\"w-btn-wrapper align_none\"><a class=\"w-btn us-btn-style_7\" href=\"https:\/\/metacon-next.com\/en\/kontaktdetails\/\"><span class=\"w-btn-label\">Klicken Sie hier f\u00fcr Deutsch<\/span><\/a><\/div><div class=\"w-separator size_medium\"><\/div><div class=\"wpb_text_column\"><div class=\"wpb_wrapper\"><h4>Merci de votre visite sur notre stand ! Veuillez laisser vos coordonn\u00e9es ci-dessous.<\/h4>\n<\/div><\/div><div class=\"w-separator size_medium\"><\/div>\n<div class=\"wpcf7 no-js\" id=\"wpcf7-f25665-o1\" lang=\"nl-NL\" dir=\"ltr\" data-wpcf7-id=\"25665\">\n<div class=\"screen-reader-response\"><p role=\"status\" aria-live=\"polite\" aria-atomic=\"true\"><\/p> <ul><\/ul><\/div>\n<form action=\"\/en\/wp-json\/wp\/v2\/pages\/25672#wpcf7-f25665-o1\" method=\"post\" class=\"wpcf7-form init\" aria-label=\"Contactformulier\" novalidate=\"novalidate\" data-status=\"init\">\n<fieldset class=\"hidden-fields-container\"><input type=\"hidden\" name=\"_wpcf7\" value=\"25665\" \/><input type=\"hidden\" name=\"_wpcf7_version\" value=\"6.1.5\" \/><input type=\"hidden\" name=\"_wpcf7_locale\" value=\"nl_NL\" \/><input type=\"hidden\" name=\"_wpcf7_unit_tag\" value=\"wpcf7-f25665-o1\" \/><input type=\"hidden\" name=\"_wpcf7_container_post\" value=\"0\" \/><input type=\"hidden\" name=\"_wpcf7_posted_data_hash\" value=\"\" \/><input type=\"hidden\" name=\"_wpcf7_recaptcha_response\" value=\"\" \/>\n<\/fieldset>\n<p><label> Adresse mail (requis)<br \/>\n<span class=\"wpcf7-form-control-wrap\" data-name=\"email-address\"><input size=\"40\" maxlength=\"400\" class=\"wpcf7-form-control wpcf7-email wpcf7-validates-as-required wpcf7-text wpcf7-validates-as-email\" autocomplete=\"email\" aria-required=\"true\" aria-invalid=\"false\" value=\"\" type=\"email\" name=\"email-address\" \/><\/span> <\/label>\n<\/p>\n<p><label> Pr\u00e9nom (requis)<br \/>\n<span class=\"wpcf7-form-control-wrap\" data-name=\"firstname\"><input size=\"40\" maxlength=\"400\" class=\"wpcf7-form-control wpcf7-text wpcf7-validates-as-required\" autocomplete=\"given-name\" aria-required=\"true\" aria-invalid=\"false\" value=\"\" type=\"text\" name=\"firstname\" \/><\/span> <\/label>\n<\/p>\n<p><label> Nom de famille (requis)<br \/>\n<span class=\"wpcf7-form-control-wrap\" data-name=\"lastname\"><input size=\"40\" maxlength=\"400\" class=\"wpcf7-form-control wpcf7-text wpcf7-validates-as-required\" autocomplete=\"family-name\" aria-required=\"true\" aria-invalid=\"false\" value=\"\" type=\"text\" name=\"lastname\" \/><\/span> <\/label>\n<\/p>\n<p><label> Num\u00e9ro de t\u00e9l\u00e9phone<br \/>\n<span class=\"wpcf7-form-control-wrap\" data-name=\"phone-number\"><input size=\"40\" maxlength=\"400\" class=\"wpcf7-form-control wpcf7-tel wpcf7-text wpcf7-validates-as-tel\" autocomplete=\"tel\" aria-invalid=\"false\" value=\"\" type=\"tel\" name=\"phone-number\" \/><\/span> <\/label>\n<\/p>\n<p><input class=\"wpcf7-form-control wpcf7-submit has-spinner\" type=\"submit\" value=\"Envoyer\" \/>\n<\/p><div class=\"wpcf7-response-output\" aria-hidden=\"true\"><\/div>\n<\/form>\n<\/div>\n<\/div><\/div><\/div><\/div><\/div><\/section><section class=\"l-section wpb_row height_small\"><div class=\"l-section-h i-cf\"><div class=\"g-cols vc_row via_flex valign_top type_default stacking_default\"><div class=\"vc_col-sm-12 wpb_column vc_column_container\"><div class=\"vc_column-inner\"><div class=\"wpb_wrapper\"><\/div><\/div><\/div><\/div><\/div><\/section>\n","protected":false},"excerpt":{"rendered":"R+T 2024 Click here for EnglishKlicken Sie hier f\u00fcr DeutschMerci de votre visite sur notre stand ! Veuillez laisser vos coordonn\u00e9es ci-dessous. Adresse mail (requis) Pr\u00e9nom (requis) Nom de famille (requis) Num\u00e9ro de t\u00e9l\u00e9phone","protected":false},"author":11,"featured_media":0,"parent":0,"menu_order":0,"comment_status":"closed","ping_status":"closed","template":"","meta":{"footnotes":""},"class_list":["post-25672","page","type-page","status-publish","hentry"],"yoast_head":"<!-- This site is optimized with the Yoast SEO plugin v27.5 - https:\/\/yoast.com\/product\/yoast-seo-wordpress\/ -->\n<title>Laissez vos coordonn\u00e9es - Metacon-Next<\/title>\n<meta name=\"robots\" content=\"index, follow, max-snippet:-1, max-image-preview:large, max-video-preview:-1\" \/>\n<link rel=\"canonical\" href=\"https:\/\/metacon-next.com\/en\/coordonnees\/\" \/>\n<meta property=\"og:locale\" content=\"en_GB\" \/>\n<meta property=\"og:type\" content=\"article\" \/>\n<meta property=\"og:title\" content=\"Laissez vos coordonn\u00e9es - Metacon-Next\" \/>\n<meta property=\"og:url\" content=\"https:\/\/metacon-next.com\/en\/coordonnees\/\" \/>\n<meta property=\"og:site_name\" content=\"Metacon-Next\" \/>\n<meta property=\"article:modified_time\" content=\"2023-11-23T14:08:57+00:00\" \/>\n<meta name=\"twitter:card\" content=\"summary_large_image\" \/>\n<meta name=\"twitter:label1\" content=\"Estimated reading time\" \/>\n\t<meta name=\"twitter:data1\" content=\"1 minute\" \/>\n<script type=\"application\/ld+json\" class=\"yoast-schema-graph\">{\"@context\":\"https:\\\/\\\/schema.org\",\"@graph\":[{\"@type\":\"WebPage\",\"@id\":\"https:\\\/\\\/metacon-next.com\\\/en\\\/coordonnees\\\/\",\"url\":\"https:\\\/\\\/metacon-next.com\\\/en\\\/coordonnees\\\/\",\"name\":\"Laissez vos coordonn\u00e9es - Metacon-Next\",\"isPartOf\":{\"@id\":\"https:\\\/\\\/metacon-next.com\\\/en\\\/#website\"},\"datePublished\":\"2023-11-23T12:57:06+00:00\",\"dateModified\":\"2023-11-23T14:08:57+00:00\",\"breadcrumb\":{\"@id\":\"https:\\\/\\\/metacon-next.com\\\/en\\\/coordonnees\\\/#breadcrumb\"},\"inLanguage\":\"en-GB\",\"potentialAction\":[{\"@type\":\"ReadAction\",\"target\":[\"https:\\\/\\\/metacon-next.com\\\/en\\\/coordonnees\\\/\"]}]},{\"@type\":\"BreadcrumbList\",\"@id\":\"https:\\\/\\\/metacon-next.com\\\/en\\\/coordonnees\\\/#breadcrumb\",\"itemListElement\":[{\"@type\":\"ListItem\",\"position\":1,\"name\":\"Home\",\"item\":\"https:\\\/\\\/metacon-next.com\\\/en\\\/\"},{\"@type\":\"ListItem\",\"position\":2,\"name\":\"Laissez vos coordonn\u00e9es\"}]},{\"@type\":\"WebSite\",\"@id\":\"https:\\\/\\\/metacon-next.com\\\/en\\\/#website\",\"url\":\"https:\\\/\\\/metacon-next.com\\\/en\\\/\",\"name\":\"Metacon-Next\",\"description\":\"\",\"publisher\":{\"@id\":\"https:\\\/\\\/metacon-next.com\\\/en\\\/#organization\"},\"potentialAction\":[{\"@type\":\"SearchAction\",\"target\":{\"@type\":\"EntryPoint\",\"urlTemplate\":\"https:\\\/\\\/metacon-next.com\\\/en\\\/?s={search_term_string}\"},\"query-input\":{\"@type\":\"PropertyValueSpecification\",\"valueRequired\":true,\"valueName\":\"search_term_string\"}}],\"inLanguage\":\"en-GB\"},{\"@type\":\"Organization\",\"@id\":\"https:\\\/\\\/metacon-next.com\\\/en\\\/#organization\",\"name\":\"Next Door Systems B.V.\",\"url\":\"https:\\\/\\\/metacon-next.com\\\/en\\\/\",\"logo\":{\"@type\":\"ImageObject\",\"inLanguage\":\"en-GB\",\"@id\":\"https:\\\/\\\/metacon-next.com\\\/en\\\/#\\\/schema\\\/logo\\\/image\\\/\",\"url\":\"\",\"contentUrl\":\"\",\"caption\":\"Next Door Systems B.V.\"},\"image\":{\"@id\":\"https:\\\/\\\/metacon-next.com\\\/en\\\/#\\\/schema\\\/logo\\\/image\\\/\"}}]}<\/script>\n<!-- \/ Yoast SEO plugin. -->","yoast_head_json":{"title":"Laissez vos coordonn\u00e9es - Metacon-Next","robots":{"index":"index","follow":"follow","max-snippet":"max-snippet:-1","max-image-preview":"max-image-preview:large","max-video-preview":"max-video-preview:-1"},"canonical":"https:\/\/metacon-next.com\/en\/coordonnees\/","og_locale":"en_GB","og_type":"article","og_title":"Laissez vos coordonn\u00e9es - Metacon-Next","og_url":"https:\/\/metacon-next.com\/en\/coordonnees\/","og_site_name":"Metacon-Next","article_modified_time":"2023-11-23T14:08:57+00:00","twitter_card":"summary_large_image","twitter_misc":{"Estimated reading time":"1 minute"},"schema":{"@context":"https:\/\/schema.org","@graph":[{"@type":"WebPage","@id":"https:\/\/metacon-next.com\/en\/coordonnees\/","url":"https:\/\/metacon-next.com\/en\/coordonnees\/","name":"Laissez vos coordonn\u00e9es - Metacon-Next","isPartOf":{"@id":"https:\/\/metacon-next.com\/en\/#website"},"datePublished":"2023-11-23T12:57:06+00:00","dateModified":"2023-11-23T14:08:57+00:00","breadcrumb":{"@id":"https:\/\/metacon-next.com\/en\/coordonnees\/#breadcrumb"},"inLanguage":"en-GB","potentialAction":[{"@type":"ReadAction","target":["https:\/\/metacon-next.com\/en\/coordonnees\/"]}]},{"@type":"BreadcrumbList","@id":"https:\/\/metacon-next.com\/en\/coordonnees\/#breadcrumb","itemListElement":[{"@type":"ListItem","position":1,"name":"Home","item":"https:\/\/metacon-next.com\/en\/"},{"@type":"ListItem","position":2,"name":"Laissez vos coordonn\u00e9es"}]},{"@type":"WebSite","@id":"https:\/\/metacon-next.com\/en\/#website","url":"https:\/\/metacon-next.com\/en\/","name":"Metacon-Next","description":"","publisher":{"@id":"https:\/\/metacon-next.com\/en\/#organization"},"potentialAction":[{"@type":"SearchAction","target":{"@type":"EntryPoint","urlTemplate":"https:\/\/metacon-next.com\/en\/?s={search_term_string}"},"query-input":{"@type":"PropertyValueSpecification","valueRequired":true,"valueName":"search_term_string"}}],"inLanguage":"en-GB"},{"@type":"Organization","@id":"https:\/\/metacon-next.com\/en\/#organization","name":"Next Door Systems B.V.","url":"https:\/\/metacon-next.com\/en\/","logo":{"@type":"ImageObject","inLanguage":"en-GB","@id":"https:\/\/metacon-next.com\/en\/#\/schema\/logo\/image\/","url":"","contentUrl":"","caption":"Next Door Systems B.V."},"image":{"@id":"https:\/\/metacon-next.com\/en\/#\/schema\/logo\/image\/"}}]}},"_links":{"self":[{"href":"https:\/\/metacon-next.com\/en\/wp-json\/wp\/v2\/pages\/25672","targetHints":{"allow":["GET"]}}],"collection":[{"href":"https:\/\/metacon-next.com\/en\/wp-json\/wp\/v2\/pages"}],"about":[{"href":"https:\/\/metacon-next.com\/en\/wp-json\/wp\/v2\/types\/page"}],"author":[{"embeddable":true,"href":"https:\/\/metacon-next.com\/en\/wp-json\/wp\/v2\/users\/11"}],"replies":[{"embeddable":true,"href":"https:\/\/metacon-next.com\/en\/wp-json\/wp\/v2\/comments?post=25672"}],"version-history":[{"count":9,"href":"https:\/\/metacon-next.com\/en\/wp-json\/wp\/v2\/pages\/25672\/revisions"}],"predecessor-version":[{"id":25692,"href":"https:\/\/metacon-next.com\/en\/wp-json\/wp\/v2\/pages\/25672\/revisions\/25692"}],"wp:attachment":[{"href":"https:\/\/metacon-next.com\/en\/wp-json\/wp\/v2\/media?parent=25672"}],"curies":[{"name":"wp","href":"https:\/\/api.w.org\/{rel}","templated":true}]}}