{"id":1194,"date":"2013-09-03T12:39:41","date_gmt":"2013-09-03T12:39:41","guid":{"rendered":"http:\/\/impreza.us-themes.net\/pages\/team\/"},"modified":"2026-01-27T16:15:38","modified_gmt":"2026-01-27T15:15:38","slug":"lhistoire","status":"publish","type":"page","link":"https:\/\/metacon-next.com\/fr\/a-propos-de-nous\/lhistoire\/","title":{"rendered":"L\u2019histoire"},"content":{"rendered":"<section class=\"l-section wpb_row height_small\"><div class=\"l-section-h i-cf\"><div class=\"g-cols vc_row via_flex valign_top type_default stacking_default\"><div class=\"vc_col-sm-12 wpb_column vc_column_container\"><div class=\"vc_column-inner\"><div class=\"wpb_wrapper\"><div class=\"g-cols wpb_row via_flex valign_top type_default stacking_default\"><div class=\"vc_col-sm-8 wpb_column vc_column_container\"><div class=\"vc_column-inner\"><div class=\"wpb_wrapper\"><div class=\"wpb_text_column\"><div class=\"wpb_wrapper\"><p>Metacon-Next est n\u00e9e en 2021 d&rsquo;une fusion entre l&rsquo;entreprise familiale Metacon Metaalwarenfabriek de Gouda et Next Door Systems d&rsquo;Emmeloord.<\/p>\n<p>D\u00e9couvrez ci-dessous l&rsquo;histoire des deux entreprises.<\/p>\n<p>&nbsp;<\/p>\n<p><strong>Next Door Sys<\/strong><strong>tems<br \/>\n<\/strong><\/p>\n<p>Next Door Systems a \u00e9t\u00e9 fond\u00e9e en 2010. Depuis lors, l&rsquo;entreprise s&rsquo;est d\u00e9velopp\u00e9e pour devenir une soci\u00e9t\u00e9 renomm\u00e9e dans le domaine des solutions globales de protection contre l&rsquo;incendie, entre autres. En 2017, elle a emm\u00e9nag\u00e9 dans les locaux situ\u00e9s au Randweg 19 \u00e0 Emmeloord et, en 2020, l&rsquo;entreprise comptait plus de 25 employ\u00e9s.<\/p>\n<p><strong>Metacon<\/strong><\/p>\n<p>Metacon a \u00e9t\u00e9 fond\u00e9e en 1927. Apr\u00e8s avoir d\u00e9but\u00e9 comme ferblantier, l&rsquo;entreprise s&rsquo;est tourn\u00e9e apr\u00e8s quelques ann\u00e9es vers la fabrication de v\u00e9los, de luges, de tricycles et de si\u00e8ges pour enfants destin\u00e9s au march\u00e9 priv\u00e9.<br \/>\nDans les ann\u00e9es 50, Metacon a d\u00e9cid\u00e9 de se concentrer sur la construction et l&rsquo;industrie.<br \/>\nEn 1980, Metacon est devenu fournisseur de stores en acier, de volets roulants industriels et de travaux de construction. Au cours des ann\u00e9es suivantes, Metacon est devenu un acteur important sur le march\u00e9 de la fabrication de portes coupe-feu, de volets roulants anti-effraction, de syst\u00e8mes de protection solaire et de travaux de construction.<strong><br \/>\n<\/strong><\/p>\n<p>&nbsp;<\/p>\n<p>Metacon-Next est aujourd&rsquo;hui un fabricant et sp\u00e9cialiste de premier plan dans le domaine des solutions anti-incendie et anti-effraction.<\/p>\n<p>Les produits sont d\u00e9velopp\u00e9s en interne par le d\u00e9partement Recherche &amp; D\u00e9veloppement sur la base des demandes du march\u00e9 et, bien s\u00fbr, conform\u00e9ment aux exigences les plus r\u00e9centes. Metacon-Next se distingue par sa large gamme de produits certifi\u00e9s et poursuit avec motivation et ambition son expansion.<\/p>\n<p>En 2026, Metacon-Next compte pr\u00e8s de 100 employ\u00e9s et est pr\u00e9sente dans plus de 70 pays.<\/p>\n<p>&nbsp;<\/p>\n<p>&nbsp;<\/p>\n<p><strong>1927\u00a0<\/strong> Cr\u00e9ation de Metacon, fabricant de tricycles et de si\u00e8ges pour enfants<\/p>\n<p><strong>1929\u00a0 \u00a0<\/strong>Inscription officielle \u00e0 la Chambre de commerce<\/p>\n<p><strong>1998\u00a0 \u00a0<\/strong>D\u00e9m\u00e9nagement \u00e0 la James Wattstraat \u00e0 Gouda (zone industrielle Gouwestroom)<\/p>\n<p><strong>2002\u00a0 \u00a0<\/strong>75e anniversaire de Metacon<\/p>\n<p><strong>2003\u00a0 \u00a0<\/strong>D\u00e9veloppement et tests concluants d&rsquo;une porte roulante r\u00e9sistante au feu<\/p>\n<p><strong>2005\u00a0 \u00a0<\/strong>D\u00e9veloppement et tests concluants d&rsquo;un rideau textiles coupe-feu<\/p>\n<p><strong>2009\u00a0 \u00a0<\/strong>Obtention de la certification ISO 9001<\/p>\n<p><strong>2010\u00a0 \u00a0<\/strong>Rachat de MIR Europe (Belgique)<\/p>\n<p><strong>2011\u00a0 \u00a0<\/strong>Rachat de la production de portes coulissantes coupe-feu Euro-deur \u00e0 Nieuwkoop<\/p>\n<p><strong>2011\u00a0 \u00a0<\/strong>Ouverture d&rsquo;un site \u00e0 Waddinxveen (Maarten Schoutenstraat)<\/p>\n<p><strong>2012\u00a0 \u00a0<\/strong>Extension avec un b\u00e2timent situ\u00e9 Edisonstraat \u00e0 Gouda (zone industrielle Gouwestroom)<\/p>\n<p><strong>2013\u00a0 \u00a0<\/strong>Acquisition de Megasec<\/p>\n<p><strong>2013\u00a0 \u00a0<\/strong>D\u00e9veloppement et tests concluants d&rsquo;une porte sectionnelle coupe-feu<\/p>\n<p><strong>2014<\/strong>\u00a0 \u00a0Obtention de la certification ISO 14001<\/p>\n<p><strong>2015\u00a0 \u00a0<\/strong>Extension avec un b\u00e2timent situ\u00e9 Marconistraat \u00e0 Gouda (zone industrielle Gouwestroom)<\/p>\n<p><strong>2017\u00a0 \u00a0<\/strong>90e anniversaire de Metacon<\/p>\n<p><strong>2018\u00a0 \u00a0<\/strong>D\u00e9but de la construction du nouveau b\u00e2timent \u00e0 Moordrecht ; &gt; 14 500 m\u00b2<\/p>\n<p><strong>2019\u00a0 \u00a0<\/strong>D\u00e9m\u00e9nagement \u00e0 Moordrecht<\/p>\n<p><strong>2020\u00a0 \u00a0<\/strong>D\u00e9veloppement de portes coupe-feu \u00e0 base de profil\u00e9s composites pultrud\u00e9s<\/p>\n<p><strong>2021\u00a0 \u00a0<\/strong>Fusion Metacon &#8211; Next Door Systems<\/p>\n<p><strong>2021\u00a0 \u00a0<\/strong>Lancement de MetaConfigurator<\/p>\n<p><strong>2022\u00a0 \u00a0<\/strong>Extension avec un bureau commercial en Allemagne<\/p>\n<p><strong>2022\u00a0 \u00a0<\/strong>Expansion avec un bureau commercial en Italie<\/p>\n<p><strong>2022\u00a0 \u00a0<\/strong>D\u00e9m\u00e9nagement de Megasec de Watergang \u00e0 Moordrecht<\/p>\n<p><strong>2023\u00a0 \u00a0<\/strong>D\u00e9m\u00e9nagement de la production d&rsquo;Emmeloord \u00e0 Moordrecht<\/p>\n<p><strong>2024<\/strong>\u00a0 \u00a0Participation au salon international R+T Stuttgart (&gt; stand de 100 m\u00b2)<\/p>\n<p><strong>2025<\/strong>\u00a0 \u00a0EPD (<strong>d<\/strong>\u00e9clarations <strong>e<\/strong>nvironnementales de <strong>p<\/strong>roduit) obtenues pour les portes coupe-feu<\/p>\n<\/div><\/div><\/div><\/div><\/div><div class=\"vc_col-sm-4 wpb_column vc_column_container\"><div class=\"vc_column-inner\"><div class=\"wpb_wrapper\"><div class=\"wpb_widgetised_column wpb_content_element\"><div class=\"wpb_wrapper\"><div id=\"nav_menu-3\" class=\"widget widget_nav_menu\"><h3 class=\"widgettitle\">\u00c0 propos de nous<\/h3><div class=\"menu-over-ons-menu-container\"><ul id=\"menu-over-ons-menu\" class=\"menu\"><li id=\"menu-item-24651\" class=\"menu-item menu-item-type-post_type menu-item-object-page menu-item-24651\"><a href=\"https:\/\/metacon-next.com\/fr\/a-propos-de-nous\/\">G\u00e9n\u00e9ral<\/a><\/li>\n<li id=\"menu-item-24659\" class=\"menu-item menu-item-type-post_type menu-item-object-page menu-item-24659\"><a href=\"https:\/\/metacon-next.com\/fr\/a-propos-de-nous\/notre-equipe\/\">Notre \u00e9quipe<\/a><\/li>\n<li id=\"menu-item-24652\" class=\"menu-item menu-item-type-post_type menu-item-object-page menu-item-24652\"><a href=\"https:\/\/metacon-next.com\/fr\/a-propos-de-nous\/lhistoire\/\">L&rsquo;histoire<\/a><\/li>\n<li id=\"menu-item-25172\" class=\"menu-item menu-item-type-post_type menu-item-object-page menu-item-25172\"><a href=\"https:\/\/metacon-next.com\/fr\/a-propos-de-nous\/mission-et-vision\/\">Mission et Vision<\/a><\/li>\n<li id=\"menu-item-24657\" class=\"menu-item menu-item-type-post_type menu-item-object-page menu-item-24657\"><a href=\"https:\/\/metacon-next.com\/fr\/a-propos-de-nous\/notre-propre-production\/\">Production propre<\/a><\/li>\n<li id=\"menu-item-24658\" class=\"menu-item menu-item-type-post_type menu-item-object-page menu-item-24658\"><a href=\"https:\/\/metacon-next.com\/fr\/a-propos-de-nous\/reseau-mondial-de-revendeurs\/\">R\u00e9seau mondial de concessionnaires<\/a><\/li>\n<li id=\"menu-item-24848\" class=\"menu-item menu-item-type-post_type menu-item-object-page menu-item-24848\"><a href=\"https:\/\/metacon-next.com\/fr\/a-propos-de-nous\/certification\/\">Certification<\/a><\/li>\n<\/ul><\/div><\/div><\/div><\/div><div class=\"w-separator size_small\"><\/div><div class=\"w-separator size_small\"><\/div><\/div><\/div><\/div><\/div><\/div><\/div><\/div><\/div><\/div><\/section>\n","protected":false},"excerpt":{"rendered":"Metacon-Next est n\u00e9e en 2021 d&rsquo;une fusion entre l&rsquo;entreprise familiale Metacon Metaalwarenfabriek de Gouda et Next Door Systems d&rsquo;Emmeloord. D\u00e9couvrez ci-dessous l&rsquo;histoire des deux entreprises. &nbsp; Next Door Systems Next Door Systems a \u00e9t\u00e9 fond\u00e9e en 2010. Depuis lors, l&rsquo;entreprise s&rsquo;est d\u00e9velopp\u00e9e pour devenir une soci\u00e9t\u00e9 renomm\u00e9e dans le domaine des solutions globales de protection...","protected":false},"author":1,"featured_media":0,"parent":23585,"menu_order":0,"comment_status":"closed","ping_status":"closed","template":"","meta":{"footnotes":""},"class_list":["post-1194","page","type-page","status-publish","hentry"],"yoast_head":"<!-- This site is optimized with the Yoast SEO plugin v27.3 - https:\/\/yoast.com\/product\/yoast-seo-wordpress\/ -->\n<title>L\u2019histoire - Metacon-Next<\/title>\n<meta name=\"description\" content=\"D\u00e9couvrez l\u2019histoire de Metacon et l\u2019\u00e9volution de l\u2019entreprise vers un partenaire technique fiable pour l\u2019industrie.\" \/>\n<meta name=\"robots\" content=\"index, follow, max-snippet:-1, max-image-preview:large, max-video-preview:-1\" \/>\n<link rel=\"canonical\" href=\"https:\/\/metacon-next.com\/fr\/a-propos-de-nous\/lhistoire\/\" \/>\n<meta property=\"og:locale\" content=\"fr_FR\" \/>\n<meta property=\"og:type\" content=\"article\" \/>\n<meta property=\"og:title\" content=\"L\u2019histoire - Metacon-Next\" \/>\n<meta property=\"og:description\" content=\"D\u00e9couvrez l\u2019histoire de Metacon et l\u2019\u00e9volution de l\u2019entreprise vers un partenaire technique fiable pour l\u2019industrie.\" \/>\n<meta property=\"og:url\" content=\"https:\/\/metacon-next.com\/fr\/a-propos-de-nous\/lhistoire\/\" \/>\n<meta property=\"og:site_name\" content=\"Metacon-Next\" \/>\n<meta property=\"article:modified_time\" content=\"2026-01-27T15:15:38+00:00\" \/>\n<meta name=\"twitter:card\" content=\"summary_large_image\" \/>\n<meta name=\"twitter:label1\" content=\"Dur\u00e9e de lecture estim\u00e9e\" \/>\n\t<meta name=\"twitter:data1\" content=\"3 minutes\" \/>\n<script type=\"application\/ld+json\" class=\"yoast-schema-graph\">{\"@context\":\"https:\\\/\\\/schema.org\",\"@graph\":[{\"@type\":\"WebPage\",\"@id\":\"https:\\\/\\\/metacon-next.com\\\/fr\\\/a-propos-de-nous\\\/lhistoire\\\/\",\"url\":\"https:\\\/\\\/metacon-next.com\\\/fr\\\/a-propos-de-nous\\\/lhistoire\\\/\",\"name\":\"L\u2019histoire - Metacon-Next\",\"isPartOf\":{\"@id\":\"https:\\\/\\\/metacon-next.com\\\/fr\\\/#website\"},\"datePublished\":\"2013-09-03T12:39:41+00:00\",\"dateModified\":\"2026-01-27T15:15:38+00:00\",\"description\":\"D\u00e9couvrez l\u2019histoire de Metacon et l\u2019\u00e9volution de l\u2019entreprise vers un partenaire technique fiable pour l\u2019industrie.\",\"breadcrumb\":{\"@id\":\"https:\\\/\\\/metacon-next.com\\\/fr\\\/a-propos-de-nous\\\/lhistoire\\\/#breadcrumb\"},\"inLanguage\":\"fr-FR\",\"potentialAction\":[{\"@type\":\"ReadAction\",\"target\":[\"https:\\\/\\\/metacon-next.com\\\/fr\\\/a-propos-de-nous\\\/lhistoire\\\/\"]}]},{\"@type\":\"BreadcrumbList\",\"@id\":\"https:\\\/\\\/metacon-next.com\\\/fr\\\/a-propos-de-nous\\\/lhistoire\\\/#breadcrumb\",\"itemListElement\":[{\"@type\":\"ListItem\",\"position\":1,\"name\":\"Accueil\",\"item\":\"https:\\\/\\\/metacon-next.com\\\/fr\\\/\"},{\"@type\":\"ListItem\",\"position\":2,\"name\":\"\u00c0 propos de nous\",\"item\":\"https:\\\/\\\/metacon-next.com\\\/fr\\\/a-propos-de-nous\\\/\"},{\"@type\":\"ListItem\",\"position\":3,\"name\":\"L\u2019histoire\"}]},{\"@type\":\"WebSite\",\"@id\":\"https:\\\/\\\/metacon-next.com\\\/fr\\\/#website\",\"url\":\"https:\\\/\\\/metacon-next.com\\\/fr\\\/\",\"name\":\"Metacon-Next\",\"description\":\"\",\"publisher\":{\"@id\":\"https:\\\/\\\/metacon-next.com\\\/fr\\\/#organization\"},\"potentialAction\":[{\"@type\":\"SearchAction\",\"target\":{\"@type\":\"EntryPoint\",\"urlTemplate\":\"https:\\\/\\\/metacon-next.com\\\/fr\\\/?s={search_term_string}\"},\"query-input\":{\"@type\":\"PropertyValueSpecification\",\"valueRequired\":true,\"valueName\":\"search_term_string\"}}],\"inLanguage\":\"fr-FR\"},{\"@type\":\"Organization\",\"@id\":\"https:\\\/\\\/metacon-next.com\\\/fr\\\/#organization\",\"name\":\"Next Door Systems B.V.\",\"url\":\"https:\\\/\\\/metacon-next.com\\\/fr\\\/\",\"logo\":{\"@type\":\"ImageObject\",\"inLanguage\":\"fr-FR\",\"@id\":\"https:\\\/\\\/metacon-next.com\\\/fr\\\/#\\\/schema\\\/logo\\\/image\\\/\",\"url\":\"https:\\\/\\\/metacon-next.com\\\/fr\\\/wp-content\\\/uploads\\\/sites\\\/3\\\/2019\\\/11\\\/next-door-systems-logo-new.png\",\"contentUrl\":\"https:\\\/\\\/metacon-next.com\\\/fr\\\/wp-content\\\/uploads\\\/sites\\\/3\\\/2019\\\/11\\\/next-door-systems-logo-new.png\",\"width\":322,\"height\":300,\"caption\":\"Next Door Systems B.V.\"},\"image\":{\"@id\":\"https:\\\/\\\/metacon-next.com\\\/fr\\\/#\\\/schema\\\/logo\\\/image\\\/\"}}]}<\/script>\n<!-- \/ Yoast SEO plugin. -->","yoast_head_json":{"title":"L\u2019histoire - Metacon-Next","description":"D\u00e9couvrez l\u2019histoire de Metacon et l\u2019\u00e9volution de l\u2019entreprise vers un partenaire technique fiable pour l\u2019industrie.","robots":{"index":"index","follow":"follow","max-snippet":"max-snippet:-1","max-image-preview":"max-image-preview:large","max-video-preview":"max-video-preview:-1"},"canonical":"https:\/\/metacon-next.com\/fr\/a-propos-de-nous\/lhistoire\/","og_locale":"fr_FR","og_type":"article","og_title":"L\u2019histoire - Metacon-Next","og_description":"D\u00e9couvrez l\u2019histoire de Metacon et l\u2019\u00e9volution de l\u2019entreprise vers un partenaire technique fiable pour l\u2019industrie.","og_url":"https:\/\/metacon-next.com\/fr\/a-propos-de-nous\/lhistoire\/","og_site_name":"Metacon-Next","article_modified_time":"2026-01-27T15:15:38+00:00","twitter_card":"summary_large_image","twitter_misc":{"Dur\u00e9e de lecture estim\u00e9e":"3 minutes"},"schema":{"@context":"https:\/\/schema.org","@graph":[{"@type":"WebPage","@id":"https:\/\/metacon-next.com\/fr\/a-propos-de-nous\/lhistoire\/","url":"https:\/\/metacon-next.com\/fr\/a-propos-de-nous\/lhistoire\/","name":"L\u2019histoire - Metacon-Next","isPartOf":{"@id":"https:\/\/metacon-next.com\/fr\/#website"},"datePublished":"2013-09-03T12:39:41+00:00","dateModified":"2026-01-27T15:15:38+00:00","description":"D\u00e9couvrez l\u2019histoire de Metacon et l\u2019\u00e9volution de l\u2019entreprise vers un partenaire technique fiable pour l\u2019industrie.","breadcrumb":{"@id":"https:\/\/metacon-next.com\/fr\/a-propos-de-nous\/lhistoire\/#breadcrumb"},"inLanguage":"fr-FR","potentialAction":[{"@type":"ReadAction","target":["https:\/\/metacon-next.com\/fr\/a-propos-de-nous\/lhistoire\/"]}]},{"@type":"BreadcrumbList","@id":"https:\/\/metacon-next.com\/fr\/a-propos-de-nous\/lhistoire\/#breadcrumb","itemListElement":[{"@type":"ListItem","position":1,"name":"Accueil","item":"https:\/\/metacon-next.com\/fr\/"},{"@type":"ListItem","position":2,"name":"\u00c0 propos de nous","item":"https:\/\/metacon-next.com\/fr\/a-propos-de-nous\/"},{"@type":"ListItem","position":3,"name":"L\u2019histoire"}]},{"@type":"WebSite","@id":"https:\/\/metacon-next.com\/fr\/#website","url":"https:\/\/metacon-next.com\/fr\/","name":"Metacon-Next","description":"","publisher":{"@id":"https:\/\/metacon-next.com\/fr\/#organization"},"potentialAction":[{"@type":"SearchAction","target":{"@type":"EntryPoint","urlTemplate":"https:\/\/metacon-next.com\/fr\/?s={search_term_string}"},"query-input":{"@type":"PropertyValueSpecification","valueRequired":true,"valueName":"search_term_string"}}],"inLanguage":"fr-FR"},{"@type":"Organization","@id":"https:\/\/metacon-next.com\/fr\/#organization","name":"Next Door Systems B.V.","url":"https:\/\/metacon-next.com\/fr\/","logo":{"@type":"ImageObject","inLanguage":"fr-FR","@id":"https:\/\/metacon-next.com\/fr\/#\/schema\/logo\/image\/","url":"https:\/\/metacon-next.com\/fr\/wp-content\/uploads\/sites\/3\/2019\/11\/next-door-systems-logo-new.png","contentUrl":"https:\/\/metacon-next.com\/fr\/wp-content\/uploads\/sites\/3\/2019\/11\/next-door-systems-logo-new.png","width":322,"height":300,"caption":"Next Door Systems B.V."},"image":{"@id":"https:\/\/metacon-next.com\/fr\/#\/schema\/logo\/image\/"}}]}},"_links":{"self":[{"href":"https:\/\/metacon-next.com\/fr\/wp-json\/wp\/v2\/pages\/1194","targetHints":{"allow":["GET"]}}],"collection":[{"href":"https:\/\/metacon-next.com\/fr\/wp-json\/wp\/v2\/pages"}],"about":[{"href":"https:\/\/metacon-next.com\/fr\/wp-json\/wp\/v2\/types\/page"}],"author":[{"embeddable":true,"href":"https:\/\/metacon-next.com\/fr\/wp-json\/wp\/v2\/users\/1"}],"replies":[{"embeddable":true,"href":"https:\/\/metacon-next.com\/fr\/wp-json\/wp\/v2\/comments?post=1194"}],"version-history":[{"count":8,"href":"https:\/\/metacon-next.com\/fr\/wp-json\/wp\/v2\/pages\/1194\/revisions"}],"predecessor-version":[{"id":25567,"href":"https:\/\/metacon-next.com\/fr\/wp-json\/wp\/v2\/pages\/1194\/revisions\/25567"}],"up":[{"embeddable":true,"href":"https:\/\/metacon-next.com\/fr\/wp-json\/wp\/v2\/pages\/23585"}],"wp:attachment":[{"href":"https:\/\/metacon-next.com\/fr\/wp-json\/wp\/v2\/media?parent=1194"}],"curies":[{"name":"wp","href":"https:\/\/api.w.org\/{rel}","templated":true}]}}