{"id":23585,"date":"2019-11-04T08:39:12","date_gmt":"2019-11-04T08:39:12","guid":{"rendered":"https:\/\/metacon-next.com\/?page_id=23585"},"modified":"2026-01-27T16:15:05","modified_gmt":"2026-01-27T15:15:05","slug":"a-propos-de-nous","status":"publish","type":"page","link":"https:\/\/metacon-next.com\/fr\/a-propos-de-nous\/","title":{"rendered":"\u00c0 propos de nous"},"content":{"rendered":"<section class=\"l-section wpb_row height_small\"><div class=\"l-section-h i-cf\"><div class=\"g-cols vc_row via_flex valign_top type_default stacking_default\"><div class=\"vc_col-sm-12 wpb_column vc_column_container\"><div class=\"vc_column-inner\"><div class=\"wpb_wrapper\"><div class=\"g-cols wpb_row via_flex valign_top type_default stacking_default\"><div class=\"vc_col-sm-8 wpb_column vc_column_container\"><div class=\"vc_column-inner\"><div class=\"wpb_wrapper\"><div class=\"wpb_text_column\"><div class=\"wpb_wrapper\"><p><strong>Metacon-Next est votre principal fabricant de portes coupe-feu<\/strong><br \/>\nUn vaste r\u00e9seau mondial de revendeurs ind\u00e9pendants fournit et installe nos portes de qualit\u00e9. L&rsquo;entreprise est n\u00e9e de la fusion de Metacon et de Next Door Systems. Les portes sont fabriqu\u00e9es sur mesure et fournies aux revendeurs. Dans un site de production moderne situ\u00e9 \u00e0 Moordrecht, les portes sont fabriqu\u00e9es sur mesure et livr\u00e9es aux revendeurs.. Les portes sont d\u00e9velopp\u00e9es par notre d\u00e9partement R&amp;D sur la base des besoins du march\u00e9 et, bien s\u00fbr, conform\u00e9ment aux exigences les plus r\u00e9centes. Nous nous distinguons par notre large gamme de produits certifi\u00e9s et nous travaillons \u00e0 son expansion avec motivation et ambition. Notre mission est d&rsquo;assurer la s\u00e9curit\u00e9 incendie des b\u00e2timents et de leurs utilisateurs. Nous y parvenons en fournissant des produits de haute qualit\u00e9, faciles \u00e0 installer, \u00e0 des prix conformes au march\u00e9. Un conseil personnalis\u00e9 et de qualit\u00e9 dans le domaine de l&rsquo;application et de la surface de montage est \u00e9galement n\u00e9cessaire. Nous nous distinguons en cela et nous permettons &#8211; et vous en tant que revendeur &#8211; de proposer une solution adapt\u00e9e \u00e0 chaque probl\u00e8me de compartimentage au feu.<\/p>\n<p style=\"font-weight: 400\"><strong>Metacon-Next est une entreprise qui prends ses responsabilit\u00e9s sociales et \u00e9cologiques.<\/strong><br \/>\nNon seulement notre choix d&rsquo;\u00e9nergie verte, mais aussi les 3 000 panneaux solaires sur notre toit. Cela nous permet de r\u00e9duire les \u00e9missions de CO2 au minimum. Avec l&rsquo;introduction de notre nouvelle gamme de portes bas\u00e9es sur un mat\u00e9riau composite r\u00e9sistant au feu, le principe du \u00ab\u00a0cradle-to-cradle\u00a0\u00bb est appliqu\u00e9. De cette mani\u00e8re, nous contribuons et nous engageons dans la responsabilit\u00e9 sociale des entreprises.<\/p>\n<\/div><\/div><div class=\"w-separator size_small\"><\/div><div class=\"w-image align_none meta_simple\"><a ref=\"magnificPopup\" href=\"https:\/\/metacon-next.com\/fr\/wp-content\/uploads\/sites\/3\/2022\/04\/productielocatie-metacon-next-moordrecht.jpeg\" aria-label=\"Lien\" class=\"w-image-h\"><img decoding=\"async\" width=\"1024\" height=\"522\" src=\"https:\/\/metacon-next.com\/fr\/wp-content\/uploads\/sites\/3\/2022\/04\/productielocatie-metacon-next-moordrecht-1024x522.jpeg\" class=\"attachment-large size-large\" alt=\"\" loading=\"lazy\" srcset=\"https:\/\/metacon-next.com\/fr\/wp-content\/uploads\/sites\/3\/2022\/04\/productielocatie-metacon-next-moordrecht-1024x522.jpeg 1024w, https:\/\/metacon-next.com\/fr\/wp-content\/uploads\/sites\/3\/2022\/04\/productielocatie-metacon-next-moordrecht-600x306.jpeg 600w, https:\/\/metacon-next.com\/fr\/wp-content\/uploads\/sites\/3\/2022\/04\/productielocatie-metacon-next-moordrecht.jpeg 1451w\" sizes=\"auto, (max-width: 1024px) 100vw, 1024px\" \/><\/a><div class=\"w-image-meta\"><\/div><\/div><\/div><\/div><\/div><div class=\"vc_col-sm-4 wpb_column vc_column_container\"><div class=\"vc_column-inner\"><div class=\"wpb_wrapper\"><div class=\"wpb_widgetised_column wpb_content_element\"><div class=\"wpb_wrapper\"><div id=\"nav_menu-3\" class=\"widget widget_nav_menu\"><h3 class=\"widgettitle\">\u00c0 propos de nous<\/h3><div class=\"menu-over-ons-menu-container\"><ul id=\"menu-over-ons-menu\" class=\"menu\"><li id=\"menu-item-24651\" class=\"menu-item menu-item-type-post_type menu-item-object-page menu-item-24651\"><a href=\"https:\/\/metacon-next.com\/fr\/a-propos-de-nous\/\">G\u00e9n\u00e9ral<\/a><\/li>\n<li id=\"menu-item-24659\" class=\"menu-item menu-item-type-post_type menu-item-object-page menu-item-24659\"><a href=\"https:\/\/metacon-next.com\/fr\/a-propos-de-nous\/notre-equipe\/\">Notre \u00e9quipe<\/a><\/li>\n<li id=\"menu-item-24652\" class=\"menu-item menu-item-type-post_type menu-item-object-page menu-item-24652\"><a href=\"https:\/\/metacon-next.com\/fr\/a-propos-de-nous\/lhistoire\/\">L&rsquo;histoire<\/a><\/li>\n<li id=\"menu-item-25172\" class=\"menu-item menu-item-type-post_type menu-item-object-page menu-item-25172\"><a href=\"https:\/\/metacon-next.com\/fr\/a-propos-de-nous\/mission-et-vision\/\">Mission et Vision<\/a><\/li>\n<li id=\"menu-item-24657\" class=\"menu-item menu-item-type-post_type menu-item-object-page menu-item-24657\"><a href=\"https:\/\/metacon-next.com\/fr\/a-propos-de-nous\/notre-propre-production\/\">Production propre<\/a><\/li>\n<li id=\"menu-item-24658\" class=\"menu-item menu-item-type-post_type menu-item-object-page menu-item-24658\"><a href=\"https:\/\/metacon-next.com\/fr\/a-propos-de-nous\/reseau-mondial-de-revendeurs\/\">R\u00e9seau mondial de concessionnaires<\/a><\/li>\n<li id=\"menu-item-24848\" class=\"menu-item menu-item-type-post_type menu-item-object-page menu-item-24848\"><a href=\"https:\/\/metacon-next.com\/fr\/a-propos-de-nous\/certification\/\">Certification<\/a><\/li>\n<\/ul><\/div><\/div><\/div><\/div><div class=\"w-separator size_small\"><\/div><div class=\"w-separator size_small\"><\/div><\/div><\/div><\/div><\/div><\/div><\/div><\/div><\/div><\/div><\/section>\n","protected":false},"excerpt":{"rendered":"Metacon-Next est votre principal fabricant de portes coupe-feu Un vaste r\u00e9seau mondial de revendeurs ind\u00e9pendants fournit et installe nos portes de qualit\u00e9. L&rsquo;entreprise est n\u00e9e de la fusion de Metacon et de Next Door Systems. Les portes sont fabriqu\u00e9es sur mesure et fournies aux revendeurs. Dans un site de production moderne situ\u00e9 \u00e0 Moordrecht, les...","protected":false},"author":1,"featured_media":0,"parent":0,"menu_order":0,"comment_status":"closed","ping_status":"closed","template":"","meta":{"footnotes":""},"class_list":["post-23585","page","type-page","status-publish","hentry"],"yoast_head":"<!-- This site is optimized with the Yoast SEO plugin v27.4 - https:\/\/yoast.com\/product\/yoast-seo-wordpress\/ -->\n<title>\u00c0 propos de nous - Metacon-Next<\/title>\n<meta name=\"description\" content=\"D\u00e9couvrez Metacon, partenaire technique ax\u00e9 sur la qualit\u00e9, l\u2019innovation et des solutions fiables pour l\u2019industrie.\" \/>\n<meta name=\"robots\" content=\"index, follow, max-snippet:-1, max-image-preview:large, max-video-preview:-1\" \/>\n<link rel=\"canonical\" href=\"https:\/\/metacon-next.com\/fr\/a-propos-de-nous\/\" \/>\n<meta property=\"og:locale\" content=\"fr_FR\" \/>\n<meta property=\"og:type\" content=\"article\" \/>\n<meta property=\"og:title\" content=\"\u00c0 propos de nous - Metacon-Next\" \/>\n<meta property=\"og:description\" content=\"D\u00e9couvrez Metacon, partenaire technique ax\u00e9 sur la qualit\u00e9, l\u2019innovation et des solutions fiables pour l\u2019industrie.\" \/>\n<meta property=\"og:url\" content=\"https:\/\/metacon-next.com\/fr\/a-propos-de-nous\/\" \/>\n<meta property=\"og:site_name\" content=\"Metacon-Next\" \/>\n<meta property=\"article:modified_time\" content=\"2026-01-27T15:15:05+00:00\" \/>\n<meta name=\"twitter:card\" content=\"summary_large_image\" \/>\n<meta name=\"twitter:label1\" content=\"Dur\u00e9e de lecture estim\u00e9e\" \/>\n\t<meta name=\"twitter:data1\" content=\"2 minutes\" \/>\n<script type=\"application\/ld+json\" class=\"yoast-schema-graph\">{\"@context\":\"https:\\\/\\\/schema.org\",\"@graph\":[{\"@type\":\"WebPage\",\"@id\":\"https:\\\/\\\/metacon-next.com\\\/fr\\\/a-propos-de-nous\\\/\",\"url\":\"https:\\\/\\\/metacon-next.com\\\/fr\\\/a-propos-de-nous\\\/\",\"name\":\"\u00c0 propos de nous - Metacon-Next\",\"isPartOf\":{\"@id\":\"https:\\\/\\\/metacon-next.com\\\/fr\\\/#website\"},\"datePublished\":\"2019-11-04T08:39:12+00:00\",\"dateModified\":\"2026-01-27T15:15:05+00:00\",\"description\":\"D\u00e9couvrez Metacon, partenaire technique ax\u00e9 sur la qualit\u00e9, l\u2019innovation et des solutions fiables pour l\u2019industrie.\",\"breadcrumb\":{\"@id\":\"https:\\\/\\\/metacon-next.com\\\/fr\\\/a-propos-de-nous\\\/#breadcrumb\"},\"inLanguage\":\"fr-FR\",\"potentialAction\":[{\"@type\":\"ReadAction\",\"target\":[\"https:\\\/\\\/metacon-next.com\\\/fr\\\/a-propos-de-nous\\\/\"]}]},{\"@type\":\"BreadcrumbList\",\"@id\":\"https:\\\/\\\/metacon-next.com\\\/fr\\\/a-propos-de-nous\\\/#breadcrumb\",\"itemListElement\":[{\"@type\":\"ListItem\",\"position\":1,\"name\":\"Accueil\",\"item\":\"https:\\\/\\\/metacon-next.com\\\/fr\\\/\"},{\"@type\":\"ListItem\",\"position\":2,\"name\":\"\u00c0 propos de nous\"}]},{\"@type\":\"WebSite\",\"@id\":\"https:\\\/\\\/metacon-next.com\\\/fr\\\/#website\",\"url\":\"https:\\\/\\\/metacon-next.com\\\/fr\\\/\",\"name\":\"Metacon-Next\",\"description\":\"\",\"publisher\":{\"@id\":\"https:\\\/\\\/metacon-next.com\\\/fr\\\/#organization\"},\"potentialAction\":[{\"@type\":\"SearchAction\",\"target\":{\"@type\":\"EntryPoint\",\"urlTemplate\":\"https:\\\/\\\/metacon-next.com\\\/fr\\\/?s={search_term_string}\"},\"query-input\":{\"@type\":\"PropertyValueSpecification\",\"valueRequired\":true,\"valueName\":\"search_term_string\"}}],\"inLanguage\":\"fr-FR\"},{\"@type\":\"Organization\",\"@id\":\"https:\\\/\\\/metacon-next.com\\\/fr\\\/#organization\",\"name\":\"Next Door Systems B.V.\",\"url\":\"https:\\\/\\\/metacon-next.com\\\/fr\\\/\",\"logo\":{\"@type\":\"ImageObject\",\"inLanguage\":\"fr-FR\",\"@id\":\"https:\\\/\\\/metacon-next.com\\\/fr\\\/#\\\/schema\\\/logo\\\/image\\\/\",\"url\":\"https:\\\/\\\/metacon-next.com\\\/fr\\\/wp-content\\\/uploads\\\/sites\\\/3\\\/2019\\\/11\\\/next-door-systems-logo-new.png\",\"contentUrl\":\"https:\\\/\\\/metacon-next.com\\\/fr\\\/wp-content\\\/uploads\\\/sites\\\/3\\\/2019\\\/11\\\/next-door-systems-logo-new.png\",\"width\":322,\"height\":300,\"caption\":\"Next Door Systems B.V.\"},\"image\":{\"@id\":\"https:\\\/\\\/metacon-next.com\\\/fr\\\/#\\\/schema\\\/logo\\\/image\\\/\"}}]}<\/script>\n<!-- \/ Yoast SEO plugin. -->","yoast_head_json":{"title":"\u00c0 propos de nous - Metacon-Next","description":"D\u00e9couvrez Metacon, partenaire technique ax\u00e9 sur la qualit\u00e9, l\u2019innovation et des solutions fiables pour l\u2019industrie.","robots":{"index":"index","follow":"follow","max-snippet":"max-snippet:-1","max-image-preview":"max-image-preview:large","max-video-preview":"max-video-preview:-1"},"canonical":"https:\/\/metacon-next.com\/fr\/a-propos-de-nous\/","og_locale":"fr_FR","og_type":"article","og_title":"\u00c0 propos de nous - Metacon-Next","og_description":"D\u00e9couvrez Metacon, partenaire technique ax\u00e9 sur la qualit\u00e9, l\u2019innovation et des solutions fiables pour l\u2019industrie.","og_url":"https:\/\/metacon-next.com\/fr\/a-propos-de-nous\/","og_site_name":"Metacon-Next","article_modified_time":"2026-01-27T15:15:05+00:00","twitter_card":"summary_large_image","twitter_misc":{"Dur\u00e9e de lecture estim\u00e9e":"2 minutes"},"schema":{"@context":"https:\/\/schema.org","@graph":[{"@type":"WebPage","@id":"https:\/\/metacon-next.com\/fr\/a-propos-de-nous\/","url":"https:\/\/metacon-next.com\/fr\/a-propos-de-nous\/","name":"\u00c0 propos de nous - Metacon-Next","isPartOf":{"@id":"https:\/\/metacon-next.com\/fr\/#website"},"datePublished":"2019-11-04T08:39:12+00:00","dateModified":"2026-01-27T15:15:05+00:00","description":"D\u00e9couvrez Metacon, partenaire technique ax\u00e9 sur la qualit\u00e9, l\u2019innovation et des solutions fiables pour l\u2019industrie.","breadcrumb":{"@id":"https:\/\/metacon-next.com\/fr\/a-propos-de-nous\/#breadcrumb"},"inLanguage":"fr-FR","potentialAction":[{"@type":"ReadAction","target":["https:\/\/metacon-next.com\/fr\/a-propos-de-nous\/"]}]},{"@type":"BreadcrumbList","@id":"https:\/\/metacon-next.com\/fr\/a-propos-de-nous\/#breadcrumb","itemListElement":[{"@type":"ListItem","position":1,"name":"Accueil","item":"https:\/\/metacon-next.com\/fr\/"},{"@type":"ListItem","position":2,"name":"\u00c0 propos de nous"}]},{"@type":"WebSite","@id":"https:\/\/metacon-next.com\/fr\/#website","url":"https:\/\/metacon-next.com\/fr\/","name":"Metacon-Next","description":"","publisher":{"@id":"https:\/\/metacon-next.com\/fr\/#organization"},"potentialAction":[{"@type":"SearchAction","target":{"@type":"EntryPoint","urlTemplate":"https:\/\/metacon-next.com\/fr\/?s={search_term_string}"},"query-input":{"@type":"PropertyValueSpecification","valueRequired":true,"valueName":"search_term_string"}}],"inLanguage":"fr-FR"},{"@type":"Organization","@id":"https:\/\/metacon-next.com\/fr\/#organization","name":"Next Door Systems B.V.","url":"https:\/\/metacon-next.com\/fr\/","logo":{"@type":"ImageObject","inLanguage":"fr-FR","@id":"https:\/\/metacon-next.com\/fr\/#\/schema\/logo\/image\/","url":"https:\/\/metacon-next.com\/fr\/wp-content\/uploads\/sites\/3\/2019\/11\/next-door-systems-logo-new.png","contentUrl":"https:\/\/metacon-next.com\/fr\/wp-content\/uploads\/sites\/3\/2019\/11\/next-door-systems-logo-new.png","width":322,"height":300,"caption":"Next Door Systems B.V."},"image":{"@id":"https:\/\/metacon-next.com\/fr\/#\/schema\/logo\/image\/"}}]}},"_links":{"self":[{"href":"https:\/\/metacon-next.com\/fr\/wp-json\/wp\/v2\/pages\/23585","targetHints":{"allow":["GET"]}}],"collection":[{"href":"https:\/\/metacon-next.com\/fr\/wp-json\/wp\/v2\/pages"}],"about":[{"href":"https:\/\/metacon-next.com\/fr\/wp-json\/wp\/v2\/types\/page"}],"author":[{"embeddable":true,"href":"https:\/\/metacon-next.com\/fr\/wp-json\/wp\/v2\/users\/1"}],"replies":[{"embeddable":true,"href":"https:\/\/metacon-next.com\/fr\/wp-json\/wp\/v2\/comments?post=23585"}],"version-history":[{"count":10,"href":"https:\/\/metacon-next.com\/fr\/wp-json\/wp\/v2\/pages\/23585\/revisions"}],"predecessor-version":[{"id":25564,"href":"https:\/\/metacon-next.com\/fr\/wp-json\/wp\/v2\/pages\/23585\/revisions\/25564"}],"wp:attachment":[{"href":"https:\/\/metacon-next.com\/fr\/wp-json\/wp\/v2\/media?parent=23585"}],"curies":[{"name":"wp","href":"https:\/\/api.w.org\/{rel}","templated":true}]}}