{"id":23746,"date":"2019-11-05T09:21:53","date_gmt":"2019-11-05T08:21:53","guid":{"rendered":"https:\/\/metacon-next.com\/?page_id=23746"},"modified":"2025-12-17T14:39:45","modified_gmt":"2025-12-17T13:39:45","slug":"portes-coulissantes-coupe-feu","status":"publish","type":"page","link":"https:\/\/metacon-next.com\/fr\/produits\/portes-coulissantes-coupe-feu\/","title":{"rendered":"Portes coulissantes coupe-feu"},"content":{"rendered":"<section class=\"l-section wpb_row height_small\"><div class=\"l-section-h i-cf\"><div class=\"g-cols vc_row via_flex valign_top type_default stacking_default\"><div class=\"vc_col-sm-12 wpb_column vc_column_container\"><div class=\"vc_column-inner\"><div class=\"wpb_wrapper\"><div class=\"g-cols wpb_row via_flex valign_top type_default stacking_default\" style=\"--additional-gap:30;\"><div class=\"vc_col-sm-8 wpb_column vc_column_container\"><div class=\"vc_column-inner\"><div class=\"wpb_wrapper\"><div class=\"wpb_text_column\"><div class=\"wpb_wrapper\"><h2>SGC EI(1) 60 &#8211; EW 120<\/h2>\n<p><span style=\"font-weight: 400\"><strong>Certification<\/strong><\/span><\/p>\n<ul>\n<li style=\"font-weight: 400\">test\u00e9 conform\u00e9ment aux normes EN 1634-1 et EN 1634-3<\/li>\n<li style=\"font-weight: 400\">class\u00e9 selon la norme EN 13501-2<\/li>\n<li style=\"font-weight: 400\">class\u00e9 selon la norme EN 13501-1 dans la classe de feu B-s1, d0<\/li>\n<li style=\"font-weight: 400\">essai de cycle valid\u00e9 conform\u00e9ment \u00e0 la norme C3 (&gt; 50.000 cycles)<\/li>\n<li style=\"font-weight: 400\">marquage CE conform\u00e9ment aux normes EN 13241 et EN 16034<\/li>\n<\/ul>\n<p><span style=\"font-weight: 400\"><strong>Application<\/strong><\/span><\/p>\n<ul>\n<li>convient uniquement pour les situations \u00e0 l&rsquo;int\u00e9rieur \/ \u00e0 l&rsquo;int\u00e9rieur<\/li>\n<li>applicable dans les voies d&rsquo;\u00e9vacuation prot\u00e9g\u00e9es, pas comme voie d&rsquo;\u00e9vacuation<\/li>\n<li>montage uniquement possible sur le mur \/ l&rsquo;ouverture<\/li>\n<li>les surfaces de montage autoris\u00e9es sont les suivantes: b\u00e9ton cellulaire, brique silico-calcaire, b\u00e9ton, ma\u00e7onnerie, construction en acier r\u00e9sistant au feu<\/li>\n<\/ul>\n<p><span style=\"font-weight: 400\"><b>Standard<\/b><\/span><\/p>\n<ul>\n<li>actionn\u00e9 manuellement<\/li>\n<li>r\u00e9gulateur de vitesse r\u00e9glable avec aimant adh\u00e9sif int\u00e9gr\u00e9 24 V<\/li>\n<li>fermeture automatique par gravit\u00e9 gr\u00e2ce \u00e0 un contrepoids<\/li>\n<li>tablier de porte constitu\u00e9 de panneaux composites r\u00e9sistants au feu, d&rsquo;une \u00e9paisseur de 42 mm, avec une structure mixte blanche<\/li>\n<\/ul>\n<p><strong>Les options comprennent<\/strong><\/p>\n<ul>\n<li>version anti-fum\u00e9e bas\u00e9e sur Sa<\/li>\n<li>couverture de rail en acier galvanis\u00e9<\/li>\n<li>panneaux dans la couleur RAL de votre choix, sur la base d&rsquo;une peinture humide ou d&rsquo;un film d&#8217;emballage<\/li>\n<li>pi\u00e8ces en acier galvanis\u00e9 recouvertes d&rsquo;un rev\u00eatement en poudre dans la couleur RAL de votre choix<\/li>\n<li>syst\u00e8me de pivotement libre pour un fonctionnement ind\u00e9pendant du contrepoids<\/li>\n<li>moteur et bo\u00eetier de commande 400 V pour l&rsquo;ouverture et la fermeture \u00e9lectriques<\/li>\n<li>d\u00e9tecteur de fum\u00e9e pour un syst\u00e8me autonome<\/li>\n<\/ul>\n<table cellspacing=\"0\" cellpadding=\"0\">\n<thead>\n<tr>\n<th>classification<\/th>\n<th>r\u00e9sistance au feu<\/th>\n<th>largeur jour max.<\/th>\n<th>hauteur jour max.<\/th>\n<th>surface max.<\/th>\n<\/tr>\n<\/thead>\n<tbody>\n<tr>\n<td>EI (1)<\/td>\n<td>60 minutes<\/td>\n<td>5.450 mm<\/td>\n<td>6.750 mm<\/td>\n<td>25 m\u00b2<\/td>\n<\/tr>\n<tr>\n<td>EW<\/td>\n<td>120 minutes<\/td>\n<td>5.450 mm<\/td>\n<td>6.750 mm<\/td>\n<td>25 m\u00b2<\/td>\n<\/tr>\n<\/tbody>\n<\/table>\n<p><em>En raison du d\u00e9veloppement continu des produits, nous vous demandons de nous contacter pour conna\u00eetre les dimensions actuelles. Dimensions sup\u00e9rieures sur demande.<\/em><\/p>\n<\/div><\/div><div class=\"w-separator size_small\"><\/div><div class=\"w-btn-wrapper align_none\"><a class=\"w-btn us-btn-style_1 icon_atleft\" href=\"https:\/\/metacon-next.com\/fr\/devis\/\"><i class=\"fas fa-chevron-right\"><\/i><span class=\"w-btn-label\">Demandez un devis<\/span><\/a><\/div><div class=\"w-separator size_small\"><\/div><div class=\"wpb_text_column\"><div class=\"wpb_wrapper\"><h4>T\u00e9l\u00e9chargements<\/h4>\n<\/div><\/div><section class=\"l-section wpb_row height_small width_full\"><div class=\"l-section-h i-cf\"><div class=\"g-cols vc_row via_flex valign_top type_default stacking_default\"><div class=\"vc_col-sm-12 wpb_column vc_column_container\"><div class=\"vc_column-inner\"><div class=\"wpb_wrapper\"><div class=\"wpb_text_column\"><div class=\"wpb_wrapper\"><p><strong>Certificates<\/strong><\/p>\n<ul>\n<li><a href=\"https:\/\/metacon-next.com\/fr\/wp-content\/uploads\/sites\/3\/2022\/04\/02.-Certificate-CE-SGC-EI1-60-EW-120-1812-CPR-1813.pdf\" target=\"_blank\" rel=\"noopener\">Certificate CE SGC EI(1) 60 &#8211; EW 120 (1812-CPR-1813)<\/a><\/li>\n<li><a href=\"https:\/\/metacon-next.com\/fr\/wp-content\/uploads\/sites\/3\/2022\/04\/03.-Rapport-de-classification-SGC-EI1-60-EW-120-2020-Efectis-R001582.pdf\" target=\"_blank\" rel=\"noopener\">Rapport de classification SGC EI(1) 60 &#8211; EW 120 (2020-Efectis-R001582)<\/a><\/li>\n<\/ul>\n<p><strong>User manuals<\/strong><\/p>\n<ul>\n<li><a href=\"https:\/\/metacon-next.com\/fr\/wp-content\/uploads\/sites\/3\/2022\/04\/04.-User-manual-SGC-EI1-60-EW-120.pdf\" target=\"_blank\" rel=\"noopener\">Manuel d&rsquo;utilisation SGC EI(1) 60 &#8211; EW 120<\/a><\/li>\n<\/ul>\n<p><strong>Drawings (DWG)<\/strong><\/p>\n<ul>\n<li><a href=\"https:\/\/metacon-next.com\/fr\/wp-content\/uploads\/sites\/3\/2022\/04\/05.-Dessin-SGC-EI1-60-EW-120.dwg\" target=\"_blank\" rel=\"noopener\">Dessin SGC EI(1) 60 &#8211; EW 120<\/a><\/li>\n<\/ul>\n<p><strong>Product specification<\/strong><\/p>\n<ul>\n<li><a href=\"https:\/\/metacon-next.com\/fr\/wp-content\/uploads\/sites\/3\/2024\/01\/Fiche-technique-du-produit-Metacon-Next-SGC-EI1-60-EW-120.pdf\" target=\"_blank\" rel=\"noopener\">Fiche technique du produit SGC EI(1) 60 &#8211; EW 120<\/a><\/li>\n<\/ul>\n<\/div><\/div><\/div><\/div><\/div><\/div><\/div><\/section>\n<\/div><\/div><\/div><div class=\"vc_col-sm-4 wpb_column vc_column_container\"><div class=\"vc_column-inner\"><div class=\"wpb_wrapper\"><div class=\"w-slider style_none fit_cover nav_dots count_7\"><div class=\"w-slider-h\" aria-hidden=\"true\"><div class=\"royalSlider\"><div class=\"rsContent\"><a class=\"rsImg\" data-rsw=\"600\" data-rsh=\"600\" href=\"https:\/\/metacon-next.com\/fr\/wp-content\/uploads\/sites\/3\/2022\/04\/06.-Photo-SGC-600x600.jpg\"><span data-alt=\"\"><\/span><\/a><\/div><div class=\"rsContent\"><a class=\"rsImg\" data-rsw=\"600\" data-rsh=\"600\" href=\"https:\/\/metacon-next.com\/fr\/wp-content\/uploads\/sites\/3\/2022\/04\/07.-Photo-SGC-600x600.jpg\"><span data-alt=\"\"><\/span><\/a><\/div><div class=\"rsContent\"><a class=\"rsImg\" data-rsw=\"600\" data-rsh=\"600\" href=\"https:\/\/metacon-next.com\/fr\/wp-content\/uploads\/sites\/3\/2022\/04\/08.-Photo-SGC-600x600.jpg\"><span data-alt=\"\"><\/span><\/a><\/div><div class=\"rsContent\"><a class=\"rsImg\" data-rsw=\"600\" data-rsh=\"600\" href=\"https:\/\/metacon-next.com\/fr\/wp-content\/uploads\/sites\/3\/2022\/04\/09.-Photo-SGC-600x600.jpg\"><span data-alt=\"\"><\/span><\/a><\/div><div class=\"rsContent\"><a class=\"rsImg\" data-rsw=\"600\" data-rsh=\"540\" href=\"https:\/\/metacon-next.com\/fr\/wp-content\/uploads\/sites\/3\/2022\/04\/10.-Photo-SGC-600x540.jpg\"><span data-alt=\"\"><\/span><\/a><\/div><div class=\"rsContent\"><a class=\"rsImg\" data-rsw=\"600\" data-rsh=\"577\" href=\"https:\/\/metacon-next.com\/fr\/wp-content\/uploads\/sites\/3\/2022\/04\/11.-Photo-SGC-600x577.jpg\"><span data-alt=\"\"><\/span><\/a><\/div><div class=\"rsContent\"><a class=\"rsImg\" data-rsw=\"600\" data-rsh=\"420\" href=\"https:\/\/metacon-next.com\/fr\/wp-content\/uploads\/sites\/3\/2022\/04\/12.-Photo-SGC-600x420.jpg\"><span data-alt=\"\"><\/span><\/a><\/div><\/div><img decoding=\"async\" src=\"https:\/\/metacon-next.com\/fr\/wp-content\/uploads\/sites\/3\/2022\/04\/06.-Photo-SGC-600x600.jpg\" width=\"600\" height=\"600\" alt loading=\"lazy\"><\/div><div class=\"w-slider-json\" onclick='return {&quot;autoScaleSlider&quot;:true,&quot;addActiveClass&quot;:true,&quot;loop&quot;:true,&quot;fadeInLoadedSlide&quot;:false,&quot;slidesSpacing&quot;:0,&quot;imageScalePadding&quot;:0,&quot;numImagesToPreload&quot;:2,&quot;arrowsNav&quot;:true,&quot;arrowsNavAutoHide&quot;:true,&quot;transitionType&quot;:&quot;move&quot;,&quot;transitionSpeed&quot;:250,&quot;block&quot;:{&quot;moveEffect&quot;:&quot;none&quot;,&quot;speed&quot;:300},&quot;thumbs&quot;:{&quot;fitInViewport&quot;:false,&quot;firstMargin&quot;:false,&quot;spacing&quot;:4},&quot;controlNavigation&quot;:&quot;bullets&quot;,&quot;autoplay&quot;:{&quot;enabled&quot;:true,&quot;pauseOnHover&quot;:true,&quot;delay&quot;:3000},&quot;autoScaleSliderWidth&quot;:600,&quot;autoScaleSliderHeight&quot;:600}'><\/div><\/div><div class=\"w-separator size_small\"><\/div><div class=\"wpb_widgetised_column wpb_content_element\"><div class=\"wpb_wrapper\"><div id=\"nav_menu-2\" class=\"widget widget_nav_menu\"><h3 class=\"widgettitle\">Produits<\/h3><div class=\"menu-producten-container\"><ul id=\"menu-producten\" class=\"menu\"><li id=\"menu-item-24644\" class=\"menu-item menu-item-type-post_type menu-item-object-page menu-item-24644\"><a href=\"https:\/\/metacon-next.com\/fr\/produits\/rideaux-textiles-coupe-feu\/\">Rideaux textiles coupe-feu<\/a><\/li>\n<li id=\"menu-item-24643\" class=\"menu-item menu-item-type-post_type menu-item-object-page menu-item-24643\"><a href=\"https:\/\/metacon-next.com\/fr\/produits\/volets-roulants-coupe-feu\/\">Volets roulants coupe-feu<\/a><\/li>\n<li id=\"menu-item-24642\" class=\"menu-item menu-item-type-post_type menu-item-object-page menu-item-24642\"><a href=\"https:\/\/metacon-next.com\/fr\/produits\/portes-sectionnelles-coupe-feu\/\">Portes sectionnelles coupe-feu<\/a><\/li>\n<li id=\"menu-item-24645\" class=\"menu-item menu-item-type-post_type menu-item-object-page menu-item-24645\"><a href=\"https:\/\/metacon-next.com\/fr\/produits\/portes-coulissantes-coupe-feu\/\">Portes coulissantes coupe-feu<\/a><\/li>\n<li id=\"menu-item-24641\" class=\"menu-item menu-item-type-post_type menu-item-object-page menu-item-24641\"><a href=\"https:\/\/metacon-next.com\/fr\/produits\/portes-battantes-coupe-feu\/\">Portes battantes coupe-feu<\/a><\/li>\n<li id=\"menu-item-25079\" class=\"menu-item menu-item-type-post_type menu-item-object-page menu-item-25079\"><a href=\"https:\/\/metacon-next.com\/fr\/produits\/portes-rapides-coupe-feu\/\">Portes rapides coupe-feu<\/a><\/li>\n<li id=\"menu-item-24648\" class=\"menu-item menu-item-type-post_type menu-item-object-page menu-item-24648\"><a href=\"https:\/\/metacon-next.com\/fr\/produits\/volets-roulants\/\">Volets roulants<\/a><\/li>\n<li id=\"menu-item-24647\" class=\"menu-item menu-item-type-post_type menu-item-object-page menu-item-24647\"><a href=\"https:\/\/metacon-next.com\/fr\/produits\/volets-transparents\/\">Volets transparents<\/a><\/li>\n<li id=\"menu-item-24646\" class=\"menu-item menu-item-type-post_type menu-item-object-page menu-item-24646\"><a href=\"https:\/\/metacon-next.com\/fr\/produits\/grilles-roulantes\/\">Grilles roulantes<\/a><\/li>\n<li id=\"menu-item-25105\" class=\"menu-item menu-item-type-post_type menu-item-object-page menu-item-25105\"><a href=\"https:\/\/metacon-next.com\/fr\/produits\/portes-de-diamant\/\">Portes de diamant<\/a><\/li>\n<li id=\"menu-item-25104\" class=\"menu-item menu-item-type-post_type menu-item-object-page menu-item-25104\"><a href=\"https:\/\/metacon-next.com\/fr\/produits\/volets-isoles\/\">Volets isol\u00e9s<\/a><\/li>\n<\/ul><\/div><\/div><\/div><\/div><\/div><\/div><\/div><\/div><\/div><\/div><\/div><\/div><\/div><\/section>\n","protected":false},"excerpt":{"rendered":"SGC EI(1) 60 &#8211; EW 120 Certification test\u00e9 conform\u00e9ment aux normes EN 1634-1 et EN 1634-3 class\u00e9 selon la norme EN 13501-2 class\u00e9 selon la norme EN 13501-1 dans la classe de feu B-s1, d0 essai de cycle valid\u00e9 conform\u00e9ment \u00e0 la norme C3 (&gt; 50.000 cycles) marquage CE conform\u00e9ment aux normes EN 13241 et...","protected":false},"author":1,"featured_media":25045,"parent":23580,"menu_order":400,"comment_status":"closed","ping_status":"closed","template":"","meta":{"footnotes":""},"class_list":["post-23746","page","type-page","status-publish","has-post-thumbnail","hentry"],"yoast_head":"<!-- This site is optimized with the Yoast SEO plugin v27.3 - https:\/\/yoast.com\/product\/yoast-seo-wordpress\/ -->\n<title>Portes coulissantes coupe-feu | Metacon Next<\/title>\n<meta name=\"description\" content=\"D\u00e9couvrez les portes coulissantes coupe-feu de Metacon Next pour applications industrielles et critiques, ax\u00e9es sur la s\u00e9curit\u00e9.\" \/>\n<meta name=\"robots\" content=\"index, follow, max-snippet:-1, max-image-preview:large, max-video-preview:-1\" \/>\n<link rel=\"canonical\" href=\"https:\/\/metacon-next.com\/fr\/produits\/portes-coulissantes-coupe-feu\/\" \/>\n<meta property=\"og:locale\" content=\"fr_FR\" \/>\n<meta property=\"og:type\" content=\"article\" \/>\n<meta property=\"og:title\" content=\"Portes coulissantes coupe-feu | Metacon Next\" \/>\n<meta property=\"og:description\" content=\"D\u00e9couvrez les portes coulissantes coupe-feu de Metacon Next pour applications industrielles et critiques, ax\u00e9es sur la s\u00e9curit\u00e9.\" \/>\n<meta property=\"og:url\" content=\"https:\/\/metacon-next.com\/fr\/produits\/portes-coulissantes-coupe-feu\/\" \/>\n<meta property=\"og:site_name\" content=\"Metacon-Next\" \/>\n<meta property=\"article:modified_time\" content=\"2025-12-17T13:39:45+00:00\" \/>\n<meta property=\"og:image\" content=\"https:\/\/metacon-next.com\/fr\/wp-content\/uploads\/sites\/3\/2022\/04\/06.-Photo-SGC.jpg\" \/>\n\t<meta property=\"og:image:width\" content=\"1000\" \/>\n\t<meta property=\"og:image:height\" content=\"750\" \/>\n\t<meta property=\"og:image:type\" content=\"image\/jpeg\" \/>\n<meta name=\"twitter:card\" content=\"summary_large_image\" \/>\n<meta name=\"twitter:label1\" content=\"Dur\u00e9e de lecture estim\u00e9e\" \/>\n\t<meta name=\"twitter:data1\" content=\"2 minutes\" \/>\n<script type=\"application\/ld+json\" class=\"yoast-schema-graph\">{\"@context\":\"https:\\\/\\\/schema.org\",\"@graph\":[{\"@type\":\"WebPage\",\"@id\":\"https:\\\/\\\/metacon-next.com\\\/fr\\\/produits\\\/portes-coulissantes-coupe-feu\\\/\",\"url\":\"https:\\\/\\\/metacon-next.com\\\/fr\\\/produits\\\/portes-coulissantes-coupe-feu\\\/\",\"name\":\"Portes coulissantes coupe-feu | Metacon Next\",\"isPartOf\":{\"@id\":\"https:\\\/\\\/metacon-next.com\\\/fr\\\/#website\"},\"primaryImageOfPage\":{\"@id\":\"https:\\\/\\\/metacon-next.com\\\/fr\\\/produits\\\/portes-coulissantes-coupe-feu\\\/#primaryimage\"},\"image\":{\"@id\":\"https:\\\/\\\/metacon-next.com\\\/fr\\\/produits\\\/portes-coulissantes-coupe-feu\\\/#primaryimage\"},\"thumbnailUrl\":\"https:\\\/\\\/metacon-next.com\\\/fr\\\/wp-content\\\/uploads\\\/sites\\\/3\\\/2022\\\/04\\\/06.-Photo-SGC.jpg\",\"datePublished\":\"2019-11-05T08:21:53+00:00\",\"dateModified\":\"2025-12-17T13:39:45+00:00\",\"description\":\"D\u00e9couvrez les portes coulissantes coupe-feu de Metacon Next pour applications industrielles et critiques, ax\u00e9es sur la s\u00e9curit\u00e9.\",\"breadcrumb\":{\"@id\":\"https:\\\/\\\/metacon-next.com\\\/fr\\\/produits\\\/portes-coulissantes-coupe-feu\\\/#breadcrumb\"},\"inLanguage\":\"fr-FR\",\"potentialAction\":[{\"@type\":\"ReadAction\",\"target\":[\"https:\\\/\\\/metacon-next.com\\\/fr\\\/produits\\\/portes-coulissantes-coupe-feu\\\/\"]}]},{\"@type\":\"ImageObject\",\"inLanguage\":\"fr-FR\",\"@id\":\"https:\\\/\\\/metacon-next.com\\\/fr\\\/produits\\\/portes-coulissantes-coupe-feu\\\/#primaryimage\",\"url\":\"https:\\\/\\\/metacon-next.com\\\/fr\\\/wp-content\\\/uploads\\\/sites\\\/3\\\/2022\\\/04\\\/06.-Photo-SGC.jpg\",\"contentUrl\":\"https:\\\/\\\/metacon-next.com\\\/fr\\\/wp-content\\\/uploads\\\/sites\\\/3\\\/2022\\\/04\\\/06.-Photo-SGC.jpg\",\"width\":1000,\"height\":750},{\"@type\":\"BreadcrumbList\",\"@id\":\"https:\\\/\\\/metacon-next.com\\\/fr\\\/produits\\\/portes-coulissantes-coupe-feu\\\/#breadcrumb\",\"itemListElement\":[{\"@type\":\"ListItem\",\"position\":1,\"name\":\"Accueil\",\"item\":\"https:\\\/\\\/metacon-next.com\\\/fr\\\/\"},{\"@type\":\"ListItem\",\"position\":2,\"name\":\"Produits\",\"item\":\"https:\\\/\\\/metacon-next.com\\\/fr\\\/produits\\\/\"},{\"@type\":\"ListItem\",\"position\":3,\"name\":\"Portes coulissantes coupe-feu\"}]},{\"@type\":\"WebSite\",\"@id\":\"https:\\\/\\\/metacon-next.com\\\/fr\\\/#website\",\"url\":\"https:\\\/\\\/metacon-next.com\\\/fr\\\/\",\"name\":\"Metacon-Next\",\"description\":\"\",\"publisher\":{\"@id\":\"https:\\\/\\\/metacon-next.com\\\/fr\\\/#organization\"},\"potentialAction\":[{\"@type\":\"SearchAction\",\"target\":{\"@type\":\"EntryPoint\",\"urlTemplate\":\"https:\\\/\\\/metacon-next.com\\\/fr\\\/?s={search_term_string}\"},\"query-input\":{\"@type\":\"PropertyValueSpecification\",\"valueRequired\":true,\"valueName\":\"search_term_string\"}}],\"inLanguage\":\"fr-FR\"},{\"@type\":\"Organization\",\"@id\":\"https:\\\/\\\/metacon-next.com\\\/fr\\\/#organization\",\"name\":\"Next Door Systems B.V.\",\"url\":\"https:\\\/\\\/metacon-next.com\\\/fr\\\/\",\"logo\":{\"@type\":\"ImageObject\",\"inLanguage\":\"fr-FR\",\"@id\":\"https:\\\/\\\/metacon-next.com\\\/fr\\\/#\\\/schema\\\/logo\\\/image\\\/\",\"url\":\"https:\\\/\\\/metacon-next.com\\\/fr\\\/wp-content\\\/uploads\\\/sites\\\/3\\\/2019\\\/11\\\/next-door-systems-logo-new.png\",\"contentUrl\":\"https:\\\/\\\/metacon-next.com\\\/fr\\\/wp-content\\\/uploads\\\/sites\\\/3\\\/2019\\\/11\\\/next-door-systems-logo-new.png\",\"width\":322,\"height\":300,\"caption\":\"Next Door Systems B.V.\"},\"image\":{\"@id\":\"https:\\\/\\\/metacon-next.com\\\/fr\\\/#\\\/schema\\\/logo\\\/image\\\/\"}}]}<\/script>\n<!-- \/ Yoast SEO plugin. -->","yoast_head_json":{"title":"Portes coulissantes coupe-feu | Metacon Next","description":"D\u00e9couvrez les portes coulissantes coupe-feu de Metacon Next pour applications industrielles et critiques, ax\u00e9es sur la s\u00e9curit\u00e9.","robots":{"index":"index","follow":"follow","max-snippet":"max-snippet:-1","max-image-preview":"max-image-preview:large","max-video-preview":"max-video-preview:-1"},"canonical":"https:\/\/metacon-next.com\/fr\/produits\/portes-coulissantes-coupe-feu\/","og_locale":"fr_FR","og_type":"article","og_title":"Portes coulissantes coupe-feu | Metacon Next","og_description":"D\u00e9couvrez les portes coulissantes coupe-feu de Metacon Next pour applications industrielles et critiques, ax\u00e9es sur la s\u00e9curit\u00e9.","og_url":"https:\/\/metacon-next.com\/fr\/produits\/portes-coulissantes-coupe-feu\/","og_site_name":"Metacon-Next","article_modified_time":"2025-12-17T13:39:45+00:00","og_image":[{"width":1000,"height":750,"url":"https:\/\/metacon-next.com\/fr\/wp-content\/uploads\/sites\/3\/2022\/04\/06.-Photo-SGC.jpg","type":"image\/jpeg"}],"twitter_card":"summary_large_image","twitter_misc":{"Dur\u00e9e de lecture estim\u00e9e":"2 minutes"},"schema":{"@context":"https:\/\/schema.org","@graph":[{"@type":"WebPage","@id":"https:\/\/metacon-next.com\/fr\/produits\/portes-coulissantes-coupe-feu\/","url":"https:\/\/metacon-next.com\/fr\/produits\/portes-coulissantes-coupe-feu\/","name":"Portes coulissantes coupe-feu | Metacon Next","isPartOf":{"@id":"https:\/\/metacon-next.com\/fr\/#website"},"primaryImageOfPage":{"@id":"https:\/\/metacon-next.com\/fr\/produits\/portes-coulissantes-coupe-feu\/#primaryimage"},"image":{"@id":"https:\/\/metacon-next.com\/fr\/produits\/portes-coulissantes-coupe-feu\/#primaryimage"},"thumbnailUrl":"https:\/\/metacon-next.com\/fr\/wp-content\/uploads\/sites\/3\/2022\/04\/06.-Photo-SGC.jpg","datePublished":"2019-11-05T08:21:53+00:00","dateModified":"2025-12-17T13:39:45+00:00","description":"D\u00e9couvrez les portes coulissantes coupe-feu de Metacon Next pour applications industrielles et critiques, ax\u00e9es sur la s\u00e9curit\u00e9.","breadcrumb":{"@id":"https:\/\/metacon-next.com\/fr\/produits\/portes-coulissantes-coupe-feu\/#breadcrumb"},"inLanguage":"fr-FR","potentialAction":[{"@type":"ReadAction","target":["https:\/\/metacon-next.com\/fr\/produits\/portes-coulissantes-coupe-feu\/"]}]},{"@type":"ImageObject","inLanguage":"fr-FR","@id":"https:\/\/metacon-next.com\/fr\/produits\/portes-coulissantes-coupe-feu\/#primaryimage","url":"https:\/\/metacon-next.com\/fr\/wp-content\/uploads\/sites\/3\/2022\/04\/06.-Photo-SGC.jpg","contentUrl":"https:\/\/metacon-next.com\/fr\/wp-content\/uploads\/sites\/3\/2022\/04\/06.-Photo-SGC.jpg","width":1000,"height":750},{"@type":"BreadcrumbList","@id":"https:\/\/metacon-next.com\/fr\/produits\/portes-coulissantes-coupe-feu\/#breadcrumb","itemListElement":[{"@type":"ListItem","position":1,"name":"Accueil","item":"https:\/\/metacon-next.com\/fr\/"},{"@type":"ListItem","position":2,"name":"Produits","item":"https:\/\/metacon-next.com\/fr\/produits\/"},{"@type":"ListItem","position":3,"name":"Portes coulissantes coupe-feu"}]},{"@type":"WebSite","@id":"https:\/\/metacon-next.com\/fr\/#website","url":"https:\/\/metacon-next.com\/fr\/","name":"Metacon-Next","description":"","publisher":{"@id":"https:\/\/metacon-next.com\/fr\/#organization"},"potentialAction":[{"@type":"SearchAction","target":{"@type":"EntryPoint","urlTemplate":"https:\/\/metacon-next.com\/fr\/?s={search_term_string}"},"query-input":{"@type":"PropertyValueSpecification","valueRequired":true,"valueName":"search_term_string"}}],"inLanguage":"fr-FR"},{"@type":"Organization","@id":"https:\/\/metacon-next.com\/fr\/#organization","name":"Next Door Systems B.V.","url":"https:\/\/metacon-next.com\/fr\/","logo":{"@type":"ImageObject","inLanguage":"fr-FR","@id":"https:\/\/metacon-next.com\/fr\/#\/schema\/logo\/image\/","url":"https:\/\/metacon-next.com\/fr\/wp-content\/uploads\/sites\/3\/2019\/11\/next-door-systems-logo-new.png","contentUrl":"https:\/\/metacon-next.com\/fr\/wp-content\/uploads\/sites\/3\/2019\/11\/next-door-systems-logo-new.png","width":322,"height":300,"caption":"Next Door Systems B.V."},"image":{"@id":"https:\/\/metacon-next.com\/fr\/#\/schema\/logo\/image\/"}}]}},"_links":{"self":[{"href":"https:\/\/metacon-next.com\/fr\/wp-json\/wp\/v2\/pages\/23746","targetHints":{"allow":["GET"]}}],"collection":[{"href":"https:\/\/metacon-next.com\/fr\/wp-json\/wp\/v2\/pages"}],"about":[{"href":"https:\/\/metacon-next.com\/fr\/wp-json\/wp\/v2\/types\/page"}],"author":[{"embeddable":true,"href":"https:\/\/metacon-next.com\/fr\/wp-json\/wp\/v2\/users\/1"}],"replies":[{"embeddable":true,"href":"https:\/\/metacon-next.com\/fr\/wp-json\/wp\/v2\/comments?post=23746"}],"version-history":[{"count":10,"href":"https:\/\/metacon-next.com\/fr\/wp-json\/wp\/v2\/pages\/23746\/revisions"}],"predecessor-version":[{"id":25195,"href":"https:\/\/metacon-next.com\/fr\/wp-json\/wp\/v2\/pages\/23746\/revisions\/25195"}],"up":[{"embeddable":true,"href":"https:\/\/metacon-next.com\/fr\/wp-json\/wp\/v2\/pages\/23580"}],"wp:featuredmedia":[{"embeddable":true,"href":"https:\/\/metacon-next.com\/fr\/wp-json\/wp\/v2\/media\/25045"}],"wp:attachment":[{"href":"https:\/\/metacon-next.com\/fr\/wp-json\/wp\/v2\/media?parent=23746"}],"curies":[{"name":"wp","href":"https:\/\/api.w.org\/{rel}","templated":true}]}}