{"id":23750,"date":"2019-11-05T09:23:46","date_gmt":"2019-11-05T08:23:46","guid":{"rendered":"https:\/\/metacon-next.com\/?page_id=23750"},"modified":"2025-12-17T14:41:29","modified_gmt":"2025-12-17T13:41:29","slug":"portes-battantes-coupe-feu","status":"publish","type":"page","link":"https:\/\/metacon-next.com\/fr\/produits\/portes-battantes-coupe-feu\/","title":{"rendered":"Portes battantes coupe-feu"},"content":{"rendered":"<section class=\"l-section wpb_row height_small\"><div class=\"l-section-h i-cf\"><div class=\"g-cols vc_row via_flex valign_top type_default stacking_default\"><div class=\"vc_col-sm-12 wpb_column vc_column_container\"><div class=\"vc_column-inner\"><div class=\"wpb_wrapper\"><div class=\"w-tabs layout_hor style_default switch_click has_scrolling\" style=\"--sections-title-size:1em\"><div class=\"w-tabs-list items_1 align_justify\" style=\"font-weight:600;\"><div class=\"w-tabs-list-h\"><button class=\"w-tabs-item active\" aria-controls=\"content-w39b\" aria-expanded=\"false\"><span class=\"w-tabs-item-title\">LD Pro<\/span><\/button><\/div><\/div><div class=\"w-tabs-sections titles-align_none icon_chevron cpos_right\"><div class=\"w-tabs-section active\" id=\"w39b\"><button class=\"w-tabs-section-header active\" aria-controls=\"content-w39b\" aria-expanded=\"true\"><div class=\"w-tabs-section-title\">LD Pro<\/div><div class=\"w-tabs-section-control\"><\/div><\/button><div  class=\"w-tabs-section-content\" id=\"content-w39b\"><div class=\"w-tabs-section-content-h i-cf\"><div class=\"g-cols wpb_row via_flex valign_top type_default stacking_default\" style=\"--additional-gap:30;\"><div class=\"vc_col-sm-8 wpb_column vc_column_container\"><div class=\"vc_column-inner\"><div class=\"wpb_wrapper\"><div class=\"wpb_text_column\"><div class=\"wpb_wrapper\"><h2>LD Pro<\/h2>\n<p><span style=\"font-weight: 400\"><strong>Certification<\/strong><\/span><\/p>\n<ul>\n<li style=\"font-weight: 400\">test\u00e9 conform\u00e9ment \u00e0 la norme EN 1634-1<\/li>\n<li style=\"font-weight: 400\">class\u00e9 selon la norme EN 13501-2<\/li>\n<li style=\"font-weight: 400\">marquage CE conform\u00e9ment aux normes EN 13241 et EN 16034<\/li>\n<\/ul>\n<p><span style=\"font-weight: 400\"><strong>Application<\/strong><\/span><\/p>\n<ul>\n<li>convient aux situations int\u00e9rieur\/int\u00e9rieur et int\u00e9rieur\/ext\u00e9rieur<\/li>\n<li>les surfaces de montage autoris\u00e9es sont les suivantes: b\u00e9ton cellulaire, brique silico-calcaire, b\u00e9ton, ma\u00e7onnerie.<\/li>\n<\/ul>\n<p><span style=\"font-weight: 400\"><b>Standard<\/b><\/span><\/p>\n<ul>\n<li>vantail et huisserie dans la couleur RAL de votre choix, sur la base d&rsquo;une peinture humide<\/li>\n<li>\u00e9quip\u00e9 d&rsquo;un cadre d&rsquo;angle<\/li>\n<li>y compris le ferme-porte<\/li>\n<\/ul>\n<p><strong>Les options comprennent<\/strong><\/p>\n<ul>\n<li>application dans des situations int\u00e9rieures\/ext\u00e9rieures<\/li>\n<li>cadre en blocs ou cadre de rev\u00eatement mural<\/li>\n<li>version \u00e0 deux vantaux (vantail actif + vantail fixe)<\/li>\n<li>serrure anti-panique \u00e0 l&rsquo;aide d&rsquo;une poign\u00e9e ou d&rsquo;une barre de pouss\u00e9e<\/li>\n<li>cha\u00eene de temp\u00eate<\/li>\n<\/ul>\n<table cellspacing=\"0\" cellpadding=\"0\">\n<thead>\n<tr>\n<th><\/th>\n<th>classification<\/th>\n<th>r\u00e9sistance au feu<\/th>\n<th>largeur jour max.<\/th>\n<th>hauteur jour max.<\/th>\n<th>surface max.<\/th>\n<\/tr>\n<\/thead>\n<tbody>\n<tr>\n<td><\/td>\n<td>EI (1)<\/td>\n<td>60 minutes<\/td>\n<td>1.300 mm<\/td>\n<td>2.400 mm<\/td>\n<td>3,12 m\u00b2<\/td>\n<\/tr>\n<tr>\n<td>*<\/td>\n<td>EI (1)<\/td>\n<td>60 minutes<\/td>\n<td>2.497 mm<\/td>\n<td>2.928 mm<\/td>\n<td>7,31 m\u00b2<\/td>\n<\/tr>\n<tr>\n<td><\/td>\n<td>EI (2)<\/td>\n<td>120 minutes<\/td>\n<td>1.300 mm<\/td>\n<td>2.400 mm<\/td>\n<td>3,12 m\u00b2<\/td>\n<\/tr>\n<tr>\n<td>*<\/td>\n<td>EI (2)<\/td>\n<td>120 minutes<\/td>\n<td>2.497 mm<\/td>\n<td>2.928 mm<\/td>\n<td>7,31 m\u00b2<\/td>\n<\/tr>\n<tr>\n<td><\/td>\n<td>EW<\/td>\n<td>120 minutes**<\/td>\n<td>1.300 mm<\/td>\n<td>2.400 mm<\/td>\n<td>3,12 m\u00b2<\/td>\n<\/tr>\n<tr>\n<td>*<\/td>\n<td>EW<\/td>\n<td>120 minutes**<\/td>\n<td>2.497 mm<\/td>\n<td>2.928 mm<\/td>\n<td>7,31 m\u00b2<\/td>\n<\/tr>\n<tr>\n<td><\/td>\n<td>E<\/td>\n<td>240 minutes<\/td>\n<td>1.300 mm<\/td>\n<td>2.400 mm<\/td>\n<td>3,12 m\u00b2<\/td>\n<\/tr>\n<tr>\n<td>*<\/td>\n<td>E<\/td>\n<td>240 minutes<\/td>\n<td>2.497 mm<\/td>\n<td>2.928 mm<\/td>\n<td>7,31 m\u00b2<\/td>\n<\/tr>\n<\/tbody>\n<\/table>\n<p><em>* version \u00e0 deux feuilles<\/em><\/p>\n<p><em>** La performance suppl\u00e9mentaire EW 240 minutes ne peut pas \u00eatre certifi\u00e9e selon la norme EN 13501-2.<\/em><\/p>\n<p><em>En raison du d\u00e9veloppement continu des produits, nous vous demandons de nous contacter pour conna\u00eetre les dimensions actuelles. Dimensions sup\u00e9rieures sur demande.<\/em><\/p>\n<\/div><\/div><div class=\"w-separator size_small\"><\/div><div class=\"w-btn-wrapper align_none\"><a class=\"w-btn us-btn-style_1 icon_atleft\" href=\"https:\/\/metacon-next.com\/fr\/devis\/\"><i class=\"fas fa-chevron-right\"><\/i><span class=\"w-btn-label\">Demandez un devis<\/span><\/a><\/div><div class=\"w-separator size_small\"><\/div><div class=\"wpb_text_column\"><div class=\"wpb_wrapper\"><h4>T\u00e9l\u00e9chargements<\/h4>\n<\/div><\/div><section class=\"l-section wpb_row height_small width_full\"><div class=\"l-section-h i-cf\"><div class=\"g-cols vc_row via_flex valign_top type_default stacking_default\"><div class=\"vc_col-sm-12 wpb_column vc_column_container\"><div class=\"vc_column-inner\"><div class=\"wpb_wrapper\"><div class=\"wpb_text_column\"><div class=\"wpb_wrapper\"><p><strong>Certificates<\/strong><\/p>\n<ul>\n<li><a href=\"https:\/\/metacon-next.com\/fr\/wp-content\/uploads\/sites\/3\/2022\/04\/02.-CE-certificate-LD-Pro-1396-CPR-0181.pdf\">CE certificate LD Pro (1396-CPR-0181)<\/a><\/li>\n<li><a href=\"https:\/\/metacon-next.com\/fr\/wp-content\/uploads\/sites\/3\/2022\/04\/03.-Rapport-de-classification-LD-Pro-I-C1396-20-0004-2401-CC.pdf\">Rapport de classification LD Pro-I (C1396-20-0004-2401-CC)<\/a><\/li>\n<li><a href=\"https:\/\/metacon-next.com\/fr\/wp-content\/uploads\/sites\/3\/2022\/04\/04.-Rapport-de-classification-LD-Pro-II-C1396-20-0004-2401-SC.pdf\">Rapport de classification LD Pro-II (C1396-20-0004-2401-SC)<\/a><\/li>\n<\/ul>\n<p><strong>Drawings (DWG)<\/strong><\/p>\n<ul>\n<li><a href=\"https:\/\/metacon-next.com\/fr\/wp-content\/uploads\/sites\/3\/2022\/04\/05.-Dessin-LD-Pro-EI1-60-EI2-120-EW-240.dwg\">Dessin LD Pro EI(1) 60 &#8211; EI(2) 120 &#8211; EW 240<\/a><\/li>\n<\/ul>\n<\/div><\/div><\/div><\/div><\/div><\/div><\/div><\/section>\n<\/div><\/div><\/div><div class=\"vc_col-sm-4 wpb_column vc_column_container\"><div class=\"vc_column-inner\"><div class=\"wpb_wrapper\"><div class=\"w-slider style_none fit_cover nav_dots count_9\"><div class=\"w-slider-h\" aria-hidden=\"true\"><div class=\"royalSlider\"><div class=\"rsContent\"><a class=\"rsImg\" data-rsw=\"562\" data-rsh=\"600\" href=\"https:\/\/metacon-next.com\/fr\/wp-content\/uploads\/sites\/3\/2022\/04\/06.-Photo-LD-Pro-EI1-60-EI2-120-EW-240-562x600.jpg\"><span data-alt=\"\"><\/span><\/a><\/div><div class=\"rsContent\"><a class=\"rsImg\" data-rsw=\"562\" data-rsh=\"600\" href=\"https:\/\/metacon-next.com\/fr\/wp-content\/uploads\/sites\/3\/2022\/04\/07.-Photo-LD-Pro-EI1-60-EI2-120-EW-240-562x600.jpg\"><span data-alt=\"\"><\/span><\/a><\/div><div class=\"rsContent\"><a class=\"rsImg\" data-rsw=\"600\" data-rsh=\"600\" href=\"https:\/\/metacon-next.com\/fr\/wp-content\/uploads\/sites\/3\/2022\/04\/08.-Photo-LD-Pro-EI1-60-EI2-120-EW-240-600x600.jpg\"><span data-alt=\"\"><\/span><\/a><\/div><div class=\"rsContent\"><a class=\"rsImg\" data-rsw=\"600\" data-rsh=\"600\" href=\"https:\/\/metacon-next.com\/fr\/wp-content\/uploads\/sites\/3\/2022\/04\/09.-Photo-LD-Pro-EI1-60-EI2-120-EW-240-600x600.jpg\"><span data-alt=\"\"><\/span><\/a><\/div><div class=\"rsContent\"><a class=\"rsImg\" data-rsw=\"600\" data-rsh=\"600\" href=\"https:\/\/metacon-next.com\/fr\/wp-content\/uploads\/sites\/3\/2022\/04\/10.-Photo-LD-Pro-EI1-60-EI2-120-EW-240-600x600.jpg\"><span data-alt=\"\"><\/span><\/a><\/div><div class=\"rsContent\"><a class=\"rsImg\" data-rsw=\"600\" data-rsh=\"600\" href=\"https:\/\/metacon-next.com\/fr\/wp-content\/uploads\/sites\/3\/2022\/04\/11.-Photo-LD-Pro-EI1-60-EI2-120-EW-240-600x600.jpg\"><span data-alt=\"\"><\/span><\/a><\/div><div class=\"rsContent\"><a class=\"rsImg\" data-rsw=\"600\" data-rsh=\"600\" href=\"https:\/\/metacon-next.com\/fr\/wp-content\/uploads\/sites\/3\/2022\/04\/12.-Photo-LD-Pro-EI1-60-EI2-120-EW-240-600x600.jpg\"><span data-alt=\"\"><\/span><\/a><\/div><div class=\"rsContent\"><a class=\"rsImg\" data-rsw=\"600\" data-rsh=\"600\" href=\"https:\/\/metacon-next.com\/fr\/wp-content\/uploads\/sites\/3\/2022\/04\/13.-Photo-LD-Pro-EI1-60-EI2-120-EW-240-600x600.jpg\"><span data-alt=\"\"><\/span><\/a><\/div><div class=\"rsContent\"><a class=\"rsImg\" data-rsw=\"600\" data-rsh=\"600\" href=\"https:\/\/metacon-next.com\/fr\/wp-content\/uploads\/sites\/3\/2022\/04\/14.-Photo-LD-Pro-EI1-60-EI2-120-EW-240-600x600.jpg\"><span data-alt=\"\"><\/span><\/a><\/div><\/div><img decoding=\"async\" src=\"https:\/\/metacon-next.com\/fr\/wp-content\/uploads\/sites\/3\/2022\/04\/06.-Photo-LD-Pro-EI1-60-EI2-120-EW-240-562x600.jpg\" width=\"562\" height=\"600\" alt loading=\"lazy\"><\/div><div class=\"w-slider-json\" onclick='return {&quot;autoScaleSlider&quot;:true,&quot;addActiveClass&quot;:true,&quot;loop&quot;:true,&quot;fadeInLoadedSlide&quot;:false,&quot;slidesSpacing&quot;:0,&quot;imageScalePadding&quot;:0,&quot;numImagesToPreload&quot;:2,&quot;arrowsNav&quot;:true,&quot;arrowsNavAutoHide&quot;:true,&quot;transitionType&quot;:&quot;move&quot;,&quot;transitionSpeed&quot;:250,&quot;block&quot;:{&quot;moveEffect&quot;:&quot;none&quot;,&quot;speed&quot;:300},&quot;thumbs&quot;:{&quot;fitInViewport&quot;:false,&quot;firstMargin&quot;:false,&quot;spacing&quot;:4},&quot;controlNavigation&quot;:&quot;bullets&quot;,&quot;autoplay&quot;:{&quot;enabled&quot;:true,&quot;pauseOnHover&quot;:true,&quot;delay&quot;:3000},&quot;autoScaleSliderWidth&quot;:562,&quot;autoScaleSliderHeight&quot;:600}'><\/div><\/div><div class=\"w-separator size_small\"><\/div><div class=\"wpb_widgetised_column wpb_content_element\"><div class=\"wpb_wrapper\"><div id=\"nav_menu-2\" class=\"widget widget_nav_menu\"><h3 class=\"widgettitle\">Produits<\/h3><div class=\"menu-producten-container\"><ul id=\"menu-producten\" class=\"menu\"><li id=\"menu-item-24644\" class=\"menu-item menu-item-type-post_type menu-item-object-page menu-item-24644\"><a href=\"https:\/\/metacon-next.com\/fr\/produits\/rideaux-textiles-coupe-feu\/\">Rideaux textiles coupe-feu<\/a><\/li>\n<li id=\"menu-item-24643\" class=\"menu-item menu-item-type-post_type menu-item-object-page menu-item-24643\"><a href=\"https:\/\/metacon-next.com\/fr\/produits\/volets-roulants-coupe-feu\/\">Volets roulants coupe-feu<\/a><\/li>\n<li id=\"menu-item-24642\" class=\"menu-item menu-item-type-post_type menu-item-object-page menu-item-24642\"><a href=\"https:\/\/metacon-next.com\/fr\/produits\/portes-sectionnelles-coupe-feu\/\">Portes sectionnelles coupe-feu<\/a><\/li>\n<li id=\"menu-item-24645\" class=\"menu-item menu-item-type-post_type menu-item-object-page menu-item-24645\"><a href=\"https:\/\/metacon-next.com\/fr\/produits\/portes-coulissantes-coupe-feu\/\">Portes coulissantes coupe-feu<\/a><\/li>\n<li id=\"menu-item-24641\" class=\"menu-item menu-item-type-post_type menu-item-object-page menu-item-24641\"><a href=\"https:\/\/metacon-next.com\/fr\/produits\/portes-battantes-coupe-feu\/\">Portes battantes coupe-feu<\/a><\/li>\n<li id=\"menu-item-25079\" class=\"menu-item menu-item-type-post_type menu-item-object-page menu-item-25079\"><a href=\"https:\/\/metacon-next.com\/fr\/produits\/portes-rapides-coupe-feu\/\">Portes rapides coupe-feu<\/a><\/li>\n<li id=\"menu-item-24648\" class=\"menu-item menu-item-type-post_type menu-item-object-page menu-item-24648\"><a href=\"https:\/\/metacon-next.com\/fr\/produits\/volets-roulants\/\">Volets roulants<\/a><\/li>\n<li id=\"menu-item-24647\" class=\"menu-item menu-item-type-post_type menu-item-object-page menu-item-24647\"><a href=\"https:\/\/metacon-next.com\/fr\/produits\/volets-transparents\/\">Volets transparents<\/a><\/li>\n<li id=\"menu-item-24646\" class=\"menu-item menu-item-type-post_type menu-item-object-page menu-item-24646\"><a href=\"https:\/\/metacon-next.com\/fr\/produits\/grilles-roulantes\/\">Grilles roulantes<\/a><\/li>\n<li id=\"menu-item-25105\" class=\"menu-item menu-item-type-post_type menu-item-object-page menu-item-25105\"><a href=\"https:\/\/metacon-next.com\/fr\/produits\/portes-de-diamant\/\">Portes de diamant<\/a><\/li>\n<li id=\"menu-item-25104\" class=\"menu-item menu-item-type-post_type menu-item-object-page menu-item-25104\"><a href=\"https:\/\/metacon-next.com\/fr\/produits\/volets-isoles\/\">Volets isol\u00e9s<\/a><\/li>\n<\/ul><\/div><\/div><\/div><\/div><\/div><\/div><\/div><\/div><\/div><\/div><\/div><\/div><\/div><\/div><\/div><\/div><\/div><\/div><\/section>\n","protected":false},"excerpt":{"rendered":"LD ProLD ProLD Pro Certification test\u00e9 conform\u00e9ment \u00e0 la norme EN 1634-1 class\u00e9 selon la norme EN 13501-2 marquage CE conform\u00e9ment aux normes EN 13241 et EN 16034 Application convient aux situations int\u00e9rieur\/int\u00e9rieur et int\u00e9rieur\/ext\u00e9rieur les surfaces de montage autoris\u00e9es sont les suivantes: b\u00e9ton cellulaire, brique silico-calcaire, b\u00e9ton, ma\u00e7onnerie. Standard vantail et huisserie dans la...","protected":false},"author":1,"featured_media":25068,"parent":23580,"menu_order":500,"comment_status":"closed","ping_status":"closed","template":"","meta":{"footnotes":""},"class_list":["post-23750","page","type-page","status-publish","has-post-thumbnail","hentry"],"yoast_head":"<!-- This site is optimized with the Yoast SEO plugin v27.3 - https:\/\/yoast.com\/product\/yoast-seo-wordpress\/ -->\n<title>Portes battantes coupe-feu | Metacon Next<\/title>\n<meta name=\"description\" content=\"D\u00e9couvrez les portes battantes coupe-feu de Metacon Next pour applications industrielles et critiques, ax\u00e9es sur la s\u00e9curit\u00e9.\" \/>\n<meta name=\"robots\" content=\"index, follow, max-snippet:-1, max-image-preview:large, max-video-preview:-1\" \/>\n<link rel=\"canonical\" href=\"https:\/\/metacon-next.com\/fr\/produits\/portes-battantes-coupe-feu\/\" \/>\n<meta property=\"og:locale\" content=\"fr_FR\" \/>\n<meta property=\"og:type\" content=\"article\" \/>\n<meta property=\"og:title\" content=\"Portes battantes coupe-feu | Metacon Next\" \/>\n<meta property=\"og:description\" content=\"D\u00e9couvrez les portes battantes coupe-feu de Metacon Next pour applications industrielles et critiques, ax\u00e9es sur la s\u00e9curit\u00e9.\" \/>\n<meta property=\"og:url\" content=\"https:\/\/metacon-next.com\/fr\/produits\/portes-battantes-coupe-feu\/\" \/>\n<meta property=\"og:site_name\" content=\"Metacon-Next\" \/>\n<meta property=\"article:modified_time\" content=\"2025-12-17T13:41:29+00:00\" \/>\n<meta property=\"og:image\" content=\"https:\/\/metacon-next.com\/fr\/wp-content\/uploads\/sites\/3\/2022\/04\/12.-Photo-LD-Pro-EI1-60-EI2-120-EW-240.jpg\" \/>\n\t<meta property=\"og:image:width\" content=\"1000\" \/>\n\t<meta property=\"og:image:height\" content=\"666\" \/>\n\t<meta property=\"og:image:type\" content=\"image\/jpeg\" \/>\n<meta name=\"twitter:card\" content=\"summary_large_image\" \/>\n<meta name=\"twitter:label1\" content=\"Dur\u00e9e de lecture estim\u00e9e\" \/>\n\t<meta name=\"twitter:data1\" content=\"2 minutes\" \/>\n<script type=\"application\/ld+json\" class=\"yoast-schema-graph\">{\"@context\":\"https:\\\/\\\/schema.org\",\"@graph\":[{\"@type\":\"WebPage\",\"@id\":\"https:\\\/\\\/metacon-next.com\\\/fr\\\/produits\\\/portes-battantes-coupe-feu\\\/\",\"url\":\"https:\\\/\\\/metacon-next.com\\\/fr\\\/produits\\\/portes-battantes-coupe-feu\\\/\",\"name\":\"Portes battantes coupe-feu | Metacon Next\",\"isPartOf\":{\"@id\":\"https:\\\/\\\/metacon-next.com\\\/fr\\\/#website\"},\"primaryImageOfPage\":{\"@id\":\"https:\\\/\\\/metacon-next.com\\\/fr\\\/produits\\\/portes-battantes-coupe-feu\\\/#primaryimage\"},\"image\":{\"@id\":\"https:\\\/\\\/metacon-next.com\\\/fr\\\/produits\\\/portes-battantes-coupe-feu\\\/#primaryimage\"},\"thumbnailUrl\":\"https:\\\/\\\/metacon-next.com\\\/fr\\\/wp-content\\\/uploads\\\/sites\\\/3\\\/2022\\\/04\\\/12.-Photo-LD-Pro-EI1-60-EI2-120-EW-240.jpg\",\"datePublished\":\"2019-11-05T08:23:46+00:00\",\"dateModified\":\"2025-12-17T13:41:29+00:00\",\"description\":\"D\u00e9couvrez les portes battantes coupe-feu de Metacon Next pour applications industrielles et critiques, ax\u00e9es sur la s\u00e9curit\u00e9.\",\"breadcrumb\":{\"@id\":\"https:\\\/\\\/metacon-next.com\\\/fr\\\/produits\\\/portes-battantes-coupe-feu\\\/#breadcrumb\"},\"inLanguage\":\"fr-FR\",\"potentialAction\":[{\"@type\":\"ReadAction\",\"target\":[\"https:\\\/\\\/metacon-next.com\\\/fr\\\/produits\\\/portes-battantes-coupe-feu\\\/\"]}]},{\"@type\":\"ImageObject\",\"inLanguage\":\"fr-FR\",\"@id\":\"https:\\\/\\\/metacon-next.com\\\/fr\\\/produits\\\/portes-battantes-coupe-feu\\\/#primaryimage\",\"url\":\"https:\\\/\\\/metacon-next.com\\\/fr\\\/wp-content\\\/uploads\\\/sites\\\/3\\\/2022\\\/04\\\/12.-Photo-LD-Pro-EI1-60-EI2-120-EW-240.jpg\",\"contentUrl\":\"https:\\\/\\\/metacon-next.com\\\/fr\\\/wp-content\\\/uploads\\\/sites\\\/3\\\/2022\\\/04\\\/12.-Photo-LD-Pro-EI1-60-EI2-120-EW-240.jpg\",\"width\":1000,\"height\":666},{\"@type\":\"BreadcrumbList\",\"@id\":\"https:\\\/\\\/metacon-next.com\\\/fr\\\/produits\\\/portes-battantes-coupe-feu\\\/#breadcrumb\",\"itemListElement\":[{\"@type\":\"ListItem\",\"position\":1,\"name\":\"Accueil\",\"item\":\"https:\\\/\\\/metacon-next.com\\\/fr\\\/\"},{\"@type\":\"ListItem\",\"position\":2,\"name\":\"Produits\",\"item\":\"https:\\\/\\\/metacon-next.com\\\/fr\\\/produits\\\/\"},{\"@type\":\"ListItem\",\"position\":3,\"name\":\"Portes battantes coupe-feu\"}]},{\"@type\":\"WebSite\",\"@id\":\"https:\\\/\\\/metacon-next.com\\\/fr\\\/#website\",\"url\":\"https:\\\/\\\/metacon-next.com\\\/fr\\\/\",\"name\":\"Metacon-Next\",\"description\":\"\",\"publisher\":{\"@id\":\"https:\\\/\\\/metacon-next.com\\\/fr\\\/#organization\"},\"potentialAction\":[{\"@type\":\"SearchAction\",\"target\":{\"@type\":\"EntryPoint\",\"urlTemplate\":\"https:\\\/\\\/metacon-next.com\\\/fr\\\/?s={search_term_string}\"},\"query-input\":{\"@type\":\"PropertyValueSpecification\",\"valueRequired\":true,\"valueName\":\"search_term_string\"}}],\"inLanguage\":\"fr-FR\"},{\"@type\":\"Organization\",\"@id\":\"https:\\\/\\\/metacon-next.com\\\/fr\\\/#organization\",\"name\":\"Next Door Systems B.V.\",\"url\":\"https:\\\/\\\/metacon-next.com\\\/fr\\\/\",\"logo\":{\"@type\":\"ImageObject\",\"inLanguage\":\"fr-FR\",\"@id\":\"https:\\\/\\\/metacon-next.com\\\/fr\\\/#\\\/schema\\\/logo\\\/image\\\/\",\"url\":\"https:\\\/\\\/metacon-next.com\\\/fr\\\/wp-content\\\/uploads\\\/sites\\\/3\\\/2019\\\/11\\\/next-door-systems-logo-new.png\",\"contentUrl\":\"https:\\\/\\\/metacon-next.com\\\/fr\\\/wp-content\\\/uploads\\\/sites\\\/3\\\/2019\\\/11\\\/next-door-systems-logo-new.png\",\"width\":322,\"height\":300,\"caption\":\"Next Door Systems B.V.\"},\"image\":{\"@id\":\"https:\\\/\\\/metacon-next.com\\\/fr\\\/#\\\/schema\\\/logo\\\/image\\\/\"}}]}<\/script>\n<!-- \/ Yoast SEO plugin. -->","yoast_head_json":{"title":"Portes battantes coupe-feu | Metacon Next","description":"D\u00e9couvrez les portes battantes coupe-feu de Metacon Next pour applications industrielles et critiques, ax\u00e9es sur la s\u00e9curit\u00e9.","robots":{"index":"index","follow":"follow","max-snippet":"max-snippet:-1","max-image-preview":"max-image-preview:large","max-video-preview":"max-video-preview:-1"},"canonical":"https:\/\/metacon-next.com\/fr\/produits\/portes-battantes-coupe-feu\/","og_locale":"fr_FR","og_type":"article","og_title":"Portes battantes coupe-feu | Metacon Next","og_description":"D\u00e9couvrez les portes battantes coupe-feu de Metacon Next pour applications industrielles et critiques, ax\u00e9es sur la s\u00e9curit\u00e9.","og_url":"https:\/\/metacon-next.com\/fr\/produits\/portes-battantes-coupe-feu\/","og_site_name":"Metacon-Next","article_modified_time":"2025-12-17T13:41:29+00:00","og_image":[{"width":1000,"height":666,"url":"https:\/\/metacon-next.com\/fr\/wp-content\/uploads\/sites\/3\/2022\/04\/12.-Photo-LD-Pro-EI1-60-EI2-120-EW-240.jpg","type":"image\/jpeg"}],"twitter_card":"summary_large_image","twitter_misc":{"Dur\u00e9e de lecture estim\u00e9e":"2 minutes"},"schema":{"@context":"https:\/\/schema.org","@graph":[{"@type":"WebPage","@id":"https:\/\/metacon-next.com\/fr\/produits\/portes-battantes-coupe-feu\/","url":"https:\/\/metacon-next.com\/fr\/produits\/portes-battantes-coupe-feu\/","name":"Portes battantes coupe-feu | Metacon Next","isPartOf":{"@id":"https:\/\/metacon-next.com\/fr\/#website"},"primaryImageOfPage":{"@id":"https:\/\/metacon-next.com\/fr\/produits\/portes-battantes-coupe-feu\/#primaryimage"},"image":{"@id":"https:\/\/metacon-next.com\/fr\/produits\/portes-battantes-coupe-feu\/#primaryimage"},"thumbnailUrl":"https:\/\/metacon-next.com\/fr\/wp-content\/uploads\/sites\/3\/2022\/04\/12.-Photo-LD-Pro-EI1-60-EI2-120-EW-240.jpg","datePublished":"2019-11-05T08:23:46+00:00","dateModified":"2025-12-17T13:41:29+00:00","description":"D\u00e9couvrez les portes battantes coupe-feu de Metacon Next pour applications industrielles et critiques, ax\u00e9es sur la s\u00e9curit\u00e9.","breadcrumb":{"@id":"https:\/\/metacon-next.com\/fr\/produits\/portes-battantes-coupe-feu\/#breadcrumb"},"inLanguage":"fr-FR","potentialAction":[{"@type":"ReadAction","target":["https:\/\/metacon-next.com\/fr\/produits\/portes-battantes-coupe-feu\/"]}]},{"@type":"ImageObject","inLanguage":"fr-FR","@id":"https:\/\/metacon-next.com\/fr\/produits\/portes-battantes-coupe-feu\/#primaryimage","url":"https:\/\/metacon-next.com\/fr\/wp-content\/uploads\/sites\/3\/2022\/04\/12.-Photo-LD-Pro-EI1-60-EI2-120-EW-240.jpg","contentUrl":"https:\/\/metacon-next.com\/fr\/wp-content\/uploads\/sites\/3\/2022\/04\/12.-Photo-LD-Pro-EI1-60-EI2-120-EW-240.jpg","width":1000,"height":666},{"@type":"BreadcrumbList","@id":"https:\/\/metacon-next.com\/fr\/produits\/portes-battantes-coupe-feu\/#breadcrumb","itemListElement":[{"@type":"ListItem","position":1,"name":"Accueil","item":"https:\/\/metacon-next.com\/fr\/"},{"@type":"ListItem","position":2,"name":"Produits","item":"https:\/\/metacon-next.com\/fr\/produits\/"},{"@type":"ListItem","position":3,"name":"Portes battantes coupe-feu"}]},{"@type":"WebSite","@id":"https:\/\/metacon-next.com\/fr\/#website","url":"https:\/\/metacon-next.com\/fr\/","name":"Metacon-Next","description":"","publisher":{"@id":"https:\/\/metacon-next.com\/fr\/#organization"},"potentialAction":[{"@type":"SearchAction","target":{"@type":"EntryPoint","urlTemplate":"https:\/\/metacon-next.com\/fr\/?s={search_term_string}"},"query-input":{"@type":"PropertyValueSpecification","valueRequired":true,"valueName":"search_term_string"}}],"inLanguage":"fr-FR"},{"@type":"Organization","@id":"https:\/\/metacon-next.com\/fr\/#organization","name":"Next Door Systems B.V.","url":"https:\/\/metacon-next.com\/fr\/","logo":{"@type":"ImageObject","inLanguage":"fr-FR","@id":"https:\/\/metacon-next.com\/fr\/#\/schema\/logo\/image\/","url":"https:\/\/metacon-next.com\/fr\/wp-content\/uploads\/sites\/3\/2019\/11\/next-door-systems-logo-new.png","contentUrl":"https:\/\/metacon-next.com\/fr\/wp-content\/uploads\/sites\/3\/2019\/11\/next-door-systems-logo-new.png","width":322,"height":300,"caption":"Next Door Systems B.V."},"image":{"@id":"https:\/\/metacon-next.com\/fr\/#\/schema\/logo\/image\/"}}]}},"_links":{"self":[{"href":"https:\/\/metacon-next.com\/fr\/wp-json\/wp\/v2\/pages\/23750","targetHints":{"allow":["GET"]}}],"collection":[{"href":"https:\/\/metacon-next.com\/fr\/wp-json\/wp\/v2\/pages"}],"about":[{"href":"https:\/\/metacon-next.com\/fr\/wp-json\/wp\/v2\/types\/page"}],"author":[{"embeddable":true,"href":"https:\/\/metacon-next.com\/fr\/wp-json\/wp\/v2\/users\/1"}],"replies":[{"embeddable":true,"href":"https:\/\/metacon-next.com\/fr\/wp-json\/wp\/v2\/comments?post=23750"}],"version-history":[{"count":10,"href":"https:\/\/metacon-next.com\/fr\/wp-json\/wp\/v2\/pages\/23750\/revisions"}],"predecessor-version":[{"id":25549,"href":"https:\/\/metacon-next.com\/fr\/wp-json\/wp\/v2\/pages\/23750\/revisions\/25549"}],"up":[{"embeddable":true,"href":"https:\/\/metacon-next.com\/fr\/wp-json\/wp\/v2\/pages\/23580"}],"wp:featuredmedia":[{"embeddable":true,"href":"https:\/\/metacon-next.com\/fr\/wp-json\/wp\/v2\/media\/25068"}],"wp:attachment":[{"href":"https:\/\/metacon-next.com\/fr\/wp-json\/wp\/v2\/media?parent=23750"}],"curies":[{"name":"wp","href":"https:\/\/api.w.org\/{rel}","templated":true}]}}