{"id":24493,"date":"2020-05-01T16:18:05","date_gmt":"2020-05-01T14:18:05","guid":{"rendered":"https:\/\/metacon-next.com\/?page_id=24493"},"modified":"2025-12-17T14:42:07","modified_gmt":"2025-12-17T13:42:07","slug":"anti-effraction","status":"publish","type":"page","link":"https:\/\/metacon-next.com\/fr\/anti-effraction\/","title":{"rendered":"Anti-effraction"},"content":{"rendered":"<section class=\"l-section wpb_row height_small\"><div class=\"l-section-h i-cf\"><div class=\"g-cols vc_row via_flex valign_top type_default stacking_default\"><div class=\"vc_col-sm-12 wpb_column vc_column_container\"><div class=\"vc_column-inner\"><div class=\"wpb_wrapper\"><div class=\"wpb_text_column\"><div class=\"wpb_wrapper\"><h4>Metacon-Next propose une vaste gamme de portes coupe-feu et anti-effraction. Voici un aper\u00e7u de nos produits anti-effraction.<\/h4>\n<\/div><\/div><div class=\"w-separator size_medium\"><\/div><div class=\"w-grid us_grid type_masonry layout_blog_1 cols_3 preload_style_spinner with_isotope ratio_1x1\" id=\"us_grid_1\" style=\"--columns:3;--gap:1.5rem;--item-ratio:1;\"><style>@media (max-width:1024px){#us_grid_1{--columns:2!important}}@media (max-width:600px){#us_grid_1{--columns:1!important}}.layout_blog_1 .w-grid-item-h{}.layout_blog_1 .usg_post_image_1{margin-bottom:0.5rem!important}.layout_blog_1 .usg_post_title_1{font-size:1rem!important}<\/style><div class=\"w-grid-list\">\t<article class=\"w-grid-item size_1x1 post-25100 page type-page status-publish has-post-thumbnail hentry\" data-id=\"25100\">\r\n\t\t<div class=\"w-grid-item-h\">\r\n\t\t\t\t\t\t<div class=\"w-post-elm post_image usg_post_image_1 stretched\"><a href=\"https:\/\/metacon-next.com\/fr\/produits\/portes-de-diamant\/\" aria-label=\"Portes de diamant\"><img loading=\"lazy\" decoding=\"async\" width=\"600\" height=\"600\" src=\"https:\/\/metacon-next.com\/fr\/wp-content\/uploads\/sites\/3\/2022\/04\/ruit-k-600x600.jpg\" class=\"attachment-us_600_600_crop size-us_600_600_crop wp-post-image\" alt=\"\" srcset=\"https:\/\/metacon-next.com\/fr\/wp-content\/uploads\/sites\/3\/2022\/04\/ruit-k-600x600.jpg 600w, https:\/\/metacon-next.com\/fr\/wp-content\/uploads\/sites\/3\/2022\/04\/ruit-k-150x150.jpg 150w\" sizes=\"auto, (max-width: 600px) 100vw, 600px\" \/><\/a><\/div><h2 class=\"w-post-elm post_title usg_post_title_1 entry-title color_link_inherit\"><a href=\"https:\/\/metacon-next.com\/fr\/produits\/portes-de-diamant\/\">Portes de diamant<\/a><\/h2>\t\t<\/div>\r\n\t\t\t<\/article>\r\n\t<article class=\"w-grid-item size_1x1 post-25102 page type-page status-publish has-post-thumbnail hentry\" data-id=\"25102\">\r\n\t\t<div class=\"w-grid-item-h\">\r\n\t\t\t\t\t\t<div class=\"w-post-elm post_image usg_post_image_1 stretched\"><a href=\"https:\/\/metacon-next.com\/fr\/produits\/volets-isoles\/\" aria-label=\"Volets isol\u00e9s\"><img loading=\"lazy\" decoding=\"async\" width=\"600\" height=\"600\" src=\"https:\/\/metacon-next.com\/fr\/wp-content\/uploads\/sites\/3\/2022\/04\/iso-light-600x600.jpg\" class=\"attachment-us_600_600_crop size-us_600_600_crop wp-post-image\" alt=\"\" srcset=\"https:\/\/metacon-next.com\/fr\/wp-content\/uploads\/sites\/3\/2022\/04\/iso-light-600x600.jpg 600w, https:\/\/metacon-next.com\/fr\/wp-content\/uploads\/sites\/3\/2022\/04\/iso-light-150x150.jpg 150w\" sizes=\"auto, (max-width: 600px) 100vw, 600px\" \/><\/a><\/div><h2 class=\"w-post-elm post_title usg_post_title_1 entry-title color_link_inherit\"><a href=\"https:\/\/metacon-next.com\/fr\/produits\/volets-isoles\/\">Volets isol\u00e9s<\/a><\/h2>\t\t<\/div>\r\n\t\t\t<\/article>\r\n\t<article class=\"w-grid-item size_1x1 post-23752 page type-page status-publish has-post-thumbnail hentry\" data-id=\"23752\">\r\n\t\t<div class=\"w-grid-item-h\">\r\n\t\t\t\t\t\t<div class=\"w-post-elm post_image usg_post_image_1 stretched\"><a href=\"https:\/\/metacon-next.com\/fr\/produits\/grilles-roulantes\/\" aria-label=\"Grilles roulantes\"><img loading=\"lazy\" decoding=\"async\" width=\"600\" height=\"600\" src=\"https:\/\/metacon-next.com\/fr\/wp-content\/uploads\/sites\/3\/2022\/04\/b96-600x600.jpg\" class=\"attachment-us_600_600_crop size-us_600_600_crop wp-post-image\" alt=\"\" srcset=\"https:\/\/metacon-next.com\/fr\/wp-content\/uploads\/sites\/3\/2022\/04\/b96-600x600.jpg 600w, https:\/\/metacon-next.com\/fr\/wp-content\/uploads\/sites\/3\/2022\/04\/b96-150x150.jpg 150w\" sizes=\"auto, (max-width: 600px) 100vw, 600px\" \/><\/a><\/div><h2 class=\"w-post-elm post_title usg_post_title_1 entry-title color_link_inherit\"><a href=\"https:\/\/metacon-next.com\/fr\/produits\/grilles-roulantes\/\">Grilles roulantes<\/a><\/h2>\t\t<\/div>\r\n\t\t\t<\/article>\r\n\t<article class=\"w-grid-item size_1x1 post-23845 page type-page status-publish has-post-thumbnail hentry\" data-id=\"23845\">\r\n\t\t<div class=\"w-grid-item-h\">\r\n\t\t\t\t\t\t<div class=\"w-post-elm post_image usg_post_image_1 stretched\"><a href=\"https:\/\/metacon-next.com\/fr\/produits\/volets-roulants\/\" aria-label=\"Volets roulants\"><img loading=\"lazy\" decoding=\"async\" width=\"300\" height=\"300\" src=\"https:\/\/metacon-next.com\/fr\/wp-content\/uploads\/sites\/3\/2019\/11\/stalen-rolljuik-1.png\" class=\"attachment-us_600_600_crop size-us_600_600_crop wp-post-image\" alt=\"\" srcset=\"https:\/\/metacon-next.com\/fr\/wp-content\/uploads\/sites\/3\/2019\/11\/stalen-rolljuik-1.png 300w, https:\/\/metacon-next.com\/fr\/wp-content\/uploads\/sites\/3\/2019\/11\/stalen-rolljuik-1-150x150.png 150w\" sizes=\"auto, (max-width: 300px) 100vw, 300px\" \/><\/a><\/div><h2 class=\"w-post-elm post_title usg_post_title_1 entry-title color_link_inherit\"><a href=\"https:\/\/metacon-next.com\/fr\/produits\/volets-roulants\/\">Volets roulants<\/a><\/h2>\t\t<\/div>\r\n\t\t\t<\/article>\r\n\t<article class=\"w-grid-item size_1x1 post-23764 page type-page status-publish has-post-thumbnail hentry\" data-id=\"23764\">\r\n\t\t<div class=\"w-grid-item-h\">\r\n\t\t\t\t\t\t<div class=\"w-post-elm post_image usg_post_image_1 stretched\"><a href=\"https:\/\/metacon-next.com\/fr\/produits\/volets-transparents\/\" aria-label=\"Volets transparents\"><img loading=\"lazy\" decoding=\"async\" width=\"600\" height=\"600\" src=\"https:\/\/metacon-next.com\/fr\/wp-content\/uploads\/sites\/3\/2022\/02\/magesec_mediamarkt-600x600.jpeg\" class=\"attachment-us_600_600_crop size-us_600_600_crop wp-post-image\" alt=\"\" srcset=\"https:\/\/metacon-next.com\/fr\/wp-content\/uploads\/sites\/3\/2022\/02\/magesec_mediamarkt-600x600.jpeg 600w, https:\/\/metacon-next.com\/fr\/wp-content\/uploads\/sites\/3\/2022\/02\/magesec_mediamarkt-150x150.jpeg 150w\" sizes=\"auto, (max-width: 600px) 100vw, 600px\" \/><\/a><\/div><h2 class=\"w-post-elm post_title usg_post_title_1 entry-title color_link_inherit\"><a href=\"https:\/\/metacon-next.com\/fr\/produits\/volets-transparents\/\">Volets transparents<\/a><\/h2>\t\t<\/div>\r\n\t\t\t<\/article>\r\n<\/div>\t<div class=\"w-grid-preloader\">\r\n\t\t<div class=\"g-preloader type_1\">\r\n\t\t\t<div><\/div>\r\n\t\t<\/div>\r\n\t<\/div>\r\n\t\t<div class=\"w-grid-json hidden\" onclick='return {&quot;action&quot;:&quot;us_ajax_grid&quot;,&quot;infinite_scroll&quot;:0,&quot;max_num_pages&quot;:1,&quot;pagination&quot;:&quot;none&quot;,&quot;template_vars&quot;:{&quot;columns&quot;:&quot;3&quot;,&quot;exclude_items&quot;:&quot;none&quot;,&quot;img_size&quot;:&quot;us_600_600_crop&quot;,&quot;ignore_items_size&quot;:0,&quot;items_layout&quot;:&quot;blog_1&quot;,&quot;items_offset&quot;:&quot;1&quot;,&quot;load_animation&quot;:&quot;none&quot;,&quot;overriding_link&quot;:&quot;{\\&quot;url\\&quot;:\\&quot;\\&quot;}&quot;,&quot;post_id&quot;:0,&quot;query_args&quot;:{&quot;ignore_sticky_posts&quot;:1,&quot;post_type&quot;:&quot;any&quot;,&quot;post__in&quot;:[&quot;23845&quot;,&quot;23764&quot;,&quot;23752&quot;,&quot;25100&quot;,&quot;25102&quot;],&quot;posts_per_page&quot;:&quot;100&quot;},&quot;orderby_query_args&quot;:{&quot;orderby&quot;:{&quot;menu_order&quot;:&quot;ASC&quot;},&quot;order&quot;:&quot;ASC&quot;},&quot;type&quot;:&quot;masonry&quot;,&quot;us_grid_post_type&quot;:&quot;ids&quot;,&quot;us_grid_ajax_index&quot;:1,&quot;us_grid_filter_query_string&quot;:null,&quot;us_grid_index&quot;:1,&quot;page_args&quot;:[]}}'><\/div>\r\n\t<\/div><\/div><\/div><\/div><\/div><\/div><\/section>\n","protected":false},"excerpt":{"rendered":"TRANS-S &amp; TRANS-Q Certification marquage CE selon la norme EN 13241 Application convient aux situations int\u00e9rieures\/int\u00e9rieures et int\u00e9rieures\/ext\u00e9rieures (jusqu&rsquo;\u00e0 la classe de vent 5) installation possible en applique ou dans le jour Standard moteur tubulaire 230 V, adapt\u00e9 pour un maximum de 8 mouvements par jour vantail de porte en panneaux de polycarbonate transparent d&rsquo;une...","protected":false},"author":1,"featured_media":0,"parent":0,"menu_order":0,"comment_status":"closed","ping_status":"closed","template":"","meta":{"footnotes":""},"class_list":["post-24493","page","type-page","status-publish","hentry"],"yoast_head":"<!-- This site is optimized with the Yoast SEO plugin v27.4 - https:\/\/yoast.com\/product\/yoast-seo-wordpress\/ -->\n<title>Solutions anti-effraction | Metacon Next<\/title>\n<meta name=\"description\" content=\"D\u00e9couvrez les solutions anti-effraction de Metacon Next pour applications industrielles et critiques, ax\u00e9es sur la s\u00e9curit\u00e9.\" \/>\n<meta name=\"robots\" content=\"index, follow, max-snippet:-1, max-image-preview:large, max-video-preview:-1\" \/>\n<link rel=\"canonical\" href=\"https:\/\/metacon-next.com\/fr\/anti-effraction\/\" \/>\n<meta property=\"og:locale\" content=\"fr_FR\" \/>\n<meta property=\"og:type\" content=\"article\" \/>\n<meta property=\"og:title\" content=\"Solutions anti-effraction | Metacon Next\" \/>\n<meta property=\"og:description\" content=\"D\u00e9couvrez les solutions anti-effraction de Metacon Next pour applications industrielles et critiques, ax\u00e9es sur la s\u00e9curit\u00e9.\" \/>\n<meta property=\"og:url\" content=\"https:\/\/metacon-next.com\/fr\/anti-effraction\/\" \/>\n<meta property=\"og:site_name\" content=\"Metacon-Next\" \/>\n<meta property=\"article:modified_time\" content=\"2025-12-17T13:42:07+00:00\" \/>\n<meta name=\"twitter:card\" content=\"summary_large_image\" \/>\n<meta name=\"twitter:label1\" content=\"Dur\u00e9e de lecture estim\u00e9e\" \/>\n\t<meta name=\"twitter:data1\" content=\"1 minute\" \/>\n<script type=\"application\/ld+json\" class=\"yoast-schema-graph\">{\"@context\":\"https:\\\/\\\/schema.org\",\"@graph\":[{\"@type\":\"WebPage\",\"@id\":\"https:\\\/\\\/metacon-next.com\\\/fr\\\/anti-effraction\\\/\",\"url\":\"https:\\\/\\\/metacon-next.com\\\/fr\\\/anti-effraction\\\/\",\"name\":\"Solutions anti-effraction | Metacon Next\",\"isPartOf\":{\"@id\":\"https:\\\/\\\/metacon-next.com\\\/fr\\\/#website\"},\"datePublished\":\"2020-05-01T14:18:05+00:00\",\"dateModified\":\"2025-12-17T13:42:07+00:00\",\"description\":\"D\u00e9couvrez les solutions anti-effraction de Metacon Next pour applications industrielles et critiques, ax\u00e9es sur la s\u00e9curit\u00e9.\",\"breadcrumb\":{\"@id\":\"https:\\\/\\\/metacon-next.com\\\/fr\\\/anti-effraction\\\/#breadcrumb\"},\"inLanguage\":\"fr-FR\",\"potentialAction\":[{\"@type\":\"ReadAction\",\"target\":[\"https:\\\/\\\/metacon-next.com\\\/fr\\\/anti-effraction\\\/\"]}]},{\"@type\":\"BreadcrumbList\",\"@id\":\"https:\\\/\\\/metacon-next.com\\\/fr\\\/anti-effraction\\\/#breadcrumb\",\"itemListElement\":[{\"@type\":\"ListItem\",\"position\":1,\"name\":\"Accueil\",\"item\":\"https:\\\/\\\/metacon-next.com\\\/fr\\\/\"},{\"@type\":\"ListItem\",\"position\":2,\"name\":\"Anti-effraction\"}]},{\"@type\":\"WebSite\",\"@id\":\"https:\\\/\\\/metacon-next.com\\\/fr\\\/#website\",\"url\":\"https:\\\/\\\/metacon-next.com\\\/fr\\\/\",\"name\":\"Metacon-Next\",\"description\":\"\",\"publisher\":{\"@id\":\"https:\\\/\\\/metacon-next.com\\\/fr\\\/#organization\"},\"potentialAction\":[{\"@type\":\"SearchAction\",\"target\":{\"@type\":\"EntryPoint\",\"urlTemplate\":\"https:\\\/\\\/metacon-next.com\\\/fr\\\/?s={search_term_string}\"},\"query-input\":{\"@type\":\"PropertyValueSpecification\",\"valueRequired\":true,\"valueName\":\"search_term_string\"}}],\"inLanguage\":\"fr-FR\"},{\"@type\":\"Organization\",\"@id\":\"https:\\\/\\\/metacon-next.com\\\/fr\\\/#organization\",\"name\":\"Next Door Systems B.V.\",\"url\":\"https:\\\/\\\/metacon-next.com\\\/fr\\\/\",\"logo\":{\"@type\":\"ImageObject\",\"inLanguage\":\"fr-FR\",\"@id\":\"https:\\\/\\\/metacon-next.com\\\/fr\\\/#\\\/schema\\\/logo\\\/image\\\/\",\"url\":\"https:\\\/\\\/metacon-next.com\\\/fr\\\/wp-content\\\/uploads\\\/sites\\\/3\\\/2019\\\/11\\\/next-door-systems-logo-new.png\",\"contentUrl\":\"https:\\\/\\\/metacon-next.com\\\/fr\\\/wp-content\\\/uploads\\\/sites\\\/3\\\/2019\\\/11\\\/next-door-systems-logo-new.png\",\"width\":322,\"height\":300,\"caption\":\"Next Door Systems B.V.\"},\"image\":{\"@id\":\"https:\\\/\\\/metacon-next.com\\\/fr\\\/#\\\/schema\\\/logo\\\/image\\\/\"}}]}<\/script>\n<!-- \/ Yoast SEO plugin. -->","yoast_head_json":{"title":"Solutions anti-effraction | Metacon Next","description":"D\u00e9couvrez les solutions anti-effraction de Metacon Next pour applications industrielles et critiques, ax\u00e9es sur la s\u00e9curit\u00e9.","robots":{"index":"index","follow":"follow","max-snippet":"max-snippet:-1","max-image-preview":"max-image-preview:large","max-video-preview":"max-video-preview:-1"},"canonical":"https:\/\/metacon-next.com\/fr\/anti-effraction\/","og_locale":"fr_FR","og_type":"article","og_title":"Solutions anti-effraction | Metacon Next","og_description":"D\u00e9couvrez les solutions anti-effraction de Metacon Next pour applications industrielles et critiques, ax\u00e9es sur la s\u00e9curit\u00e9.","og_url":"https:\/\/metacon-next.com\/fr\/anti-effraction\/","og_site_name":"Metacon-Next","article_modified_time":"2025-12-17T13:42:07+00:00","twitter_card":"summary_large_image","twitter_misc":{"Dur\u00e9e de lecture estim\u00e9e":"1 minute"},"schema":{"@context":"https:\/\/schema.org","@graph":[{"@type":"WebPage","@id":"https:\/\/metacon-next.com\/fr\/anti-effraction\/","url":"https:\/\/metacon-next.com\/fr\/anti-effraction\/","name":"Solutions anti-effraction | Metacon Next","isPartOf":{"@id":"https:\/\/metacon-next.com\/fr\/#website"},"datePublished":"2020-05-01T14:18:05+00:00","dateModified":"2025-12-17T13:42:07+00:00","description":"D\u00e9couvrez les solutions anti-effraction de Metacon Next pour applications industrielles et critiques, ax\u00e9es sur la s\u00e9curit\u00e9.","breadcrumb":{"@id":"https:\/\/metacon-next.com\/fr\/anti-effraction\/#breadcrumb"},"inLanguage":"fr-FR","potentialAction":[{"@type":"ReadAction","target":["https:\/\/metacon-next.com\/fr\/anti-effraction\/"]}]},{"@type":"BreadcrumbList","@id":"https:\/\/metacon-next.com\/fr\/anti-effraction\/#breadcrumb","itemListElement":[{"@type":"ListItem","position":1,"name":"Accueil","item":"https:\/\/metacon-next.com\/fr\/"},{"@type":"ListItem","position":2,"name":"Anti-effraction"}]},{"@type":"WebSite","@id":"https:\/\/metacon-next.com\/fr\/#website","url":"https:\/\/metacon-next.com\/fr\/","name":"Metacon-Next","description":"","publisher":{"@id":"https:\/\/metacon-next.com\/fr\/#organization"},"potentialAction":[{"@type":"SearchAction","target":{"@type":"EntryPoint","urlTemplate":"https:\/\/metacon-next.com\/fr\/?s={search_term_string}"},"query-input":{"@type":"PropertyValueSpecification","valueRequired":true,"valueName":"search_term_string"}}],"inLanguage":"fr-FR"},{"@type":"Organization","@id":"https:\/\/metacon-next.com\/fr\/#organization","name":"Next Door Systems B.V.","url":"https:\/\/metacon-next.com\/fr\/","logo":{"@type":"ImageObject","inLanguage":"fr-FR","@id":"https:\/\/metacon-next.com\/fr\/#\/schema\/logo\/image\/","url":"https:\/\/metacon-next.com\/fr\/wp-content\/uploads\/sites\/3\/2019\/11\/next-door-systems-logo-new.png","contentUrl":"https:\/\/metacon-next.com\/fr\/wp-content\/uploads\/sites\/3\/2019\/11\/next-door-systems-logo-new.png","width":322,"height":300,"caption":"Next Door Systems B.V."},"image":{"@id":"https:\/\/metacon-next.com\/fr\/#\/schema\/logo\/image\/"}}]}},"_links":{"self":[{"href":"https:\/\/metacon-next.com\/fr\/wp-json\/wp\/v2\/pages\/24493","targetHints":{"allow":["GET"]}}],"collection":[{"href":"https:\/\/metacon-next.com\/fr\/wp-json\/wp\/v2\/pages"}],"about":[{"href":"https:\/\/metacon-next.com\/fr\/wp-json\/wp\/v2\/types\/page"}],"author":[{"embeddable":true,"href":"https:\/\/metacon-next.com\/fr\/wp-json\/wp\/v2\/users\/1"}],"replies":[{"embeddable":true,"href":"https:\/\/metacon-next.com\/fr\/wp-json\/wp\/v2\/comments?post=24493"}],"version-history":[{"count":4,"href":"https:\/\/metacon-next.com\/fr\/wp-json\/wp\/v2\/pages\/24493\/revisions"}],"predecessor-version":[{"id":25108,"href":"https:\/\/metacon-next.com\/fr\/wp-json\/wp\/v2\/pages\/24493\/revisions\/25108"}],"wp:attachment":[{"href":"https:\/\/metacon-next.com\/fr\/wp-json\/wp\/v2\/media?parent=24493"}],"curies":[{"name":"wp","href":"https:\/\/api.w.org\/{rel}","templated":true}]}}