{"id":24594,"date":"2020-05-15T15:32:56","date_gmt":"2020-05-15T13:32:56","guid":{"rendered":"https:\/\/metacon-next.com\/?page_id=24594"},"modified":"2026-01-27T16:17:00","modified_gmt":"2026-01-27T15:17:00","slug":"notre-propre-production","status":"publish","type":"page","link":"https:\/\/metacon-next.com\/fr\/a-propos-de-nous\/notre-propre-production\/","title":{"rendered":"Notre propre production"},"content":{"rendered":"<section class=\"l-section wpb_row height_small\"><div class=\"l-section-h i-cf\"><div class=\"g-cols vc_row via_flex valign_top type_default stacking_default\"><div class=\"vc_col-sm-12 wpb_column vc_column_container\"><div class=\"vc_column-inner\"><div class=\"wpb_wrapper\"><div class=\"g-cols wpb_row via_flex valign_top type_default stacking_default\"><div class=\"vc_col-sm-8 wpb_column vc_column_container\"><div class=\"vc_column-inner\"><div class=\"wpb_wrapper\"><div class=\"wpb_text_column\"><div class=\"wpb_wrapper\"><p>Le d\u00e9veloppement et l\u2019innovation sont deux piliers importants de Metacon-Next.<\/p>\n<p>Nous suivons de pr\u00e8s les \u00e9volutions du march\u00e9, \u00e9coutons attentivement nos clients et traduisons leurs souhaits en nouveaux produits et solutions sur mesure. Forts de cette philosophie, nous fabriquons divers rideaux coupe-feu, volets roulants, portes sectionnelles, portes coulissantes et volets roulants anti-effraction.<\/p>\n<p>De plus, Metacon-Next est en plein d\u00e9veloppement. Nous d\u00e9veloppons activement de nouveaux produits chaque jour et travaillons \u00e0 l&rsquo;am\u00e9lioration et \u00e0 l&rsquo;extension de nos produits existants. Metacon-Next a d\u00e9velopp\u00e9 et mis au point des solutions pour les situations les plus diverses. Cela signifie que Metacon-Next est \u00e0 la pointe du d\u00e9veloppement et un partenaire fiable pour faire des affaires. Inspir\u00e9s par les demandes du march\u00e9, nous souhaitons \u00e9largir encore davantage notre gamme de produits afin d&rsquo;\u00eatre un fournisseur de solutions compl\u00e8tes pour nos revendeurs.<\/p>\n<\/div><\/div><\/div><\/div><\/div><div class=\"vc_col-sm-4 wpb_column vc_column_container\"><div class=\"vc_column-inner\"><div class=\"wpb_wrapper\"><div class=\"wpb_widgetised_column wpb_content_element\"><div class=\"wpb_wrapper\"><div id=\"nav_menu-3\" class=\"widget widget_nav_menu\"><h3 class=\"widgettitle\">\u00c0 propos de nous<\/h3><div class=\"menu-over-ons-menu-container\"><ul id=\"menu-over-ons-menu\" class=\"menu\"><li id=\"menu-item-24651\" class=\"menu-item menu-item-type-post_type menu-item-object-page menu-item-24651\"><a href=\"https:\/\/metacon-next.com\/fr\/a-propos-de-nous\/\">G\u00e9n\u00e9ral<\/a><\/li>\n<li id=\"menu-item-24659\" class=\"menu-item menu-item-type-post_type menu-item-object-page menu-item-24659\"><a href=\"https:\/\/metacon-next.com\/fr\/a-propos-de-nous\/notre-equipe\/\">Notre \u00e9quipe<\/a><\/li>\n<li id=\"menu-item-24652\" class=\"menu-item menu-item-type-post_type menu-item-object-page menu-item-24652\"><a href=\"https:\/\/metacon-next.com\/fr\/a-propos-de-nous\/lhistoire\/\">L&rsquo;histoire<\/a><\/li>\n<li id=\"menu-item-25172\" class=\"menu-item menu-item-type-post_type menu-item-object-page menu-item-25172\"><a href=\"https:\/\/metacon-next.com\/fr\/a-propos-de-nous\/mission-et-vision\/\">Mission et Vision<\/a><\/li>\n<li id=\"menu-item-24657\" class=\"menu-item menu-item-type-post_type menu-item-object-page menu-item-24657\"><a href=\"https:\/\/metacon-next.com\/fr\/a-propos-de-nous\/notre-propre-production\/\">Production propre<\/a><\/li>\n<li id=\"menu-item-24658\" class=\"menu-item menu-item-type-post_type menu-item-object-page menu-item-24658\"><a href=\"https:\/\/metacon-next.com\/fr\/a-propos-de-nous\/reseau-mondial-de-revendeurs\/\">R\u00e9seau mondial de concessionnaires<\/a><\/li>\n<li id=\"menu-item-24848\" class=\"menu-item menu-item-type-post_type menu-item-object-page menu-item-24848\"><a href=\"https:\/\/metacon-next.com\/fr\/a-propos-de-nous\/certification\/\">Certification<\/a><\/li>\n<\/ul><\/div><\/div><\/div><\/div><div class=\"w-separator size_small\"><\/div><div class=\"w-separator size_small\"><\/div><\/div><\/div><\/div><\/div><\/div><\/div><\/div><\/div><\/div><\/section>\n","protected":false},"excerpt":{"rendered":"Le d\u00e9veloppement et l\u2019innovation sont deux piliers importants de Metacon-Next. Nous suivons de pr\u00e8s les \u00e9volutions du march\u00e9, \u00e9coutons attentivement nos clients et traduisons leurs souhaits en nouveaux produits et solutions sur mesure. Forts de cette philosophie, nous fabriquons divers rideaux coupe-feu, volets roulants, portes sectionnelles, portes coulissantes et volets roulants anti-effraction. De plus, Metacon-Next...","protected":false},"author":1,"featured_media":0,"parent":23585,"menu_order":0,"comment_status":"closed","ping_status":"closed","template":"","meta":{"footnotes":""},"class_list":["post-24594","page","type-page","status-publish","hentry"],"yoast_head":"<!-- This site is optimized with the Yoast SEO plugin v27.3 - https:\/\/yoast.com\/product\/yoast-seo-wordpress\/ -->\n<title>Notre propre production - Metacon-Next<\/title>\n<meta name=\"description\" content=\"Production interne Metacon. Des solutions techniques d\u00e9velopp\u00e9es et fabriqu\u00e9es en interne avec un contr\u00f4le total de la qualit\u00e9.\" \/>\n<meta name=\"robots\" content=\"index, follow, max-snippet:-1, max-image-preview:large, max-video-preview:-1\" \/>\n<link rel=\"canonical\" href=\"https:\/\/metacon-next.com\/fr\/a-propos-de-nous\/notre-propre-production\/\" \/>\n<meta property=\"og:locale\" content=\"fr_FR\" \/>\n<meta property=\"og:type\" content=\"article\" \/>\n<meta property=\"og:title\" content=\"Notre propre production - Metacon-Next\" \/>\n<meta property=\"og:description\" content=\"Production interne Metacon. Des solutions techniques d\u00e9velopp\u00e9es et fabriqu\u00e9es en interne avec un contr\u00f4le total de la qualit\u00e9.\" \/>\n<meta property=\"og:url\" content=\"https:\/\/metacon-next.com\/fr\/a-propos-de-nous\/notre-propre-production\/\" \/>\n<meta property=\"og:site_name\" content=\"Metacon-Next\" \/>\n<meta property=\"article:modified_time\" content=\"2026-01-27T15:17:00+00:00\" \/>\n<meta name=\"twitter:card\" content=\"summary_large_image\" \/>\n<meta name=\"twitter:label1\" content=\"Dur\u00e9e de lecture estim\u00e9e\" \/>\n\t<meta name=\"twitter:data1\" content=\"1 minute\" \/>\n<script type=\"application\/ld+json\" class=\"yoast-schema-graph\">{\"@context\":\"https:\\\/\\\/schema.org\",\"@graph\":[{\"@type\":\"WebPage\",\"@id\":\"https:\\\/\\\/metacon-next.com\\\/fr\\\/a-propos-de-nous\\\/notre-propre-production\\\/\",\"url\":\"https:\\\/\\\/metacon-next.com\\\/fr\\\/a-propos-de-nous\\\/notre-propre-production\\\/\",\"name\":\"Notre propre production - Metacon-Next\",\"isPartOf\":{\"@id\":\"https:\\\/\\\/metacon-next.com\\\/fr\\\/#website\"},\"datePublished\":\"2020-05-15T13:32:56+00:00\",\"dateModified\":\"2026-01-27T15:17:00+00:00\",\"description\":\"Production interne Metacon. Des solutions techniques d\u00e9velopp\u00e9es et fabriqu\u00e9es en interne avec un contr\u00f4le total de la qualit\u00e9.\",\"breadcrumb\":{\"@id\":\"https:\\\/\\\/metacon-next.com\\\/fr\\\/a-propos-de-nous\\\/notre-propre-production\\\/#breadcrumb\"},\"inLanguage\":\"fr-FR\",\"potentialAction\":[{\"@type\":\"ReadAction\",\"target\":[\"https:\\\/\\\/metacon-next.com\\\/fr\\\/a-propos-de-nous\\\/notre-propre-production\\\/\"]}]},{\"@type\":\"BreadcrumbList\",\"@id\":\"https:\\\/\\\/metacon-next.com\\\/fr\\\/a-propos-de-nous\\\/notre-propre-production\\\/#breadcrumb\",\"itemListElement\":[{\"@type\":\"ListItem\",\"position\":1,\"name\":\"Accueil\",\"item\":\"https:\\\/\\\/metacon-next.com\\\/fr\\\/\"},{\"@type\":\"ListItem\",\"position\":2,\"name\":\"\u00c0 propos de nous\",\"item\":\"https:\\\/\\\/metacon-next.com\\\/fr\\\/a-propos-de-nous\\\/\"},{\"@type\":\"ListItem\",\"position\":3,\"name\":\"Notre propre production\"}]},{\"@type\":\"WebSite\",\"@id\":\"https:\\\/\\\/metacon-next.com\\\/fr\\\/#website\",\"url\":\"https:\\\/\\\/metacon-next.com\\\/fr\\\/\",\"name\":\"Metacon-Next\",\"description\":\"\",\"publisher\":{\"@id\":\"https:\\\/\\\/metacon-next.com\\\/fr\\\/#organization\"},\"potentialAction\":[{\"@type\":\"SearchAction\",\"target\":{\"@type\":\"EntryPoint\",\"urlTemplate\":\"https:\\\/\\\/metacon-next.com\\\/fr\\\/?s={search_term_string}\"},\"query-input\":{\"@type\":\"PropertyValueSpecification\",\"valueRequired\":true,\"valueName\":\"search_term_string\"}}],\"inLanguage\":\"fr-FR\"},{\"@type\":\"Organization\",\"@id\":\"https:\\\/\\\/metacon-next.com\\\/fr\\\/#organization\",\"name\":\"Next Door Systems B.V.\",\"url\":\"https:\\\/\\\/metacon-next.com\\\/fr\\\/\",\"logo\":{\"@type\":\"ImageObject\",\"inLanguage\":\"fr-FR\",\"@id\":\"https:\\\/\\\/metacon-next.com\\\/fr\\\/#\\\/schema\\\/logo\\\/image\\\/\",\"url\":\"https:\\\/\\\/metacon-next.com\\\/fr\\\/wp-content\\\/uploads\\\/sites\\\/3\\\/2019\\\/11\\\/next-door-systems-logo-new.png\",\"contentUrl\":\"https:\\\/\\\/metacon-next.com\\\/fr\\\/wp-content\\\/uploads\\\/sites\\\/3\\\/2019\\\/11\\\/next-door-systems-logo-new.png\",\"width\":322,\"height\":300,\"caption\":\"Next Door Systems B.V.\"},\"image\":{\"@id\":\"https:\\\/\\\/metacon-next.com\\\/fr\\\/#\\\/schema\\\/logo\\\/image\\\/\"}}]}<\/script>\n<!-- \/ Yoast SEO plugin. -->","yoast_head_json":{"title":"Notre propre production - Metacon-Next","description":"Production interne Metacon. Des solutions techniques d\u00e9velopp\u00e9es et fabriqu\u00e9es en interne avec un contr\u00f4le total de la qualit\u00e9.","robots":{"index":"index","follow":"follow","max-snippet":"max-snippet:-1","max-image-preview":"max-image-preview:large","max-video-preview":"max-video-preview:-1"},"canonical":"https:\/\/metacon-next.com\/fr\/a-propos-de-nous\/notre-propre-production\/","og_locale":"fr_FR","og_type":"article","og_title":"Notre propre production - Metacon-Next","og_description":"Production interne Metacon. Des solutions techniques d\u00e9velopp\u00e9es et fabriqu\u00e9es en interne avec un contr\u00f4le total de la qualit\u00e9.","og_url":"https:\/\/metacon-next.com\/fr\/a-propos-de-nous\/notre-propre-production\/","og_site_name":"Metacon-Next","article_modified_time":"2026-01-27T15:17:00+00:00","twitter_card":"summary_large_image","twitter_misc":{"Dur\u00e9e de lecture estim\u00e9e":"1 minute"},"schema":{"@context":"https:\/\/schema.org","@graph":[{"@type":"WebPage","@id":"https:\/\/metacon-next.com\/fr\/a-propos-de-nous\/notre-propre-production\/","url":"https:\/\/metacon-next.com\/fr\/a-propos-de-nous\/notre-propre-production\/","name":"Notre propre production - Metacon-Next","isPartOf":{"@id":"https:\/\/metacon-next.com\/fr\/#website"},"datePublished":"2020-05-15T13:32:56+00:00","dateModified":"2026-01-27T15:17:00+00:00","description":"Production interne Metacon. Des solutions techniques d\u00e9velopp\u00e9es et fabriqu\u00e9es en interne avec un contr\u00f4le total de la qualit\u00e9.","breadcrumb":{"@id":"https:\/\/metacon-next.com\/fr\/a-propos-de-nous\/notre-propre-production\/#breadcrumb"},"inLanguage":"fr-FR","potentialAction":[{"@type":"ReadAction","target":["https:\/\/metacon-next.com\/fr\/a-propos-de-nous\/notre-propre-production\/"]}]},{"@type":"BreadcrumbList","@id":"https:\/\/metacon-next.com\/fr\/a-propos-de-nous\/notre-propre-production\/#breadcrumb","itemListElement":[{"@type":"ListItem","position":1,"name":"Accueil","item":"https:\/\/metacon-next.com\/fr\/"},{"@type":"ListItem","position":2,"name":"\u00c0 propos de nous","item":"https:\/\/metacon-next.com\/fr\/a-propos-de-nous\/"},{"@type":"ListItem","position":3,"name":"Notre propre production"}]},{"@type":"WebSite","@id":"https:\/\/metacon-next.com\/fr\/#website","url":"https:\/\/metacon-next.com\/fr\/","name":"Metacon-Next","description":"","publisher":{"@id":"https:\/\/metacon-next.com\/fr\/#organization"},"potentialAction":[{"@type":"SearchAction","target":{"@type":"EntryPoint","urlTemplate":"https:\/\/metacon-next.com\/fr\/?s={search_term_string}"},"query-input":{"@type":"PropertyValueSpecification","valueRequired":true,"valueName":"search_term_string"}}],"inLanguage":"fr-FR"},{"@type":"Organization","@id":"https:\/\/metacon-next.com\/fr\/#organization","name":"Next Door Systems B.V.","url":"https:\/\/metacon-next.com\/fr\/","logo":{"@type":"ImageObject","inLanguage":"fr-FR","@id":"https:\/\/metacon-next.com\/fr\/#\/schema\/logo\/image\/","url":"https:\/\/metacon-next.com\/fr\/wp-content\/uploads\/sites\/3\/2019\/11\/next-door-systems-logo-new.png","contentUrl":"https:\/\/metacon-next.com\/fr\/wp-content\/uploads\/sites\/3\/2019\/11\/next-door-systems-logo-new.png","width":322,"height":300,"caption":"Next Door Systems B.V."},"image":{"@id":"https:\/\/metacon-next.com\/fr\/#\/schema\/logo\/image\/"}}]}},"_links":{"self":[{"href":"https:\/\/metacon-next.com\/fr\/wp-json\/wp\/v2\/pages\/24594","targetHints":{"allow":["GET"]}}],"collection":[{"href":"https:\/\/metacon-next.com\/fr\/wp-json\/wp\/v2\/pages"}],"about":[{"href":"https:\/\/metacon-next.com\/fr\/wp-json\/wp\/v2\/types\/page"}],"author":[{"embeddable":true,"href":"https:\/\/metacon-next.com\/fr\/wp-json\/wp\/v2\/users\/1"}],"replies":[{"embeddable":true,"href":"https:\/\/metacon-next.com\/fr\/wp-json\/wp\/v2\/comments?post=24594"}],"version-history":[{"count":6,"href":"https:\/\/metacon-next.com\/fr\/wp-json\/wp\/v2\/pages\/24594\/revisions"}],"predecessor-version":[{"id":25570,"href":"https:\/\/metacon-next.com\/fr\/wp-json\/wp\/v2\/pages\/24594\/revisions\/25570"}],"up":[{"embeddable":true,"href":"https:\/\/metacon-next.com\/fr\/wp-json\/wp\/v2\/pages\/23585"}],"wp:attachment":[{"href":"https:\/\/metacon-next.com\/fr\/wp-json\/wp\/v2\/media?parent=24594"}],"curies":[{"name":"wp","href":"https:\/\/api.w.org\/{rel}","templated":true}]}}