{"id":24843,"date":"2022-04-07T16:09:31","date_gmt":"2022-04-07T14:09:31","guid":{"rendered":"https:\/\/metacon-next.com\/fr\/?page_id=24843"},"modified":"2026-01-27T16:17:56","modified_gmt":"2026-01-27T15:17:56","slug":"certification","status":"publish","type":"page","link":"https:\/\/metacon-next.com\/fr\/a-propos-de-nous\/certification\/","title":{"rendered":"Certification"},"content":{"rendered":"<section class=\"l-section wpb_row height_small\"><div class=\"l-section-h i-cf\"><div class=\"g-cols vc_row via_flex valign_top type_default stacking_default\"><div class=\"vc_col-sm-12 wpb_column vc_column_container\"><div class=\"vc_column-inner\"><div class=\"wpb_wrapper\"><div class=\"g-cols wpb_row via_flex valign_top type_default stacking_default\"><div class=\"vc_col-sm-8 wpb_column vc_column_container\"><div class=\"vc_column-inner\"><div class=\"wpb_wrapper\"><div class=\"wpb_text_column\"><div class=\"wpb_wrapper\"><p>As of July 8, 2011 we are ISO 9001 certified and as of June 15, 2014 additionally ISO 14001.<\/p>\n<p><strong><a href=\"https:\/\/metacon-next.com\/fr\/wp-content\/uploads\/sites\/3\/2023\/06\/Certificaat-Metacon-Next-ISO-9001-FR.pdf\"><img loading=\"lazy\" decoding=\"async\" class=\"alignright wp-image-25303 size-thumbnail\" src=\"https:\/\/metacon-next.com\/wp-content\/uploads\/2021\/08\/iso-9001-150x150.png\" alt=\"\" width=\"150\" height=\"150\" \/><\/a>ISO 9001<\/strong><br \/>\nThe international ISO 9001 certification means that we meet the requirements of a quality management system. We provide products that meet customer requirements and applicable laws and regulations.<\/p>\n<\/div><\/div><div class=\"w-btn-wrapper align_none\"><a class=\"w-btn us-btn-style_2\" target=\"_blank\" rel=\"nofollow\" href=\"https:\/\/metacon-next.com\/fr\/wp-content\/uploads\/sites\/3\/2023\/06\/Certificaat-Metacon-Next-ISO-9001-FR.pdf\"><span class=\"w-btn-label\">Download ISO 9001 certificate Metacon-Next<\/span><\/a><\/div><div class=\"w-separator size_medium\"><\/div><div class=\"wpb_text_column\"><div class=\"wpb_wrapper\"><p><strong>ISO 14001<\/strong><br \/>\n<a href=\"https:\/\/metacon-next.com\/fr\/wp-content\/uploads\/sites\/3\/2023\/06\/Certificaat-Metacon-Next-ISO-14001-FR.pdf\"><img loading=\"lazy\" decoding=\"async\" class=\"alignright wp-image-25307 size-thumbnail\" src=\"https:\/\/metacon-next.com\/wp-content\/uploads\/2021\/08\/iso-14001-150x150.png\" alt=\"\" width=\"150\" height=\"150\" \/><\/a>In addition, ISO 14001 is an internationally accepted standard that indicates what a good environmental management system should meet.<\/p>\n<\/div><\/div><div class=\"w-btn-wrapper align_none\"><a class=\"w-btn us-btn-style_2\" target=\"_blank\" rel=\"nofollow\" href=\"https:\/\/metacon-next.com\/fr\/wp-content\/uploads\/sites\/3\/2023\/06\/Certificaat-Metacon-Next-ISO-14001-FR.pdf\"><span class=\"w-btn-label\">Download ISO 14001 certificate Metacon-Next<\/span><\/a><\/div><div class=\"w-separator size_small\"><\/div><div class=\"wpb_text_column\"><div class=\"wpb_wrapper\"><p>We continue to grow and through continuous monitoring and improvement of our processes, which are audited annually with successful completion, we are proud of these certificates!<\/p>\n<\/div><\/div><\/div><\/div><\/div><div class=\"vc_col-sm-4 wpb_column vc_column_container\"><div class=\"vc_column-inner\"><div class=\"wpb_wrapper\"><div class=\"wpb_widgetised_column wpb_content_element\"><div class=\"wpb_wrapper\"><div id=\"nav_menu-3\" class=\"widget widget_nav_menu\"><h3 class=\"widgettitle\">\u00c0 propos de nous<\/h3><div class=\"menu-over-ons-menu-container\"><ul id=\"menu-over-ons-menu\" class=\"menu\"><li id=\"menu-item-24651\" class=\"menu-item menu-item-type-post_type menu-item-object-page menu-item-24651\"><a href=\"https:\/\/metacon-next.com\/fr\/a-propos-de-nous\/\">G\u00e9n\u00e9ral<\/a><\/li>\n<li id=\"menu-item-24659\" class=\"menu-item menu-item-type-post_type menu-item-object-page menu-item-24659\"><a href=\"https:\/\/metacon-next.com\/fr\/a-propos-de-nous\/notre-equipe\/\">Notre \u00e9quipe<\/a><\/li>\n<li id=\"menu-item-24652\" class=\"menu-item menu-item-type-post_type menu-item-object-page menu-item-24652\"><a href=\"https:\/\/metacon-next.com\/fr\/a-propos-de-nous\/lhistoire\/\">L&rsquo;histoire<\/a><\/li>\n<li id=\"menu-item-25172\" class=\"menu-item menu-item-type-post_type menu-item-object-page menu-item-25172\"><a href=\"https:\/\/metacon-next.com\/fr\/a-propos-de-nous\/mission-et-vision\/\">Mission et Vision<\/a><\/li>\n<li id=\"menu-item-24657\" class=\"menu-item menu-item-type-post_type menu-item-object-page menu-item-24657\"><a href=\"https:\/\/metacon-next.com\/fr\/a-propos-de-nous\/notre-propre-production\/\">Production propre<\/a><\/li>\n<li id=\"menu-item-24658\" class=\"menu-item menu-item-type-post_type menu-item-object-page menu-item-24658\"><a href=\"https:\/\/metacon-next.com\/fr\/a-propos-de-nous\/reseau-mondial-de-revendeurs\/\">R\u00e9seau mondial de concessionnaires<\/a><\/li>\n<li id=\"menu-item-24848\" class=\"menu-item menu-item-type-post_type menu-item-object-page menu-item-24848\"><a href=\"https:\/\/metacon-next.com\/fr\/a-propos-de-nous\/certification\/\">Certification<\/a><\/li>\n<\/ul><\/div><\/div><\/div><\/div><div class=\"w-separator size_small\"><\/div><div class=\"w-separator size_small\"><\/div><\/div><\/div><\/div><\/div><\/div><\/div><\/div><\/div><\/div><\/section>\n","protected":false},"excerpt":{"rendered":"As of July 8, 2011 we are ISO 9001 certified and as of June 15, 2014 additionally ISO 14001. ISO 9001 The international ISO 9001 certification means that we meet the requirements of a quality management system. We provide products that meet customer requirements and applicable laws and regulations. Download ISO 9001 certificate Metacon-NextISO 14001...","protected":false},"author":1,"featured_media":0,"parent":23585,"menu_order":0,"comment_status":"closed","ping_status":"closed","template":"","meta":{"footnotes":""},"class_list":["post-24843","page","type-page","status-publish","hentry"],"yoast_head":"<!-- This site is optimized with the Yoast SEO plugin v27.3 - https:\/\/yoast.com\/product\/yoast-seo-wordpress\/ -->\n<title>Certification - Metacon-Next<\/title>\n<meta name=\"description\" content=\"D\u00e9couvrez les certifications Metacon et notre conformit\u00e9 aux normes internationales de qualit\u00e9, de s\u00e9curit\u00e9 et de fiabilit\u00e9.\" \/>\n<meta name=\"robots\" content=\"index, follow, max-snippet:-1, max-image-preview:large, max-video-preview:-1\" \/>\n<link rel=\"canonical\" href=\"https:\/\/metacon-next.com\/fr\/a-propos-de-nous\/certification\/\" \/>\n<meta property=\"og:locale\" content=\"fr_FR\" \/>\n<meta property=\"og:type\" content=\"article\" \/>\n<meta property=\"og:title\" content=\"Certification - Metacon-Next\" \/>\n<meta property=\"og:description\" content=\"D\u00e9couvrez les certifications Metacon et notre conformit\u00e9 aux normes internationales de qualit\u00e9, de s\u00e9curit\u00e9 et de fiabilit\u00e9.\" \/>\n<meta property=\"og:url\" content=\"https:\/\/metacon-next.com\/fr\/a-propos-de-nous\/certification\/\" \/>\n<meta property=\"og:site_name\" content=\"Metacon-Next\" \/>\n<meta property=\"article:modified_time\" content=\"2026-01-27T15:17:56+00:00\" \/>\n<meta name=\"twitter:card\" content=\"summary_large_image\" \/>\n<meta name=\"twitter:label1\" content=\"Dur\u00e9e de lecture estim\u00e9e\" \/>\n\t<meta name=\"twitter:data1\" content=\"1 minute\" \/>\n<script type=\"application\/ld+json\" class=\"yoast-schema-graph\">{\"@context\":\"https:\\\/\\\/schema.org\",\"@graph\":[{\"@type\":\"WebPage\",\"@id\":\"https:\\\/\\\/metacon-next.com\\\/fr\\\/a-propos-de-nous\\\/certification\\\/\",\"url\":\"https:\\\/\\\/metacon-next.com\\\/fr\\\/a-propos-de-nous\\\/certification\\\/\",\"name\":\"Certification - Metacon-Next\",\"isPartOf\":{\"@id\":\"https:\\\/\\\/metacon-next.com\\\/fr\\\/#website\"},\"primaryImageOfPage\":{\"@id\":\"https:\\\/\\\/metacon-next.com\\\/fr\\\/a-propos-de-nous\\\/certification\\\/#primaryimage\"},\"image\":{\"@id\":\"https:\\\/\\\/metacon-next.com\\\/fr\\\/a-propos-de-nous\\\/certification\\\/#primaryimage\"},\"thumbnailUrl\":\"https:\\\/\\\/metacon-next.com\\\/wp-content\\\/uploads\\\/2021\\\/08\\\/iso-9001-150x150.png\",\"datePublished\":\"2022-04-07T14:09:31+00:00\",\"dateModified\":\"2026-01-27T15:17:56+00:00\",\"description\":\"D\u00e9couvrez les certifications Metacon et notre conformit\u00e9 aux normes internationales de qualit\u00e9, de s\u00e9curit\u00e9 et de fiabilit\u00e9.\",\"breadcrumb\":{\"@id\":\"https:\\\/\\\/metacon-next.com\\\/fr\\\/a-propos-de-nous\\\/certification\\\/#breadcrumb\"},\"inLanguage\":\"fr-FR\",\"potentialAction\":[{\"@type\":\"ReadAction\",\"target\":[\"https:\\\/\\\/metacon-next.com\\\/fr\\\/a-propos-de-nous\\\/certification\\\/\"]}]},{\"@type\":\"ImageObject\",\"inLanguage\":\"fr-FR\",\"@id\":\"https:\\\/\\\/metacon-next.com\\\/fr\\\/a-propos-de-nous\\\/certification\\\/#primaryimage\",\"url\":\"https:\\\/\\\/metacon-next.com\\\/wp-content\\\/uploads\\\/2021\\\/08\\\/iso-9001-150x150.png\",\"contentUrl\":\"https:\\\/\\\/metacon-next.com\\\/wp-content\\\/uploads\\\/2021\\\/08\\\/iso-9001-150x150.png\"},{\"@type\":\"BreadcrumbList\",\"@id\":\"https:\\\/\\\/metacon-next.com\\\/fr\\\/a-propos-de-nous\\\/certification\\\/#breadcrumb\",\"itemListElement\":[{\"@type\":\"ListItem\",\"position\":1,\"name\":\"Accueil\",\"item\":\"https:\\\/\\\/metacon-next.com\\\/fr\\\/\"},{\"@type\":\"ListItem\",\"position\":2,\"name\":\"\u00c0 propos de nous\",\"item\":\"https:\\\/\\\/metacon-next.com\\\/fr\\\/a-propos-de-nous\\\/\"},{\"@type\":\"ListItem\",\"position\":3,\"name\":\"Certification\"}]},{\"@type\":\"WebSite\",\"@id\":\"https:\\\/\\\/metacon-next.com\\\/fr\\\/#website\",\"url\":\"https:\\\/\\\/metacon-next.com\\\/fr\\\/\",\"name\":\"Metacon-Next\",\"description\":\"\",\"publisher\":{\"@id\":\"https:\\\/\\\/metacon-next.com\\\/fr\\\/#organization\"},\"potentialAction\":[{\"@type\":\"SearchAction\",\"target\":{\"@type\":\"EntryPoint\",\"urlTemplate\":\"https:\\\/\\\/metacon-next.com\\\/fr\\\/?s={search_term_string}\"},\"query-input\":{\"@type\":\"PropertyValueSpecification\",\"valueRequired\":true,\"valueName\":\"search_term_string\"}}],\"inLanguage\":\"fr-FR\"},{\"@type\":\"Organization\",\"@id\":\"https:\\\/\\\/metacon-next.com\\\/fr\\\/#organization\",\"name\":\"Next Door Systems B.V.\",\"url\":\"https:\\\/\\\/metacon-next.com\\\/fr\\\/\",\"logo\":{\"@type\":\"ImageObject\",\"inLanguage\":\"fr-FR\",\"@id\":\"https:\\\/\\\/metacon-next.com\\\/fr\\\/#\\\/schema\\\/logo\\\/image\\\/\",\"url\":\"https:\\\/\\\/metacon-next.com\\\/fr\\\/wp-content\\\/uploads\\\/sites\\\/3\\\/2019\\\/11\\\/next-door-systems-logo-new.png\",\"contentUrl\":\"https:\\\/\\\/metacon-next.com\\\/fr\\\/wp-content\\\/uploads\\\/sites\\\/3\\\/2019\\\/11\\\/next-door-systems-logo-new.png\",\"width\":322,\"height\":300,\"caption\":\"Next Door Systems B.V.\"},\"image\":{\"@id\":\"https:\\\/\\\/metacon-next.com\\\/fr\\\/#\\\/schema\\\/logo\\\/image\\\/\"}}]}<\/script>\n<!-- \/ Yoast SEO plugin. -->","yoast_head_json":{"title":"Certification - Metacon-Next","description":"D\u00e9couvrez les certifications Metacon et notre conformit\u00e9 aux normes internationales de qualit\u00e9, de s\u00e9curit\u00e9 et de fiabilit\u00e9.","robots":{"index":"index","follow":"follow","max-snippet":"max-snippet:-1","max-image-preview":"max-image-preview:large","max-video-preview":"max-video-preview:-1"},"canonical":"https:\/\/metacon-next.com\/fr\/a-propos-de-nous\/certification\/","og_locale":"fr_FR","og_type":"article","og_title":"Certification - Metacon-Next","og_description":"D\u00e9couvrez les certifications Metacon et notre conformit\u00e9 aux normes internationales de qualit\u00e9, de s\u00e9curit\u00e9 et de fiabilit\u00e9.","og_url":"https:\/\/metacon-next.com\/fr\/a-propos-de-nous\/certification\/","og_site_name":"Metacon-Next","article_modified_time":"2026-01-27T15:17:56+00:00","twitter_card":"summary_large_image","twitter_misc":{"Dur\u00e9e de lecture estim\u00e9e":"1 minute"},"schema":{"@context":"https:\/\/schema.org","@graph":[{"@type":"WebPage","@id":"https:\/\/metacon-next.com\/fr\/a-propos-de-nous\/certification\/","url":"https:\/\/metacon-next.com\/fr\/a-propos-de-nous\/certification\/","name":"Certification - Metacon-Next","isPartOf":{"@id":"https:\/\/metacon-next.com\/fr\/#website"},"primaryImageOfPage":{"@id":"https:\/\/metacon-next.com\/fr\/a-propos-de-nous\/certification\/#primaryimage"},"image":{"@id":"https:\/\/metacon-next.com\/fr\/a-propos-de-nous\/certification\/#primaryimage"},"thumbnailUrl":"https:\/\/metacon-next.com\/wp-content\/uploads\/2021\/08\/iso-9001-150x150.png","datePublished":"2022-04-07T14:09:31+00:00","dateModified":"2026-01-27T15:17:56+00:00","description":"D\u00e9couvrez les certifications Metacon et notre conformit\u00e9 aux normes internationales de qualit\u00e9, de s\u00e9curit\u00e9 et de fiabilit\u00e9.","breadcrumb":{"@id":"https:\/\/metacon-next.com\/fr\/a-propos-de-nous\/certification\/#breadcrumb"},"inLanguage":"fr-FR","potentialAction":[{"@type":"ReadAction","target":["https:\/\/metacon-next.com\/fr\/a-propos-de-nous\/certification\/"]}]},{"@type":"ImageObject","inLanguage":"fr-FR","@id":"https:\/\/metacon-next.com\/fr\/a-propos-de-nous\/certification\/#primaryimage","url":"https:\/\/metacon-next.com\/wp-content\/uploads\/2021\/08\/iso-9001-150x150.png","contentUrl":"https:\/\/metacon-next.com\/wp-content\/uploads\/2021\/08\/iso-9001-150x150.png"},{"@type":"BreadcrumbList","@id":"https:\/\/metacon-next.com\/fr\/a-propos-de-nous\/certification\/#breadcrumb","itemListElement":[{"@type":"ListItem","position":1,"name":"Accueil","item":"https:\/\/metacon-next.com\/fr\/"},{"@type":"ListItem","position":2,"name":"\u00c0 propos de nous","item":"https:\/\/metacon-next.com\/fr\/a-propos-de-nous\/"},{"@type":"ListItem","position":3,"name":"Certification"}]},{"@type":"WebSite","@id":"https:\/\/metacon-next.com\/fr\/#website","url":"https:\/\/metacon-next.com\/fr\/","name":"Metacon-Next","description":"","publisher":{"@id":"https:\/\/metacon-next.com\/fr\/#organization"},"potentialAction":[{"@type":"SearchAction","target":{"@type":"EntryPoint","urlTemplate":"https:\/\/metacon-next.com\/fr\/?s={search_term_string}"},"query-input":{"@type":"PropertyValueSpecification","valueRequired":true,"valueName":"search_term_string"}}],"inLanguage":"fr-FR"},{"@type":"Organization","@id":"https:\/\/metacon-next.com\/fr\/#organization","name":"Next Door Systems B.V.","url":"https:\/\/metacon-next.com\/fr\/","logo":{"@type":"ImageObject","inLanguage":"fr-FR","@id":"https:\/\/metacon-next.com\/fr\/#\/schema\/logo\/image\/","url":"https:\/\/metacon-next.com\/fr\/wp-content\/uploads\/sites\/3\/2019\/11\/next-door-systems-logo-new.png","contentUrl":"https:\/\/metacon-next.com\/fr\/wp-content\/uploads\/sites\/3\/2019\/11\/next-door-systems-logo-new.png","width":322,"height":300,"caption":"Next Door Systems B.V."},"image":{"@id":"https:\/\/metacon-next.com\/fr\/#\/schema\/logo\/image\/"}}]}},"_links":{"self":[{"href":"https:\/\/metacon-next.com\/fr\/wp-json\/wp\/v2\/pages\/24843","targetHints":{"allow":["GET"]}}],"collection":[{"href":"https:\/\/metacon-next.com\/fr\/wp-json\/wp\/v2\/pages"}],"about":[{"href":"https:\/\/metacon-next.com\/fr\/wp-json\/wp\/v2\/types\/page"}],"author":[{"embeddable":true,"href":"https:\/\/metacon-next.com\/fr\/wp-json\/wp\/v2\/users\/1"}],"replies":[{"embeddable":true,"href":"https:\/\/metacon-next.com\/fr\/wp-json\/wp\/v2\/comments?post=24843"}],"version-history":[{"count":6,"href":"https:\/\/metacon-next.com\/fr\/wp-json\/wp\/v2\/pages\/24843\/revisions"}],"predecessor-version":[{"id":25572,"href":"https:\/\/metacon-next.com\/fr\/wp-json\/wp\/v2\/pages\/24843\/revisions\/25572"}],"up":[{"embeddable":true,"href":"https:\/\/metacon-next.com\/fr\/wp-json\/wp\/v2\/pages\/23585"}],"wp:attachment":[{"href":"https:\/\/metacon-next.com\/fr\/wp-json\/wp\/v2\/media?parent=24843"}],"curies":[{"name":"wp","href":"https:\/\/api.w.org\/{rel}","templated":true}]}}