{"id":25102,"date":"2022-04-14T13:25:39","date_gmt":"2022-04-14T11:25:39","guid":{"rendered":"https:\/\/metacon-next.com\/fr\/?page_id=25102"},"modified":"2025-12-17T14:45:32","modified_gmt":"2025-12-17T13:45:32","slug":"volets-isoles","status":"publish","type":"page","link":"https:\/\/metacon-next.com\/fr\/produits\/volets-isoles\/","title":{"rendered":"Volets isol\u00e9s"},"content":{"rendered":"<section class=\"l-section wpb_row height_small\"><div class=\"l-section-h i-cf\"><div class=\"g-cols vc_row via_flex valign_top type_default stacking_default\"><div class=\"vc_col-sm-12 wpb_column vc_column_container\"><div class=\"vc_column-inner\"><div class=\"wpb_wrapper\"><div class=\"g-cols wpb_row via_flex valign_top type_default stacking_default\" style=\"--additional-gap:30;\"><div class=\"vc_col-sm-8 wpb_column vc_column_container\"><div class=\"vc_column-inner\"><div class=\"wpb_wrapper\"><div class=\"wpb_text_column\"><div class=\"wpb_wrapper\"><h2>ISO Light<\/h2>\n<p><strong>Certification<\/strong><\/p>\n<ul>\n<li>marquage CE selon la norme EN 13241<\/li>\n<\/ul>\n<p><strong>Application<\/strong><\/p>\n<ul>\n<li>convient aux situations int\u00e9rieures\/int\u00e9rieures et int\u00e9rieures\/ext\u00e9rieures (jusqu&rsquo;\u00e0 la classe de vent 3)<\/li>\n<li>installation possible en applique ou dans le jour<\/li>\n<\/ul>\n<p><strong>Standard<\/strong><\/p>\n<ul>\n<li>moteur tubulaire 230 V, adapt\u00e9 pour un maximum de 8 mouvements par jour<\/li>\n<li>moteur \u00e0 arbre 400 V avec bo\u00eetier de commande, pour une utilisation plus fr\u00e9quente<\/li>\n<li>vantail de porte en acier \u00e0 double paroi, isol\u00e9, lames sph\u00e9riques, \u00e9paisseur 23 mm, hauteur 100 mm<\/li>\n<\/ul>\n<p><strong>Options<\/strong><\/p>\n<ul>\n<li>caisson avant, couvercle, plaque arri\u00e8re, acier galvanis\u00e9<\/li>\n<li>pi\u00e8ces en acier galvanis\u00e9 dans la couleur RAL de choix<\/li>\n<li>grilles de ventilation ou fen\u00eatres 150&#215;55 mm en lamelles<\/li>\n<li>interrupteur \u00e0 cl\u00e9<\/li>\n<\/ul>\n<table cellspacing=\"0\" cellpadding=\"0\">\n<tbody>\n<tr>\n<td valign=\"top\">\n<p align=\"center\"><strong>type<\/strong><\/p>\n<\/td>\n<td valign=\"top\">\n<p align=\"center\"><strong>moteur<\/strong><\/p>\n<\/td>\n<td valign=\"top\">\n<p align=\"center\"><strong>largeur max.<\/strong><\/p>\n<\/td>\n<td valign=\"top\">\n<p align=\"center\"><strong>hauteur max.<\/strong><\/p>\n<\/td>\n<td valign=\"top\">\n<p align=\"center\"><strong>surface max.<\/strong><\/p>\n<\/td>\n<\/tr>\n<tr>\n<td valign=\"top\">\n<p align=\"center\">ISO Light<\/p>\n<\/td>\n<td valign=\"top\">\n<p align=\"center\">tubulaire<\/p>\n<\/td>\n<td valign=\"top\">\n<p align=\"center\">8.000 mm<\/p>\n<\/td>\n<td valign=\"top\">\n<p align=\"center\">6.500 mm<\/p>\n<\/td>\n<td valign=\"top\">\n<p align=\"center\">\u00b1 25 m2<\/p>\n<\/td>\n<\/tr>\n<tr>\n<td valign=\"top\">\n<p align=\"center\">ISO Light<\/p>\n<\/td>\n<td valign=\"top\">\n<p align=\"center\">sur l\u2019arbre<\/p>\n<\/td>\n<td valign=\"top\">\n<p align=\"center\">8.000 mm<\/p>\n<\/td>\n<td valign=\"top\">\n<p align=\"center\">6.500 mm<\/p>\n<\/td>\n<td valign=\"top\">\n<p align=\"center\">52 m2<\/p>\n<\/td>\n<\/tr>\n<\/tbody>\n<\/table>\n<p><em>En raison du d\u00e9veloppement continu des produits, nous vous demandons de nous contacter pour conna\u00eetre les dimensions actuelles. Dimensions plus grandes sur demande.<\/em><\/p>\n<p>Demandez-nous les diff\u00e9rentes possibilit\u00e9s ou demandez tout de suite un devis.<\/p>\n<\/div><\/div><div class=\"w-separator size_small\"><\/div><div class=\"w-btn-wrapper align_none\"><a class=\"w-btn us-btn-style_1 icon_atleft\" title=\"Offerte\" href=\"https:\/\/metacon-next.com\/fr\/devis\/\"><i class=\"fas fa-chevron-right\"><\/i><span class=\"w-btn-label\">Demandez un devis<\/span><\/a><\/div><\/div><\/div><\/div><div class=\"vc_col-sm-4 wpb_column vc_column_container\"><div class=\"vc_column-inner\"><div class=\"wpb_wrapper\"><div class=\"w-slider style_none fit_contain nav_dots count_1\"><div class=\"w-slider-h\" aria-hidden=\"true\"><div class=\"royalSlider\"><div class=\"rsContent\"><a class=\"rsImg\" data-rsw=\"600\" data-rsh=\"600\" data-rsBigImg=\"https:\/\/metacon-next.com\/fr\/wp-content\/uploads\/sites\/3\/2022\/04\/iso-light-rotated.jpg\" href=\"https:\/\/metacon-next.com\/fr\/wp-content\/uploads\/sites\/3\/2022\/04\/iso-light-600x600.jpg\"><span data-alt=\"\"><\/span><\/a><\/div><\/div><img decoding=\"async\" src=\"https:\/\/metacon-next.com\/fr\/wp-content\/uploads\/sites\/3\/2022\/04\/iso-light-600x600.jpg\" width=\"600\" height=\"600\" alt loading=\"lazy\"><\/div><div class=\"w-slider-json\" onclick='return {&quot;autoScaleSlider&quot;:true,&quot;addActiveClass&quot;:true,&quot;loop&quot;:true,&quot;fadeInLoadedSlide&quot;:false,&quot;slidesSpacing&quot;:0,&quot;imageScalePadding&quot;:0,&quot;numImagesToPreload&quot;:2,&quot;arrowsNav&quot;:true,&quot;arrowsNavAutoHide&quot;:true,&quot;transitionType&quot;:&quot;move&quot;,&quot;transitionSpeed&quot;:250,&quot;block&quot;:{&quot;moveEffect&quot;:&quot;none&quot;,&quot;speed&quot;:300},&quot;thumbs&quot;:{&quot;fitInViewport&quot;:false,&quot;firstMargin&quot;:false,&quot;spacing&quot;:4},&quot;controlNavigation&quot;:&quot;none&quot;,&quot;autoplay&quot;:{&quot;enabled&quot;:true,&quot;pauseOnHover&quot;:true,&quot;delay&quot;:3000},&quot;fullscreen&quot;:{&quot;enabled&quot;:true},&quot;autoScaleSliderWidth&quot;:600,&quot;autoScaleSliderHeight&quot;:600}'><\/div><\/div><div class=\"w-separator size_small\"><\/div><div class=\"wpb_widgetised_column wpb_content_element\"><div class=\"wpb_wrapper\"><div id=\"nav_menu-2\" class=\"widget widget_nav_menu\"><h3 class=\"widgettitle\">Produits<\/h3><div class=\"menu-producten-container\"><ul id=\"menu-producten\" class=\"menu\"><li id=\"menu-item-24644\" class=\"menu-item menu-item-type-post_type menu-item-object-page menu-item-24644\"><a href=\"https:\/\/metacon-next.com\/fr\/produits\/rideaux-textiles-coupe-feu\/\">Rideaux textiles coupe-feu<\/a><\/li>\n<li id=\"menu-item-24643\" class=\"menu-item menu-item-type-post_type menu-item-object-page menu-item-24643\"><a href=\"https:\/\/metacon-next.com\/fr\/produits\/volets-roulants-coupe-feu\/\">Volets roulants coupe-feu<\/a><\/li>\n<li id=\"menu-item-24642\" class=\"menu-item menu-item-type-post_type menu-item-object-page menu-item-24642\"><a href=\"https:\/\/metacon-next.com\/fr\/produits\/portes-sectionnelles-coupe-feu\/\">Portes sectionnelles coupe-feu<\/a><\/li>\n<li id=\"menu-item-24645\" class=\"menu-item menu-item-type-post_type menu-item-object-page menu-item-24645\"><a href=\"https:\/\/metacon-next.com\/fr\/produits\/portes-coulissantes-coupe-feu\/\">Portes coulissantes coupe-feu<\/a><\/li>\n<li id=\"menu-item-24641\" class=\"menu-item menu-item-type-post_type menu-item-object-page menu-item-24641\"><a href=\"https:\/\/metacon-next.com\/fr\/produits\/portes-battantes-coupe-feu\/\">Portes battantes coupe-feu<\/a><\/li>\n<li id=\"menu-item-25079\" class=\"menu-item menu-item-type-post_type menu-item-object-page menu-item-25079\"><a href=\"https:\/\/metacon-next.com\/fr\/produits\/portes-rapides-coupe-feu\/\">Portes rapides coupe-feu<\/a><\/li>\n<li id=\"menu-item-24648\" class=\"menu-item menu-item-type-post_type menu-item-object-page menu-item-24648\"><a href=\"https:\/\/metacon-next.com\/fr\/produits\/volets-roulants\/\">Volets roulants<\/a><\/li>\n<li id=\"menu-item-24647\" class=\"menu-item menu-item-type-post_type menu-item-object-page menu-item-24647\"><a href=\"https:\/\/metacon-next.com\/fr\/produits\/volets-transparents\/\">Volets transparents<\/a><\/li>\n<li id=\"menu-item-24646\" class=\"menu-item menu-item-type-post_type menu-item-object-page menu-item-24646\"><a href=\"https:\/\/metacon-next.com\/fr\/produits\/grilles-roulantes\/\">Grilles roulantes<\/a><\/li>\n<li id=\"menu-item-25105\" class=\"menu-item menu-item-type-post_type menu-item-object-page menu-item-25105\"><a href=\"https:\/\/metacon-next.com\/fr\/produits\/portes-de-diamant\/\">Portes de diamant<\/a><\/li>\n<li id=\"menu-item-25104\" class=\"menu-item menu-item-type-post_type menu-item-object-page menu-item-25104\"><a href=\"https:\/\/metacon-next.com\/fr\/produits\/volets-isoles\/\">Volets isol\u00e9s<\/a><\/li>\n<\/ul><\/div><\/div><\/div><\/div><\/div><\/div><\/div><\/div><\/div><\/div><\/div><\/div><\/div><\/section>\n","protected":false},"excerpt":{"rendered":"ISO Light Certification marquage CE selon la norme EN 13241 Application convient aux situations int\u00e9rieures\/int\u00e9rieures et int\u00e9rieures\/ext\u00e9rieures (jusqu&rsquo;\u00e0 la classe de vent 3) installation possible en applique ou dans le jour Standard moteur tubulaire 230 V, adapt\u00e9 pour un maximum de 8 mouvements par jour moteur \u00e0 arbre 400 V avec bo\u00eetier de commande, pour...","protected":false},"author":1,"featured_media":25117,"parent":23580,"menu_order":0,"comment_status":"closed","ping_status":"closed","template":"","meta":{"footnotes":""},"class_list":["post-25102","page","type-page","status-publish","has-post-thumbnail","hentry"],"yoast_head":"<!-- This site is optimized with the Yoast SEO plugin v27.4 - https:\/\/yoast.com\/product\/yoast-seo-wordpress\/ -->\n<title>Volets isol\u00e9s | Metacon Next<\/title>\n<meta name=\"description\" content=\"D\u00e9couvrez les volets isol\u00e9s de Metacon Next pour applications industrielles et critiques, ax\u00e9s sur la s\u00e9curit\u00e9 et l\u2019isolation.\" \/>\n<meta name=\"robots\" content=\"index, follow, max-snippet:-1, max-image-preview:large, max-video-preview:-1\" \/>\n<link rel=\"canonical\" href=\"https:\/\/metacon-next.com\/fr\/produits\/volets-isoles\/\" \/>\n<meta property=\"og:locale\" content=\"fr_FR\" \/>\n<meta property=\"og:type\" content=\"article\" \/>\n<meta property=\"og:title\" content=\"Volets isol\u00e9s | Metacon Next\" \/>\n<meta property=\"og:description\" content=\"D\u00e9couvrez les volets isol\u00e9s de Metacon Next pour applications industrielles et critiques, ax\u00e9s sur la s\u00e9curit\u00e9 et l\u2019isolation.\" \/>\n<meta property=\"og:url\" content=\"https:\/\/metacon-next.com\/fr\/produits\/volets-isoles\/\" \/>\n<meta property=\"og:site_name\" content=\"Metacon-Next\" \/>\n<meta property=\"article:modified_time\" content=\"2025-12-17T13:45:32+00:00\" \/>\n<meta property=\"og:image\" content=\"https:\/\/metacon-next.com\/fr\/wp-content\/uploads\/sites\/3\/2022\/04\/iso-light-rotated.jpg\" \/>\n\t<meta property=\"og:image:width\" content=\"670\" \/>\n\t<meta property=\"og:image:height\" content=\"848\" \/>\n\t<meta property=\"og:image:type\" content=\"image\/jpeg\" \/>\n<meta name=\"twitter:card\" content=\"summary_large_image\" \/>\n<meta name=\"twitter:label1\" content=\"Dur\u00e9e de lecture estim\u00e9e\" \/>\n\t<meta name=\"twitter:data1\" content=\"2 minutes\" \/>\n<script type=\"application\/ld+json\" class=\"yoast-schema-graph\">{\"@context\":\"https:\\\/\\\/schema.org\",\"@graph\":[{\"@type\":\"WebPage\",\"@id\":\"https:\\\/\\\/metacon-next.com\\\/fr\\\/produits\\\/volets-isoles\\\/\",\"url\":\"https:\\\/\\\/metacon-next.com\\\/fr\\\/produits\\\/volets-isoles\\\/\",\"name\":\"Volets isol\u00e9s | Metacon Next\",\"isPartOf\":{\"@id\":\"https:\\\/\\\/metacon-next.com\\\/fr\\\/#website\"},\"primaryImageOfPage\":{\"@id\":\"https:\\\/\\\/metacon-next.com\\\/fr\\\/produits\\\/volets-isoles\\\/#primaryimage\"},\"image\":{\"@id\":\"https:\\\/\\\/metacon-next.com\\\/fr\\\/produits\\\/volets-isoles\\\/#primaryimage\"},\"thumbnailUrl\":\"https:\\\/\\\/metacon-next.com\\\/fr\\\/wp-content\\\/uploads\\\/sites\\\/3\\\/2022\\\/04\\\/iso-light-rotated.jpg\",\"datePublished\":\"2022-04-14T11:25:39+00:00\",\"dateModified\":\"2025-12-17T13:45:32+00:00\",\"description\":\"D\u00e9couvrez les volets isol\u00e9s de Metacon Next pour applications industrielles et critiques, ax\u00e9s sur la s\u00e9curit\u00e9 et l\u2019isolation.\",\"breadcrumb\":{\"@id\":\"https:\\\/\\\/metacon-next.com\\\/fr\\\/produits\\\/volets-isoles\\\/#breadcrumb\"},\"inLanguage\":\"fr-FR\",\"potentialAction\":[{\"@type\":\"ReadAction\",\"target\":[\"https:\\\/\\\/metacon-next.com\\\/fr\\\/produits\\\/volets-isoles\\\/\"]}]},{\"@type\":\"ImageObject\",\"inLanguage\":\"fr-FR\",\"@id\":\"https:\\\/\\\/metacon-next.com\\\/fr\\\/produits\\\/volets-isoles\\\/#primaryimage\",\"url\":\"https:\\\/\\\/metacon-next.com\\\/fr\\\/wp-content\\\/uploads\\\/sites\\\/3\\\/2022\\\/04\\\/iso-light-rotated.jpg\",\"contentUrl\":\"https:\\\/\\\/metacon-next.com\\\/fr\\\/wp-content\\\/uploads\\\/sites\\\/3\\\/2022\\\/04\\\/iso-light-rotated.jpg\",\"width\":670,\"height\":848},{\"@type\":\"BreadcrumbList\",\"@id\":\"https:\\\/\\\/metacon-next.com\\\/fr\\\/produits\\\/volets-isoles\\\/#breadcrumb\",\"itemListElement\":[{\"@type\":\"ListItem\",\"position\":1,\"name\":\"Accueil\",\"item\":\"https:\\\/\\\/metacon-next.com\\\/fr\\\/\"},{\"@type\":\"ListItem\",\"position\":2,\"name\":\"Produits\",\"item\":\"https:\\\/\\\/metacon-next.com\\\/fr\\\/produits\\\/\"},{\"@type\":\"ListItem\",\"position\":3,\"name\":\"Volets isol\u00e9s\"}]},{\"@type\":\"WebSite\",\"@id\":\"https:\\\/\\\/metacon-next.com\\\/fr\\\/#website\",\"url\":\"https:\\\/\\\/metacon-next.com\\\/fr\\\/\",\"name\":\"Metacon-Next\",\"description\":\"\",\"publisher\":{\"@id\":\"https:\\\/\\\/metacon-next.com\\\/fr\\\/#organization\"},\"potentialAction\":[{\"@type\":\"SearchAction\",\"target\":{\"@type\":\"EntryPoint\",\"urlTemplate\":\"https:\\\/\\\/metacon-next.com\\\/fr\\\/?s={search_term_string}\"},\"query-input\":{\"@type\":\"PropertyValueSpecification\",\"valueRequired\":true,\"valueName\":\"search_term_string\"}}],\"inLanguage\":\"fr-FR\"},{\"@type\":\"Organization\",\"@id\":\"https:\\\/\\\/metacon-next.com\\\/fr\\\/#organization\",\"name\":\"Next Door Systems B.V.\",\"url\":\"https:\\\/\\\/metacon-next.com\\\/fr\\\/\",\"logo\":{\"@type\":\"ImageObject\",\"inLanguage\":\"fr-FR\",\"@id\":\"https:\\\/\\\/metacon-next.com\\\/fr\\\/#\\\/schema\\\/logo\\\/image\\\/\",\"url\":\"https:\\\/\\\/metacon-next.com\\\/fr\\\/wp-content\\\/uploads\\\/sites\\\/3\\\/2019\\\/11\\\/next-door-systems-logo-new.png\",\"contentUrl\":\"https:\\\/\\\/metacon-next.com\\\/fr\\\/wp-content\\\/uploads\\\/sites\\\/3\\\/2019\\\/11\\\/next-door-systems-logo-new.png\",\"width\":322,\"height\":300,\"caption\":\"Next Door Systems B.V.\"},\"image\":{\"@id\":\"https:\\\/\\\/metacon-next.com\\\/fr\\\/#\\\/schema\\\/logo\\\/image\\\/\"}}]}<\/script>\n<!-- \/ Yoast SEO plugin. -->","yoast_head_json":{"title":"Volets isol\u00e9s | Metacon Next","description":"D\u00e9couvrez les volets isol\u00e9s de Metacon Next pour applications industrielles et critiques, ax\u00e9s sur la s\u00e9curit\u00e9 et l\u2019isolation.","robots":{"index":"index","follow":"follow","max-snippet":"max-snippet:-1","max-image-preview":"max-image-preview:large","max-video-preview":"max-video-preview:-1"},"canonical":"https:\/\/metacon-next.com\/fr\/produits\/volets-isoles\/","og_locale":"fr_FR","og_type":"article","og_title":"Volets isol\u00e9s | Metacon Next","og_description":"D\u00e9couvrez les volets isol\u00e9s de Metacon Next pour applications industrielles et critiques, ax\u00e9s sur la s\u00e9curit\u00e9 et l\u2019isolation.","og_url":"https:\/\/metacon-next.com\/fr\/produits\/volets-isoles\/","og_site_name":"Metacon-Next","article_modified_time":"2025-12-17T13:45:32+00:00","og_image":[{"width":670,"height":848,"url":"https:\/\/metacon-next.com\/fr\/wp-content\/uploads\/sites\/3\/2022\/04\/iso-light-rotated.jpg","type":"image\/jpeg"}],"twitter_card":"summary_large_image","twitter_misc":{"Dur\u00e9e de lecture estim\u00e9e":"2 minutes"},"schema":{"@context":"https:\/\/schema.org","@graph":[{"@type":"WebPage","@id":"https:\/\/metacon-next.com\/fr\/produits\/volets-isoles\/","url":"https:\/\/metacon-next.com\/fr\/produits\/volets-isoles\/","name":"Volets isol\u00e9s | Metacon Next","isPartOf":{"@id":"https:\/\/metacon-next.com\/fr\/#website"},"primaryImageOfPage":{"@id":"https:\/\/metacon-next.com\/fr\/produits\/volets-isoles\/#primaryimage"},"image":{"@id":"https:\/\/metacon-next.com\/fr\/produits\/volets-isoles\/#primaryimage"},"thumbnailUrl":"https:\/\/metacon-next.com\/fr\/wp-content\/uploads\/sites\/3\/2022\/04\/iso-light-rotated.jpg","datePublished":"2022-04-14T11:25:39+00:00","dateModified":"2025-12-17T13:45:32+00:00","description":"D\u00e9couvrez les volets isol\u00e9s de Metacon Next pour applications industrielles et critiques, ax\u00e9s sur la s\u00e9curit\u00e9 et l\u2019isolation.","breadcrumb":{"@id":"https:\/\/metacon-next.com\/fr\/produits\/volets-isoles\/#breadcrumb"},"inLanguage":"fr-FR","potentialAction":[{"@type":"ReadAction","target":["https:\/\/metacon-next.com\/fr\/produits\/volets-isoles\/"]}]},{"@type":"ImageObject","inLanguage":"fr-FR","@id":"https:\/\/metacon-next.com\/fr\/produits\/volets-isoles\/#primaryimage","url":"https:\/\/metacon-next.com\/fr\/wp-content\/uploads\/sites\/3\/2022\/04\/iso-light-rotated.jpg","contentUrl":"https:\/\/metacon-next.com\/fr\/wp-content\/uploads\/sites\/3\/2022\/04\/iso-light-rotated.jpg","width":670,"height":848},{"@type":"BreadcrumbList","@id":"https:\/\/metacon-next.com\/fr\/produits\/volets-isoles\/#breadcrumb","itemListElement":[{"@type":"ListItem","position":1,"name":"Accueil","item":"https:\/\/metacon-next.com\/fr\/"},{"@type":"ListItem","position":2,"name":"Produits","item":"https:\/\/metacon-next.com\/fr\/produits\/"},{"@type":"ListItem","position":3,"name":"Volets isol\u00e9s"}]},{"@type":"WebSite","@id":"https:\/\/metacon-next.com\/fr\/#website","url":"https:\/\/metacon-next.com\/fr\/","name":"Metacon-Next","description":"","publisher":{"@id":"https:\/\/metacon-next.com\/fr\/#organization"},"potentialAction":[{"@type":"SearchAction","target":{"@type":"EntryPoint","urlTemplate":"https:\/\/metacon-next.com\/fr\/?s={search_term_string}"},"query-input":{"@type":"PropertyValueSpecification","valueRequired":true,"valueName":"search_term_string"}}],"inLanguage":"fr-FR"},{"@type":"Organization","@id":"https:\/\/metacon-next.com\/fr\/#organization","name":"Next Door Systems B.V.","url":"https:\/\/metacon-next.com\/fr\/","logo":{"@type":"ImageObject","inLanguage":"fr-FR","@id":"https:\/\/metacon-next.com\/fr\/#\/schema\/logo\/image\/","url":"https:\/\/metacon-next.com\/fr\/wp-content\/uploads\/sites\/3\/2019\/11\/next-door-systems-logo-new.png","contentUrl":"https:\/\/metacon-next.com\/fr\/wp-content\/uploads\/sites\/3\/2019\/11\/next-door-systems-logo-new.png","width":322,"height":300,"caption":"Next Door Systems B.V."},"image":{"@id":"https:\/\/metacon-next.com\/fr\/#\/schema\/logo\/image\/"}}]}},"_links":{"self":[{"href":"https:\/\/metacon-next.com\/fr\/wp-json\/wp\/v2\/pages\/25102","targetHints":{"allow":["GET"]}}],"collection":[{"href":"https:\/\/metacon-next.com\/fr\/wp-json\/wp\/v2\/pages"}],"about":[{"href":"https:\/\/metacon-next.com\/fr\/wp-json\/wp\/v2\/types\/page"}],"author":[{"embeddable":true,"href":"https:\/\/metacon-next.com\/fr\/wp-json\/wp\/v2\/users\/1"}],"replies":[{"embeddable":true,"href":"https:\/\/metacon-next.com\/fr\/wp-json\/wp\/v2\/comments?post=25102"}],"version-history":[{"count":2,"href":"https:\/\/metacon-next.com\/fr\/wp-json\/wp\/v2\/pages\/25102\/revisions"}],"predecessor-version":[{"id":25118,"href":"https:\/\/metacon-next.com\/fr\/wp-json\/wp\/v2\/pages\/25102\/revisions\/25118"}],"up":[{"embeddable":true,"href":"https:\/\/metacon-next.com\/fr\/wp-json\/wp\/v2\/pages\/23580"}],"wp:featuredmedia":[{"embeddable":true,"href":"https:\/\/metacon-next.com\/fr\/wp-json\/wp\/v2\/media\/25117"}],"wp:attachment":[{"href":"https:\/\/metacon-next.com\/fr\/wp-json\/wp\/v2\/media?parent=25102"}],"curies":[{"name":"wp","href":"https:\/\/api.w.org\/{rel}","templated":true}]}}