{"id":4554,"date":"2015-12-28T15:10:15","date_gmt":"2015-12-28T15:10:15","guid":{"rendered":"http:\/\/impreza.us-themes.net\/?page_id=4554"},"modified":"2026-01-27T16:14:33","modified_gmt":"2026-01-27T15:14:33","slug":"notre-equipe","status":"publish","type":"page","link":"https:\/\/metacon-next.com\/fr\/a-propos-de-nous\/notre-equipe\/","title":{"rendered":"Notre \u00e9quipe"},"content":{"rendered":"<section class=\"l-section wpb_row height_small\"><div class=\"l-section-h i-cf\"><div class=\"g-cols vc_row via_flex valign_top type_default stacking_default\"><div class=\"vc_col-sm-8 wpb_column vc_column_container\"><div class=\"vc_column-inner\"><div class=\"wpb_wrapper\"><div class=\"vc_col-sm-4 wpb_column vc_column_container\"><div class=\"vc_column-inner\"><div class=\"wpb_wrapper\"><\/div><\/div><\/div><div class=\"wpb_text_column\"><div class=\"wpb_wrapper\"><p>Les portes sont fabriqu\u00e9es sur mesure et livr\u00e9es aux concessionnaires depuis notre site de production situ\u00e9 \u00e0 Moordrecht, aux Pays-Bas. Nous employons pr\u00e8s de 100 personnes pour mener \u00e0 bien cette t\u00e2che.<\/p>\n<\/div><\/div><div class=\"w-separator size_small\"><\/div><div class=\"w-image align_none meta_simple\"><a ref=\"magnificPopup\" href=\"https:\/\/metacon-next.com\/fr\/wp-content\/uploads\/sites\/3\/2024\/01\/Foto-sales-team-web-version.jpg\" aria-label=\"Notre \u00e9quipe commerciale: Klaas Mulder, Cristiano Valsania, Michel Paans, Ashley Stulp, Sander van Winden, Martien Jansen, Bob Vink, J\u00f6rg Martin\" class=\"w-image-h\"><img decoding=\"async\" width=\"1024\" height=\"770\" src=\"https:\/\/metacon-next.com\/fr\/wp-content\/uploads\/sites\/3\/2024\/01\/Foto-sales-team-web-version-1024x770.jpg\" class=\"attachment-large size-large\" alt=\"Sales team of Metacon\" loading=\"lazy\" srcset=\"https:\/\/metacon-next.com\/fr\/wp-content\/uploads\/sites\/3\/2024\/01\/Foto-sales-team-web-version-1024x770.jpg 1024w, https:\/\/metacon-next.com\/fr\/wp-content\/uploads\/sites\/3\/2024\/01\/Foto-sales-team-web-version-600x451.jpg 600w, https:\/\/metacon-next.com\/fr\/wp-content\/uploads\/sites\/3\/2024\/01\/Foto-sales-team-web-version.jpg 1072w\" sizes=\"auto, (max-width: 1024px) 100vw, 1024px\" \/><\/a><div class=\"w-image-meta\"><div class=\"w-image-title\">Notre \u00e9quipe commerciale: Klaas Mulder, Cristiano Valsania, Michel Paans, Ashley Stulp, Sander van Winden, Martien Jansen, Bob Vink, J\u00f6rg Martin<\/div><\/div><\/div><\/div><\/div><\/div><div class=\"vc_col-sm-4 wpb_column vc_column_container\"><div class=\"vc_column-inner\"><div class=\"wpb_wrapper\"><div class=\"wpb_widgetised_column wpb_content_element\"><div class=\"wpb_wrapper\"><div id=\"nav_menu-3\" class=\"widget widget_nav_menu\"><h3 class=\"widgettitle\">\u00c0 propos de nous<\/h3><div class=\"menu-over-ons-menu-container\"><ul id=\"menu-over-ons-menu\" class=\"menu\"><li id=\"menu-item-24651\" class=\"menu-item menu-item-type-post_type menu-item-object-page menu-item-24651\"><a href=\"https:\/\/metacon-next.com\/fr\/a-propos-de-nous\/\">G\u00e9n\u00e9ral<\/a><\/li>\n<li id=\"menu-item-24659\" class=\"menu-item menu-item-type-post_type menu-item-object-page menu-item-24659\"><a href=\"https:\/\/metacon-next.com\/fr\/a-propos-de-nous\/notre-equipe\/\">Notre \u00e9quipe<\/a><\/li>\n<li id=\"menu-item-24652\" class=\"menu-item menu-item-type-post_type menu-item-object-page menu-item-24652\"><a href=\"https:\/\/metacon-next.com\/fr\/a-propos-de-nous\/lhistoire\/\">L&rsquo;histoire<\/a><\/li>\n<li id=\"menu-item-25172\" class=\"menu-item menu-item-type-post_type menu-item-object-page menu-item-25172\"><a href=\"https:\/\/metacon-next.com\/fr\/a-propos-de-nous\/mission-et-vision\/\">Mission et Vision<\/a><\/li>\n<li id=\"menu-item-24657\" class=\"menu-item menu-item-type-post_type menu-item-object-page menu-item-24657\"><a href=\"https:\/\/metacon-next.com\/fr\/a-propos-de-nous\/notre-propre-production\/\">Production propre<\/a><\/li>\n<li id=\"menu-item-24658\" class=\"menu-item menu-item-type-post_type menu-item-object-page menu-item-24658\"><a href=\"https:\/\/metacon-next.com\/fr\/a-propos-de-nous\/reseau-mondial-de-revendeurs\/\">R\u00e9seau mondial de concessionnaires<\/a><\/li>\n<li id=\"menu-item-24848\" class=\"menu-item menu-item-type-post_type menu-item-object-page menu-item-24848\"><a href=\"https:\/\/metacon-next.com\/fr\/a-propos-de-nous\/certification\/\">Certification<\/a><\/li>\n<\/ul><\/div><\/div><\/div><\/div><div class=\"w-separator size_small\"><\/div><div class=\"w-separator size_small\"><\/div><\/div><\/div><\/div><\/div><\/div><\/section>\n","protected":false},"excerpt":{"rendered":"Les portes sont fabriqu\u00e9es sur mesure et livr\u00e9es aux concessionnaires depuis notre site de production situ\u00e9 \u00e0 Moordrecht, aux Pays-Bas. Nous employons pr\u00e8s de 100 personnes pour mener \u00e0 bien cette t\u00e2che. Notre \u00e9quipe commerciale: Klaas Mulder, Cristiano Valsania, Michel Paans, Ashley Stulp, Sander van Winden, Martien Jansen, Bob Vink, J\u00f6rg Martin\u00c0 propos de nousG\u00e9n\u00e9ral...","protected":false},"author":1,"featured_media":0,"parent":23585,"menu_order":0,"comment_status":"closed","ping_status":"closed","template":"","meta":{"footnotes":""},"class_list":["post-4554","page","type-page","status-publish","hentry"],"yoast_head":"<!-- This site is optimized with the Yoast SEO plugin v27.4 - https:\/\/yoast.com\/product\/yoast-seo-wordpress\/ -->\n<title>Notre \u00e9quipe - Metacon-Next<\/title>\n<meta name=\"description\" content=\"D\u00e9couvrez l\u2019\u00e9quipe Metacon. Des professionnels exp\u00e9riment\u00e9s qui collaborent pour fournir des solutions techniques fiables et innovantes.\" \/>\n<meta name=\"robots\" content=\"index, follow, max-snippet:-1, max-image-preview:large, max-video-preview:-1\" \/>\n<link rel=\"canonical\" href=\"https:\/\/metacon-next.com\/fr\/a-propos-de-nous\/notre-equipe\/\" \/>\n<meta property=\"og:locale\" content=\"fr_FR\" \/>\n<meta property=\"og:type\" content=\"article\" \/>\n<meta property=\"og:title\" content=\"Notre \u00e9quipe - Metacon-Next\" \/>\n<meta property=\"og:description\" content=\"D\u00e9couvrez l\u2019\u00e9quipe Metacon. Des professionnels exp\u00e9riment\u00e9s qui collaborent pour fournir des solutions techniques fiables et innovantes.\" \/>\n<meta property=\"og:url\" content=\"https:\/\/metacon-next.com\/fr\/a-propos-de-nous\/notre-equipe\/\" \/>\n<meta property=\"og:site_name\" content=\"Metacon-Next\" \/>\n<meta property=\"article:modified_time\" content=\"2026-01-27T15:14:33+00:00\" \/>\n<meta name=\"twitter:card\" content=\"summary_large_image\" \/>\n<meta name=\"twitter:label1\" content=\"Dur\u00e9e de lecture estim\u00e9e\" \/>\n\t<meta name=\"twitter:data1\" content=\"1 minute\" \/>\n<script type=\"application\/ld+json\" class=\"yoast-schema-graph\">{\"@context\":\"https:\\\/\\\/schema.org\",\"@graph\":[{\"@type\":\"WebPage\",\"@id\":\"https:\\\/\\\/metacon-next.com\\\/fr\\\/a-propos-de-nous\\\/notre-equipe\\\/\",\"url\":\"https:\\\/\\\/metacon-next.com\\\/fr\\\/a-propos-de-nous\\\/notre-equipe\\\/\",\"name\":\"Notre \u00e9quipe - Metacon-Next\",\"isPartOf\":{\"@id\":\"https:\\\/\\\/metacon-next.com\\\/fr\\\/#website\"},\"datePublished\":\"2015-12-28T15:10:15+00:00\",\"dateModified\":\"2026-01-27T15:14:33+00:00\",\"description\":\"D\u00e9couvrez l\u2019\u00e9quipe Metacon. Des professionnels exp\u00e9riment\u00e9s qui collaborent pour fournir des solutions techniques fiables et innovantes.\",\"breadcrumb\":{\"@id\":\"https:\\\/\\\/metacon-next.com\\\/fr\\\/a-propos-de-nous\\\/notre-equipe\\\/#breadcrumb\"},\"inLanguage\":\"fr-FR\",\"potentialAction\":[{\"@type\":\"ReadAction\",\"target\":[\"https:\\\/\\\/metacon-next.com\\\/fr\\\/a-propos-de-nous\\\/notre-equipe\\\/\"]}]},{\"@type\":\"BreadcrumbList\",\"@id\":\"https:\\\/\\\/metacon-next.com\\\/fr\\\/a-propos-de-nous\\\/notre-equipe\\\/#breadcrumb\",\"itemListElement\":[{\"@type\":\"ListItem\",\"position\":1,\"name\":\"Accueil\",\"item\":\"https:\\\/\\\/metacon-next.com\\\/fr\\\/\"},{\"@type\":\"ListItem\",\"position\":2,\"name\":\"\u00c0 propos de nous\",\"item\":\"https:\\\/\\\/metacon-next.com\\\/fr\\\/a-propos-de-nous\\\/\"},{\"@type\":\"ListItem\",\"position\":3,\"name\":\"Notre \u00e9quipe\"}]},{\"@type\":\"WebSite\",\"@id\":\"https:\\\/\\\/metacon-next.com\\\/fr\\\/#website\",\"url\":\"https:\\\/\\\/metacon-next.com\\\/fr\\\/\",\"name\":\"Metacon-Next\",\"description\":\"\",\"publisher\":{\"@id\":\"https:\\\/\\\/metacon-next.com\\\/fr\\\/#organization\"},\"potentialAction\":[{\"@type\":\"SearchAction\",\"target\":{\"@type\":\"EntryPoint\",\"urlTemplate\":\"https:\\\/\\\/metacon-next.com\\\/fr\\\/?s={search_term_string}\"},\"query-input\":{\"@type\":\"PropertyValueSpecification\",\"valueRequired\":true,\"valueName\":\"search_term_string\"}}],\"inLanguage\":\"fr-FR\"},{\"@type\":\"Organization\",\"@id\":\"https:\\\/\\\/metacon-next.com\\\/fr\\\/#organization\",\"name\":\"Next Door Systems B.V.\",\"url\":\"https:\\\/\\\/metacon-next.com\\\/fr\\\/\",\"logo\":{\"@type\":\"ImageObject\",\"inLanguage\":\"fr-FR\",\"@id\":\"https:\\\/\\\/metacon-next.com\\\/fr\\\/#\\\/schema\\\/logo\\\/image\\\/\",\"url\":\"https:\\\/\\\/metacon-next.com\\\/fr\\\/wp-content\\\/uploads\\\/sites\\\/3\\\/2019\\\/11\\\/next-door-systems-logo-new.png\",\"contentUrl\":\"https:\\\/\\\/metacon-next.com\\\/fr\\\/wp-content\\\/uploads\\\/sites\\\/3\\\/2019\\\/11\\\/next-door-systems-logo-new.png\",\"width\":322,\"height\":300,\"caption\":\"Next Door Systems B.V.\"},\"image\":{\"@id\":\"https:\\\/\\\/metacon-next.com\\\/fr\\\/#\\\/schema\\\/logo\\\/image\\\/\"}}]}<\/script>\n<!-- \/ Yoast SEO plugin. -->","yoast_head_json":{"title":"Notre \u00e9quipe - Metacon-Next","description":"D\u00e9couvrez l\u2019\u00e9quipe Metacon. Des professionnels exp\u00e9riment\u00e9s qui collaborent pour fournir des solutions techniques fiables et innovantes.","robots":{"index":"index","follow":"follow","max-snippet":"max-snippet:-1","max-image-preview":"max-image-preview:large","max-video-preview":"max-video-preview:-1"},"canonical":"https:\/\/metacon-next.com\/fr\/a-propos-de-nous\/notre-equipe\/","og_locale":"fr_FR","og_type":"article","og_title":"Notre \u00e9quipe - Metacon-Next","og_description":"D\u00e9couvrez l\u2019\u00e9quipe Metacon. Des professionnels exp\u00e9riment\u00e9s qui collaborent pour fournir des solutions techniques fiables et innovantes.","og_url":"https:\/\/metacon-next.com\/fr\/a-propos-de-nous\/notre-equipe\/","og_site_name":"Metacon-Next","article_modified_time":"2026-01-27T15:14:33+00:00","twitter_card":"summary_large_image","twitter_misc":{"Dur\u00e9e de lecture estim\u00e9e":"1 minute"},"schema":{"@context":"https:\/\/schema.org","@graph":[{"@type":"WebPage","@id":"https:\/\/metacon-next.com\/fr\/a-propos-de-nous\/notre-equipe\/","url":"https:\/\/metacon-next.com\/fr\/a-propos-de-nous\/notre-equipe\/","name":"Notre \u00e9quipe - Metacon-Next","isPartOf":{"@id":"https:\/\/metacon-next.com\/fr\/#website"},"datePublished":"2015-12-28T15:10:15+00:00","dateModified":"2026-01-27T15:14:33+00:00","description":"D\u00e9couvrez l\u2019\u00e9quipe Metacon. Des professionnels exp\u00e9riment\u00e9s qui collaborent pour fournir des solutions techniques fiables et innovantes.","breadcrumb":{"@id":"https:\/\/metacon-next.com\/fr\/a-propos-de-nous\/notre-equipe\/#breadcrumb"},"inLanguage":"fr-FR","potentialAction":[{"@type":"ReadAction","target":["https:\/\/metacon-next.com\/fr\/a-propos-de-nous\/notre-equipe\/"]}]},{"@type":"BreadcrumbList","@id":"https:\/\/metacon-next.com\/fr\/a-propos-de-nous\/notre-equipe\/#breadcrumb","itemListElement":[{"@type":"ListItem","position":1,"name":"Accueil","item":"https:\/\/metacon-next.com\/fr\/"},{"@type":"ListItem","position":2,"name":"\u00c0 propos de nous","item":"https:\/\/metacon-next.com\/fr\/a-propos-de-nous\/"},{"@type":"ListItem","position":3,"name":"Notre \u00e9quipe"}]},{"@type":"WebSite","@id":"https:\/\/metacon-next.com\/fr\/#website","url":"https:\/\/metacon-next.com\/fr\/","name":"Metacon-Next","description":"","publisher":{"@id":"https:\/\/metacon-next.com\/fr\/#organization"},"potentialAction":[{"@type":"SearchAction","target":{"@type":"EntryPoint","urlTemplate":"https:\/\/metacon-next.com\/fr\/?s={search_term_string}"},"query-input":{"@type":"PropertyValueSpecification","valueRequired":true,"valueName":"search_term_string"}}],"inLanguage":"fr-FR"},{"@type":"Organization","@id":"https:\/\/metacon-next.com\/fr\/#organization","name":"Next Door Systems B.V.","url":"https:\/\/metacon-next.com\/fr\/","logo":{"@type":"ImageObject","inLanguage":"fr-FR","@id":"https:\/\/metacon-next.com\/fr\/#\/schema\/logo\/image\/","url":"https:\/\/metacon-next.com\/fr\/wp-content\/uploads\/sites\/3\/2019\/11\/next-door-systems-logo-new.png","contentUrl":"https:\/\/metacon-next.com\/fr\/wp-content\/uploads\/sites\/3\/2019\/11\/next-door-systems-logo-new.png","width":322,"height":300,"caption":"Next Door Systems B.V."},"image":{"@id":"https:\/\/metacon-next.com\/fr\/#\/schema\/logo\/image\/"}}]}},"_links":{"self":[{"href":"https:\/\/metacon-next.com\/fr\/wp-json\/wp\/v2\/pages\/4554","targetHints":{"allow":["GET"]}}],"collection":[{"href":"https:\/\/metacon-next.com\/fr\/wp-json\/wp\/v2\/pages"}],"about":[{"href":"https:\/\/metacon-next.com\/fr\/wp-json\/wp\/v2\/types\/page"}],"author":[{"embeddable":true,"href":"https:\/\/metacon-next.com\/fr\/wp-json\/wp\/v2\/users\/1"}],"replies":[{"embeddable":true,"href":"https:\/\/metacon-next.com\/fr\/wp-json\/wp\/v2\/comments?post=4554"}],"version-history":[{"count":14,"href":"https:\/\/metacon-next.com\/fr\/wp-json\/wp\/v2\/pages\/4554\/revisions"}],"predecessor-version":[{"id":25566,"href":"https:\/\/metacon-next.com\/fr\/wp-json\/wp\/v2\/pages\/4554\/revisions\/25566"}],"up":[{"embeddable":true,"href":"https:\/\/metacon-next.com\/fr\/wp-json\/wp\/v2\/pages\/23585"}],"wp:attachment":[{"href":"https:\/\/metacon-next.com\/fr\/wp-json\/wp\/v2\/media?parent=4554"}],"curies":[{"name":"wp","href":"https:\/\/api.w.org\/{rel}","templated":true}]}}