{"id":1194,"date":"2013-09-03T12:39:41","date_gmt":"2013-09-03T12:39:41","guid":{"rendered":"http:\/\/impreza.us-themes.net\/pages\/team\/"},"modified":"2026-01-27T14:56:47","modified_gmt":"2026-01-27T14:56:47","slug":"storia","status":"publish","type":"page","link":"https:\/\/metacon-next.com\/it\/storia","title":{"rendered":"Storia"},"content":{"rendered":"<section class=\"l-section wpb_row height_small\"><div class=\"l-section-h i-cf\"><div class=\"g-cols vc_row via_flex valign_top type_default stacking_default\"><div class=\"vc_col-sm-12 wpb_column vc_column_container\"><div class=\"vc_column-inner\"><div class=\"wpb_wrapper\"><div class=\"g-cols wpb_row via_flex valign_top type_default stacking_default\" style=\"--additional-gap:30;\"><div class=\"vc_col-sm-8 wpb_column vc_column_container\"><div class=\"vc_column-inner\"><div class=\"wpb_wrapper\"><div class=\"wpb_text_column\"><div class=\"wpb_wrapper\"><h1>Storia<\/h1>\n<p>Metacon-Next \u00e8 nata nel 2021 dalla fusione tra l&#8217;azienda familiare Metacon Metaalwarenfabriek di Gouda e Next Door Systems di Emmeloord.<br \/>\nLeggi qui sotto per saperne di pi\u00f9 sulla storia di entrambe le aziende.<\/p>\n<p><strong>Next Door Systems<\/strong><\/p>\n<p>Next Door Systems \u00e8 stata fondata nel 2010. Da allora, l&#8217;azienda \u00e8 cresciuta fino a diventare una realt\u00e0 rinomata nel settore delle soluzioni antincendio complete. Nel 2017 si \u00e8 trasferita nella sede di Randweg 19 a Emmeloord e nel 2020 contava pi\u00f9 di 25 dipendenti.<\/p>\n<p><strong>Metacon<\/strong><\/p>\n<p>Metacon \u00e8 stata fondata nel 1927. L&#8217;azienda ha iniziato la sua attivit\u00e0 come lattoniere, ma dopo alcuni anni \u00e8 passata alla produzione di biciclette, slitte, tricicli e seggiolini per bambini per il mercato privato.<br \/>\nNegli anni &#8217;50 Metacon ha deciso di concentrarsi sull&#8217;edilizia e l&#8217;industria.<br \/>\nNel 1980 Metacon \u00e8 diventata fornitrice di tende da sole in acciaio, serrande industriali e opere di costruzione. Negli anni successivi Metacon \u00e8 cresciuta fino a diventare un attore importante nel mercato della produzione di porte tagliafuoco, serrande antieffrazione, sistemi di protezione solare e opere di costruzione.<strong><br \/>\n<\/strong><\/p>\n<p>&nbsp;<\/p>\n<p>Metacon-Next \u00e8 oggi un produttore leader e specialista in soluzioni antincendio e antieffrazione.<\/p>\n<p>I prodotti sono sviluppati internamente dal reparto Ricerca e Sviluppo sulla base delle esigenze del mercato e, naturalmente, secondo i requisiti pi\u00f9 recenti. Metacon-Next si distingue per la sua ampia gamma di prodotti certificati e continua a lavorare con motivazione e ambizione per ampliarla ulteriormente.<\/p>\n<p>Nel 2026 Metacon-Next conta quasi 100 dipendenti ed \u00e8 attiva in oltre 70 paesi.<\/p>\n<p>&nbsp;<\/p>\n<p><strong>1927\u00a0 \u00a0<\/strong>Fondazione di Metacon, produttore di tricicli e seggiolini per bambini.<\/p>\n<p><strong>1929\u00a0 \u00a0<\/strong>Iscrizione ufficiale alla Camera di Commercio.<\/p>\n<p><strong>1998\u00a0 \u00a0<\/strong>Trasferimento in James Wattstraat a Gouda (zona industriale Gouwestroom).<\/p>\n<p><strong>2002\u00a0 \u00a0<\/strong>75\u00b0 anniversario di Metacon.<\/p>\n<p><strong>2003\u00a0 \u00a0<\/strong>Sviluppo e collaudo con esito positivo della porta avvolgibile tagliafuoco.<\/p>\n<p><strong>2005\u00a0 \u00a0<\/strong>Sviluppo e collaudo con esito positivo di una tenda avvolgibile resistente al fuoco<\/p>\n<p><strong>2009\u00a0 \u00a0<\/strong>Ottenimento della certificazione ISO 9001<\/p>\n<p><strong>2010\u00a0 \u00a0<\/strong>Acquisizione di MIR Europe (Belgio)<\/p>\n<p><strong>2011\u00a0 \u00a0<\/strong>Acquisizione della produzione di porte scorrevoli resistenti al fuoco Euro-deur di Nieuwkoop<\/p>\n<p><strong>2011\u00a0 \u00a0<\/strong>Apertura della sede di Waddinxveen (Maarten Schoutenstraat)<\/p>\n<p><strong>2012<\/strong>\u00a0 \u00a0Ampliamento con immobile in Edisonstraat Gouda (zona industriale Gouwestroom)<\/p>\n<p><strong>2013\u00a0 \u00a0<\/strong>Acquisizione di Megasec<\/p>\n<p><strong>2013\u00a0 \u00a0<\/strong>Sviluppo e collaudo con esito positivo di una porta basculante resistente al fuoco<\/p>\n<p><strong>2014\u00a0 \u00a0<\/strong>Ottenimento della certificazione ISO 14001<\/p>\n<p><strong>2015<\/strong>\u00a0 \u00a0Ampliamento con immobile in Marconistraat Gouda (zona industriale Gouwestroom)<\/p>\n<p><strong>2017\u00a0 \u00a0<\/strong>90\u00b0 anniversario di Metacon<\/p>\n<p><strong>2018\u00a0 \u00a0<\/strong>Inizio della nuova costruzione a Moordrecht; &gt; 14.500 m2<\/p>\n<p><strong>2019\u00a0 \u00a0<\/strong>Trasferimento a Moordrecht<\/p>\n<p><strong>2020\u00a0 \u00a0<\/strong>Sviluppo di porte tagliafuoco basate su profili compositi pultrusi<\/p>\n<p><strong>2021\u00a0 \u00a0<\/strong>Fusione Metacon &#8211; Next Door Systems<\/p>\n<p><strong>2021\u00a0 \u00a0<\/strong>Lancio di MetaConfigurator<\/p>\n<p><strong>2022<\/strong>\u00a0 \u00a0Ampliamento con ufficio vendite in Germania<\/p>\n<p><strong>2022\u00a0 \u00a0<\/strong>Ampliamento con ufficio vendite in Italia<\/p>\n<p><strong>2022\u00a0 \u00a0<\/strong>Trasferimento di Megasec da Watergang a Moordrecht<\/p>\n<p><strong>2023<\/strong>\u00a0 \u00a0Trasferimento della produzione da Emmeloord a Moordrecht<\/p>\n<p><strong>2024<\/strong>\u00a0 \u00a0Partecipazione alla fiera internazionale R+T di Stoccarda (&gt; 100 m\u00b2 di stand)<\/p>\n<p><strong>2025<\/strong>\u00a0 EPD (dichiarazioni ambientali di prodotto) ottenute per le porte tagliafuoco<\/p>\n<\/div><\/div><\/div><\/div><\/div><div class=\"vc_col-sm-4 wpb_column vc_column_container\"><div class=\"vc_column-inner\"><div class=\"wpb_wrapper\"><div class=\"wpb_widgetised_column wpb_content_element\"><div class=\"wpb_wrapper\"><div id=\"nav_menu-2\" class=\"widget widget_nav_menu\"><h3 class=\"widgettitle\">Chi siamo<\/h3><div class=\"menu-about-us-menu-container\"><ul id=\"menu-about-us-menu\" class=\"menu\"><li id=\"menu-item-25257\" class=\"menu-item menu-item-type-post_type menu-item-object-page menu-item-25257\"><a href=\"https:\/\/metacon-next.com\/it\/chi-siamo\">Generale<\/a><\/li>\n<li id=\"menu-item-25261\" class=\"menu-item menu-item-type-post_type menu-item-object-page menu-item-25261\"><a href=\"https:\/\/metacon-next.com\/it\/il-nostro-team\">Il nostro team<\/a><\/li>\n<li id=\"menu-item-25262\" class=\"menu-item menu-item-type-post_type menu-item-object-page menu-item-25262\"><a href=\"https:\/\/metacon-next.com\/it\/storia\">Storia<\/a><\/li>\n<li id=\"menu-item-25616\" class=\"menu-item menu-item-type-post_type menu-item-object-page menu-item-25616\"><a href=\"https:\/\/metacon-next.com\/it\/chi-siamo\/missione-e-visione\">Missione e Visione<\/a><\/li>\n<li id=\"menu-item-25259\" class=\"menu-item menu-item-type-post_type menu-item-object-page menu-item-25259\"><a href=\"https:\/\/metacon-next.com\/it\/chi-siamo\/produzione-propria\">Produzione propria<\/a><\/li>\n<li id=\"menu-item-25260\" class=\"menu-item menu-item-type-post_type menu-item-object-page menu-item-25260\"><a href=\"https:\/\/metacon-next.com\/it\/chi-siamo\/rete-mondiale-di-concessionari\">Rete mondiale di concessionari<\/a><\/li>\n<li id=\"menu-item-25258\" class=\"menu-item menu-item-type-post_type menu-item-object-page menu-item-25258\"><a href=\"https:\/\/metacon-next.com\/it\/chi-siamo\/certificazione\">Certificazione<\/a><\/li>\n<\/ul><\/div><\/div><\/div><\/div><div class=\"w-separator size_small\"><\/div><div class=\"w-separator size_small\"><\/div><\/div><\/div><\/div><\/div><\/div><\/div><\/div><\/div><\/div><\/section>\n","protected":false},"excerpt":{"rendered":"Storia Metacon-Next \u00e8 nata nel 2021 dalla fusione tra l&#8217;azienda familiare Metacon Metaalwarenfabriek di Gouda e Next Door Systems di Emmeloord. Leggi qui sotto per saperne di pi\u00f9 sulla storia di entrambe le aziende. Next Door Systems Next Door Systems \u00e8 stata fondata nel 2010. Da allora, l&#8217;azienda \u00e8 cresciuta fino a diventare una realt\u00e0...","protected":false},"author":1,"featured_media":0,"parent":0,"menu_order":0,"comment_status":"closed","ping_status":"closed","template":"","meta":{"footnotes":""},"class_list":["post-1194","page","type-page","status-publish","hentry"],"yoast_head":"<!-- This site is optimized with the Yoast SEO plugin v27.3 - https:\/\/yoast.com\/product\/yoast-seo-wordpress\/ -->\n<title>Storia - Metacon-Next<\/title>\n<meta name=\"description\" content=\"Scopri la storia di Metacon e la crescita dell\u2019azienda come partner tecnico affidabile per soluzioni industriali complesse.\" \/>\n<meta name=\"robots\" content=\"index, follow, max-snippet:-1, max-image-preview:large, max-video-preview:-1\" \/>\n<link rel=\"canonical\" href=\"https:\/\/metacon-next.com\/it\/storia\" \/>\n<meta property=\"og:locale\" content=\"it_IT\" \/>\n<meta property=\"og:type\" content=\"article\" \/>\n<meta property=\"og:title\" content=\"Storia - Metacon-Next\" \/>\n<meta property=\"og:description\" content=\"Scopri la storia di Metacon e la crescita dell\u2019azienda come partner tecnico affidabile per soluzioni industriali complesse.\" \/>\n<meta property=\"og:url\" content=\"https:\/\/metacon-next.com\/it\/storia\" \/>\n<meta property=\"og:site_name\" content=\"Metacon-Next\" \/>\n<meta property=\"article:modified_time\" content=\"2026-01-27T14:56:47+00:00\" \/>\n<meta name=\"twitter:card\" content=\"summary_large_image\" \/>\n<meta name=\"twitter:label1\" content=\"Tempo di lettura stimato\" \/>\n\t<meta name=\"twitter:data1\" content=\"3 minuti\" \/>\n<script type=\"application\/ld+json\" class=\"yoast-schema-graph\">{\"@context\":\"https:\\\/\\\/schema.org\",\"@graph\":[{\"@type\":\"WebPage\",\"@id\":\"https:\\\/\\\/metacon-next.com\\\/it\\\/storia\",\"url\":\"https:\\\/\\\/metacon-next.com\\\/it\\\/storia\",\"name\":\"Storia - Metacon-Next\",\"isPartOf\":{\"@id\":\"https:\\\/\\\/metacon-next.com\\\/it\\\/#website\"},\"datePublished\":\"2013-09-03T12:39:41+00:00\",\"dateModified\":\"2026-01-27T14:56:47+00:00\",\"description\":\"Scopri la storia di Metacon e la crescita dell\u2019azienda come partner tecnico affidabile per soluzioni industriali complesse.\",\"breadcrumb\":{\"@id\":\"https:\\\/\\\/metacon-next.com\\\/it\\\/storia#breadcrumb\"},\"inLanguage\":\"it-IT\",\"potentialAction\":[{\"@type\":\"ReadAction\",\"target\":[\"https:\\\/\\\/metacon-next.com\\\/it\\\/storia\"]}]},{\"@type\":\"BreadcrumbList\",\"@id\":\"https:\\\/\\\/metacon-next.com\\\/it\\\/storia#breadcrumb\",\"itemListElement\":[{\"@type\":\"ListItem\",\"position\":1,\"name\":\"Home\",\"item\":\"https:\\\/\\\/metacon-next.com\\\/it\\\/\"},{\"@type\":\"ListItem\",\"position\":2,\"name\":\"Storia\"}]},{\"@type\":\"WebSite\",\"@id\":\"https:\\\/\\\/metacon-next.com\\\/it\\\/#website\",\"url\":\"https:\\\/\\\/metacon-next.com\\\/it\\\/\",\"name\":\"Metacon-Next\",\"description\":\"\",\"potentialAction\":[{\"@type\":\"SearchAction\",\"target\":{\"@type\":\"EntryPoint\",\"urlTemplate\":\"https:\\\/\\\/metacon-next.com\\\/it\\\/?s={search_term_string}\"},\"query-input\":{\"@type\":\"PropertyValueSpecification\",\"valueRequired\":true,\"valueName\":\"search_term_string\"}}],\"inLanguage\":\"it-IT\"}]}<\/script>\n<!-- \/ Yoast SEO plugin. -->","yoast_head_json":{"title":"Storia - Metacon-Next","description":"Scopri la storia di Metacon e la crescita dell\u2019azienda come partner tecnico affidabile per soluzioni industriali complesse.","robots":{"index":"index","follow":"follow","max-snippet":"max-snippet:-1","max-image-preview":"max-image-preview:large","max-video-preview":"max-video-preview:-1"},"canonical":"https:\/\/metacon-next.com\/it\/storia","og_locale":"it_IT","og_type":"article","og_title":"Storia - Metacon-Next","og_description":"Scopri la storia di Metacon e la crescita dell\u2019azienda come partner tecnico affidabile per soluzioni industriali complesse.","og_url":"https:\/\/metacon-next.com\/it\/storia","og_site_name":"Metacon-Next","article_modified_time":"2026-01-27T14:56:47+00:00","twitter_card":"summary_large_image","twitter_misc":{"Tempo di lettura stimato":"3 minuti"},"schema":{"@context":"https:\/\/schema.org","@graph":[{"@type":"WebPage","@id":"https:\/\/metacon-next.com\/it\/storia","url":"https:\/\/metacon-next.com\/it\/storia","name":"Storia - Metacon-Next","isPartOf":{"@id":"https:\/\/metacon-next.com\/it\/#website"},"datePublished":"2013-09-03T12:39:41+00:00","dateModified":"2026-01-27T14:56:47+00:00","description":"Scopri la storia di Metacon e la crescita dell\u2019azienda come partner tecnico affidabile per soluzioni industriali complesse.","breadcrumb":{"@id":"https:\/\/metacon-next.com\/it\/storia#breadcrumb"},"inLanguage":"it-IT","potentialAction":[{"@type":"ReadAction","target":["https:\/\/metacon-next.com\/it\/storia"]}]},{"@type":"BreadcrumbList","@id":"https:\/\/metacon-next.com\/it\/storia#breadcrumb","itemListElement":[{"@type":"ListItem","position":1,"name":"Home","item":"https:\/\/metacon-next.com\/it\/"},{"@type":"ListItem","position":2,"name":"Storia"}]},{"@type":"WebSite","@id":"https:\/\/metacon-next.com\/it\/#website","url":"https:\/\/metacon-next.com\/it\/","name":"Metacon-Next","description":"","potentialAction":[{"@type":"SearchAction","target":{"@type":"EntryPoint","urlTemplate":"https:\/\/metacon-next.com\/it\/?s={search_term_string}"},"query-input":{"@type":"PropertyValueSpecification","valueRequired":true,"valueName":"search_term_string"}}],"inLanguage":"it-IT"}]}},"_links":{"self":[{"href":"https:\/\/metacon-next.com\/it\/wp-json\/wp\/v2\/pages\/1194","targetHints":{"allow":["GET"]}}],"collection":[{"href":"https:\/\/metacon-next.com\/it\/wp-json\/wp\/v2\/pages"}],"about":[{"href":"https:\/\/metacon-next.com\/it\/wp-json\/wp\/v2\/types\/page"}],"author":[{"embeddable":true,"href":"https:\/\/metacon-next.com\/it\/wp-json\/wp\/v2\/users\/1"}],"replies":[{"embeddable":true,"href":"https:\/\/metacon-next.com\/it\/wp-json\/wp\/v2\/comments?post=1194"}],"version-history":[{"count":5,"href":"https:\/\/metacon-next.com\/it\/wp-json\/wp\/v2\/pages\/1194\/revisions"}],"predecessor-version":[{"id":25826,"href":"https:\/\/metacon-next.com\/it\/wp-json\/wp\/v2\/pages\/1194\/revisions\/25826"}],"wp:attachment":[{"href":"https:\/\/metacon-next.com\/it\/wp-json\/wp\/v2\/media?parent=1194"}],"curies":[{"name":"wp","href":"https:\/\/api.w.org\/{rel}","templated":true}]}}