{"id":23585,"date":"2019-11-04T08:39:12","date_gmt":"2019-11-04T08:39:12","guid":{"rendered":"https:\/\/metacon-next.com\/?page_id=23585"},"modified":"2026-01-27T14:55:52","modified_gmt":"2026-01-27T14:55:52","slug":"chi-siamo","status":"publish","type":"page","link":"https:\/\/metacon-next.com\/it\/chi-siamo","title":{"rendered":"Chi siamo"},"content":{"rendered":"<section class=\"l-section wpb_row height_small\"><div class=\"l-section-h i-cf\"><div class=\"g-cols vc_row via_flex valign_top type_default stacking_default\"><div class=\"vc_col-sm-12 wpb_column vc_column_container\"><div class=\"vc_column-inner\"><div class=\"wpb_wrapper\"><div class=\"g-cols wpb_row via_flex valign_top type_default stacking_default\" style=\"--additional-gap:30;\"><div class=\"vc_col-sm-8 wpb_column vc_column_container\"><div class=\"vc_column-inner\"><div class=\"wpb_wrapper\"><div class=\"wpb_text_column\"><div class=\"wpb_wrapper\"><h1>Chi siamo<\/h1>\n<p style=\"font-weight: 400\"><strong>Metacon-Next \u00e8 il produttore leader di porte industriali antincendio e antieffrazione.<\/strong><\/p>\n<p style=\"font-weight: 400\">Una vasta rete mondiale di rivenditori indipendenti fornisce e installa le nostre porte di qualit\u00e0. L&#8217;azienda \u00e8 stata formata dalla fusione di Metacon Metalware Factory e Next Door Systems. Le porte sono fatte su misura e fornite ai rivenditori da due siti di produzione nei Paesi Bassi (Moordrecht e Emmeloord). Le porte sono sviluppate dal nostro dipartimento di Ricerca e sviluppo in conformit\u00e0 con le ultime norme e i requisiti del mercato. Ci distinguiamo per la nostra enorme gamma di prodotti certificati. E stiamo ancora lavorando ad un&#8217;ulteriore espansione con motivazione e ambizione. La nostra missione \u00e8 garantire la sicurezza antincendio degli edifici e dei loro utenti. Lo facciamo fornendo un prodotto di alta qualit\u00e0 che \u00e8 facile da installare e pu\u00f2 essere fornito a prezzi in linea con il mercato. Una buona consulenza personale sull&#8217;applicazione e sul prodotto \u00e8 essenziale. Ci distinguiamo in questo senso. Questo permette a noi &#8211; e a voi come rivenditori &#8211; di fornire una soluzione adeguata per ogni problema di porta tagliafuoco.<\/p>\n<p style=\"font-weight: 400\"><strong>Responsabilit\u00e0 sociale d&#8217;impresa (RSI)<\/strong><br \/>\nAbbiamo 3000 pannelli solari che ci aiutano a produrre elettricit\u00e0 green. Questo si traduce in emissioni di CO2 molto inferiori o nulle. Con l&#8217;introduzione delle nuove porte composite, \u00e8 stato applicato il principio cradle-to-cradle. In questo modo, stiamo facendo la nostra parte e siamo impegnati socialmente nella riduzione dell\u2019 inquinamento mondiale.<\/p>\n<\/div><\/div><div class=\"w-separator size_small\"><\/div><div class=\"w-image align_none meta_simple\"><a ref=\"magnificPopup\" href=\"https:\/\/metacon-next.com\/it\/wp-content\/uploads\/sites\/6\/2021\/03\/productielocatie-metacon-next-moordrecht.jpg\" aria-label=\"Link\" class=\"w-image-h\"><img decoding=\"async\" width=\"1024\" height=\"522\" src=\"https:\/\/metacon-next.com\/it\/wp-content\/uploads\/sites\/6\/2021\/03\/productielocatie-metacon-next-moordrecht-1024x522.jpg\" class=\"attachment-large size-large\" alt=\"\" loading=\"lazy\" srcset=\"https:\/\/metacon-next.com\/it\/wp-content\/uploads\/sites\/6\/2021\/03\/productielocatie-metacon-next-moordrecht-1024x522.jpg 1024w, https:\/\/metacon-next.com\/it\/wp-content\/uploads\/sites\/6\/2021\/03\/productielocatie-metacon-next-moordrecht-300x153.jpg 300w, https:\/\/metacon-next.com\/it\/wp-content\/uploads\/sites\/6\/2021\/03\/productielocatie-metacon-next-moordrecht.jpg 1451w\" sizes=\"auto, (max-width: 1024px) 100vw, 1024px\" \/><\/a><div class=\"w-image-meta\"><\/div><\/div><\/div><\/div><\/div><div class=\"vc_col-sm-4 wpb_column vc_column_container\"><div class=\"vc_column-inner\"><div class=\"wpb_wrapper\"><div class=\"wpb_widgetised_column wpb_content_element\"><div class=\"wpb_wrapper\"><div id=\"nav_menu-2\" class=\"widget widget_nav_menu\"><h3 class=\"widgettitle\">Chi siamo<\/h3><div class=\"menu-about-us-menu-container\"><ul id=\"menu-about-us-menu\" class=\"menu\"><li id=\"menu-item-25257\" class=\"menu-item menu-item-type-post_type menu-item-object-page menu-item-25257\"><a href=\"https:\/\/metacon-next.com\/it\/chi-siamo\">Generale<\/a><\/li>\n<li id=\"menu-item-25261\" class=\"menu-item menu-item-type-post_type menu-item-object-page menu-item-25261\"><a href=\"https:\/\/metacon-next.com\/it\/il-nostro-team\">Il nostro team<\/a><\/li>\n<li id=\"menu-item-25262\" class=\"menu-item menu-item-type-post_type menu-item-object-page menu-item-25262\"><a href=\"https:\/\/metacon-next.com\/it\/storia\">Storia<\/a><\/li>\n<li id=\"menu-item-25616\" class=\"menu-item menu-item-type-post_type menu-item-object-page menu-item-25616\"><a href=\"https:\/\/metacon-next.com\/it\/chi-siamo\/missione-e-visione\">Missione e Visione<\/a><\/li>\n<li id=\"menu-item-25259\" class=\"menu-item menu-item-type-post_type menu-item-object-page menu-item-25259\"><a href=\"https:\/\/metacon-next.com\/it\/chi-siamo\/produzione-propria\">Produzione propria<\/a><\/li>\n<li id=\"menu-item-25260\" class=\"menu-item menu-item-type-post_type menu-item-object-page menu-item-25260\"><a href=\"https:\/\/metacon-next.com\/it\/chi-siamo\/rete-mondiale-di-concessionari\">Rete mondiale di concessionari<\/a><\/li>\n<li id=\"menu-item-25258\" class=\"menu-item menu-item-type-post_type menu-item-object-page menu-item-25258\"><a href=\"https:\/\/metacon-next.com\/it\/chi-siamo\/certificazione\">Certificazione<\/a><\/li>\n<\/ul><\/div><\/div><\/div><\/div><div class=\"w-separator size_small\"><\/div><div class=\"w-separator size_small\"><\/div><\/div><\/div><\/div><\/div><\/div><\/div><\/div><\/div><\/div><\/section>\n","protected":false},"excerpt":{"rendered":"Chi siamo Metacon-Next \u00e8 il produttore leader di porte industriali antincendio e antieffrazione. Una vasta rete mondiale di rivenditori indipendenti fornisce e installa le nostre porte di qualit\u00e0. L&#8217;azienda \u00e8 stata formata dalla fusione di Metacon Metalware Factory e Next Door Systems. Le porte sono fatte su misura e fornite ai rivenditori da due siti...","protected":false},"author":1,"featured_media":0,"parent":0,"menu_order":0,"comment_status":"closed","ping_status":"closed","template":"","meta":{"footnotes":""},"class_list":["post-23585","page","type-page","status-publish","hentry"],"yoast_head":"<!-- This site is optimized with the Yoast SEO plugin v27.4 - https:\/\/yoast.com\/product\/yoast-seo-wordpress\/ -->\n<title>Chi siamo - Metacon-Next<\/title>\n<meta name=\"description\" content=\"Scopri Metacon, partner tecnico orientato a qualit\u00e0, innovazione e soluzioni affidabili per applicazioni industriali complesse.\" \/>\n<meta name=\"robots\" content=\"index, follow, max-snippet:-1, max-image-preview:large, max-video-preview:-1\" \/>\n<link rel=\"canonical\" href=\"https:\/\/metacon-next.com\/it\/chi-siamo\" \/>\n<meta property=\"og:locale\" content=\"it_IT\" \/>\n<meta property=\"og:type\" content=\"article\" \/>\n<meta property=\"og:title\" content=\"Chi siamo - Metacon-Next\" \/>\n<meta property=\"og:description\" content=\"Scopri Metacon, partner tecnico orientato a qualit\u00e0, innovazione e soluzioni affidabili per applicazioni industriali complesse.\" \/>\n<meta property=\"og:url\" content=\"https:\/\/metacon-next.com\/it\/chi-siamo\" \/>\n<meta property=\"og:site_name\" content=\"Metacon-Next\" \/>\n<meta property=\"article:modified_time\" content=\"2026-01-27T14:55:52+00:00\" \/>\n<meta name=\"twitter:card\" content=\"summary_large_image\" \/>\n<meta name=\"twitter:label1\" content=\"Tempo di lettura stimato\" \/>\n\t<meta name=\"twitter:data1\" content=\"2 minuti\" \/>\n<script type=\"application\/ld+json\" class=\"yoast-schema-graph\">{\"@context\":\"https:\\\/\\\/schema.org\",\"@graph\":[{\"@type\":\"WebPage\",\"@id\":\"https:\\\/\\\/metacon-next.com\\\/it\\\/chi-siamo\",\"url\":\"https:\\\/\\\/metacon-next.com\\\/it\\\/chi-siamo\",\"name\":\"Chi siamo - Metacon-Next\",\"isPartOf\":{\"@id\":\"https:\\\/\\\/metacon-next.com\\\/it\\\/#website\"},\"datePublished\":\"2019-11-04T08:39:12+00:00\",\"dateModified\":\"2026-01-27T14:55:52+00:00\",\"description\":\"Scopri Metacon, partner tecnico orientato a qualit\u00e0, innovazione e soluzioni affidabili per applicazioni industriali complesse.\",\"breadcrumb\":{\"@id\":\"https:\\\/\\\/metacon-next.com\\\/it\\\/chi-siamo#breadcrumb\"},\"inLanguage\":\"it-IT\",\"potentialAction\":[{\"@type\":\"ReadAction\",\"target\":[\"https:\\\/\\\/metacon-next.com\\\/it\\\/chi-siamo\"]}]},{\"@type\":\"BreadcrumbList\",\"@id\":\"https:\\\/\\\/metacon-next.com\\\/it\\\/chi-siamo#breadcrumb\",\"itemListElement\":[{\"@type\":\"ListItem\",\"position\":1,\"name\":\"Home\",\"item\":\"https:\\\/\\\/metacon-next.com\\\/it\\\/\"},{\"@type\":\"ListItem\",\"position\":2,\"name\":\"Chi siamo\"}]},{\"@type\":\"WebSite\",\"@id\":\"https:\\\/\\\/metacon-next.com\\\/it\\\/#website\",\"url\":\"https:\\\/\\\/metacon-next.com\\\/it\\\/\",\"name\":\"Metacon-Next\",\"description\":\"\",\"potentialAction\":[{\"@type\":\"SearchAction\",\"target\":{\"@type\":\"EntryPoint\",\"urlTemplate\":\"https:\\\/\\\/metacon-next.com\\\/it\\\/?s={search_term_string}\"},\"query-input\":{\"@type\":\"PropertyValueSpecification\",\"valueRequired\":true,\"valueName\":\"search_term_string\"}}],\"inLanguage\":\"it-IT\"}]}<\/script>\n<!-- \/ Yoast SEO plugin. -->","yoast_head_json":{"title":"Chi siamo - Metacon-Next","description":"Scopri Metacon, partner tecnico orientato a qualit\u00e0, innovazione e soluzioni affidabili per applicazioni industriali complesse.","robots":{"index":"index","follow":"follow","max-snippet":"max-snippet:-1","max-image-preview":"max-image-preview:large","max-video-preview":"max-video-preview:-1"},"canonical":"https:\/\/metacon-next.com\/it\/chi-siamo","og_locale":"it_IT","og_type":"article","og_title":"Chi siamo - Metacon-Next","og_description":"Scopri Metacon, partner tecnico orientato a qualit\u00e0, innovazione e soluzioni affidabili per applicazioni industriali complesse.","og_url":"https:\/\/metacon-next.com\/it\/chi-siamo","og_site_name":"Metacon-Next","article_modified_time":"2026-01-27T14:55:52+00:00","twitter_card":"summary_large_image","twitter_misc":{"Tempo di lettura stimato":"2 minuti"},"schema":{"@context":"https:\/\/schema.org","@graph":[{"@type":"WebPage","@id":"https:\/\/metacon-next.com\/it\/chi-siamo","url":"https:\/\/metacon-next.com\/it\/chi-siamo","name":"Chi siamo - Metacon-Next","isPartOf":{"@id":"https:\/\/metacon-next.com\/it\/#website"},"datePublished":"2019-11-04T08:39:12+00:00","dateModified":"2026-01-27T14:55:52+00:00","description":"Scopri Metacon, partner tecnico orientato a qualit\u00e0, innovazione e soluzioni affidabili per applicazioni industriali complesse.","breadcrumb":{"@id":"https:\/\/metacon-next.com\/it\/chi-siamo#breadcrumb"},"inLanguage":"it-IT","potentialAction":[{"@type":"ReadAction","target":["https:\/\/metacon-next.com\/it\/chi-siamo"]}]},{"@type":"BreadcrumbList","@id":"https:\/\/metacon-next.com\/it\/chi-siamo#breadcrumb","itemListElement":[{"@type":"ListItem","position":1,"name":"Home","item":"https:\/\/metacon-next.com\/it\/"},{"@type":"ListItem","position":2,"name":"Chi siamo"}]},{"@type":"WebSite","@id":"https:\/\/metacon-next.com\/it\/#website","url":"https:\/\/metacon-next.com\/it\/","name":"Metacon-Next","description":"","potentialAction":[{"@type":"SearchAction","target":{"@type":"EntryPoint","urlTemplate":"https:\/\/metacon-next.com\/it\/?s={search_term_string}"},"query-input":{"@type":"PropertyValueSpecification","valueRequired":true,"valueName":"search_term_string"}}],"inLanguage":"it-IT"}]}},"_links":{"self":[{"href":"https:\/\/metacon-next.com\/it\/wp-json\/wp\/v2\/pages\/23585","targetHints":{"allow":["GET"]}}],"collection":[{"href":"https:\/\/metacon-next.com\/it\/wp-json\/wp\/v2\/pages"}],"about":[{"href":"https:\/\/metacon-next.com\/it\/wp-json\/wp\/v2\/types\/page"}],"author":[{"embeddable":true,"href":"https:\/\/metacon-next.com\/it\/wp-json\/wp\/v2\/users\/1"}],"replies":[{"embeddable":true,"href":"https:\/\/metacon-next.com\/it\/wp-json\/wp\/v2\/comments?post=23585"}],"version-history":[{"count":5,"href":"https:\/\/metacon-next.com\/it\/wp-json\/wp\/v2\/pages\/23585\/revisions"}],"predecessor-version":[{"id":25822,"href":"https:\/\/metacon-next.com\/it\/wp-json\/wp\/v2\/pages\/23585\/revisions\/25822"}],"wp:attachment":[{"href":"https:\/\/metacon-next.com\/it\/wp-json\/wp\/v2\/media?parent=23585"}],"curies":[{"name":"wp","href":"https:\/\/api.w.org\/{rel}","templated":true}]}}