{"id":24594,"date":"2020-05-15T15:32:56","date_gmt":"2020-05-15T13:32:56","guid":{"rendered":"https:\/\/metacon-next.com\/?page_id=24594"},"modified":"2026-01-27T14:58:11","modified_gmt":"2026-01-27T14:58:11","slug":"produzione-propria","status":"publish","type":"page","link":"https:\/\/metacon-next.com\/it\/chi-siamo\/produzione-propria","title":{"rendered":"Produzione propria"},"content":{"rendered":"<section class=\"l-section wpb_row height_small\"><div class=\"l-section-h i-cf\"><div class=\"g-cols vc_row via_flex valign_top type_default stacking_default\"><div class=\"vc_col-sm-12 wpb_column vc_column_container\"><div class=\"vc_column-inner\"><div class=\"wpb_wrapper\"><div class=\"g-cols wpb_row via_flex valign_top type_default stacking_default\" style=\"--additional-gap:30;\"><div class=\"vc_col-sm-8 wpb_column vc_column_container\"><div class=\"vc_column-inner\"><div class=\"wpb_wrapper\"><div class=\"wpb_text_column\"><div class=\"wpb_wrapper\"><h1>Produzione propria<\/h1>\n<p>Innovazione e ricerca e sviluppo sono pilastri fondamentali per Metacon-Next.<\/p>\n<p>Seguiamo da vicino gli sviluppi del mercato, ascoltiamo attentamente i nostri clienti e traduciamo i loro desideri in nuovi prodotti e soluzioni personalizzate. Basandoci su questa filosofia, produciamo vari tipi di tende avvolgibili tagliafuoco, serrande avvolgibili, porte sezionali, porte scorrevoli e serrande avvolgibili antieffrazione.<\/p>\n<p>Inoltre, Metacon-Next \u00e8 in pieno sviluppo. Ogni giorno sviluppiamo attivamente nuovi prodotti e lavoriamo su ulteriori opzioni ed estensioni dei nostri prodotti esistenti. Metacon-Next ha sviluppato e perfezionato soluzioni per le situazioni pi\u00f9 disparate. Ci\u00f2 significa che Metacon-Next \u00e8 all&#8217;avanguardia nello sviluppo e un partner affidabile per fare affari. Ispirati dalle richieste del mercato, vogliamo ampliare ancora di pi\u00f9 la nostra gamma di prodotti per essere un fornitore di soluzioni complete per i nostri rivenditori.<\/p>\n<\/div><\/div><\/div><\/div><\/div><div class=\"vc_col-sm-4 wpb_column vc_column_container\"><div class=\"vc_column-inner\"><div class=\"wpb_wrapper\"><div class=\"wpb_widgetised_column wpb_content_element\"><div class=\"wpb_wrapper\"><div id=\"nav_menu-2\" class=\"widget widget_nav_menu\"><h3 class=\"widgettitle\">Chi siamo<\/h3><div class=\"menu-about-us-menu-container\"><ul id=\"menu-about-us-menu\" class=\"menu\"><li id=\"menu-item-25257\" class=\"menu-item menu-item-type-post_type menu-item-object-page menu-item-25257\"><a href=\"https:\/\/metacon-next.com\/it\/chi-siamo\">Generale<\/a><\/li>\n<li id=\"menu-item-25261\" class=\"menu-item menu-item-type-post_type menu-item-object-page menu-item-25261\"><a href=\"https:\/\/metacon-next.com\/it\/il-nostro-team\">Il nostro team<\/a><\/li>\n<li id=\"menu-item-25262\" class=\"menu-item menu-item-type-post_type menu-item-object-page menu-item-25262\"><a href=\"https:\/\/metacon-next.com\/it\/storia\">Storia<\/a><\/li>\n<li id=\"menu-item-25616\" class=\"menu-item menu-item-type-post_type menu-item-object-page menu-item-25616\"><a href=\"https:\/\/metacon-next.com\/it\/chi-siamo\/missione-e-visione\">Missione e Visione<\/a><\/li>\n<li id=\"menu-item-25259\" class=\"menu-item menu-item-type-post_type menu-item-object-page menu-item-25259\"><a href=\"https:\/\/metacon-next.com\/it\/chi-siamo\/produzione-propria\">Produzione propria<\/a><\/li>\n<li id=\"menu-item-25260\" class=\"menu-item menu-item-type-post_type menu-item-object-page menu-item-25260\"><a href=\"https:\/\/metacon-next.com\/it\/chi-siamo\/rete-mondiale-di-concessionari\">Rete mondiale di concessionari<\/a><\/li>\n<li id=\"menu-item-25258\" class=\"menu-item menu-item-type-post_type menu-item-object-page menu-item-25258\"><a href=\"https:\/\/metacon-next.com\/it\/chi-siamo\/certificazione\">Certificazione<\/a><\/li>\n<\/ul><\/div><\/div><\/div><\/div><div class=\"w-separator size_small\"><\/div><div class=\"w-separator size_small\"><\/div><\/div><\/div><\/div><\/div><\/div><\/div><\/div><\/div><\/div><\/section>\n","protected":false},"excerpt":{"rendered":"Produzione propria Innovazione e ricerca e sviluppo sono pilastri fondamentali per Metacon-Next. Seguiamo da vicino gli sviluppi del mercato, ascoltiamo attentamente i nostri clienti e traduciamo i loro desideri in nuovi prodotti e soluzioni personalizzate. Basandoci su questa filosofia, produciamo vari tipi di tende avvolgibili tagliafuoco, serrande avvolgibili, porte sezionali, porte scorrevoli e serrande avvolgibili...","protected":false},"author":1,"featured_media":0,"parent":23585,"menu_order":0,"comment_status":"closed","ping_status":"closed","template":"","meta":{"footnotes":""},"class_list":["post-24594","page","type-page","status-publish","hentry"],"yoast_head":"<!-- This site is optimized with the Yoast SEO plugin v27.4 - https:\/\/yoast.com\/product\/yoast-seo-wordpress\/ -->\n<title>Produzione propria - Metacon-Next<\/title>\n<meta name=\"description\" content=\"Produzione propria Metacon. Soluzioni tecniche sviluppate e realizzate internamente con controllo totale su qualit\u00e0 e affidabilit\u00e0.\" \/>\n<meta name=\"robots\" content=\"index, follow, max-snippet:-1, max-image-preview:large, max-video-preview:-1\" \/>\n<link rel=\"canonical\" href=\"https:\/\/metacon-next.com\/it\/chi-siamo\/produzione-propria\" \/>\n<meta property=\"og:locale\" content=\"it_IT\" \/>\n<meta property=\"og:type\" content=\"article\" \/>\n<meta property=\"og:title\" content=\"Produzione propria - Metacon-Next\" \/>\n<meta property=\"og:description\" content=\"Produzione propria Metacon. Soluzioni tecniche sviluppate e realizzate internamente con controllo totale su qualit\u00e0 e affidabilit\u00e0.\" \/>\n<meta property=\"og:url\" content=\"https:\/\/metacon-next.com\/it\/chi-siamo\/produzione-propria\" \/>\n<meta property=\"og:site_name\" content=\"Metacon-Next\" \/>\n<meta property=\"article:modified_time\" content=\"2026-01-27T14:58:11+00:00\" \/>\n<meta name=\"twitter:card\" content=\"summary_large_image\" \/>\n<meta name=\"twitter:label1\" content=\"Tempo di lettura stimato\" \/>\n\t<meta name=\"twitter:data1\" content=\"1 minuto\" \/>\n<script type=\"application\/ld+json\" class=\"yoast-schema-graph\">{\"@context\":\"https:\\\/\\\/schema.org\",\"@graph\":[{\"@type\":\"WebPage\",\"@id\":\"https:\\\/\\\/metacon-next.com\\\/it\\\/chi-siamo\\\/produzione-propria\",\"url\":\"https:\\\/\\\/metacon-next.com\\\/it\\\/chi-siamo\\\/produzione-propria\",\"name\":\"Produzione propria - Metacon-Next\",\"isPartOf\":{\"@id\":\"https:\\\/\\\/metacon-next.com\\\/it\\\/#website\"},\"datePublished\":\"2020-05-15T13:32:56+00:00\",\"dateModified\":\"2026-01-27T14:58:11+00:00\",\"description\":\"Produzione propria Metacon. Soluzioni tecniche sviluppate e realizzate internamente con controllo totale su qualit\u00e0 e affidabilit\u00e0.\",\"breadcrumb\":{\"@id\":\"https:\\\/\\\/metacon-next.com\\\/it\\\/chi-siamo\\\/produzione-propria#breadcrumb\"},\"inLanguage\":\"it-IT\",\"potentialAction\":[{\"@type\":\"ReadAction\",\"target\":[\"https:\\\/\\\/metacon-next.com\\\/it\\\/chi-siamo\\\/produzione-propria\"]}]},{\"@type\":\"BreadcrumbList\",\"@id\":\"https:\\\/\\\/metacon-next.com\\\/it\\\/chi-siamo\\\/produzione-propria#breadcrumb\",\"itemListElement\":[{\"@type\":\"ListItem\",\"position\":1,\"name\":\"Home\",\"item\":\"https:\\\/\\\/metacon-next.com\\\/it\\\/\"},{\"@type\":\"ListItem\",\"position\":2,\"name\":\"Chi siamo\",\"item\":\"https:\\\/\\\/metacon-next.com\\\/it\\\/chi-siamo\"},{\"@type\":\"ListItem\",\"position\":3,\"name\":\"Produzione propria\"}]},{\"@type\":\"WebSite\",\"@id\":\"https:\\\/\\\/metacon-next.com\\\/it\\\/#website\",\"url\":\"https:\\\/\\\/metacon-next.com\\\/it\\\/\",\"name\":\"Metacon-Next\",\"description\":\"\",\"potentialAction\":[{\"@type\":\"SearchAction\",\"target\":{\"@type\":\"EntryPoint\",\"urlTemplate\":\"https:\\\/\\\/metacon-next.com\\\/it\\\/?s={search_term_string}\"},\"query-input\":{\"@type\":\"PropertyValueSpecification\",\"valueRequired\":true,\"valueName\":\"search_term_string\"}}],\"inLanguage\":\"it-IT\"}]}<\/script>\n<!-- \/ Yoast SEO plugin. -->","yoast_head_json":{"title":"Produzione propria - Metacon-Next","description":"Produzione propria Metacon. Soluzioni tecniche sviluppate e realizzate internamente con controllo totale su qualit\u00e0 e affidabilit\u00e0.","robots":{"index":"index","follow":"follow","max-snippet":"max-snippet:-1","max-image-preview":"max-image-preview:large","max-video-preview":"max-video-preview:-1"},"canonical":"https:\/\/metacon-next.com\/it\/chi-siamo\/produzione-propria","og_locale":"it_IT","og_type":"article","og_title":"Produzione propria - Metacon-Next","og_description":"Produzione propria Metacon. Soluzioni tecniche sviluppate e realizzate internamente con controllo totale su qualit\u00e0 e affidabilit\u00e0.","og_url":"https:\/\/metacon-next.com\/it\/chi-siamo\/produzione-propria","og_site_name":"Metacon-Next","article_modified_time":"2026-01-27T14:58:11+00:00","twitter_card":"summary_large_image","twitter_misc":{"Tempo di lettura stimato":"1 minuto"},"schema":{"@context":"https:\/\/schema.org","@graph":[{"@type":"WebPage","@id":"https:\/\/metacon-next.com\/it\/chi-siamo\/produzione-propria","url":"https:\/\/metacon-next.com\/it\/chi-siamo\/produzione-propria","name":"Produzione propria - Metacon-Next","isPartOf":{"@id":"https:\/\/metacon-next.com\/it\/#website"},"datePublished":"2020-05-15T13:32:56+00:00","dateModified":"2026-01-27T14:58:11+00:00","description":"Produzione propria Metacon. Soluzioni tecniche sviluppate e realizzate internamente con controllo totale su qualit\u00e0 e affidabilit\u00e0.","breadcrumb":{"@id":"https:\/\/metacon-next.com\/it\/chi-siamo\/produzione-propria#breadcrumb"},"inLanguage":"it-IT","potentialAction":[{"@type":"ReadAction","target":["https:\/\/metacon-next.com\/it\/chi-siamo\/produzione-propria"]}]},{"@type":"BreadcrumbList","@id":"https:\/\/metacon-next.com\/it\/chi-siamo\/produzione-propria#breadcrumb","itemListElement":[{"@type":"ListItem","position":1,"name":"Home","item":"https:\/\/metacon-next.com\/it\/"},{"@type":"ListItem","position":2,"name":"Chi siamo","item":"https:\/\/metacon-next.com\/it\/chi-siamo"},{"@type":"ListItem","position":3,"name":"Produzione propria"}]},{"@type":"WebSite","@id":"https:\/\/metacon-next.com\/it\/#website","url":"https:\/\/metacon-next.com\/it\/","name":"Metacon-Next","description":"","potentialAction":[{"@type":"SearchAction","target":{"@type":"EntryPoint","urlTemplate":"https:\/\/metacon-next.com\/it\/?s={search_term_string}"},"query-input":{"@type":"PropertyValueSpecification","valueRequired":true,"valueName":"search_term_string"}}],"inLanguage":"it-IT"}]}},"_links":{"self":[{"href":"https:\/\/metacon-next.com\/it\/wp-json\/wp\/v2\/pages\/24594","targetHints":{"allow":["GET"]}}],"collection":[{"href":"https:\/\/metacon-next.com\/it\/wp-json\/wp\/v2\/pages"}],"about":[{"href":"https:\/\/metacon-next.com\/it\/wp-json\/wp\/v2\/types\/page"}],"author":[{"embeddable":true,"href":"https:\/\/metacon-next.com\/it\/wp-json\/wp\/v2\/users\/1"}],"replies":[{"embeddable":true,"href":"https:\/\/metacon-next.com\/it\/wp-json\/wp\/v2\/comments?post=24594"}],"version-history":[{"count":2,"href":"https:\/\/metacon-next.com\/it\/wp-json\/wp\/v2\/pages\/24594\/revisions"}],"predecessor-version":[{"id":25830,"href":"https:\/\/metacon-next.com\/it\/wp-json\/wp\/v2\/pages\/24594\/revisions\/25830"}],"up":[{"embeddable":true,"href":"https:\/\/metacon-next.com\/it\/wp-json\/wp\/v2\/pages\/23585"}],"wp:attachment":[{"href":"https:\/\/metacon-next.com\/it\/wp-json\/wp\/v2\/media?parent=24594"}],"curies":[{"name":"wp","href":"https:\/\/api.w.org\/{rel}","templated":true}]}}