{"id":25614,"date":"2023-11-21T08:44:54","date_gmt":"2023-11-21T08:44:54","guid":{"rendered":"https:\/\/metacon-next.com\/it\/?page_id=25614"},"modified":"2026-01-27T14:57:49","modified_gmt":"2026-01-27T14:57:49","slug":"missione-e-visione","status":"publish","type":"page","link":"https:\/\/metacon-next.com\/it\/chi-siamo\/missione-e-visione","title":{"rendered":"Missione e Visione"},"content":{"rendered":"<section class=\"l-section wpb_row height_small\"><div class=\"l-section-h i-cf\"><div class=\"g-cols vc_row via_flex valign_top type_default stacking_default\"><div class=\"vc_col-sm-12 wpb_column vc_column_container\"><div class=\"vc_column-inner\"><div class=\"wpb_wrapper\"><div class=\"g-cols wpb_row via_flex valign_top type_default stacking_default\" style=\"--additional-gap:30;\"><div class=\"vc_col-sm-8 wpb_column vc_column_container\"><div class=\"vc_column-inner\"><div class=\"wpb_wrapper\"><div class=\"wpb_text_column\"><div class=\"wpb_wrapper\"><h4>Missione<\/h4>\n<p>Metacon-Next desidera che le persone possano lavorare e soggiornare in sicurezza. Offriamo tranquillit\u00e0 e sicurezza minimizzando i rischi e i danni causati da incendi ed effrazioni. Lo facciamo offrendo soluzioni innovative e di alta qualit\u00e0 con porte resistenti al fuoco e antieffrazione. La sostenibilit\u00e0 dei nostri prodotti e processi \u00e8 fondamentale. Naturalmente, i nostri prodotti rispettano le leggi e le normative internazionali. Siamo un partner affidabile: facciamo quello che diciamo quando si tratta di tempi di consegna, qualit\u00e0 e prezzo.<\/p>\n<h4>Visione<\/h4>\n<p>La sicurezza e l&#8217;incolumit\u00e0 sono bisogni primari. In un mondo che le offre sempre meno, vediamo aspettative pi\u00f9 elevate e requisiti pi\u00f9 rigorosi. Siamo convinti che l\u2019innovazione continua dei prodotti e dei processi sia necessaria per soddisfare queste aspettative e requisiti crescenti. In questo modo, rimaniamo il principale fornitore di soluzioni per porte e contribuiamo a un futuro sicuro.<\/p>\n<\/div><\/div><\/div><\/div><\/div><div class=\"vc_col-sm-4 wpb_column vc_column_container\"><div class=\"vc_column-inner\"><div class=\"wpb_wrapper\"><div class=\"wpb_widgetised_column wpb_content_element\"><div class=\"wpb_wrapper\"><div id=\"nav_menu-2\" class=\"widget widget_nav_menu\"><h3 class=\"widgettitle\">Chi siamo<\/h3><div class=\"menu-about-us-menu-container\"><ul id=\"menu-about-us-menu\" class=\"menu\"><li id=\"menu-item-25257\" class=\"menu-item menu-item-type-post_type menu-item-object-page menu-item-25257\"><a href=\"https:\/\/metacon-next.com\/it\/chi-siamo\">Generale<\/a><\/li>\n<li id=\"menu-item-25261\" class=\"menu-item menu-item-type-post_type menu-item-object-page menu-item-25261\"><a href=\"https:\/\/metacon-next.com\/it\/il-nostro-team\">Il nostro team<\/a><\/li>\n<li id=\"menu-item-25262\" class=\"menu-item menu-item-type-post_type menu-item-object-page menu-item-25262\"><a href=\"https:\/\/metacon-next.com\/it\/storia\">Storia<\/a><\/li>\n<li id=\"menu-item-25616\" class=\"menu-item menu-item-type-post_type menu-item-object-page menu-item-25616\"><a href=\"https:\/\/metacon-next.com\/it\/chi-siamo\/missione-e-visione\">Missione e Visione<\/a><\/li>\n<li id=\"menu-item-25259\" class=\"menu-item menu-item-type-post_type menu-item-object-page menu-item-25259\"><a href=\"https:\/\/metacon-next.com\/it\/chi-siamo\/produzione-propria\">Produzione propria<\/a><\/li>\n<li id=\"menu-item-25260\" class=\"menu-item menu-item-type-post_type menu-item-object-page menu-item-25260\"><a href=\"https:\/\/metacon-next.com\/it\/chi-siamo\/rete-mondiale-di-concessionari\">Rete mondiale di concessionari<\/a><\/li>\n<li id=\"menu-item-25258\" class=\"menu-item menu-item-type-post_type menu-item-object-page menu-item-25258\"><a href=\"https:\/\/metacon-next.com\/it\/chi-siamo\/certificazione\">Certificazione<\/a><\/li>\n<\/ul><\/div><\/div><\/div><\/div><div class=\"w-separator size_small\"><\/div><div class=\"w-separator size_small\"><\/div><\/div><\/div><\/div><\/div><\/div><\/div><\/div><\/div><\/div><\/section>\n","protected":false},"excerpt":{"rendered":"Missione Metacon-Next desidera che le persone possano lavorare e soggiornare in sicurezza. Offriamo tranquillit\u00e0 e sicurezza minimizzando i rischi e i danni causati da incendi ed effrazioni. Lo facciamo offrendo soluzioni innovative e di alta qualit\u00e0 con porte resistenti al fuoco e antieffrazione. La sostenibilit\u00e0 dei nostri prodotti e processi \u00e8 fondamentale. Naturalmente, i nostri...","protected":false},"author":1,"featured_media":0,"parent":23585,"menu_order":0,"comment_status":"closed","ping_status":"closed","template":"","meta":{"footnotes":""},"class_list":["post-25614","page","type-page","status-publish","hentry"],"yoast_head":"<!-- This site is optimized with the Yoast SEO plugin v27.3 - https:\/\/yoast.com\/product\/yoast-seo-wordpress\/ -->\n<title>Missione e Visione - Metacon-Next<\/title>\n<meta name=\"description\" content=\"Scopri la missione e la visione di Metacon, focalizzate su qualit\u00e0, innovazione e collaborazioni durature nei progetti tecnici.\" \/>\n<meta name=\"robots\" content=\"index, follow, max-snippet:-1, max-image-preview:large, max-video-preview:-1\" \/>\n<link rel=\"canonical\" href=\"https:\/\/metacon-next.com\/it\/chi-siamo\/missione-e-visione\" \/>\n<meta property=\"og:locale\" content=\"it_IT\" \/>\n<meta property=\"og:type\" content=\"article\" \/>\n<meta property=\"og:title\" content=\"Missione e Visione - Metacon-Next\" \/>\n<meta property=\"og:description\" content=\"Scopri la missione e la visione di Metacon, focalizzate su qualit\u00e0, innovazione e collaborazioni durature nei progetti tecnici.\" \/>\n<meta property=\"og:url\" content=\"https:\/\/metacon-next.com\/it\/chi-siamo\/missione-e-visione\" \/>\n<meta property=\"og:site_name\" content=\"Metacon-Next\" \/>\n<meta property=\"article:modified_time\" content=\"2026-01-27T14:57:49+00:00\" \/>\n<meta name=\"twitter:card\" content=\"summary_large_image\" \/>\n<meta name=\"twitter:label1\" content=\"Tempo di lettura stimato\" \/>\n\t<meta name=\"twitter:data1\" content=\"1 minuto\" \/>\n<script type=\"application\/ld+json\" class=\"yoast-schema-graph\">{\"@context\":\"https:\\\/\\\/schema.org\",\"@graph\":[{\"@type\":\"WebPage\",\"@id\":\"https:\\\/\\\/metacon-next.com\\\/it\\\/chi-siamo\\\/missione-e-visione\",\"url\":\"https:\\\/\\\/metacon-next.com\\\/it\\\/chi-siamo\\\/missione-e-visione\",\"name\":\"Missione e Visione - Metacon-Next\",\"isPartOf\":{\"@id\":\"https:\\\/\\\/metacon-next.com\\\/it\\\/#website\"},\"datePublished\":\"2023-11-21T08:44:54+00:00\",\"dateModified\":\"2026-01-27T14:57:49+00:00\",\"description\":\"Scopri la missione e la visione di Metacon, focalizzate su qualit\u00e0, innovazione e collaborazioni durature nei progetti tecnici.\",\"breadcrumb\":{\"@id\":\"https:\\\/\\\/metacon-next.com\\\/it\\\/chi-siamo\\\/missione-e-visione#breadcrumb\"},\"inLanguage\":\"it-IT\",\"potentialAction\":[{\"@type\":\"ReadAction\",\"target\":[\"https:\\\/\\\/metacon-next.com\\\/it\\\/chi-siamo\\\/missione-e-visione\"]}]},{\"@type\":\"BreadcrumbList\",\"@id\":\"https:\\\/\\\/metacon-next.com\\\/it\\\/chi-siamo\\\/missione-e-visione#breadcrumb\",\"itemListElement\":[{\"@type\":\"ListItem\",\"position\":1,\"name\":\"Home\",\"item\":\"https:\\\/\\\/metacon-next.com\\\/it\\\/\"},{\"@type\":\"ListItem\",\"position\":2,\"name\":\"Chi siamo\",\"item\":\"https:\\\/\\\/metacon-next.com\\\/it\\\/chi-siamo\"},{\"@type\":\"ListItem\",\"position\":3,\"name\":\"Missione e Visione\"}]},{\"@type\":\"WebSite\",\"@id\":\"https:\\\/\\\/metacon-next.com\\\/it\\\/#website\",\"url\":\"https:\\\/\\\/metacon-next.com\\\/it\\\/\",\"name\":\"Metacon-Next\",\"description\":\"\",\"potentialAction\":[{\"@type\":\"SearchAction\",\"target\":{\"@type\":\"EntryPoint\",\"urlTemplate\":\"https:\\\/\\\/metacon-next.com\\\/it\\\/?s={search_term_string}\"},\"query-input\":{\"@type\":\"PropertyValueSpecification\",\"valueRequired\":true,\"valueName\":\"search_term_string\"}}],\"inLanguage\":\"it-IT\"}]}<\/script>\n<!-- \/ Yoast SEO plugin. -->","yoast_head_json":{"title":"Missione e Visione - Metacon-Next","description":"Scopri la missione e la visione di Metacon, focalizzate su qualit\u00e0, innovazione e collaborazioni durature nei progetti tecnici.","robots":{"index":"index","follow":"follow","max-snippet":"max-snippet:-1","max-image-preview":"max-image-preview:large","max-video-preview":"max-video-preview:-1"},"canonical":"https:\/\/metacon-next.com\/it\/chi-siamo\/missione-e-visione","og_locale":"it_IT","og_type":"article","og_title":"Missione e Visione - Metacon-Next","og_description":"Scopri la missione e la visione di Metacon, focalizzate su qualit\u00e0, innovazione e collaborazioni durature nei progetti tecnici.","og_url":"https:\/\/metacon-next.com\/it\/chi-siamo\/missione-e-visione","og_site_name":"Metacon-Next","article_modified_time":"2026-01-27T14:57:49+00:00","twitter_card":"summary_large_image","twitter_misc":{"Tempo di lettura stimato":"1 minuto"},"schema":{"@context":"https:\/\/schema.org","@graph":[{"@type":"WebPage","@id":"https:\/\/metacon-next.com\/it\/chi-siamo\/missione-e-visione","url":"https:\/\/metacon-next.com\/it\/chi-siamo\/missione-e-visione","name":"Missione e Visione - Metacon-Next","isPartOf":{"@id":"https:\/\/metacon-next.com\/it\/#website"},"datePublished":"2023-11-21T08:44:54+00:00","dateModified":"2026-01-27T14:57:49+00:00","description":"Scopri la missione e la visione di Metacon, focalizzate su qualit\u00e0, innovazione e collaborazioni durature nei progetti tecnici.","breadcrumb":{"@id":"https:\/\/metacon-next.com\/it\/chi-siamo\/missione-e-visione#breadcrumb"},"inLanguage":"it-IT","potentialAction":[{"@type":"ReadAction","target":["https:\/\/metacon-next.com\/it\/chi-siamo\/missione-e-visione"]}]},{"@type":"BreadcrumbList","@id":"https:\/\/metacon-next.com\/it\/chi-siamo\/missione-e-visione#breadcrumb","itemListElement":[{"@type":"ListItem","position":1,"name":"Home","item":"https:\/\/metacon-next.com\/it\/"},{"@type":"ListItem","position":2,"name":"Chi siamo","item":"https:\/\/metacon-next.com\/it\/chi-siamo"},{"@type":"ListItem","position":3,"name":"Missione e Visione"}]},{"@type":"WebSite","@id":"https:\/\/metacon-next.com\/it\/#website","url":"https:\/\/metacon-next.com\/it\/","name":"Metacon-Next","description":"","potentialAction":[{"@type":"SearchAction","target":{"@type":"EntryPoint","urlTemplate":"https:\/\/metacon-next.com\/it\/?s={search_term_string}"},"query-input":{"@type":"PropertyValueSpecification","valueRequired":true,"valueName":"search_term_string"}}],"inLanguage":"it-IT"}]}},"_links":{"self":[{"href":"https:\/\/metacon-next.com\/it\/wp-json\/wp\/v2\/pages\/25614","targetHints":{"allow":["GET"]}}],"collection":[{"href":"https:\/\/metacon-next.com\/it\/wp-json\/wp\/v2\/pages"}],"about":[{"href":"https:\/\/metacon-next.com\/it\/wp-json\/wp\/v2\/types\/page"}],"author":[{"embeddable":true,"href":"https:\/\/metacon-next.com\/it\/wp-json\/wp\/v2\/users\/1"}],"replies":[{"embeddable":true,"href":"https:\/\/metacon-next.com\/it\/wp-json\/wp\/v2\/comments?post=25614"}],"version-history":[{"count":4,"href":"https:\/\/metacon-next.com\/it\/wp-json\/wp\/v2\/pages\/25614\/revisions"}],"predecessor-version":[{"id":25829,"href":"https:\/\/metacon-next.com\/it\/wp-json\/wp\/v2\/pages\/25614\/revisions\/25829"}],"up":[{"embeddable":true,"href":"https:\/\/metacon-next.com\/it\/wp-json\/wp\/v2\/pages\/23585"}],"wp:attachment":[{"href":"https:\/\/metacon-next.com\/it\/wp-json\/wp\/v2\/media?parent=25614"}],"curies":[{"name":"wp","href":"https:\/\/api.w.org\/{rel}","templated":true}]}}